{"id":1065,"date":"2025-04-18T07:16:00","date_gmt":"2025-04-18T07:16:00","guid":{"rendered":"https:\/\/jordhammock.com\/jord-asym-tarp\/"},"modified":"2025-09-21T10:26:00","modified_gmt":"2025-09-21T10:26:00","slug":"jord-asym-tarp","status":"publish","type":"product","link":"https:\/\/jordhammock.com\/pl\/shop\/jord-asym-tarp\/","title":{"rendered":"Jord Asym Tarp"},"content":{"rendered":"\n<p>Wyobra\u017a sobie, \u017ce le\u017cysz w hamaku, deszcz delikatnie stuka nad tob\u0105, a ty jeste\u015b ca\u0142kowicie suchy - z czystym widokiem na las, jakby\u015b by\u0142 przy oknie. Dok\u0142adnie to oferuje <strong>Jord Asym Tarp<\/strong> - os\u0142ona przeciwdeszczowa, kt\u00f3ra jest lekka, kompaktowa i pozwala cieszy\u0107 si\u0119 sceneri\u0105. Zosta\u0142 zaprojektowany tak, aby p\u0142ynnie wsp\u00f3\u0142pracowa\u0107 z <strong><a href=\"https:\/\/jordhammock.com\/butik\/momo-jord-hammock\/\" data-type=\"product\" data-id=\"265371\">Jord Hammock<\/a><\/strong>ale bez problemu ochroni ka\u017cdy hamak. Lekki, prosty i otwarty - ten tarp jest dla tych, kt\u00f3rzy lubi\u0105 minimalizm.   <\/p>\n\n<h4 class=\"wp-block-heading\">Ochrona przed deszczem bez zb\u0119dnych kilogram\u00f3w<\/h4>\n\n<p>Asymetryczny tarp przykrywa tylko tam, gdzie jest to konieczne - z otwart\u0105 konstrukcj\u0105, kt\u00f3ra zapewnia niezak\u0142\u00f3cony widok. Wykonany z <strong>nylonu 210T PU3000mm<\/strong>, jest wodoodporny, ultralekki i mo\u017cna go spakowa\u0107 do niewielkich rozmiar\u00f3w. Odblaskowe wn\u0119trze zapewnia ciep\u0142o i chroni przed pal\u0105cym s\u0142o\u0144cem. Wa\u017cy oko\u0142o po\u0142ow\u0119 naszego pe\u0142nowymiarowego tarpa i pakuje si\u0119 do nieco ponad po\u0142owy rozmiaru. \u017badnych bajer\u00f3w, tylko prosta, solidna ochrona.    <\/p>\n\n<h4 class=\"wp-block-heading\">Szczeg\u00f3\u0142y, kt\u00f3re zapewniaj\u0105 prostot\u0119<\/h4>\n\n<ul class=\"wp-block-list\">\n<li><strong>Bardzo \u0142atwa konfiguracja:<\/strong> Wystarcz\u0105 dwie linki - zacisk, napi\u0119cie i gotowe. Mniej punkt\u00f3w = mniej zamieszania <\/li>\n\n\n\n<li><strong>Niezak\u0142\u00f3cony widok:<\/strong> Asymetryczny kszta\u0142t chroni tam, gdzie jest to potrzebne, a reszt\u0119 otwiera na natur\u0119<\/li>\n\n\n\n<li><strong>Wszystko w zestawie:<\/strong> Dwie 2-metrowe odblaskowe linki odci\u0105gowe (3 mm), dwa aluminiowe napinacze, dwa paliki namiotowe w kszta\u0142cie litery Y i dwa karabinki<\/li>\n\n\n\n<li><strong>Idealny z hamakiem Jord:<\/strong> Przypnij go do pask\u00f3w \u0142a\u0144cucha stokrotki, aby natychmiast ustawi\u0107 - lub zawie\u015b go wy\u017cej za pomoc\u0105 linii grzbietowej<\/li>\n<\/ul>\n\n<h4 class=\"wp-block-heading\">Jak skonfigurowa\u0107 - to proste<\/h4>\n\n<ul class=\"wp-block-list\">\n<li><strong>Z Jord Hammock:<\/strong> Przypnij karabi\u0144czyki do pask\u00f3w \u0142a\u0144cuchowych z ka\u017cdej strony - dach jest gotowy w kilka sekund.<\/li>\n\n\n\n<li><strong>Linki boczne:<\/strong> Przywi\u0105\u017c link\u0119 do ka\u017cdej p\u0119tli naro\u017cnej (szerszy koniec przechodzi nad g\u0142ow\u0105). Przeci\u0105gnij przez ko\u0142ek namiotowy i z powrotem przez napinacz. Przymocuj j\u0105 i napnij, a\u017c b\u0119dzie napi\u0119ta  <\/li>\n\n\n\n<li><strong>Wy\u017csza konfiguracja:<\/strong> Chcesz mie\u0107 wi\u0119cej miejsca? Zawi\u0105\u017c lini\u0119 grzbietu mi\u0119dzy drzewami, zarzu\u0107 na ni\u0105 plandek\u0119 i dostosuj w razie potrzeby <\/li>\n\n\n\n<li><strong>Wietrzna pogoda:<\/strong> Roz\u0142\u00f3\u017c tarp nisko i mocno. W obliczu silnego wiatru? Ustaw tarp pod k\u0105tem w kierunku wiatru, aby uzyska\u0107 maksymaln\u0105 ochron\u0119  <\/li>\n<\/ul>\n\n<figure class=\"wp-block-image size-large\"><img loading=\"lazy\" decoding=\"async\" width=\"1280\" height=\"853\" src=\"https:\/\/jordhammock.com\/wp-content\/uploads\/2025\/04\/hammock-hanna-solned_1440-1280x853.jpg\" alt=\"\" class=\"wp-image-317\" srcset=\"https:\/\/jordhammock.com\/wp-content\/uploads\/2025\/04\/hammock-hanna-solned_1440-1280x853.jpg 1280w, https:\/\/jordhammock.com\/wp-content\/uploads\/2025\/04\/hammock-hanna-solned_1440-800x533.jpg 800w, https:\/\/jordhammock.com\/wp-content\/uploads\/2025\/04\/hammock-hanna-solned_1440-768x512.jpg 768w, https:\/\/jordhammock.com\/wp-content\/uploads\/2025\/04\/hammock-hanna-solned_1440-990x660.jpg 990w, https:\/\/jordhammock.com\/wp-content\/uploads\/2025\/04\/hammock-hanna-solned_1440-441x294.jpg 441w, https:\/\/jordhammock.com\/wp-content\/uploads\/2025\/04\/hammock-hanna-solned_1440.jpg 1440w\" sizes=\"auto, (max-width: 1280px) 100vw, 1280px\" \/><\/figure>\n\n<h4 class=\"wp-block-heading\">Dlaczego Jord Asym Tarp?<\/h4>\n\n<ul class=\"wp-block-list\">\n<li><strong>Lekki i kompaktowy:<\/strong> Prawie o po\u0142ow\u0119 l\u017cejszy ni\u017c du\u017cy tarp - idealny dla minimalist\u00f3w.<\/li>\n\n\n\n<li><strong>Widok z zasi\u0119giem:<\/strong> 360 cm (linia grzbietu) x 310 cm (od rogu do rogu), wodoodporno\u015b\u0107 PU3000 mm - zapewnia sucho\u015b\u0107, jednocze\u015bnie utrzymuj\u0105c las w zasi\u0119gu wzroku<\/li>\n\n\n\n<li><strong>Idealne dopasowanie do hamaka Jord:<\/strong> Stworzony dla siebie, ale dzia\u0142a z ka\u017cdym hamakiem<\/li>\n\n\n\n<li><strong>Szybka konfiguracja:<\/strong> Ridgeline, dwie linie, jedna minuta - wi\u0119cej czasu na relaks, mniej na majsterkowanie<\/li>\n<\/ul>\n\n<h4 class=\"wp-block-heading\">Specyfikacje<\/h4>\n\n<ul class=\"wp-block-list\">\n<li><strong>Wymiary:<\/strong> 360 cm (linia grzbietu) x 310 cm (od rogu do rogu)<\/li>\n\n\n\n<li><strong>Rozmiar opakowania:<\/strong> 18 x 16 x 6 cm<\/li>\n\n\n\n<li><strong>Waga:<\/strong> 510 g (w tym worek na rzeczy, linki i ko\u0142ki)<\/li>\n\n\n\n<li><strong>Materia\u0142:<\/strong> 210T Nylon PU3000mm, Kolor: Olive Night<\/li>\n\n\n\n<li><strong>Zawiera:<\/strong> Tarp, worek na rzeczy, 2 aluminiowe paliki Y, 2 linki odci\u0105gowe (2 m, odblaskowe 3 mm), 2 napinacze, 2 karabinki<\/li>\n<\/ul>\n\n<p>Tarp doskonale wsp\u00f3\u0142pracuje z <a href=\"https:\/\/jordhammock.com\/butik\/momo-jord-hammock\/\" data-type=\"product\" data-id=\"265371\">hamakiem Jord<\/a> (lub dowolnym innym hamakiem). Dodaj nasz underquilt i masz <a href=\"https:\/\/jordhammock.com\/butik\/momo-jord-hammockkit\/\" data-type=\"product\" data-id=\"265439\">kompletny zestaw -wystarczaj\u0105co lekki<\/a>na w\u0119dr\u00f3wki, wystarczaj\u0105co wytrzyma\u0142y na burze. <\/p>\n\n<figure class=\"wp-block-image size-large\"><img decoding=\"async\" src=\"https:\/\/jordhammock.com\/wp-content\/uploads\/2025\/03\/asymtarp_1280-1080x810.jpg\" alt=\"Jord Asym Tarp ustawiony w lesie\" class=\"wp-image-384728\"\/><\/figure>\n\n<h4 class=\"wp-block-heading\">Dlaczego podoba mi si\u0119 Jord Asym Tarp<\/h4>\n\n<p>Po pi\u0119tnastu latach biwakowania w hamaku potrzebowa\u0142em tarpa, kt\u00f3ry by\u0142by lekki, prosty i nie zas\u0142ania\u0142 widoku. Roz\u0142o\u017cy\u0142em <strong>Jord Asym Tarp<\/strong>, s\u0142ucha\u0142em deszczu bez zmokni\u0119cia i patrzy\u0142em na oddychaj\u0105cy wok\u00f3\u0142 mnie las. Jest wystarczaj\u0105co lekki, by zapomnie\u0107 go w plecaku, wystarczaj\u0105co mocny, by na nim polega\u0107 i szybki do roz\u0142o\u017cenia. Roz\u0142\u00f3\u017c go, odchyl si\u0119 do ty\u0142u i pozw\u00f3l, by odkry\u0142 przed Tob\u0105 nowe mo\u017cliwo\u015bci. <strong>Zam\u00f3w tarp<\/strong> i wyjd\u017a na zewn\u0105trz - wolno\u015b\u0107 czeka.   <\/p>\n","protected":false},"excerpt":{"rendered":"<p>Wyobra\u017a sobie, \u017ce le\u017cysz w hamaku, deszcz delikatnie stuka nad tob\u0105, a ty jeste\u015b ca\u0142kowicie suchy - z czystym widokiem na las, jakby\u015b by\u0142 przy oknie. Dok\u0142adnie to oferuje Jord Asym Tarp - os\u0142ona przeciwdeszczowa, kt\u00f3ra jest lekka, kompaktowa i pozwala cieszy\u0107 si\u0119 sceneri\u0105. Zosta\u0142 zaprojektowany tak, aby p\u0142ynnie wsp\u00f3\u0142pracowa\u0107 z Jord Hammockale bez problemu [&hellip;]<\/p>\n","protected":false},"featured_media":1039,"comment_status":"open","ping_status":"closed","template":"","meta":{"_kad_blocks_custom_css":"","_kad_blocks_head_custom_js":"","_kad_blocks_body_custom_js":"","_kad_blocks_footer_custom_js":""},"product_brand":[18],"product_cat":[64],"product_tag":[],"class_list":{"0":"post-1065","1":"product","2":"type-product","3":"status-publish","4":"has-post-thumbnail","6":"product_brand-jord","7":"product_cat-hamak-gear","9":"first","10":"outofstock","11":"featured","12":"taxable","13":"shipping-taxable","14":"purchasable","15":"product-type-simple"},"yoast_head":"<!-- This site is optimized with the Yoast SEO plugin v27.4 - https:\/\/yoast.com\/product\/yoast-seo-wordpress\/ -->\n<title>Jord Asym Tarp - Jord Hammock \u2013 The nordic hammock for tall people<\/title>\n<meta name=\"robots\" content=\"index, follow, max-snippet:-1, max-image-preview:large, max-video-preview:-1\" \/>\n<link rel=\"canonical\" href=\"https:\/\/jordhammock.com\/pl\/shop\/jord-asym-tarp\/\" \/>\n<meta property=\"og:locale\" content=\"pl_PL\" \/>\n<meta property=\"og:type\" content=\"article\" \/>\n<meta property=\"og:title\" content=\"Jord Asym Tarp - Jord Hammock \u2013 The nordic hammock for tall people\" \/>\n<meta property=\"og:description\" content=\"Wyobra\u017a sobie, \u017ce le\u017cysz w hamaku, deszcz delikatnie stuka nad tob\u0105, a ty jeste\u015b ca\u0142kowicie suchy - z czystym widokiem na las, jakby\u015b by\u0142 przy oknie. Dok\u0142adnie to oferuje Jord Asym Tarp - os\u0142ona przeciwdeszczowa, kt\u00f3ra jest lekka, kompaktowa i pozwala cieszy\u0107 si\u0119 sceneri\u0105. Zosta\u0142 zaprojektowany tak, aby p\u0142ynnie wsp\u00f3\u0142pracowa\u0107 z Jord Hammockale bez problemu [&hellip;]\" \/>\n<meta property=\"og:url\" content=\"https:\/\/jordhammock.com\/pl\/shop\/jord-asym-tarp\/\" \/>\n<meta property=\"og:site_name\" content=\"Jord Hammock \u2013 The nordic hammock for tall people\" \/>\n<meta property=\"article:publisher\" content=\"https:\/\/www.facebook.com\/jordhammock\" \/>\n<meta property=\"article:modified_time\" content=\"2025-09-21T10:26:00+00:00\" \/>\n<meta property=\"og:image\" content=\"https:\/\/jordhammock.com\/wp-content\/uploads\/2025\/04\/asym-tarp-leon_1440.jpg\" \/>\n\t<meta property=\"og:image:width\" content=\"1440\" \/>\n\t<meta property=\"og:image:height\" content=\"1080\" \/>\n\t<meta property=\"og:image:type\" content=\"image\/jpeg\" \/>\n<meta name=\"twitter:card\" content=\"summary_large_image\" \/>\n<meta name=\"twitter:label1\" content=\"Cena\" \/>\n\t<meta name=\"twitter:data1\" content=\"79,00&nbsp;&euro;\" \/>\n\t<meta name=\"twitter:label2\" content=\"Dost\u0119pno\u015b\u0107\" \/>\n\t<meta name=\"twitter:data2\" content=\"Brak w magazynie\" \/>\n<script type=\"application\/ld+json\" class=\"yoast-schema-graph\">{\"@context\":\"https:\\\/\\\/schema.org\",\"@graph\":[{\"@type\":\"WebPage\",\"@id\":\"https:\\\/\\\/jordhammock.com\\\/pl\\\/shop\\\/jord-asym-tarp\\\/\",\"url\":\"https:\\\/\\\/jordhammock.com\\\/pl\\\/shop\\\/jord-asym-tarp\\\/\",\"name\":\"Jord Asym Tarp - Jord Hammock \u2013 The nordic hammock for tall people\",\"isPartOf\":{\"@id\":\"https:\\\/\\\/jordhammock.com\\\/pl\\\/#website\"},\"primaryImageOfPage\":{\"@id\":\"https:\\\/\\\/jordhammock.com\\\/pl\\\/shop\\\/jord-asym-tarp\\\/#primaryimage\"},\"image\":{\"@id\":\"https:\\\/\\\/jordhammock.com\\\/pl\\\/shop\\\/jord-asym-tarp\\\/#primaryimage\"},\"thumbnailUrl\":\"https:\\\/\\\/jordhammock.com\\\/wp-content\\\/uploads\\\/2025\\\/04\\\/asym-tarp-leon_1440.jpg\",\"datePublished\":\"2025-04-18T07:16:00+00:00\",\"dateModified\":\"2025-09-21T10:26:00+00:00\",\"breadcrumb\":{\"@id\":\"https:\\\/\\\/jordhammock.com\\\/pl\\\/shop\\\/jord-asym-tarp\\\/#breadcrumb\"},\"inLanguage\":\"pl-PL\",\"potentialAction\":[{\"@type\":\"ReadAction\",\"target\":[\"https:\\\/\\\/jordhammock.com\\\/pl\\\/shop\\\/jord-asym-tarp\\\/\"]}]},{\"@type\":\"ImageObject\",\"inLanguage\":\"pl-PL\",\"@id\":\"https:\\\/\\\/jordhammock.com\\\/pl\\\/shop\\\/jord-asym-tarp\\\/#primaryimage\",\"url\":\"https:\\\/\\\/jordhammock.com\\\/wp-content\\\/uploads\\\/2025\\\/04\\\/asym-tarp-leon_1440.jpg\",\"contentUrl\":\"https:\\\/\\\/jordhammock.com\\\/wp-content\\\/uploads\\\/2025\\\/04\\\/asym-tarp-leon_1440.jpg\",\"width\":1440,\"height\":1080},{\"@type\":\"BreadcrumbList\",\"@id\":\"https:\\\/\\\/jordhammock.com\\\/pl\\\/shop\\\/jord-asym-tarp\\\/#breadcrumb\",\"itemListElement\":[{\"@type\":\"ListItem\",\"position\":1,\"name\":\"Home\",\"item\":\"https:\\\/\\\/jordhammock.com\\\/pl\\\/\"},{\"@type\":\"ListItem\",\"position\":2,\"name\":\"Sklep\",\"item\":\"https:\\\/\\\/jordhammock.com\\\/pl\\\/sklep\\\/\"},{\"@type\":\"ListItem\",\"position\":3,\"name\":\"Jord Asym Tarp\"}]},{\"@type\":\"WebSite\",\"@id\":\"https:\\\/\\\/jordhammock.com\\\/pl\\\/#website\",\"url\":\"https:\\\/\\\/jordhammock.com\\\/pl\\\/\",\"name\":\"Jord Hammock \u2013 The nordic hammock for tall people\",\"description\":\"Nordic hammock gear\",\"publisher\":{\"@id\":\"https:\\\/\\\/jordhammock.com\\\/pl\\\/#organization\"},\"potentialAction\":[{\"@type\":\"SearchAction\",\"target\":{\"@type\":\"EntryPoint\",\"urlTemplate\":\"https:\\\/\\\/jordhammock.com\\\/pl\\\/?s={search_term_string}\"},\"query-input\":{\"@type\":\"PropertyValueSpecification\",\"valueRequired\":true,\"valueName\":\"search_term_string\"}}],\"inLanguage\":\"pl-PL\"},{\"@type\":\"Organization\",\"@id\":\"https:\\\/\\\/jordhammock.com\\\/pl\\\/#organization\",\"name\":\"Jord Hammock\",\"url\":\"https:\\\/\\\/jordhammock.com\\\/pl\\\/\",\"logo\":{\"@type\":\"ImageObject\",\"inLanguage\":\"pl-PL\",\"@id\":\"https:\\\/\\\/jordhammock.com\\\/pl\\\/#\\\/schema\\\/logo\\\/image\\\/\",\"url\":\"https:\\\/\\\/jordhammock.com\\\/wp-content\\\/uploads\\\/2025\\\/04\\\/cropped-jordlogo500.png\",\"contentUrl\":\"https:\\\/\\\/jordhammock.com\\\/wp-content\\\/uploads\\\/2025\\\/04\\\/cropped-jordlogo500.png\",\"width\":500,\"height\":300,\"caption\":\"Jord Hammock\"},\"image\":{\"@id\":\"https:\\\/\\\/jordhammock.com\\\/pl\\\/#\\\/schema\\\/logo\\\/image\\\/\"},\"sameAs\":[\"https:\\\/\\\/www.facebook.com\\\/jordhammock\",\"https:\\\/\\\/www.instagram.com\\\/jordhammock\\\/\"]}]}<\/script>\n<meta property=\"product:price:amount\" content=\"79.00\" \/>\n<meta property=\"product:price:currency\" content=\"EUR\" \/>\n<meta property=\"og:availability\" content=\"out of stock\" \/>\n<meta property=\"product:availability\" content=\"out of stock\" \/>\n<meta property=\"product:retailer_item_id\" content=\"ASYMTARP\" \/>\n<meta property=\"product:condition\" content=\"new\" \/>\n<!-- \/ Yoast SEO plugin. -->","yoast_head_json":{"title":"Jord Asym Tarp - Jord Hammock \u2013 The nordic hammock for tall people","robots":{"index":"index","follow":"follow","max-snippet":"max-snippet:-1","max-image-preview":"max-image-preview:large","max-video-preview":"max-video-preview:-1"},"canonical":"https:\/\/jordhammock.com\/pl\/shop\/jord-asym-tarp\/","og_locale":"pl_PL","og_type":"article","og_title":"Jord Asym Tarp - Jord Hammock \u2013 The nordic hammock for tall people","og_description":"Wyobra\u017a sobie, \u017ce le\u017cysz w hamaku, deszcz delikatnie stuka nad tob\u0105, a ty jeste\u015b ca\u0142kowicie suchy - z czystym widokiem na las, jakby\u015b by\u0142 przy oknie. Dok\u0142adnie to oferuje Jord Asym Tarp - os\u0142ona przeciwdeszczowa, kt\u00f3ra jest lekka, kompaktowa i pozwala cieszy\u0107 si\u0119 sceneri\u0105. Zosta\u0142 zaprojektowany tak, aby p\u0142ynnie wsp\u00f3\u0142pracowa\u0107 z Jord Hammockale bez problemu [&hellip;]","og_url":"https:\/\/jordhammock.com\/pl\/shop\/jord-asym-tarp\/","og_site_name":"Jord Hammock \u2013 The nordic hammock for tall people","article_publisher":"https:\/\/www.facebook.com\/jordhammock","article_modified_time":"2025-09-21T10:26:00+00:00","og_image":[{"width":1440,"height":1080,"url":"https:\/\/jordhammock.com\/wp-content\/uploads\/2025\/04\/asym-tarp-leon_1440.jpg","type":"image\/jpeg"}],"twitter_card":"summary_large_image","twitter_misc":{"Cena":"79,00&nbsp;&euro;","Dost\u0119pno\u015b\u0107":"Brak w magazynie"},"schema":{"@context":"https:\/\/schema.org","@graph":[{"@type":"WebPage","@id":"https:\/\/jordhammock.com\/pl\/shop\/jord-asym-tarp\/","url":"https:\/\/jordhammock.com\/pl\/shop\/jord-asym-tarp\/","name":"Jord Asym Tarp - Jord Hammock \u2013 The nordic hammock for tall people","isPartOf":{"@id":"https:\/\/jordhammock.com\/pl\/#website"},"primaryImageOfPage":{"@id":"https:\/\/jordhammock.com\/pl\/shop\/jord-asym-tarp\/#primaryimage"},"image":{"@id":"https:\/\/jordhammock.com\/pl\/shop\/jord-asym-tarp\/#primaryimage"},"thumbnailUrl":"https:\/\/jordhammock.com\/wp-content\/uploads\/2025\/04\/asym-tarp-leon_1440.jpg","datePublished":"2025-04-18T07:16:00+00:00","dateModified":"2025-09-21T10:26:00+00:00","breadcrumb":{"@id":"https:\/\/jordhammock.com\/pl\/shop\/jord-asym-tarp\/#breadcrumb"},"inLanguage":"pl-PL","potentialAction":[{"@type":"ReadAction","target":["https:\/\/jordhammock.com\/pl\/shop\/jord-asym-tarp\/"]}]},{"@type":"ImageObject","inLanguage":"pl-PL","@id":"https:\/\/jordhammock.com\/pl\/shop\/jord-asym-tarp\/#primaryimage","url":"https:\/\/jordhammock.com\/wp-content\/uploads\/2025\/04\/asym-tarp-leon_1440.jpg","contentUrl":"https:\/\/jordhammock.com\/wp-content\/uploads\/2025\/04\/asym-tarp-leon_1440.jpg","width":1440,"height":1080},{"@type":"BreadcrumbList","@id":"https:\/\/jordhammock.com\/pl\/shop\/jord-asym-tarp\/#breadcrumb","itemListElement":[{"@type":"ListItem","position":1,"name":"Home","item":"https:\/\/jordhammock.com\/pl\/"},{"@type":"ListItem","position":2,"name":"Sklep","item":"https:\/\/jordhammock.com\/pl\/sklep\/"},{"@type":"ListItem","position":3,"name":"Jord Asym Tarp"}]},{"@type":"WebSite","@id":"https:\/\/jordhammock.com\/pl\/#website","url":"https:\/\/jordhammock.com\/pl\/","name":"Jord Hammock \u2013 The nordic hammock for tall people","description":"Nordic hammock gear","publisher":{"@id":"https:\/\/jordhammock.com\/pl\/#organization"},"potentialAction":[{"@type":"SearchAction","target":{"@type":"EntryPoint","urlTemplate":"https:\/\/jordhammock.com\/pl\/?s={search_term_string}"},"query-input":{"@type":"PropertyValueSpecification","valueRequired":true,"valueName":"search_term_string"}}],"inLanguage":"pl-PL"},{"@type":"Organization","@id":"https:\/\/jordhammock.com\/pl\/#organization","name":"Jord Hammock","url":"https:\/\/jordhammock.com\/pl\/","logo":{"@type":"ImageObject","inLanguage":"pl-PL","@id":"https:\/\/jordhammock.com\/pl\/#\/schema\/logo\/image\/","url":"https:\/\/jordhammock.com\/wp-content\/uploads\/2025\/04\/cropped-jordlogo500.png","contentUrl":"https:\/\/jordhammock.com\/wp-content\/uploads\/2025\/04\/cropped-jordlogo500.png","width":500,"height":300,"caption":"Jord Hammock"},"image":{"@id":"https:\/\/jordhammock.com\/pl\/#\/schema\/logo\/image\/"},"sameAs":["https:\/\/www.facebook.com\/jordhammock","https:\/\/www.instagram.com\/jordhammock\/"]}]},"product_price_amount":"79.00","product_price_currency":"EUR","og_availability":"out of stock","product_availability":"out of stock","product_retailer_item_id":"ASYMTARP","product_condition":"new"},"taxonomy_info":{"product_brand":[{"value":18,"label":"Jord"}],"product_cat":[{"value":64,"label":"Hamak Gear"}]},"featured_image_src_large":["https:\/\/jordhammock.com\/wp-content\/uploads\/2025\/04\/asym-tarp-leon_1440-1280x960.jpg",1170,878,true],"author_info":[],"comment_info":0,"_links":{"self":[{"href":"https:\/\/jordhammock.com\/pl\/wp-json\/wp\/v2\/product\/1065","targetHints":{"allow":["GET"]}}],"collection":[{"href":"https:\/\/jordhammock.com\/pl\/wp-json\/wp\/v2\/product"}],"about":[{"href":"https:\/\/jordhammock.com\/pl\/wp-json\/wp\/v2\/types\/product"}],"replies":[{"embeddable":true,"href":"https:\/\/jordhammock.com\/pl\/wp-json\/wp\/v2\/comments?post=1065"}],"wp:featuredmedia":[{"embeddable":true,"href":"https:\/\/jordhammock.com\/pl\/wp-json\/wp\/v2\/media\/1039"}],"wp:attachment":[{"href":"https:\/\/jordhammock.com\/pl\/wp-json\/wp\/v2\/media?parent=1065"}],"wp:term":[{"taxonomy":"product_brand","embeddable":true,"href":"https:\/\/jordhammock.com\/pl\/wp-json\/wp\/v2\/product_brand?post=1065"},{"taxonomy":"product_cat","embeddable":true,"href":"https:\/\/jordhammock.com\/pl\/wp-json\/wp\/v2\/product_cat?post=1065"},{"taxonomy":"product_tag","embeddable":true,"href":"https:\/\/jordhammock.com\/pl\/wp-json\/wp\/v2\/product_tag?post=1065"}],"curies":[{"name":"wp","href":"https:\/\/api.w.org\/{rel}","templated":true}]}}