{"id":1036,"date":"2025-04-18T07:16:00","date_gmt":"2025-04-18T07:16:00","guid":{"rendered":"https:\/\/jordhammock.com\/zestaw-hamakowy-jord\/"},"modified":"2025-12-22T18:27:11","modified_gmt":"2025-12-22T18:27:11","slug":"hammock-kit","status":"publish","type":"product","link":"https:\/\/jordhammock.com\/pl\/shop\/hammock-kit\/","title":{"rendered":"Zestaw hamakowy Jord"},"content":{"rendered":"\n<p>Wszystko, czego potrzebujesz do idealnego le\u015bnego spotkania - w \u015bwietnej cenie!<\/p>\n\n<p>Uwielbiam dobry zestaw hamakowy - kompletny zestaw, kt\u00f3ry po prostu dzia\u0142a, dzi\u0119ki czemu mo\u017cna zawiesi\u0107 si\u0119 mi\u0119dzy drzewami bez zastanawiania si\u0119, kt\u00f3re cz\u0119\u015bci pasuj\u0105 do czego. Zestaw hamakowy <strong>Jord<\/strong> jest w\u0142a\u015bnie taki: hamak z zawieszeniem, tarp i podk\u0142ad - wszystko w jednym, sp\u00f3jnym pakiecie. <\/p>\n\n<p>Aby dopasowa\u0107 go do swoich potrzeb, mo\u017cesz wybra\u0107 mi\u0119dzy du\u017cym lub ma\u0142ym tarpem i wybra\u0107 poziom ciep\u0142a pod ko\u0142dr\u0105, kt\u00f3ry pasuje do Twojej pory roku i stylu. Mo\u017cesz nawet doda\u0107 topquilt, aby uzyska\u0107 w pe\u0142ni kompletny hamakowy system spania, kt\u00f3ry pozostanie z tob\u0105 przez wiele lat. <\/p>\n\n<p>Wszystko, czego potrzebujesz, w jednym miejscu - gotowe na spontaniczne noce na \u0142onie natury. Z tak dobrym sprz\u0119tem las wo\u0142a g\u0142o\u015bniej, a hamakowanie staje si\u0119 \u0142atwe i zach\u0119caj\u0105ce. <\/p>\n\n<p>Wyobra\u017a to sobie: wiatr szepcz\u0105cy mi\u0119dzy drzewami, zimno trzymane na dystans, a ty otulony spokojem. Tw\u00f3j hamak ci\u0119 otula, tw\u00f3j underquilt ogrzewa, tw\u00f3j tarp os\u0142ania. Przynie\u015b sw\u00f3j stary \u015bpiw\u00f3r - lub dodaj topquilt - aby uzyska\u0107 prawdziwie luksusowe doznania.  <\/p>\n\n<p>Odpoczynek w lesie staje si\u0119 czyst\u0105 rozkosz\u0105, niezale\u017cnie od tego, czy pada deszcz, czy \u015bwiec\u0105 gwiazdy.<\/p>\n\n<p>Zestaw zawiera wszystkie niezb\u0119dne elementy. Tarp, underquilt i topquilt mo\u017cna dostosowa\u0107 do w\u0142asnych preferencji. Ka\u017cdy zestaw zawiera r\u00f3wnie\u017c torb\u0119 Bishop Bag*.  <\/p>\n\n<figure class=\"wp-block-image size-large\"><img loading=\"lazy\" decoding=\"async\" width=\"1280\" height=\"853\" src=\"https:\/\/jordhammock.com\/wp-content\/uploads\/2025\/04\/hammock-hanna-solned_1440-1280x853.jpg\" alt=\"\" class=\"wp-image-317\" srcset=\"https:\/\/jordhammock.com\/wp-content\/uploads\/2025\/04\/hammock-hanna-solned_1440-1280x853.jpg 1280w, https:\/\/jordhammock.com\/wp-content\/uploads\/2025\/04\/hammock-hanna-solned_1440-800x533.jpg 800w, https:\/\/jordhammock.com\/wp-content\/uploads\/2025\/04\/hammock-hanna-solned_1440-768x512.jpg 768w, https:\/\/jordhammock.com\/wp-content\/uploads\/2025\/04\/hammock-hanna-solned_1440-990x660.jpg 990w, https:\/\/jordhammock.com\/wp-content\/uploads\/2025\/04\/hammock-hanna-solned_1440-441x294.jpg 441w, https:\/\/jordhammock.com\/wp-content\/uploads\/2025\/04\/hammock-hanna-solned_1440.jpg 1440w\" sizes=\"auto, (max-width: 1280px) 100vw, 1280px\" \/><\/figure>\n\n<h4 class=\"wp-block-heading\">Hamak - Twoje miejsce w\u015br\u00f3d drzew<\/h4>\n\n<p>Hamak <strong><a href=\"https:\/\/jordhammock.com\/butik\/momo-jord-hammock\/\" data-type=\"product\" data-id=\"265371\">Jord<\/a><\/strong> to serce zestawu \u2014 na tyle przestronny, by si\u0119 w nim wyci\u0105gn\u0105\u0107, a jednocze\u015bnie na tyle lekki, by przenie\u015b\u0107 go przez g\u00f3ry. Zaprojektowa\u0142em go z my\u015bl\u0105 o nordyckich nocach, z wbudowan\u0105 moskitier\u0105 chroni\u0105c\u0105 przed owadami i niezr\u00f3wnanym poczuciem swobody. To m\u00f3j ulubiony spos\u00f3b na spanie na \u015bwie\u017cym powietrzu \u2014 \u0142atwy do zawieszenia i wygodniejszy ni\u017c wi\u0119kszo\u015b\u0107 \u0142\u00f3\u017cek.<\/p>\n\n<h4 class=\"wp-block-heading\">The Underquilt - Warmth From Below<\/h4>\n\n<p><strong><a href=\"https:\/\/jordhammock.com\/shop\/uq\/\" data-type=\"product\" data-id=\"265410\">Podpinka Jord<\/a><\/strong> chroni przed zimnem wkradaj\u0105cym si\u0119 od spodu. Otula tw\u00f3j hamak jak ciep\u0142y u\u015bcisk, sprawiaj\u0105c, \u017ce ka\u017cda noc jest pe\u0142na odpoczynku i przytulno\u015bci. U\u017cywa\u0142em jej na mro\u017anych polanach \u2014 jest puszysta, prosta w u\u017cyciu i niezb\u0119dna do dobrego snu. Wybierz Featherlight 300, Forest Peace 500 lub Winter Rest 800 w zale\u017cno\u015bci od tego, jak ciep\u0142o \u015bpisz i jak lekko chcesz si\u0119 spakowa\u0107.<\/p>\n\n<h4 class=\"wp-block-heading\">Tarp - ochrona przed deszczem, s\u0142o\u0144cem i wiatrem<\/h4>\n\n<p><a href=\"https:\/\/jordhammock.com\/butik\/momo-jord-asym-tarp-latt-enkel-med-utsikt\/\" data-type=\"product\" data-id=\"384707\"><strong>Tarp Jord<\/strong><\/a> zapewnia schronienie i ochron\u0119 przed deszczem, jednocze\u015bnie pozwalaj\u0105c cieszy\u0107 si\u0119 widokiem lasu. Jest \u0142atwy w rozstawieniu i wystarczaj\u0105co mocny, by wytrzyma\u0107 nordyckie burze \u2014 zaufa\u0142em mu podczas dzikich wiatr\u00f3w w H\u00e4lsingland i pozosta\u0142em suchy podczas ulewy. Wybierz l\u017cejszy, asymetryczny tarp dla minimalnego pokrycia lub wi\u0119kszy, prostok\u0105tny dla pe\u0142nej ochrony i miejsca na sprz\u0119t.<\/p>\n\n<h4 class=\"wp-block-heading\">Topquilt - puszysty koc do hamaka<\/h4>\n\n<p><strong><a href=\"https:\/\/jordhammock.com\/pl\/shop\/jord-topquilt\/\" data-type=\"product\" data-id=\"384740\">Ko\u0142dra wierzchnia Jord<\/a><\/strong> to rozwi\u0105zanie, gdy masz do\u015b\u0107 walki z zamkami b\u0142yskawicznymi i ciasnych \u015bpiwor\u00f3w typu mumia. Ko\u0142dra wierzchnia to ciep\u0142a, puszysta ko\u0142dra zaprojektowana do hamak\u00f3w \u2014 prostsza, przytulniejsza i o wiele \u0142atwiejsza w u\u017cyciu. Po prostu wsu\u0144 si\u0119 i zanurz w komforcie.<\/p>\n\n<p>*Dla<em>mi\u0142o\u015bnik\u00f3w hamak\u00f3w<\/em>: Planowa\u0142em do\u0142\u0105czy\u0107 du\u017c\u0105 torb\u0119 Bishop Bag, kt\u00f3ra pomie\u015bci\u0142aby ca\u0142y zestaw. Niestety, nieporozumienie z dostawc\u0105 oznacza, \u017ce nasze torby Bishop Bag nie s\u0105 w rozmiarze XL. Mo\u017cna w nich zmie\u015bci\u0107 hamak i underquilt (do modelu 500) bez wyjmowania czegokolwiek, ale jest ciasno - i nie ma miejsca na tarp, topquilt czy Winter Rest. Mimo to, jest to prawdopodobnie najwi\u0119ksza torba Bishop Bag, jak\u0105 mo\u017cna kupi\u0107 i pomaga upro\u015bci\u0107 konfiguracj\u0119.   <\/p>\n\n<figure class=\"wp-block-image size-large\"><img decoding=\"async\" src=\"https:\/\/jordhammock.com\/wp-content\/uploads\/2025\/03\/asymtarp_1280-1080x810.jpg\" alt=\"Jord asym tarp rozbity w lesie\" class=\"wp-image-384728\"\/><\/figure>\n","protected":false},"excerpt":{"rendered":"<p>Wszystko, czego potrzebujesz do idealnego le\u015bnego spotkania - w \u015bwietnej cenie! Uwielbiam dobry zestaw hamakowy - kompletny zestaw, kt\u00f3ry po prostu dzia\u0142a, dzi\u0119ki czemu mo\u017cna zawiesi\u0107 si\u0119 mi\u0119dzy drzewami bez zastanawiania si\u0119, kt\u00f3re cz\u0119\u015bci pasuj\u0105 do czego. Zestaw hamakowy Jord jest w\u0142a\u015bnie taki: hamak z zawieszeniem, tarp i podk\u0142ad - wszystko w jednym, sp\u00f3jnym pakiecie. [&hellip;]<\/p>\n","protected":false},"featured_media":1037,"comment_status":"open","ping_status":"closed","template":"","meta":{"_kad_blocks_custom_css":"","_kad_blocks_head_custom_js":"","_kad_blocks_body_custom_js":"","_kad_blocks_footer_custom_js":""},"product_brand":[],"product_cat":[64],"product_tag":[],"class_list":{"0":"post-1036","1":"product","2":"type-product","3":"status-publish","4":"has-post-thumbnail","6":"product_cat-hamak-gear","8":"first","9":"outofstock","10":"featured","11":"taxable","12":"shipping-taxable","13":"purchasable","14":"product-type-composite"},"yoast_head":"<!-- This site is optimized with the Yoast SEO plugin v27.4 - https:\/\/yoast.com\/product\/yoast-seo-wordpress\/ -->\n<title>Zestaw hamakowy Jord - Jord Hammock<\/title>\n<meta name=\"robots\" content=\"index, follow, max-snippet:-1, max-image-preview:large, max-video-preview:-1\" \/>\n<link rel=\"canonical\" href=\"https:\/\/jordhammock.com\/pl\/shop\/hammock-kit\/\" \/>\n<meta property=\"og:locale\" content=\"pl_PL\" \/>\n<meta property=\"og:type\" content=\"article\" \/>\n<meta property=\"og:title\" content=\"Zestaw hamakowy Jord - Jord Hammock\" \/>\n<meta property=\"og:description\" content=\"Wszystko, czego potrzebujesz do idealnego le\u015bnego spotkania - w \u015bwietnej cenie! Uwielbiam dobry zestaw hamakowy - kompletny zestaw, kt\u00f3ry po prostu dzia\u0142a, dzi\u0119ki czemu mo\u017cna zawiesi\u0107 si\u0119 mi\u0119dzy drzewami bez zastanawiania si\u0119, kt\u00f3re cz\u0119\u015bci pasuj\u0105 do czego. Zestaw hamakowy Jord jest w\u0142a\u015bnie taki: hamak z zawieszeniem, tarp i podk\u0142ad - wszystko w jednym, sp\u00f3jnym pakiecie. [&hellip;]\" \/>\n<meta property=\"og:url\" content=\"https:\/\/jordhammock.com\/pl\/shop\/hammock-kit\/\" \/>\n<meta property=\"og:site_name\" content=\"Jord Hammock\" \/>\n<meta property=\"article:publisher\" content=\"https:\/\/www.facebook.com\/jordhammock\" \/>\n<meta property=\"article:modified_time\" content=\"2025-12-22T18:27:11+00:00\" \/>\n<meta property=\"og:image\" content=\"https:\/\/jordhammock.com\/wp-content\/uploads\/2025\/04\/hammock-hanna-solned_1440.jpg\" \/>\n\t<meta property=\"og:image:width\" content=\"1440\" \/>\n\t<meta property=\"og:image:height\" content=\"960\" \/>\n\t<meta property=\"og:image:type\" content=\"image\/jpeg\" \/>\n<meta name=\"twitter:card\" content=\"summary_large_image\" \/>\n<meta name=\"twitter:label1\" content=\"Cena\" \/>\n\t<meta name=\"twitter:data1\" content=\"159,00&nbsp;&euro;\" \/>\n\t<meta name=\"twitter:label2\" content=\"Dost\u0119pno\u015b\u0107\" \/>\n\t<meta name=\"twitter:data2\" content=\"Brak w magazynie\" \/>\n<script type=\"application\/ld+json\" class=\"yoast-schema-graph\">{\"@context\":\"https:\\\/\\\/schema.org\",\"@graph\":[{\"@type\":\"WebPage\",\"@id\":\"https:\\\/\\\/jordhammock.com\\\/pl\\\/shop\\\/hammock-kit\\\/\",\"url\":\"https:\\\/\\\/jordhammock.com\\\/pl\\\/shop\\\/hammock-kit\\\/\",\"name\":\"Zestaw hamakowy Jord - Jord Hammock\",\"isPartOf\":{\"@id\":\"https:\\\/\\\/jordhammock.com\\\/pl\\\/#website\"},\"primaryImageOfPage\":{\"@id\":\"https:\\\/\\\/jordhammock.com\\\/pl\\\/shop\\\/hammock-kit\\\/#primaryimage\"},\"image\":{\"@id\":\"https:\\\/\\\/jordhammock.com\\\/pl\\\/shop\\\/hammock-kit\\\/#primaryimage\"},\"thumbnailUrl\":\"https:\\\/\\\/jordhammock.com\\\/wp-content\\\/uploads\\\/2025\\\/04\\\/hammock-hanna-solned_1440.jpg\",\"datePublished\":\"2025-04-18T07:16:00+00:00\",\"dateModified\":\"2025-12-22T18:27:11+00:00\",\"breadcrumb\":{\"@id\":\"https:\\\/\\\/jordhammock.com\\\/pl\\\/shop\\\/hammock-kit\\\/#breadcrumb\"},\"inLanguage\":\"pl-PL\",\"potentialAction\":[{\"@type\":\"ReadAction\",\"target\":[\"https:\\\/\\\/jordhammock.com\\\/pl\\\/shop\\\/hammock-kit\\\/\"]}]},{\"@type\":\"ImageObject\",\"inLanguage\":\"pl-PL\",\"@id\":\"https:\\\/\\\/jordhammock.com\\\/pl\\\/shop\\\/hammock-kit\\\/#primaryimage\",\"url\":\"https:\\\/\\\/jordhammock.com\\\/wp-content\\\/uploads\\\/2025\\\/04\\\/hammock-hanna-solned_1440.jpg\",\"contentUrl\":\"https:\\\/\\\/jordhammock.com\\\/wp-content\\\/uploads\\\/2025\\\/04\\\/hammock-hanna-solned_1440.jpg\",\"width\":1440,\"height\":960,\"caption\":\"hamak hanna solned 1440\"},{\"@type\":\"BreadcrumbList\",\"@id\":\"https:\\\/\\\/jordhammock.com\\\/pl\\\/shop\\\/hammock-kit\\\/#breadcrumb\",\"itemListElement\":[{\"@type\":\"ListItem\",\"position\":1,\"name\":\"Home\",\"item\":\"https:\\\/\\\/jordhammock.com\\\/pl\\\/\"},{\"@type\":\"ListItem\",\"position\":2,\"name\":\"Sklep\",\"item\":\"https:\\\/\\\/jordhammock.com\\\/pl\\\/sklep\\\/\"},{\"@type\":\"ListItem\",\"position\":3,\"name\":\"Zestaw hamakowy Jord\"}]},{\"@type\":\"WebSite\",\"@id\":\"https:\\\/\\\/jordhammock.com\\\/pl\\\/#website\",\"url\":\"https:\\\/\\\/jordhammock.com\\\/pl\\\/\",\"name\":\"Jord Hammock\",\"description\":\"Nordic hammock gear\",\"publisher\":{\"@id\":\"https:\\\/\\\/jordhammock.com\\\/pl\\\/#organization\"},\"alternateName\":\"Nordic hammock gear for tall sleepers\",\"potentialAction\":[{\"@type\":\"SearchAction\",\"target\":{\"@type\":\"EntryPoint\",\"urlTemplate\":\"https:\\\/\\\/jordhammock.com\\\/pl\\\/?s={search_term_string}\"},\"query-input\":{\"@type\":\"PropertyValueSpecification\",\"valueRequired\":true,\"valueName\":\"search_term_string\"}}],\"inLanguage\":\"pl-PL\"},{\"@type\":\"Organization\",\"@id\":\"https:\\\/\\\/jordhammock.com\\\/pl\\\/#organization\",\"name\":\"Jord Hammock\",\"url\":\"https:\\\/\\\/jordhammock.com\\\/pl\\\/\",\"logo\":{\"@type\":\"ImageObject\",\"inLanguage\":\"pl-PL\",\"@id\":\"https:\\\/\\\/jordhammock.com\\\/pl\\\/#\\\/schema\\\/logo\\\/image\\\/\",\"url\":\"https:\\\/\\\/jordhammock.com\\\/wp-content\\\/uploads\\\/2025\\\/04\\\/cropped-jordlogo500.png\",\"contentUrl\":\"https:\\\/\\\/jordhammock.com\\\/wp-content\\\/uploads\\\/2025\\\/04\\\/cropped-jordlogo500.png\",\"width\":500,\"height\":300,\"caption\":\"Jord Hammock\"},\"image\":{\"@id\":\"https:\\\/\\\/jordhammock.com\\\/pl\\\/#\\\/schema\\\/logo\\\/image\\\/\"},\"sameAs\":[\"https:\\\/\\\/www.facebook.com\\\/jordhammock\",\"https:\\\/\\\/www.instagram.com\\\/jordhammock\\\/\"]}]}<\/script>\n<meta property=\"product:price:amount\" content=\"159.00\" \/>\n<meta property=\"product:price:currency\" content=\"EUR\" \/>\n<meta property=\"og:availability\" content=\"out of stock\" \/>\n<meta property=\"product:availability\" content=\"out of stock\" \/>\n<meta property=\"product:retailer_item_id\" content=\"HAMMOCKKIT\" \/>\n<meta property=\"product:condition\" content=\"new\" \/>\n<!-- \/ Yoast SEO plugin. -->","yoast_head_json":{"title":"Zestaw hamakowy Jord - Jord Hammock","robots":{"index":"index","follow":"follow","max-snippet":"max-snippet:-1","max-image-preview":"max-image-preview:large","max-video-preview":"max-video-preview:-1"},"canonical":"https:\/\/jordhammock.com\/pl\/shop\/hammock-kit\/","og_locale":"pl_PL","og_type":"article","og_title":"Zestaw hamakowy Jord - Jord Hammock","og_description":"Wszystko, czego potrzebujesz do idealnego le\u015bnego spotkania - w \u015bwietnej cenie! Uwielbiam dobry zestaw hamakowy - kompletny zestaw, kt\u00f3ry po prostu dzia\u0142a, dzi\u0119ki czemu mo\u017cna zawiesi\u0107 si\u0119 mi\u0119dzy drzewami bez zastanawiania si\u0119, kt\u00f3re cz\u0119\u015bci pasuj\u0105 do czego. Zestaw hamakowy Jord jest w\u0142a\u015bnie taki: hamak z zawieszeniem, tarp i podk\u0142ad - wszystko w jednym, sp\u00f3jnym pakiecie. [&hellip;]","og_url":"https:\/\/jordhammock.com\/pl\/shop\/hammock-kit\/","og_site_name":"Jord Hammock","article_publisher":"https:\/\/www.facebook.com\/jordhammock","article_modified_time":"2025-12-22T18:27:11+00:00","og_image":[{"width":1440,"height":960,"url":"https:\/\/jordhammock.com\/wp-content\/uploads\/2025\/04\/hammock-hanna-solned_1440.jpg","type":"image\/jpeg"}],"twitter_card":"summary_large_image","twitter_misc":{"Cena":"159,00&nbsp;&euro;","Dost\u0119pno\u015b\u0107":"Brak w magazynie"},"schema":{"@context":"https:\/\/schema.org","@graph":[{"@type":"WebPage","@id":"https:\/\/jordhammock.com\/pl\/shop\/hammock-kit\/","url":"https:\/\/jordhammock.com\/pl\/shop\/hammock-kit\/","name":"Zestaw hamakowy Jord - Jord Hammock","isPartOf":{"@id":"https:\/\/jordhammock.com\/pl\/#website"},"primaryImageOfPage":{"@id":"https:\/\/jordhammock.com\/pl\/shop\/hammock-kit\/#primaryimage"},"image":{"@id":"https:\/\/jordhammock.com\/pl\/shop\/hammock-kit\/#primaryimage"},"thumbnailUrl":"https:\/\/jordhammock.com\/wp-content\/uploads\/2025\/04\/hammock-hanna-solned_1440.jpg","datePublished":"2025-04-18T07:16:00+00:00","dateModified":"2025-12-22T18:27:11+00:00","breadcrumb":{"@id":"https:\/\/jordhammock.com\/pl\/shop\/hammock-kit\/#breadcrumb"},"inLanguage":"pl-PL","potentialAction":[{"@type":"ReadAction","target":["https:\/\/jordhammock.com\/pl\/shop\/hammock-kit\/"]}]},{"@type":"ImageObject","inLanguage":"pl-PL","@id":"https:\/\/jordhammock.com\/pl\/shop\/hammock-kit\/#primaryimage","url":"https:\/\/jordhammock.com\/wp-content\/uploads\/2025\/04\/hammock-hanna-solned_1440.jpg","contentUrl":"https:\/\/jordhammock.com\/wp-content\/uploads\/2025\/04\/hammock-hanna-solned_1440.jpg","width":1440,"height":960,"caption":"hamak hanna solned 1440"},{"@type":"BreadcrumbList","@id":"https:\/\/jordhammock.com\/pl\/shop\/hammock-kit\/#breadcrumb","itemListElement":[{"@type":"ListItem","position":1,"name":"Home","item":"https:\/\/jordhammock.com\/pl\/"},{"@type":"ListItem","position":2,"name":"Sklep","item":"https:\/\/jordhammock.com\/pl\/sklep\/"},{"@type":"ListItem","position":3,"name":"Zestaw hamakowy Jord"}]},{"@type":"WebSite","@id":"https:\/\/jordhammock.com\/pl\/#website","url":"https:\/\/jordhammock.com\/pl\/","name":"Jord Hammock","description":"Nordic hammock gear","publisher":{"@id":"https:\/\/jordhammock.com\/pl\/#organization"},"alternateName":"Nordic hammock gear for tall sleepers","potentialAction":[{"@type":"SearchAction","target":{"@type":"EntryPoint","urlTemplate":"https:\/\/jordhammock.com\/pl\/?s={search_term_string}"},"query-input":{"@type":"PropertyValueSpecification","valueRequired":true,"valueName":"search_term_string"}}],"inLanguage":"pl-PL"},{"@type":"Organization","@id":"https:\/\/jordhammock.com\/pl\/#organization","name":"Jord Hammock","url":"https:\/\/jordhammock.com\/pl\/","logo":{"@type":"ImageObject","inLanguage":"pl-PL","@id":"https:\/\/jordhammock.com\/pl\/#\/schema\/logo\/image\/","url":"https:\/\/jordhammock.com\/wp-content\/uploads\/2025\/04\/cropped-jordlogo500.png","contentUrl":"https:\/\/jordhammock.com\/wp-content\/uploads\/2025\/04\/cropped-jordlogo500.png","width":500,"height":300,"caption":"Jord Hammock"},"image":{"@id":"https:\/\/jordhammock.com\/pl\/#\/schema\/logo\/image\/"},"sameAs":["https:\/\/www.facebook.com\/jordhammock","https:\/\/www.instagram.com\/jordhammock\/"]}]},"product_price_amount":"159.00","product_price_currency":"EUR","og_availability":"out of stock","product_availability":"out of stock","product_retailer_item_id":"HAMMOCKKIT","product_condition":"new"},"taxonomy_info":{"product_cat":[{"value":64,"label":"Hamak Gear"}]},"featured_image_src_large":["https:\/\/jordhammock.com\/wp-content\/uploads\/2025\/04\/hammock-hanna-solned_1440-1280x853.jpg",1170,780,true],"author_info":[],"comment_info":0,"_links":{"self":[{"href":"https:\/\/jordhammock.com\/pl\/wp-json\/wp\/v2\/product\/1036","targetHints":{"allow":["GET"]}}],"collection":[{"href":"https:\/\/jordhammock.com\/pl\/wp-json\/wp\/v2\/product"}],"about":[{"href":"https:\/\/jordhammock.com\/pl\/wp-json\/wp\/v2\/types\/product"}],"replies":[{"embeddable":true,"href":"https:\/\/jordhammock.com\/pl\/wp-json\/wp\/v2\/comments?post=1036"}],"wp:featuredmedia":[{"embeddable":true,"href":"https:\/\/jordhammock.com\/pl\/wp-json\/wp\/v2\/media\/1037"}],"wp:attachment":[{"href":"https:\/\/jordhammock.com\/pl\/wp-json\/wp\/v2\/media?parent=1036"}],"wp:term":[{"taxonomy":"product_brand","embeddable":true,"href":"https:\/\/jordhammock.com\/pl\/wp-json\/wp\/v2\/product_brand?post=1036"},{"taxonomy":"product_cat","embeddable":true,"href":"https:\/\/jordhammock.com\/pl\/wp-json\/wp\/v2\/product_cat?post=1036"},{"taxonomy":"product_tag","embeddable":true,"href":"https:\/\/jordhammock.com\/pl\/wp-json\/wp\/v2\/product_tag?post=1036"}],"curies":[{"name":"wp","href":"https:\/\/api.w.org\/{rel}","templated":true}]}}