{"id":1138,"date":"2025-05-13T12:10:27","date_gmt":"2025-05-13T12:10:27","guid":{"rendered":"https:\/\/jordhammock.com\/wysylka-zwroty-i-polityka-prywatnosci\/"},"modified":"2025-05-14T17:55:39","modified_gmt":"2025-05-14T17:55:39","slug":"wysylka-zwroty-i-polityka-prywatnosci","status":"publish","type":"page","link":"https:\/\/jordhammock.com\/pl\/wysylka-zwroty-i-polityka-prywatnosci\/","title":{"rendered":"Wysy\u0142ka, zwroty i polityka prywatno\u015bci"},"content":{"rendered":"\n<p><strong>Wysy\u0142ka, p\u0142atno\u015bci i prywatno\u015b\u0107<\/strong><\/p>\n\n<p>Lubimy prostot\u0119:<br\/>Wierzymy, \u017ce szczero\u015b\u0107, komunikacja i wzajemny szacunek maj\u0105 ogromne znaczenie - a \u017cycie jest zbyt cenne, by by\u0142o nudne. \ud83d\ude42<\/p>\n\n<p>Wysy\u0142amy do wszystkich kraj\u00f3w UE: Austria, Belgia, Bu\u0142garia, Chorwacja, Cypr, Czechy, Dania, Estonia, Finlandia, Francja, Niemcy, Grecja, W\u0119gry, Irlandia, W\u0142ochy, \u0141otwa, Litwa, Luksemburg, Malta, Holandia, Polska, Portugalia, Rumunia, S\u0142owacja, S\u0142owenia i Hiszpania. (Szwedzi - przejd\u017a do <a href=\"https:\/\/www.momojord.se\">momojord.se<\/a>) <\/p>\n\n<p>Bezp\u0142atna wysy\u0142ka od 250 \u20ac.<\/p>\n\n<p>Zam\u00f3wienia s\u0105 pakowane i wysy\u0142ane 2-3 razy w tygodniu, zazwyczaj w poniedzia\u0142ki, \u015brody i pi\u0105tki. Wysy\u0142amy za po\u015brednictwem Schenker. Czas dostawy wynosi zazwyczaj oko\u0142o 1 tygodnia od wysy\u0142ki (w zale\u017cno\u015bci od kraju).  <\/p>\n\n<p>Czasami wyruszamy na przygod\u0119. Lub po prostu relaksujemy si\u0119 nad jednym z le\u015bnych jezior w pobli\u017cu naszego domu. Oznacza to, \u017ce mo\u017cemy nie pakowa\u0107 zam\u00f3wie\u0144 ka\u017cdego dnia. Wi\u0119c nawet je\u015bli sprawy zwykle tocz\u0105 si\u0119 szybko, czasami mo\u017ce to potrwa\u0107 troch\u0119 d\u0142u\u017cej. Wierzymy w to, \u017ce \u017cycie te\u017c troch\u0119 trwa \ud83d\ude42    <\/p>\n\n<p>Nieodebrane paczki zostan\u0105 obci\u0105\u017cone op\u0142at\u0105 za uzupe\u0142nienie zapas\u00f3w w wysoko\u015bci 50 \u20ac, kt\u00f3ra zostanie odj\u0119ta od kwoty zwrotu. (Nieodebrana paczka kosztuje nas wi\u0119cej, wi\u0119c jest to sprawiedliwe). <\/p>\n\n<p>P\u0142atno\u015bci s\u0105 obs\u0142ugiwane przez Stripe (bezpieczna p\u0142atno\u015b\u0107 kart\u0105). Twoja p\u0142atno\u015b\u0107 jest szyfrowana i przetwarzana bezpo\u015brednio przez Stripe - nigdy nie widzimy ani nie przechowujemy danych Twojej karty. <\/p>\n\n<p>Masz 30-dniowy okres na zwrot. Je\u015bli nie jeste\u015b zadowolony z zakupu, mo\u017cesz go zwr\u00f3ci\u0107 w ci\u0105gu 30 dni od jego otrzymania w celu uzyskania zwrotu pieni\u0119dzy lub wymiany. Jako klient jeste\u015b odpowiedzialny za pokrycie koszt\u00f3w wysy\u0142ki zwrotnej i zapewnienie, \u017ce paczka dotrze do nas bezpiecznie.  <\/p>\n\n<p>Adres zwrotny: Momo Jord AB, \u00d6ver\u00e4lve 53, 82793 Ljusdal, SZWECJA<\/p>\n\n<p>Przedmioty musz\u0105 by\u0107 nieu\u017cywane i w stanie nadaj\u0105cym si\u0119 do sprzeda\u017cy, aby uzyska\u0107 pe\u0142ny zwrot pieni\u0119dzy (w przeciwnym razie ryzykujemy, \u017ce magazyn b\u0119dzie pe\u0142en niesprzedawalnego sprz\u0119tu).<\/p>\n\n<p>Zwrot pieni\u0119dzy nast\u0119puje po otrzymaniu zwr\u00f3conych produkt\u00f3w. Nale\u017cy pami\u0119ta\u0107, \u017ce oryginalne koszty wysy\u0142ki nie podlegaj\u0105 zwrotowi. <\/p>\n\n<p>Chcesz co\u015b zwr\u00f3ci\u0107 po 30 dniach? Zwykle nie ma z tym problemu - po prostu skontaktuj si\u0119 z nami, a my co\u015b wymy\u015blimy. <\/p>\n\n<p><strong>Obietnica \u017cyczliwo\u015bci<\/strong><\/p>\n\n<p>Staramy si\u0119 by\u0107 mili. Naprawd\u0119. Nie mogliby\u015bmy \u017cy\u0107 ze sob\u0105, gdyby\u015bmy prowadzili firm\u0119, kt\u00f3ra rozczarowuje ludzi. Chcemy tworzy\u0107 pi\u0119kne rzeczy, kt\u00f3re mog\u0105 zainspirowa\u0107 Ci\u0119 do zrobienia tego samego. Je\u015bli pope\u0142nimy b\u0142\u0105d, naprawimy go. Je\u015bli co\u015b posz\u0142o nie tak poza nasz\u0105 kontrol\u0105, zrobimy wszystko, co w naszej mocy, aby to naprawi\u0107. Niesamowita obs\u0142uga nie jest dla nas modnym has\u0142em - to spos\u00f3b, w jaki naturalnie dzia\u0142amy. Jeste\u015bmy zwyk\u0142ymi lud\u017ami z \u017cyciem i obowi\u0105zkami, ale zawsze zrobimy wszystko, co w naszej mocy, aby uczyni\u0107 ten \u015bwiat nieco lepszym i przyjemniejszym miejscem.       <\/p>\n\n<p>To powiedziawszy - nie marnujemy energii na nikogo, kto pr\u00f3buje nas wykorzysta\u0107. (Zdarzy\u0142o si\u0119 to raz lub dwa razy na przestrzeni lat - ale s\u0105 szanse, \u017ce to nie ty). \ud83d\ude0a) <\/p>\n\n<p><strong>Polityka prywatno\u015bci i plik\u00f3w cookie<\/strong><\/p>\n\n<p>Dbamy o Twoje dane i nie udost\u0119pniamy ich nikomu nieupowa\u017cnionemu. Aby prowadzi\u0107 sklep, zbieramy pewne informacje: zapisujemy Twoje dane kontaktowe w naszej bazie danych klient\u00f3w, aby rozpozna\u0107 Ci\u0119 przy przysz\u0142ych zam\u00f3wieniach i pom\u00f3c w historii zam\u00f3wie\u0144. \u017badne informacje o p\u0142atno\u015bciach nie s\u0105 przechowywane na naszym serwerze - s\u0105 one bezpiecznie obs\u0142ugiwane przez naszych dostawc\u00f3w p\u0142atno\u015bci.  <\/p>\n\n<p>Otrzymujemy r\u00f3wnie\u017c anonimowe dane (za po\u015brednictwem Google Analytics) z Twojej przegl\u0105darki, takie jak adres IP, szczeg\u00f3\u0142y dotycz\u0105ce oprogramowania\/sprz\u0119tu i odwiedzanej strony. U\u017cywamy r\u00f3wnie\u017c Facebook Pixel. <\/p>\n\n<p>Obiecujemy, \u017ce nie b\u0119dziemy Ci\u0119 spamowa\u0107 ani robi\u0107 niczego podejrzanego z Twoimi danymi. Jeste\u015bmy wy\u0142\u0105cznymi w\u0142a\u015bcicielami informacji zebranych na tej stronie i nigdy nie b\u0119dziemy ich sprzedawa\u0107 ani udost\u0119pnia\u0107 stronom trzecim. Po z\u0142o\u017ceniu zam\u00f3wienia mo\u017cesz otrzyma\u0107 jedn\u0105 wiadomo\u015b\u0107 e-mail z pro\u015bb\u0105 o recenzj\u0119 kilka miesi\u0119cy p\u00f3\u017aniej. W przeciwnym razie otrzymasz od nas wiadomo\u015b\u0107 tylko wtedy, gdy zapiszesz si\u0119 do naszego newslettera - lub gdy wr\u00f3cisz, aby ponownie dokona\u0107 zakup\u00f3w.   <\/p>\n\n<p>U\u017cywamy plik\u00f3w cookie, aby wszystko dzia\u0142a\u0142o sprawnie. Korzystaj\u0105c z jordhammock.com, zgadzasz si\u0119 na to (RODO i tak dalej). <\/p>\n\n<p>jordhammock.com jest obs\u0142ugiwany przez Momo Jord AB, \u00d6ver\u00e4lve 53, 827 93 Ljusdal, Szwecja. Org.no.  559157-8421. VAT# SE559157842101<\/p>\n","protected":false},"excerpt":{"rendered":"<p>Wysy\u0142ka, p\u0142atno\u015bci i prywatno\u015b\u0107 Lubimy prostot\u0119:Wierzymy, \u017ce szczero\u015b\u0107, komunikacja i wzajemny szacunek maj\u0105 ogromne znaczenie - a \u017cycie jest zbyt cenne, by by\u0142o nudne. \ud83d\ude42 Wysy\u0142amy do wszystkich kraj\u00f3w UE: Austria, Belgia, Bu\u0142garia, Chorwacja, Cypr, Czechy, Dania, Estonia, Finlandia, Francja, Niemcy, Grecja, W\u0119gry, Irlandia, W\u0142ochy, \u0141otwa, Litwa, Luksemburg, Malta, Holandia, Polska, Portugalia, Rumunia, S\u0142owacja, S\u0142owenia [&hellip;]<\/p>\n","protected":false},"author":1,"featured_media":0,"parent":0,"menu_order":0,"comment_status":"closed","ping_status":"closed","template":"","meta":{"_kad_blocks_custom_css":"","_kad_blocks_head_custom_js":"","_kad_blocks_body_custom_js":"","_kad_blocks_footer_custom_js":"","footnotes":""},"class_list":["post-1138","page","type-page","status-publish","hentry"],"yoast_head":"<!-- This site is optimized with the Yoast SEO plugin v27.4 - https:\/\/yoast.com\/product\/yoast-seo-wordpress\/ -->\n<title>Wysy\u0142ka, zwroty i polityka prywatno\u015bci - Jord Hammock \u2013 The nordic hammock for tall people<\/title>\n<meta name=\"robots\" content=\"index, follow, max-snippet:-1, max-image-preview:large, max-video-preview:-1\" \/>\n<link rel=\"canonical\" href=\"https:\/\/jordhammock.com\/pl\/wysylka-zwroty-i-polityka-prywatnosci\/\" \/>\n<meta property=\"og:locale\" content=\"pl_PL\" \/>\n<meta property=\"og:type\" content=\"article\" \/>\n<meta property=\"og:title\" content=\"Wysy\u0142ka, zwroty i polityka prywatno\u015bci - Jord Hammock \u2013 The nordic hammock for tall people\" \/>\n<meta property=\"og:description\" content=\"Wysy\u0142ka, p\u0142atno\u015bci i prywatno\u015b\u0107 Lubimy prostot\u0119:Wierzymy, \u017ce szczero\u015b\u0107, komunikacja i wzajemny szacunek maj\u0105 ogromne znaczenie - a \u017cycie jest zbyt cenne, by by\u0142o nudne. \ud83d\ude42 Wysy\u0142amy do wszystkich kraj\u00f3w UE: Austria, Belgia, Bu\u0142garia, Chorwacja, Cypr, Czechy, Dania, Estonia, Finlandia, Francja, Niemcy, Grecja, W\u0119gry, Irlandia, W\u0142ochy, \u0141otwa, Litwa, Luksemburg, Malta, Holandia, Polska, Portugalia, Rumunia, S\u0142owacja, S\u0142owenia [&hellip;]\" \/>\n<meta property=\"og:url\" content=\"https:\/\/jordhammock.com\/pl\/wysylka-zwroty-i-polityka-prywatnosci\/\" \/>\n<meta property=\"og:site_name\" content=\"Jord Hammock \u2013 The nordic hammock for tall people\" \/>\n<meta property=\"article:publisher\" content=\"https:\/\/www.facebook.com\/jordhammock\" \/>\n<meta property=\"article:modified_time\" content=\"2025-05-14T17:55:39+00:00\" \/>\n<meta property=\"og:image\" content=\"https:\/\/jordhammock.com\/wp-content\/uploads\/2025\/04\/underquilt-hammock-solned-2025_1440.jpg\" \/>\n<meta name=\"twitter:card\" content=\"summary_large_image\" \/>\n<meta name=\"twitter:label1\" content=\"Szacowany czas czytania\" \/>\n\t<meta name=\"twitter:data1\" content=\"4 minuta\" \/>\n<script type=\"application\/ld+json\" class=\"yoast-schema-graph\">{\"@context\":\"https:\\\/\\\/schema.org\",\"@graph\":[{\"@type\":\"WebPage\",\"@id\":\"https:\\\/\\\/jordhammock.com\\\/pl\\\/wysylka-zwroty-i-polityka-prywatnosci\\\/\",\"url\":\"https:\\\/\\\/jordhammock.com\\\/pl\\\/wysylka-zwroty-i-polityka-prywatnosci\\\/\",\"name\":\"Wysy\u0142ka, zwroty i polityka prywatno\u015bci - Jord Hammock \u2013 The nordic hammock for tall people\",\"isPartOf\":{\"@id\":\"https:\\\/\\\/jordhammock.com\\\/pl\\\/#website\"},\"datePublished\":\"2025-05-13T12:10:27+00:00\",\"dateModified\":\"2025-05-14T17:55:39+00:00\",\"breadcrumb\":{\"@id\":\"https:\\\/\\\/jordhammock.com\\\/pl\\\/wysylka-zwroty-i-polityka-prywatnosci\\\/#breadcrumb\"},\"inLanguage\":\"pl-PL\",\"potentialAction\":[{\"@type\":\"ReadAction\",\"target\":[\"https:\\\/\\\/jordhammock.com\\\/pl\\\/wysylka-zwroty-i-polityka-prywatnosci\\\/\"]}]},{\"@type\":\"BreadcrumbList\",\"@id\":\"https:\\\/\\\/jordhammock.com\\\/pl\\\/wysylka-zwroty-i-polityka-prywatnosci\\\/#breadcrumb\",\"itemListElement\":[{\"@type\":\"ListItem\",\"position\":1,\"name\":\"Home\",\"item\":\"https:\\\/\\\/jordhammock.com\\\/pl\\\/\"},{\"@type\":\"ListItem\",\"position\":2,\"name\":\"Wysy\u0142ka, zwroty i polityka prywatno\u015bci\"}]},{\"@type\":\"WebSite\",\"@id\":\"https:\\\/\\\/jordhammock.com\\\/pl\\\/#website\",\"url\":\"https:\\\/\\\/jordhammock.com\\\/pl\\\/\",\"name\":\"Jord Hammock \u2013 The nordic hammock for tall people\",\"description\":\"Nordic hammock gear\",\"publisher\":{\"@id\":\"https:\\\/\\\/jordhammock.com\\\/pl\\\/#organization\"},\"potentialAction\":[{\"@type\":\"SearchAction\",\"target\":{\"@type\":\"EntryPoint\",\"urlTemplate\":\"https:\\\/\\\/jordhammock.com\\\/pl\\\/?s={search_term_string}\"},\"query-input\":{\"@type\":\"PropertyValueSpecification\",\"valueRequired\":true,\"valueName\":\"search_term_string\"}}],\"inLanguage\":\"pl-PL\"},{\"@type\":\"Organization\",\"@id\":\"https:\\\/\\\/jordhammock.com\\\/pl\\\/#organization\",\"name\":\"Jord Hammock\",\"url\":\"https:\\\/\\\/jordhammock.com\\\/pl\\\/\",\"logo\":{\"@type\":\"ImageObject\",\"inLanguage\":\"pl-PL\",\"@id\":\"https:\\\/\\\/jordhammock.com\\\/pl\\\/#\\\/schema\\\/logo\\\/image\\\/\",\"url\":\"https:\\\/\\\/jordhammock.com\\\/wp-content\\\/uploads\\\/2025\\\/04\\\/cropped-jordlogo500.png\",\"contentUrl\":\"https:\\\/\\\/jordhammock.com\\\/wp-content\\\/uploads\\\/2025\\\/04\\\/cropped-jordlogo500.png\",\"width\":500,\"height\":300,\"caption\":\"Jord Hammock\"},\"image\":{\"@id\":\"https:\\\/\\\/jordhammock.com\\\/pl\\\/#\\\/schema\\\/logo\\\/image\\\/\"},\"sameAs\":[\"https:\\\/\\\/www.facebook.com\\\/jordhammock\",\"https:\\\/\\\/www.instagram.com\\\/jordhammock\\\/\"]}]}<\/script>\n<!-- \/ Yoast SEO plugin. -->","yoast_head_json":{"title":"Wysy\u0142ka, zwroty i polityka prywatno\u015bci - Jord Hammock \u2013 The nordic hammock for tall people","robots":{"index":"index","follow":"follow","max-snippet":"max-snippet:-1","max-image-preview":"max-image-preview:large","max-video-preview":"max-video-preview:-1"},"canonical":"https:\/\/jordhammock.com\/pl\/wysylka-zwroty-i-polityka-prywatnosci\/","og_locale":"pl_PL","og_type":"article","og_title":"Wysy\u0142ka, zwroty i polityka prywatno\u015bci - Jord Hammock \u2013 The nordic hammock for tall people","og_description":"Wysy\u0142ka, p\u0142atno\u015bci i prywatno\u015b\u0107 Lubimy prostot\u0119:Wierzymy, \u017ce szczero\u015b\u0107, komunikacja i wzajemny szacunek maj\u0105 ogromne znaczenie - a \u017cycie jest zbyt cenne, by by\u0142o nudne. \ud83d\ude42 Wysy\u0142amy do wszystkich kraj\u00f3w UE: Austria, Belgia, Bu\u0142garia, Chorwacja, Cypr, Czechy, Dania, Estonia, Finlandia, Francja, Niemcy, Grecja, W\u0119gry, Irlandia, W\u0142ochy, \u0141otwa, Litwa, Luksemburg, Malta, Holandia, Polska, Portugalia, Rumunia, S\u0142owacja, S\u0142owenia [&hellip;]","og_url":"https:\/\/jordhammock.com\/pl\/wysylka-zwroty-i-polityka-prywatnosci\/","og_site_name":"Jord Hammock \u2013 The nordic hammock for tall people","article_publisher":"https:\/\/www.facebook.com\/jordhammock","article_modified_time":"2025-05-14T17:55:39+00:00","og_image":[{"url":"https:\/\/jordhammock.com\/wp-content\/uploads\/2025\/04\/underquilt-hammock-solned-2025_1440.jpg","type":"","width":"","height":""}],"twitter_card":"summary_large_image","twitter_misc":{"Szacowany czas czytania":"4 minuta"},"schema":{"@context":"https:\/\/schema.org","@graph":[{"@type":"WebPage","@id":"https:\/\/jordhammock.com\/pl\/wysylka-zwroty-i-polityka-prywatnosci\/","url":"https:\/\/jordhammock.com\/pl\/wysylka-zwroty-i-polityka-prywatnosci\/","name":"Wysy\u0142ka, zwroty i polityka prywatno\u015bci - Jord Hammock \u2013 The nordic hammock for tall people","isPartOf":{"@id":"https:\/\/jordhammock.com\/pl\/#website"},"datePublished":"2025-05-13T12:10:27+00:00","dateModified":"2025-05-14T17:55:39+00:00","breadcrumb":{"@id":"https:\/\/jordhammock.com\/pl\/wysylka-zwroty-i-polityka-prywatnosci\/#breadcrumb"},"inLanguage":"pl-PL","potentialAction":[{"@type":"ReadAction","target":["https:\/\/jordhammock.com\/pl\/wysylka-zwroty-i-polityka-prywatnosci\/"]}]},{"@type":"BreadcrumbList","@id":"https:\/\/jordhammock.com\/pl\/wysylka-zwroty-i-polityka-prywatnosci\/#breadcrumb","itemListElement":[{"@type":"ListItem","position":1,"name":"Home","item":"https:\/\/jordhammock.com\/pl\/"},{"@type":"ListItem","position":2,"name":"Wysy\u0142ka, zwroty i polityka prywatno\u015bci"}]},{"@type":"WebSite","@id":"https:\/\/jordhammock.com\/pl\/#website","url":"https:\/\/jordhammock.com\/pl\/","name":"Jord Hammock \u2013 The nordic hammock for tall people","description":"Nordic hammock gear","publisher":{"@id":"https:\/\/jordhammock.com\/pl\/#organization"},"potentialAction":[{"@type":"SearchAction","target":{"@type":"EntryPoint","urlTemplate":"https:\/\/jordhammock.com\/pl\/?s={search_term_string}"},"query-input":{"@type":"PropertyValueSpecification","valueRequired":true,"valueName":"search_term_string"}}],"inLanguage":"pl-PL"},{"@type":"Organization","@id":"https:\/\/jordhammock.com\/pl\/#organization","name":"Jord Hammock","url":"https:\/\/jordhammock.com\/pl\/","logo":{"@type":"ImageObject","inLanguage":"pl-PL","@id":"https:\/\/jordhammock.com\/pl\/#\/schema\/logo\/image\/","url":"https:\/\/jordhammock.com\/wp-content\/uploads\/2025\/04\/cropped-jordlogo500.png","contentUrl":"https:\/\/jordhammock.com\/wp-content\/uploads\/2025\/04\/cropped-jordlogo500.png","width":500,"height":300,"caption":"Jord Hammock"},"image":{"@id":"https:\/\/jordhammock.com\/pl\/#\/schema\/logo\/image\/"},"sameAs":["https:\/\/www.facebook.com\/jordhammock","https:\/\/www.instagram.com\/jordhammock\/"]}]}},"taxonomy_info":[],"featured_image_src_large":false,"author_info":{"display_name":"leon","author_link":"https:\/\/jordhammock.com\/pl\/author\/leon\/"},"comment_info":0,"_links":{"self":[{"href":"https:\/\/jordhammock.com\/pl\/wp-json\/wp\/v2\/pages\/1138","targetHints":{"allow":["GET"]}}],"collection":[{"href":"https:\/\/jordhammock.com\/pl\/wp-json\/wp\/v2\/pages"}],"about":[{"href":"https:\/\/jordhammock.com\/pl\/wp-json\/wp\/v2\/types\/page"}],"author":[{"embeddable":true,"href":"https:\/\/jordhammock.com\/pl\/wp-json\/wp\/v2\/users\/1"}],"replies":[{"embeddable":true,"href":"https:\/\/jordhammock.com\/pl\/wp-json\/wp\/v2\/comments?post=1138"}],"version-history":[{"count":1,"href":"https:\/\/jordhammock.com\/pl\/wp-json\/wp\/v2\/pages\/1138\/revisions"}],"predecessor-version":[{"id":1139,"href":"https:\/\/jordhammock.com\/pl\/wp-json\/wp\/v2\/pages\/1138\/revisions\/1139"}],"wp:attachment":[{"href":"https:\/\/jordhammock.com\/pl\/wp-json\/wp\/v2\/media?parent=1138"}],"curies":[{"name":"wp","href":"https:\/\/api.w.org\/{rel}","templated":true}]}}