{"id":1408,"date":"2025-04-18T07:16:00","date_gmt":"2025-04-18T07:16:00","guid":{"rendered":"https:\/\/jordhammock.com\/underdyne\/"},"modified":"2025-12-22T18:03:39","modified_gmt":"2025-12-22T18:03:39","slug":"underdyne","status":"publish","type":"product","link":"https:\/\/jordhammock.com\/no\/shop\/underdyne\/","title":{"rendered":"Jord underdyne"},"content":{"rendered":"\n<h3 class=\"wp-block-heading\">Underquilt gj\u00f8r hammocking magisk<\/h3>\n\n<div class=\"wp-block-group has-global-padding is-layout-constrained wp-block-group-is-layout-constrained\">\n<p>An underquilt isn\u2019t just a hammock accessory\u2014it\u2019s what makes hammocking warm, cozy, and truly magical. The <strong>Jord Underquilt<\/strong> is one of the best and most affordable underquilts available. Long enough for the tallest adventurers, wide enough for most hammocks, fluffy enough to block out the cold, and light enough to always bring along. Ditch your sleeping pad\u2014this is the only underquilt you&#8217;ll ever need.<\/p>\n\n\n\n<p>Se for deg: Du svever i din hengematte, omgitt av skogens hvisker og stjerner over deg\u2014og det er ikke et snev av kulde som siver inn nedenfra. Denne underquilten er din usynlige omfavnelse, som omslutter deg i varme slik at du kan nyte hvert \u00f8yeblikk av ro og skj\u00f8nnhet. Naturligvis passer den perfekt sammen med <a href=\"https:\/\/jordhammock.com\/hammock\/\" data-type=\"product\" data-id=\"265371\">Jord Hammock<\/a>\u2014oppsettet ditt for mange minneverdige skogskvelder.<\/p>\n\n\n\n<p>I\u2019ve designed three models for every type of adventure. All with the same clever construction, same premium quality, and the same fluffy <strong>850FP Responsible Down Standard (RDS) certified down<\/strong>\u2014ethical, incredibly warm, and high performing. What varies is the amount of down\u2014and the level of warmth it gives you.<\/p>\n\n\n\n<figure class=\"wp-block-image size-large\"><img loading=\"lazy\" decoding=\"async\" width=\"1280\" height=\"853\" src=\"https:\/\/jordhammock.com\/wp-content\/uploads\/2025\/04\/underquilt-hammock-solned-2025_1440-1280x853.jpg\" alt=\"\" class=\"wp-image-297\" srcset=\"https:\/\/jordhammock.com\/wp-content\/uploads\/2025\/04\/underquilt-hammock-solned-2025_1440-1280x853.jpg 1280w, https:\/\/jordhammock.com\/wp-content\/uploads\/2025\/04\/underquilt-hammock-solned-2025_1440-800x533.jpg 800w, https:\/\/jordhammock.com\/wp-content\/uploads\/2025\/04\/underquilt-hammock-solned-2025_1440-768x512.jpg 768w, https:\/\/jordhammock.com\/wp-content\/uploads\/2025\/04\/underquilt-hammock-solned-2025_1440-990x660.jpg 990w, https:\/\/jordhammock.com\/wp-content\/uploads\/2025\/04\/underquilt-hammock-solned-2025_1440-441x294.jpg 441w, https:\/\/jordhammock.com\/wp-content\/uploads\/2025\/04\/underquilt-hammock-solned-2025_1440.jpg 1440w\" sizes=\"auto, (max-width: 1280px) 100vw, 1280px\" \/><\/figure>\n\n\n\n<h3 class=\"wp-block-heading\">Tre modeller for din frihet<\/h3>\n\n\n\n<ul class=\"wp-block-list\">\n<li><strong>Featherlight 300g \u2013 Ultralight underquilt for summer use:<\/strong><br\/>Lett som en fj\u00e6r, liten som en hemmelighet. Ideell for varme netter n\u00e5r du vil bevege deg fritt og pakke lett. Veier under 600 g med en minimal pakkest\u00f8rrelse, er det perfekt for sommereventyr. <em>For de som prioriterer vekt\u2014hvis du har en tendens til \u00e5 fryse, velg en varmere modell.<\/em><\/li>\n\n\n\n<li><strong>Forest Peace 500g \u2013 Beste valg fra v\u00e5r til h\u00f8st:<\/strong><br\/>Din p\u00e5litelige f\u00f8lgesvenn fra tidlig v\u00e5r til sen h\u00f8st. Med 500 g dun og totalvekt p\u00e5 omtrent 800 g, er dette allrounderen. P\u00e5litelig varme, h\u00e5ndterbar vekt\u2014uansett om du er i fjellene, ved kysten, eller i skogen. <em>Hvis du er usikker, velg denne.<\/em><\/li>\n\n\n\n<li><strong>Winter Rest 800g \u2013 For winter adventures or extra warmth:<\/strong><br\/>If you feel the cold, this is your quilt. With 800 g of down, it&#8217;s likely one of the most luxurious underquilts in the world. For winter hammocking and total comfort under a starry sky. <em>I haven\u2019t found another underquilt with this much loft\u2014it\u2019s in a league of its own.<\/em><\/li>\n<\/ul>\n\n\n\n<figure class=\"wp-block-image size-large is-resized\"><img loading=\"lazy\" decoding=\"async\" width=\"1280\" height=\"853\" src=\"https:\/\/jordhammock.com\/wp-content\/uploads\/2025\/03\/underquilt-detalj_1440-1280x853.jpg\" alt=\"\" class=\"wp-image-165\" style=\"aspect-ratio:1;width:900px;height:auto\" srcset=\"https:\/\/jordhammock.com\/wp-content\/uploads\/2025\/03\/underquilt-detalj_1440-1280x853.jpg 1280w, https:\/\/jordhammock.com\/wp-content\/uploads\/2025\/03\/underquilt-detalj_1440-800x533.jpg 800w, https:\/\/jordhammock.com\/wp-content\/uploads\/2025\/03\/underquilt-detalj_1440-768x512.jpg 768w, https:\/\/jordhammock.com\/wp-content\/uploads\/2025\/03\/underquilt-detalj_1440-990x660.jpg 990w, https:\/\/jordhammock.com\/wp-content\/uploads\/2025\/03\/underquilt-detalj_1440-441x294.jpg 441w, https:\/\/jordhammock.com\/wp-content\/uploads\/2025\/03\/underquilt-detalj_1440.jpg 1440w\" sizes=\"auto, (max-width: 1280px) 100vw, 1280px\" \/><\/figure>\n\n\n\n<h3 class=\"wp-block-heading\">Designet for Jord Hammock\u2014Elsker Alle Hengek\u00f8yer<\/h3>\n\n\n\n<p>Jeg designet disse underquiltsene for \u00e5 passe perfekt sammen med <strong><a href=\"https:\/\/jordhammock.com\/hammock\/\" data-type=\"product\" data-id=\"265371\">Jord Hammock<\/a><\/strong>, men de fungerer med de fleste hengek\u00f8yer: Dutchware Chameleon, Hennessy Hammock, DD Hammocks og andre modeller med samlet ende. Laget av <strong>10d ripstop nylon<\/strong> og m\u00e5ler <strong>208 x 142 cm<\/strong>, er de lettvektige, slitesterke og romslige\u2014ogs\u00e5 for lange ben.<\/p>\n\n\n\n<h3 class=\"wp-block-heading\">Enkelt oppheng<\/h3>\n\n\n\n<p>Ingen floker, ingen bryderi. <strong>Elastiske snorer<\/strong> og medf\u00f8lgende karabiner gj\u00f8r oppsettet enkelt. Ekstra l\u00f8kker sikrer dynen, og <strong>snorer<\/strong> former den perfekt til kroppen. Slik gj\u00f8r du det f\u00f8rste gang:<\/p>\n\n\n\n<ul class=\"wp-block-list\">\n<li>Stram de indre elastiske snorene for \u00e5 lage en tett kokon<\/li>\n\n\n\n<li>Samle de fire elastiske snorene p\u00e5 hver ende og fest en karabiner (en lengde p\u00e5 50\u201360 cm er ideell\u2014du kan trimme den n\u00e5r passformen er riktig)<\/li>\n\n\n\n<li>Heng det under hengek\u00f8ya di, juster spenningen om n\u00f8dvendig, og slapp av.<\/li>\n\n\n\n<li><strong>TIP:<\/strong> Bruk de fire sm\u00e5 metallkrokene (inkludert) for \u00e5 stabilisere ytterligere. Fest 5 cm lange elastiske snorer eller l\u00f8kker til krokene, bind dem til hengek\u00f8yen, og fest quilten. Jeg liker to p\u00e5 hver side som vinkler litt utover\u2014finn det som fungerer for deg<\/li>\n<\/ul>\n\n\n\n<figure class=\"wp-block-image size-full is-style-default\"><img loading=\"lazy\" decoding=\"async\" width=\"1280\" height=\"960\" src=\"https:\/\/jordhammock.com\/wp-content\/uploads\/2025\/04\/uq-krokar.jpg\" alt=\"\" class=\"wp-image-364\" style=\"aspect-ratio:1\" srcset=\"https:\/\/jordhammock.com\/wp-content\/uploads\/2025\/04\/uq-krokar.jpg 1280w, https:\/\/jordhammock.com\/wp-content\/uploads\/2025\/04\/uq-krokar-800x600.jpg 800w, https:\/\/jordhammock.com\/wp-content\/uploads\/2025\/04\/uq-krokar-768x576.jpg 768w, https:\/\/jordhammock.com\/wp-content\/uploads\/2025\/04\/uq-krokar-990x743.jpg 990w, https:\/\/jordhammock.com\/wp-content\/uploads\/2025\/04\/uq-krokar-441x331.jpg 441w\" sizes=\"auto, (max-width: 1280px) 100vw, 1280px\" \/><\/figure>\n\n\n\n<p>N\u00e5r den er justert, kan du la den v\u00e6re p\u00e5 og pakke den ned i <a href=\"https:\/\/jordhammock.com\/no\/bishop-bag\/\" data-type=\"product\" data-id=\"292075\">Bishop Bag<\/a>. Oppbevar den ved \u00e5 henge den eller i den inkluderte store oppbevaringssekken for \u00e5 holde dunet luftig.<\/p>\n\n\n\n<h3 class=\"wp-block-heading\">Hvorfor velge Jord Underquilt?<\/h3>\n\n\n\n<ul class=\"wp-block-list\">\n<li><strong>Tilpasset varme:<\/strong> Fra Featherlight\u2019s luftige sommerf\u00f8lelse til Winter Rest\u2019s dyp vinterkomfort<\/li>\n\n\n\n<li><strong>S\u00f8ml\u00f8s passform med Jord Hammock:<\/strong> Designet for \u00e5 matche, kompatibel med alle store merker<\/li>\n\n\n\n<li><strong>Skogvennlig farge:<\/strong> Olive Night \u2013 m\u00f8rkegr\u00f8nn som passer fint inn i nordiske landskap<\/li>\n<\/ul>\n\n\n\n<h3 class=\"wp-block-heading\">Spesifikasjoner<\/h3>\n\n\n\n<ul class=\"wp-block-list\">\n<li><strong>Dimensjoner:<\/strong> 208 x 142 cm \u2013 en av de mest gener\u00f8se underquiltsene p\u00e5 markedet<\/li>\n\n\n\n<li><strong>Materiale:<\/strong> 10d ripstop nylon (Olive Night), 850FP RDS-sertifisert dun<\/li>\n\n\n\n<li><strong>Vekt:<\/strong>\n<ul class=\"wp-block-list\">\n<li>Fj\u00e6rlett 300: 600 g<\/li>\n\n\n\n<li>Skogsfred 500: 800 g<\/li>\n\n\n\n<li>Vinterhvile 800: 1100 g<\/li>\n<\/ul>\n<\/li>\n\n\n\n<li><strong>Pakkest\u00f8rrelse (lengde x diameter):<\/strong>\n<ul class=\"wp-block-list\">\n<li>Featherlight UQ300: 30 cm x 12 cm<\/li>\n\n\n\n<li>Forest Peace UQ500: 33 cm x 18 cm<\/li>\n\n\n\n<li>Winter Rest UQ800: 33 cm x 20 cm<\/li>\n<\/ul>\n<\/li>\n\n\n\n<li><strong>Inkludert:<\/strong> Underquilt med elastiske snorer, 2 karabiner, pakkepose, stor oppbevaringspose<\/li>\n<\/ul>\n\n\n\n<figure class=\"wp-block-image size-large\"><img loading=\"lazy\" decoding=\"async\" width=\"1280\" height=\"853\" src=\"https:\/\/jordhammock.com\/wp-content\/uploads\/2025\/04\/hammock-hanna-solned_1440-1280x853.jpg\" alt=\"\" class=\"wp-image-317\" srcset=\"https:\/\/jordhammock.com\/wp-content\/uploads\/2025\/04\/hammock-hanna-solned_1440-1280x853.jpg 1280w, https:\/\/jordhammock.com\/wp-content\/uploads\/2025\/04\/hammock-hanna-solned_1440-800x533.jpg 800w, https:\/\/jordhammock.com\/wp-content\/uploads\/2025\/04\/hammock-hanna-solned_1440-768x512.jpg 768w, https:\/\/jordhammock.com\/wp-content\/uploads\/2025\/04\/hammock-hanna-solned_1440-990x660.jpg 990w, https:\/\/jordhammock.com\/wp-content\/uploads\/2025\/04\/hammock-hanna-solned_1440-441x294.jpg 441w, https:\/\/jordhammock.com\/wp-content\/uploads\/2025\/04\/hammock-hanna-solned_1440.jpg 1440w\" sizes=\"auto, (max-width: 1280px) 100vw, 1280px\" \/><\/figure>\n\n\n\n<h3 class=\"wp-block-heading\">Underquilt: Det siste stykket i hengek\u00f8yekomforten<\/h3>\n\n\n\n<p>Velg din Jord Underquilt\u2014<strong>Featherlight<\/strong>, <strong>Forest Peace<\/strong>, eller <strong>Winter Rest<\/strong>\u2014og pare den med din <strong><a href=\"https:\/\/jordhammock.com\/hammock\/\" data-type=\"product\" data-id=\"265371\">Jord Hammock<\/a><\/strong>. Legg til en <a href=\"https:\/\/jordhammock.com\/no\/asym-tarp\/\" data-type=\"product\" data-id=\"312\">presenning<\/a> for beskyttelse i all slags v\u00e6r. Eller g\u00e5 all in med den komplette <a href=\"https:\/\/jordhammock.com\/no\/hengekoye-sett\/\" data-type=\"product\" data-id=\"316\">Jord Hammock Kit<\/a>. Dette er ikke bare isolasjon\u2014det er frihet, komfort og skogens netter du vil huske for alltid. <strong>Bestill underquilten din n\u00e5<\/strong> og tr\u00e5 inn i naturens ro.<\/p>\n<\/div>\n\n<p><\/p>\n","protected":false},"excerpt":{"rendered":"<p class=\"p1\"><b>Jord Underquilt \u2013 Den beste Underquilt du kan f\u00e5.<\/b><\/p>\n<p class=\"p2\">Tilgjengelig i tre isolasjonsniv\u00e5er (tallet indikerer dunfyllvekten):<\/p>\n<p class=\"p1\"><b>Featherlight 300g \u2013 Ultralett underquilt for sommer<\/b><b><\/b><\/p>\n<p class=\"p2\">Lett som luft, perfekt for varme netter og lite utstyr i sekken.<\/p>\n<p class=\"p1\"><b>Forest Peace 500g \u2013 Den ideelle underquilt fra v\u00e5r til h\u00f8st<\/b><b><\/b><\/p>\n<p class=\"p2\">Et p\u00e5litelig allrounder med den perfekte balansen mellom varme og vekt.<\/p>\n<p class=\"p1\"><b>Winter Rest 800g \u2013 For vintereventyr eller alle som hater \u00e5 fryse<\/b><b><\/b><\/p>\n<p class=\"p2\">Maksimal dunfyll, maksimal komfort \u2013 hold deg varm selv n\u00e5r frosten biter.<\/p>\n","protected":false},"featured_media":1409,"comment_status":"open","ping_status":"closed","template":"","meta":{"_kad_blocks_custom_css":"","_kad_blocks_head_custom_js":"","_kad_blocks_body_custom_js":"","_kad_blocks_footer_custom_js":""},"product_brand":[18],"product_cat":[70],"product_tag":[],"class_list":{"0":"post-1408","1":"product","2":"type-product","3":"status-publish","4":"has-post-thumbnail","6":"product_brand-jord","7":"product_cat-hengekoyeutstyr","9":"first","10":"instock","11":"featured","12":"taxable","13":"shipping-taxable","14":"purchasable","15":"product-type-variable"},"yoast_head":"<!-- This site is optimized with the Yoast SEO plugin v27.4 - https:\/\/yoast.com\/product\/yoast-seo-wordpress\/ -->\n<title>Jord underdyne - Jord Hammock \u2013 The nordic hammock for tall people<\/title>\n<meta name=\"robots\" content=\"index, follow, max-snippet:-1, max-image-preview:large, max-video-preview:-1\" \/>\n<link rel=\"canonical\" href=\"https:\/\/jordhammock.com\/no\/shop\/underdyne\/\" \/>\n<meta property=\"og:locale\" content=\"nb_NO\" \/>\n<meta property=\"og:type\" content=\"article\" \/>\n<meta property=\"og:title\" content=\"Jord underdyne - Jord Hammock \u2013 The nordic hammock for tall people\" \/>\n<meta property=\"og:description\" content=\"Jord Underquilt \u2013 Den beste Underquilt du kan f\u00e5. Tilgjengelig i tre isolasjonsniv\u00e5er (tallet indikerer dunfyllvekten): Featherlight 300g \u2013 Ultralett underquilt for sommer Lett som luft, perfekt for varme netter og lite utstyr i sekken. Forest Peace 500g \u2013 Den ideelle underquilt fra v\u00e5r til h\u00f8st Et p\u00e5litelig allrounder med den perfekte balansen mellom varme og vekt. Winter Rest 800g \u2013 For vintereventyr eller alle som hater \u00e5 fryse Maksimal dunfyll, maksimal komfort \u2013 hold deg varm selv n\u00e5r frosten biter.\" \/>\n<meta property=\"og:url\" content=\"https:\/\/jordhammock.com\/no\/shop\/underdyne\/\" \/>\n<meta property=\"og:site_name\" content=\"Jord Hammock \u2013 The nordic hammock for tall people\" \/>\n<meta property=\"article:publisher\" content=\"https:\/\/www.facebook.com\/jordhammock\" \/>\n<meta property=\"article:modified_time\" content=\"2025-12-22T18:03:39+00:00\" \/>\n<meta property=\"og:image\" content=\"https:\/\/jordhammock.com\/wp-content\/uploads\/2025\/04\/underquilt-hammock-solned-2025_1440.jpg\" \/>\n\t<meta property=\"og:image:width\" content=\"1440\" \/>\n\t<meta property=\"og:image:height\" content=\"960\" \/>\n\t<meta property=\"og:image:type\" content=\"image\/jpeg\" \/>\n<meta name=\"twitter:card\" content=\"summary_large_image\" \/>\n<meta name=\"twitter:label1\" content=\"Tilgjengelighet\" \/>\n\t<meta name=\"twitter:data1\" content=\"P\u00e5 lager\" \/>\n<script type=\"application\/ld+json\" class=\"yoast-schema-graph\">{\"@context\":\"https:\\\/\\\/schema.org\",\"@graph\":[{\"@type\":\"WebPage\",\"@id\":\"https:\\\/\\\/jordhammock.com\\\/no\\\/shop\\\/underdyne\\\/\",\"url\":\"https:\\\/\\\/jordhammock.com\\\/no\\\/shop\\\/underdyne\\\/\",\"name\":\"Jord underdyne - Jord Hammock \u2013 The nordic hammock for tall people\",\"isPartOf\":{\"@id\":\"https:\\\/\\\/jordhammock.com\\\/no\\\/#website\"},\"primaryImageOfPage\":{\"@id\":\"https:\\\/\\\/jordhammock.com\\\/no\\\/shop\\\/underdyne\\\/#primaryimage\"},\"image\":{\"@id\":\"https:\\\/\\\/jordhammock.com\\\/no\\\/shop\\\/underdyne\\\/#primaryimage\"},\"thumbnailUrl\":\"https:\\\/\\\/jordhammock.com\\\/wp-content\\\/uploads\\\/2025\\\/04\\\/underquilt-hammock-solned-2025_1440.jpg\",\"datePublished\":\"2025-04-18T07:16:00+00:00\",\"dateModified\":\"2025-12-22T18:03:39+00:00\",\"breadcrumb\":{\"@id\":\"https:\\\/\\\/jordhammock.com\\\/no\\\/shop\\\/underdyne\\\/#breadcrumb\"},\"inLanguage\":\"nb-NO\",\"potentialAction\":[{\"@type\":\"ReadAction\",\"target\":[\"https:\\\/\\\/jordhammock.com\\\/no\\\/shop\\\/underdyne\\\/\"]}]},{\"@type\":\"ImageObject\",\"inLanguage\":\"nb-NO\",\"@id\":\"https:\\\/\\\/jordhammock.com\\\/no\\\/shop\\\/underdyne\\\/#primaryimage\",\"url\":\"https:\\\/\\\/jordhammock.com\\\/wp-content\\\/uploads\\\/2025\\\/04\\\/underquilt-hammock-solned-2025_1440.jpg\",\"contentUrl\":\"https:\\\/\\\/jordhammock.com\\\/wp-content\\\/uploads\\\/2025\\\/04\\\/underquilt-hammock-solned-2025_1440.jpg\",\"width\":1440,\"height\":960},{\"@type\":\"BreadcrumbList\",\"@id\":\"https:\\\/\\\/jordhammock.com\\\/no\\\/shop\\\/underdyne\\\/#breadcrumb\",\"itemListElement\":[{\"@type\":\"ListItem\",\"position\":1,\"name\":\"Home\",\"item\":\"https:\\\/\\\/jordhammock.com\\\/no\\\/\"},{\"@type\":\"ListItem\",\"position\":2,\"name\":\"Butikk\",\"item\":\"https:\\\/\\\/jordhammock.com\\\/no\\\/butikk\\\/\"},{\"@type\":\"ListItem\",\"position\":3,\"name\":\"Jord underdyne\"}]},{\"@type\":\"WebSite\",\"@id\":\"https:\\\/\\\/jordhammock.com\\\/no\\\/#website\",\"url\":\"https:\\\/\\\/jordhammock.com\\\/no\\\/\",\"name\":\"Jord Hammock \u2013 The nordic hammock for tall people\",\"description\":\"Nordic hammock gear\",\"publisher\":{\"@id\":\"https:\\\/\\\/jordhammock.com\\\/no\\\/#organization\"},\"potentialAction\":[{\"@type\":\"SearchAction\",\"target\":{\"@type\":\"EntryPoint\",\"urlTemplate\":\"https:\\\/\\\/jordhammock.com\\\/no\\\/?s={search_term_string}\"},\"query-input\":{\"@type\":\"PropertyValueSpecification\",\"valueRequired\":true,\"valueName\":\"search_term_string\"}}],\"inLanguage\":\"nb-NO\"},{\"@type\":\"Organization\",\"@id\":\"https:\\\/\\\/jordhammock.com\\\/no\\\/#organization\",\"name\":\"Jord Hammock\",\"url\":\"https:\\\/\\\/jordhammock.com\\\/no\\\/\",\"logo\":{\"@type\":\"ImageObject\",\"inLanguage\":\"nb-NO\",\"@id\":\"https:\\\/\\\/jordhammock.com\\\/no\\\/#\\\/schema\\\/logo\\\/image\\\/\",\"url\":\"https:\\\/\\\/jordhammock.com\\\/wp-content\\\/uploads\\\/2025\\\/04\\\/cropped-jordlogo500.png\",\"contentUrl\":\"https:\\\/\\\/jordhammock.com\\\/wp-content\\\/uploads\\\/2025\\\/04\\\/cropped-jordlogo500.png\",\"width\":500,\"height\":300,\"caption\":\"Jord Hammock\"},\"image\":{\"@id\":\"https:\\\/\\\/jordhammock.com\\\/no\\\/#\\\/schema\\\/logo\\\/image\\\/\"},\"sameAs\":[\"https:\\\/\\\/www.facebook.com\\\/jordhammock\",\"https:\\\/\\\/www.instagram.com\\\/jordhammock\\\/\"]}]}<\/script>\n<meta property=\"og:availability\" content=\"instock\" \/>\n<meta property=\"product:availability\" content=\"instock\" \/>\n<meta property=\"product:retailer_item_id\" content=\"UQ\" \/>\n<meta property=\"product:condition\" content=\"new\" \/>\n<!-- \/ Yoast SEO plugin. -->","yoast_head_json":{"title":"Jord underdyne - Jord Hammock \u2013 The nordic hammock for tall people","robots":{"index":"index","follow":"follow","max-snippet":"max-snippet:-1","max-image-preview":"max-image-preview:large","max-video-preview":"max-video-preview:-1"},"canonical":"https:\/\/jordhammock.com\/no\/shop\/underdyne\/","og_locale":"nb_NO","og_type":"article","og_title":"Jord underdyne - Jord Hammock \u2013 The nordic hammock for tall people","og_description":"Jord Underquilt \u2013 Den beste Underquilt du kan f\u00e5. Tilgjengelig i tre isolasjonsniv\u00e5er (tallet indikerer dunfyllvekten): Featherlight 300g \u2013 Ultralett underquilt for sommer Lett som luft, perfekt for varme netter og lite utstyr i sekken. Forest Peace 500g \u2013 Den ideelle underquilt fra v\u00e5r til h\u00f8st Et p\u00e5litelig allrounder med den perfekte balansen mellom varme og vekt. Winter Rest 800g \u2013 For vintereventyr eller alle som hater \u00e5 fryse Maksimal dunfyll, maksimal komfort \u2013 hold deg varm selv n\u00e5r frosten biter.","og_url":"https:\/\/jordhammock.com\/no\/shop\/underdyne\/","og_site_name":"Jord Hammock \u2013 The nordic hammock for tall people","article_publisher":"https:\/\/www.facebook.com\/jordhammock","article_modified_time":"2025-12-22T18:03:39+00:00","og_image":[{"width":1440,"height":960,"url":"https:\/\/jordhammock.com\/wp-content\/uploads\/2025\/04\/underquilt-hammock-solned-2025_1440.jpg","type":"image\/jpeg"}],"twitter_card":"summary_large_image","twitter_misc":{"Tilgjengelighet":"P\u00e5 lager"},"schema":{"@context":"https:\/\/schema.org","@graph":[{"@type":"WebPage","@id":"https:\/\/jordhammock.com\/no\/shop\/underdyne\/","url":"https:\/\/jordhammock.com\/no\/shop\/underdyne\/","name":"Jord underdyne - Jord Hammock \u2013 The nordic hammock for tall people","isPartOf":{"@id":"https:\/\/jordhammock.com\/no\/#website"},"primaryImageOfPage":{"@id":"https:\/\/jordhammock.com\/no\/shop\/underdyne\/#primaryimage"},"image":{"@id":"https:\/\/jordhammock.com\/no\/shop\/underdyne\/#primaryimage"},"thumbnailUrl":"https:\/\/jordhammock.com\/wp-content\/uploads\/2025\/04\/underquilt-hammock-solned-2025_1440.jpg","datePublished":"2025-04-18T07:16:00+00:00","dateModified":"2025-12-22T18:03:39+00:00","breadcrumb":{"@id":"https:\/\/jordhammock.com\/no\/shop\/underdyne\/#breadcrumb"},"inLanguage":"nb-NO","potentialAction":[{"@type":"ReadAction","target":["https:\/\/jordhammock.com\/no\/shop\/underdyne\/"]}]},{"@type":"ImageObject","inLanguage":"nb-NO","@id":"https:\/\/jordhammock.com\/no\/shop\/underdyne\/#primaryimage","url":"https:\/\/jordhammock.com\/wp-content\/uploads\/2025\/04\/underquilt-hammock-solned-2025_1440.jpg","contentUrl":"https:\/\/jordhammock.com\/wp-content\/uploads\/2025\/04\/underquilt-hammock-solned-2025_1440.jpg","width":1440,"height":960},{"@type":"BreadcrumbList","@id":"https:\/\/jordhammock.com\/no\/shop\/underdyne\/#breadcrumb","itemListElement":[{"@type":"ListItem","position":1,"name":"Home","item":"https:\/\/jordhammock.com\/no\/"},{"@type":"ListItem","position":2,"name":"Butikk","item":"https:\/\/jordhammock.com\/no\/butikk\/"},{"@type":"ListItem","position":3,"name":"Jord underdyne"}]},{"@type":"WebSite","@id":"https:\/\/jordhammock.com\/no\/#website","url":"https:\/\/jordhammock.com\/no\/","name":"Jord Hammock \u2013 The nordic hammock for tall people","description":"Nordic hammock gear","publisher":{"@id":"https:\/\/jordhammock.com\/no\/#organization"},"potentialAction":[{"@type":"SearchAction","target":{"@type":"EntryPoint","urlTemplate":"https:\/\/jordhammock.com\/no\/?s={search_term_string}"},"query-input":{"@type":"PropertyValueSpecification","valueRequired":true,"valueName":"search_term_string"}}],"inLanguage":"nb-NO"},{"@type":"Organization","@id":"https:\/\/jordhammock.com\/no\/#organization","name":"Jord Hammock","url":"https:\/\/jordhammock.com\/no\/","logo":{"@type":"ImageObject","inLanguage":"nb-NO","@id":"https:\/\/jordhammock.com\/no\/#\/schema\/logo\/image\/","url":"https:\/\/jordhammock.com\/wp-content\/uploads\/2025\/04\/cropped-jordlogo500.png","contentUrl":"https:\/\/jordhammock.com\/wp-content\/uploads\/2025\/04\/cropped-jordlogo500.png","width":500,"height":300,"caption":"Jord Hammock"},"image":{"@id":"https:\/\/jordhammock.com\/no\/#\/schema\/logo\/image\/"},"sameAs":["https:\/\/www.facebook.com\/jordhammock","https:\/\/www.instagram.com\/jordhammock\/"]}]},"og_availability":"instock","product_availability":"instock","product_retailer_item_id":"UQ","product_condition":"new"},"taxonomy_info":{"product_brand":[{"value":18,"label":"Jord"}],"product_cat":[{"value":70,"label":"Hengek\u00f8yeutstyr"}]},"featured_image_src_large":["https:\/\/jordhammock.com\/wp-content\/uploads\/2025\/04\/underquilt-hammock-solned-2025_1440-1280x853.jpg",1170,780,true],"author_info":[],"comment_info":9,"_links":{"self":[{"href":"https:\/\/jordhammock.com\/no\/wp-json\/wp\/v2\/product\/1408","targetHints":{"allow":["GET"]}}],"collection":[{"href":"https:\/\/jordhammock.com\/no\/wp-json\/wp\/v2\/product"}],"about":[{"href":"https:\/\/jordhammock.com\/no\/wp-json\/wp\/v2\/types\/product"}],"replies":[{"embeddable":true,"href":"https:\/\/jordhammock.com\/no\/wp-json\/wp\/v2\/comments?post=1408"}],"wp:featuredmedia":[{"embeddable":true,"href":"https:\/\/jordhammock.com\/no\/wp-json\/wp\/v2\/media\/1409"}],"wp:attachment":[{"href":"https:\/\/jordhammock.com\/no\/wp-json\/wp\/v2\/media?parent=1408"}],"wp:term":[{"taxonomy":"product_brand","embeddable":true,"href":"https:\/\/jordhammock.com\/no\/wp-json\/wp\/v2\/product_brand?post=1408"},{"taxonomy":"product_cat","embeddable":true,"href":"https:\/\/jordhammock.com\/no\/wp-json\/wp\/v2\/product_cat?post=1408"},{"taxonomy":"product_tag","embeddable":true,"href":"https:\/\/jordhammock.com\/no\/wp-json\/wp\/v2\/product_tag?post=1408"}],"curies":[{"name":"wp","href":"https:\/\/api.w.org\/{rel}","templated":true}]}}