{"id":1359,"date":"2025-05-13T12:10:27","date_gmt":"2025-05-13T12:10:27","guid":{"rendered":"https:\/\/jordhammock.com\/refusjon_returer\/"},"modified":"2025-10-29T11:47:38","modified_gmt":"2025-10-29T11:47:38","slug":"refusjon_returer","status":"publish","type":"page","link":"https:\/\/jordhammock.com\/no\/refusjon_returer\/","title":{"rendered":"Frakt, Retur &amp; Personvernerkl\u00e6ring"},"content":{"rendered":"\n<p><strong>Frakt, Betaling &amp; Personvern<\/strong><\/p>\n\n<p>Vi liker \u00e5 holde tingene enkle:<br\/>Vi tror at \u00e6rlighet, kommunikasjon og gjensidig respekt g\u00e5r en lang vei \u2013 og at livet er altfor verdifullt til \u00e5 v\u00e6re kjedelig. \ud83d\ude42<\/p>\n\n<p>\u2713 Vi sender til alle EU-land: \u00d8sterrike, Belgia, Bulgaria, Kroatia, Kypros, Tsjekkia, Danmark, Estland, Finland, Frankrike, Tyskland, Hellas, Ungarn, Irland, Italia, Latvia, Litauen, Luxembourg, Malta, Nederland, Polen, Portugal, Romania, Slovakia, Slovenia og Spania. (Svensker \u2013 g\u00e5 til <a href=\"https:\/\/www.momojord.se\">momojord.se<\/a>)<\/p>\n\n<p>\u2713 Gratis frakt fra \u20ac250.<\/p>\n\n<p>\u2713 Bestillinger blir pakket og sendt 2\u20133 ganger per uke, vanligvis p\u00e5 mandager, onsdager og fredager. Vi sender med Schenker. Leveringstiden er vanligvis omtrent 1 uke fra avsendelse (avhengig av landet ditt).<\/p>\n\n<p>\u2713 Noen ganger er vi ute p\u00e5 eventyr. Eller bare slapper av ved en av innsj\u00f8ene i skogen i n\u00e6rheten av hjemmet v\u00e5rt. Det betyr at vi kanskje ikke pakker ordrene hver eneste dag. S\u00e5 selv om ting vanligvis g\u00e5r raskt, kan det av og til ta litt lenger tid. Vi tror ogs\u00e5 p\u00e5 \u00e5 leve litt \ud83d\ude42<\/p>\n\n<p>\u2713 Uavhentede pakker vil f\u00e5 et lagergebyr p\u00e5 \u20ac50, som vil trekkes fra refusjonen din. (En uavhentet pakke koster oss mer enn det, s\u00e5 det er rettferdig.)<\/p>\n\n<p>\u2713 Betalingene h\u00e5ndteres via Stripe (sikker kortbetaling). Din betaling blir kryptert og behandlet direkte av Stripe \u2013 vi ser aldri kortopplysningene dine, og vi lagrer dem heller ikke.<\/p>\n\n<p>\u2713 Du har en 30-dagers returperiode. Hvis du ikke er forn\u00f8yd med kj\u00f8pet ditt, er du velkommen til \u00e5 returnere det innen 30 dager etter mottak for refusjon eller bytte. Som kunde er du ansvarlig for \u00e5 dekke returfraktkostnadene og s\u00f8rge for at pakken n\u00e5r oss trygt.<\/p>\n\n<p>Returadresse: Momo Jord AB, \u00d6ver\u00e4lve 53, 82793 Ljusdal, SVERIGE<\/p>\n\n<p>Varer m\u00e5 v\u00e6re ubrukt og i salgbar stand for full refusjon (ellers risikerer vi \u00e5 ende opp med et lager fullt av usalgbar utstyr).<\/p>\n\n<p>Vi utsteder refusjoner n\u00e5r vi har mottatt de returnerte varene. Vennligst merk at opprinnelige fraktkostnader ikke refunderes.<\/p>\n\n<p>Trenger du \u00e5 returnere noe etter 30 dager? Det er vanligvis ikke noe problem \u2013 bare ta kontakt, s\u00e5 ordner vi noe.<\/p>\n\n<p><strong>Et l\u00f8fte om vennlighet<\/strong><\/p>\n\n<p>Vi har som m\u00e5l \u00e5 v\u00e6re snille. Virkelig.\nVi kunne ikke leve med oss selv hvis vi drev en virksomhet som fikk folk til \u00e5 f\u00f8le seg skuffet.\nVi vil lage vakre ting som kanskje inspirerer deg til \u00e5 gj\u00f8re det samme.\nHvis vi tar feil, retter vi det.\nHvis noe gikk galt utenfor v\u00e5r kontroll, gj\u00f8r vi det vi kan for \u00e5 rette opp.\nFantastisk service er ikke et moteord for oss \u2013 det er hvordan vi naturlig oppf\u00f8rer oss.\nVi er bare vanlige folk med liv og ansvar, men vi vil alltid gj\u00f8re v\u00e5rt beste for \u00e5 gj\u00f8re verden litt bedre og mer behagelig \u00e5 v\u00e6re i.<\/p>\n\n<p>N\u00e5r det er sagt \u2013 vi bruker ikke un\u00f8dvendig energi p\u00e5 noen som pr\u00f8ver \u00e5 utnytte oss. (Det har hendt en gang eller to gjennom \u00e5rene \u2013 men sannsynligvis er det ikke deg. \ud83d\ude0a)<\/p>\n\n<p><strong>Personvernerkl\u00e6ring &amp; informasjonskapselpolicy<\/strong><\/p>\n\n<p>Vi tar godt vare p\u00e5 dataene dine og deler dem ikke med noen uautoriserte. For \u00e5 drive butikken samler vi inn noe informasjon: vi lagrer kontaktinformasjonen din i v\u00e5r kundedatabase for \u00e5 gjenkjenne deg ved fremtidige kj\u00f8p og hjelpe med ordrehistorikken. Ingen betalingsinformasjon lagres p\u00e5 v\u00e5r server \u2013 det h\u00e5ndteres sikkert av v\u00e5re betalingsleverand\u00f8rer.<\/p>\n\n<p>Vi mottar ogs\u00e5 anonym data (via Google Analytics) fra nettleseren din, som IP-adresse, programvare- og maskinvaredetaljer, og hvilken side du bes\u00f8kte. Vi bruker ogs\u00e5 Facebook Pixel.<\/p>\n\n<p>Vi lover ikke \u00e5 spamme deg eller gj\u00f8re noe u\u00e6rlig med dataene dine. Vi er de eneste eierne av informasjonen som samles inn p\u00e5 dette nettstedet, og vi vil aldri selge eller dele den med tredjeparter. Etter at du har lagt inn en bestilling, kan det hende at du f\u00e5r \u00e9n oppf\u00f8lgings-e-post som ber om en vurdering noen m\u00e5neder senere. Ellers vil du bare h\u00f8re fra oss hvis du abonnerer p\u00e5 nyhetsbrevet v\u00e5rt \u2013 eller n\u00e5r du kommer tilbake for \u00e5 handle igjen.<\/p>\n\n<p>Vi bruker informasjonskapsler for \u00e5 f\u00e5 alt til \u00e5 fungere s\u00f8ml\u00f8st. Ved \u00e5 bruke jordhammock.com godtar du dette (GDPR og alt det der).<\/p>\n\n<p>jordhammock.com drives av Momo Jord AB, \u00d6ver\u00e4lve 53, 827 93 Ljusdal, Sverige. Org.no. 559157-8421. VAT# SE559157842101<\/p>\n","protected":false},"excerpt":{"rendered":"<p>Frakt, Betaling &amp; Personvern Vi liker \u00e5 holde tingene enkle:Vi tror at \u00e6rlighet, kommunikasjon og gjensidig respekt g\u00e5r en lang vei \u2013 og at livet er altfor verdifullt til \u00e5 v\u00e6re kjedelig. \ud83d\ude42 \u2713 Vi sender til alle EU-land: \u00d8sterrike, Belgia, Bulgaria, Kroatia, Kypros, Tsjekkia, Danmark, Estland, Finland, Frankrike, Tyskland, Hellas, Ungarn, Irland, Italia, Latvia, [&hellip;]<\/p>\n","protected":false},"author":1,"featured_media":0,"parent":0,"menu_order":0,"comment_status":"closed","ping_status":"closed","template":"","meta":{"_kad_blocks_custom_css":"","_kad_blocks_head_custom_js":"","_kad_blocks_body_custom_js":"","_kad_blocks_footer_custom_js":"","footnotes":""},"class_list":["post-1359","page","type-page","status-publish","hentry"],"yoast_head":"<!-- This site is optimized with the Yoast SEO plugin v27.4 - https:\/\/yoast.com\/product\/yoast-seo-wordpress\/ -->\n<title>Frakt, Retur &amp; Personvernerkl\u00e6ring - Jord Hammock<\/title>\n<meta name=\"robots\" content=\"index, follow, max-snippet:-1, max-image-preview:large, max-video-preview:-1\" \/>\n<link rel=\"canonical\" href=\"https:\/\/jordhammock.com\/no\/refusjon_returer\/\" \/>\n<meta property=\"og:locale\" content=\"nb_NO\" \/>\n<meta property=\"og:type\" content=\"article\" \/>\n<meta property=\"og:title\" content=\"Frakt, Retur &amp; Personvernerkl\u00e6ring - Jord Hammock\" \/>\n<meta property=\"og:description\" content=\"Frakt, Betaling &amp; Personvern Vi liker \u00e5 holde tingene enkle:Vi tror at \u00e6rlighet, kommunikasjon og gjensidig respekt g\u00e5r en lang vei \u2013 og at livet er altfor verdifullt til \u00e5 v\u00e6re kjedelig. \ud83d\ude42 \u2713 Vi sender til alle EU-land: \u00d8sterrike, Belgia, Bulgaria, Kroatia, Kypros, Tsjekkia, Danmark, Estland, Finland, Frankrike, Tyskland, Hellas, Ungarn, Irland, Italia, Latvia, [&hellip;]\" \/>\n<meta property=\"og:url\" content=\"https:\/\/jordhammock.com\/no\/refusjon_returer\/\" \/>\n<meta property=\"og:site_name\" content=\"Jord Hammock\" \/>\n<meta property=\"article:publisher\" content=\"https:\/\/www.facebook.com\/jordhammock\" \/>\n<meta property=\"article:modified_time\" content=\"2025-10-29T11:47:38+00:00\" \/>\n<meta property=\"og:image\" content=\"https:\/\/jordhammock.com\/wp-content\/uploads\/2025\/04\/underquilt-hammock-solned-2025_1440.jpg\" \/>\n<meta name=\"twitter:card\" content=\"summary_large_image\" \/>\n<meta name=\"twitter:label1\" content=\"Ansl. lesetid\" \/>\n\t<meta name=\"twitter:data1\" content=\"3 minutter\" \/>\n<script type=\"application\/ld+json\" class=\"yoast-schema-graph\">{\"@context\":\"https:\\\/\\\/schema.org\",\"@graph\":[{\"@type\":\"WebPage\",\"@id\":\"https:\\\/\\\/jordhammock.com\\\/no\\\/refusjon_returer\\\/\",\"url\":\"https:\\\/\\\/jordhammock.com\\\/no\\\/refusjon_returer\\\/\",\"name\":\"Frakt, Retur &amp; Personvernerkl\u00e6ring - Jord Hammock\",\"isPartOf\":{\"@id\":\"https:\\\/\\\/jordhammock.com\\\/no\\\/#website\"},\"datePublished\":\"2025-05-13T12:10:27+00:00\",\"dateModified\":\"2025-10-29T11:47:38+00:00\",\"breadcrumb\":{\"@id\":\"https:\\\/\\\/jordhammock.com\\\/no\\\/refusjon_returer\\\/#breadcrumb\"},\"inLanguage\":\"nb-NO\",\"potentialAction\":[{\"@type\":\"ReadAction\",\"target\":[\"https:\\\/\\\/jordhammock.com\\\/no\\\/refusjon_returer\\\/\"]}]},{\"@type\":\"BreadcrumbList\",\"@id\":\"https:\\\/\\\/jordhammock.com\\\/no\\\/refusjon_returer\\\/#breadcrumb\",\"itemListElement\":[{\"@type\":\"ListItem\",\"position\":1,\"name\":\"Home\",\"item\":\"https:\\\/\\\/jordhammock.com\\\/no\\\/\"},{\"@type\":\"ListItem\",\"position\":2,\"name\":\"Frakt, Retur &amp; Personvernerkl\u00e6ring\"}]},{\"@type\":\"WebSite\",\"@id\":\"https:\\\/\\\/jordhammock.com\\\/no\\\/#website\",\"url\":\"https:\\\/\\\/jordhammock.com\\\/no\\\/\",\"name\":\"Jord Hammock\",\"description\":\"Nordic hammock gear\",\"publisher\":{\"@id\":\"https:\\\/\\\/jordhammock.com\\\/no\\\/#organization\"},\"alternateName\":\"Nordic hammock gear for tall sleepers\",\"potentialAction\":[{\"@type\":\"SearchAction\",\"target\":{\"@type\":\"EntryPoint\",\"urlTemplate\":\"https:\\\/\\\/jordhammock.com\\\/no\\\/?s={search_term_string}\"},\"query-input\":{\"@type\":\"PropertyValueSpecification\",\"valueRequired\":true,\"valueName\":\"search_term_string\"}}],\"inLanguage\":\"nb-NO\"},{\"@type\":\"Organization\",\"@id\":\"https:\\\/\\\/jordhammock.com\\\/no\\\/#organization\",\"name\":\"Jord Hammock\",\"url\":\"https:\\\/\\\/jordhammock.com\\\/no\\\/\",\"logo\":{\"@type\":\"ImageObject\",\"inLanguage\":\"nb-NO\",\"@id\":\"https:\\\/\\\/jordhammock.com\\\/no\\\/#\\\/schema\\\/logo\\\/image\\\/\",\"url\":\"https:\\\/\\\/jordhammock.com\\\/wp-content\\\/uploads\\\/2025\\\/04\\\/cropped-jordlogo500.png\",\"contentUrl\":\"https:\\\/\\\/jordhammock.com\\\/wp-content\\\/uploads\\\/2025\\\/04\\\/cropped-jordlogo500.png\",\"width\":500,\"height\":300,\"caption\":\"Jord Hammock\"},\"image\":{\"@id\":\"https:\\\/\\\/jordhammock.com\\\/no\\\/#\\\/schema\\\/logo\\\/image\\\/\"},\"sameAs\":[\"https:\\\/\\\/www.facebook.com\\\/jordhammock\",\"https:\\\/\\\/www.instagram.com\\\/jordhammock\\\/\"]}]}<\/script>\n<!-- \/ Yoast SEO plugin. -->","yoast_head_json":{"title":"Frakt, Retur &amp; Personvernerkl\u00e6ring - Jord Hammock","robots":{"index":"index","follow":"follow","max-snippet":"max-snippet:-1","max-image-preview":"max-image-preview:large","max-video-preview":"max-video-preview:-1"},"canonical":"https:\/\/jordhammock.com\/no\/refusjon_returer\/","og_locale":"nb_NO","og_type":"article","og_title":"Frakt, Retur &amp; Personvernerkl\u00e6ring - Jord Hammock","og_description":"Frakt, Betaling &amp; Personvern Vi liker \u00e5 holde tingene enkle:Vi tror at \u00e6rlighet, kommunikasjon og gjensidig respekt g\u00e5r en lang vei \u2013 og at livet er altfor verdifullt til \u00e5 v\u00e6re kjedelig. \ud83d\ude42 \u2713 Vi sender til alle EU-land: \u00d8sterrike, Belgia, Bulgaria, Kroatia, Kypros, Tsjekkia, Danmark, Estland, Finland, Frankrike, Tyskland, Hellas, Ungarn, Irland, Italia, Latvia, [&hellip;]","og_url":"https:\/\/jordhammock.com\/no\/refusjon_returer\/","og_site_name":"Jord Hammock","article_publisher":"https:\/\/www.facebook.com\/jordhammock","article_modified_time":"2025-10-29T11:47:38+00:00","og_image":[{"url":"https:\/\/jordhammock.com\/wp-content\/uploads\/2025\/04\/underquilt-hammock-solned-2025_1440.jpg","type":"","width":"","height":""}],"twitter_card":"summary_large_image","twitter_misc":{"Ansl. lesetid":"3 minutter"},"schema":{"@context":"https:\/\/schema.org","@graph":[{"@type":"WebPage","@id":"https:\/\/jordhammock.com\/no\/refusjon_returer\/","url":"https:\/\/jordhammock.com\/no\/refusjon_returer\/","name":"Frakt, Retur &amp; Personvernerkl\u00e6ring - Jord Hammock","isPartOf":{"@id":"https:\/\/jordhammock.com\/no\/#website"},"datePublished":"2025-05-13T12:10:27+00:00","dateModified":"2025-10-29T11:47:38+00:00","breadcrumb":{"@id":"https:\/\/jordhammock.com\/no\/refusjon_returer\/#breadcrumb"},"inLanguage":"nb-NO","potentialAction":[{"@type":"ReadAction","target":["https:\/\/jordhammock.com\/no\/refusjon_returer\/"]}]},{"@type":"BreadcrumbList","@id":"https:\/\/jordhammock.com\/no\/refusjon_returer\/#breadcrumb","itemListElement":[{"@type":"ListItem","position":1,"name":"Home","item":"https:\/\/jordhammock.com\/no\/"},{"@type":"ListItem","position":2,"name":"Frakt, Retur &amp; Personvernerkl\u00e6ring"}]},{"@type":"WebSite","@id":"https:\/\/jordhammock.com\/no\/#website","url":"https:\/\/jordhammock.com\/no\/","name":"Jord Hammock","description":"Nordic hammock gear","publisher":{"@id":"https:\/\/jordhammock.com\/no\/#organization"},"alternateName":"Nordic hammock gear for tall sleepers","potentialAction":[{"@type":"SearchAction","target":{"@type":"EntryPoint","urlTemplate":"https:\/\/jordhammock.com\/no\/?s={search_term_string}"},"query-input":{"@type":"PropertyValueSpecification","valueRequired":true,"valueName":"search_term_string"}}],"inLanguage":"nb-NO"},{"@type":"Organization","@id":"https:\/\/jordhammock.com\/no\/#organization","name":"Jord Hammock","url":"https:\/\/jordhammock.com\/no\/","logo":{"@type":"ImageObject","inLanguage":"nb-NO","@id":"https:\/\/jordhammock.com\/no\/#\/schema\/logo\/image\/","url":"https:\/\/jordhammock.com\/wp-content\/uploads\/2025\/04\/cropped-jordlogo500.png","contentUrl":"https:\/\/jordhammock.com\/wp-content\/uploads\/2025\/04\/cropped-jordlogo500.png","width":500,"height":300,"caption":"Jord Hammock"},"image":{"@id":"https:\/\/jordhammock.com\/no\/#\/schema\/logo\/image\/"},"sameAs":["https:\/\/www.facebook.com\/jordhammock","https:\/\/www.instagram.com\/jordhammock\/"]}]}},"taxonomy_info":[],"featured_image_src_large":false,"author_info":{"display_name":"leon","author_link":"https:\/\/jordhammock.com\/no\/author\/leon\/"},"comment_info":0,"_links":{"self":[{"href":"https:\/\/jordhammock.com\/no\/wp-json\/wp\/v2\/pages\/1359","targetHints":{"allow":["GET"]}}],"collection":[{"href":"https:\/\/jordhammock.com\/no\/wp-json\/wp\/v2\/pages"}],"about":[{"href":"https:\/\/jordhammock.com\/no\/wp-json\/wp\/v2\/types\/page"}],"author":[{"embeddable":true,"href":"https:\/\/jordhammock.com\/no\/wp-json\/wp\/v2\/users\/1"}],"replies":[{"embeddable":true,"href":"https:\/\/jordhammock.com\/no\/wp-json\/wp\/v2\/comments?post=1359"}],"version-history":[{"count":2,"href":"https:\/\/jordhammock.com\/no\/wp-json\/wp\/v2\/pages\/1359\/revisions"}],"predecessor-version":[{"id":1361,"href":"https:\/\/jordhammock.com\/no\/wp-json\/wp\/v2\/pages\/1359\/revisions\/1361"}],"wp:attachment":[{"href":"https:\/\/jordhammock.com\/no\/wp-json\/wp\/v2\/media?parent=1359"}],"curies":[{"name":"wp","href":"https:\/\/api.w.org\/{rel}","templated":true}]}}