{"id":1140,"date":"2025-05-13T12:10:27","date_gmt":"2025-05-13T12:10:27","guid":{"rendered":"https:\/\/jordhammock.com\/verzending-retourneren-privacybeleid\/"},"modified":"2025-05-14T17:55:39","modified_gmt":"2025-05-14T17:55:39","slug":"verzending-retourneren-privacybeleid","status":"publish","type":"page","link":"https:\/\/jordhammock.com\/nl\/verzending-retourneren-privacybeleid\/","title":{"rendered":"Verzending, Retourneren  Privacybeleid"},"content":{"rendered":"\n<p><strong>Verzending, Betaling  Privacy<\/strong><\/p>\n\n<p>We houden het graag simpel:<br\/>We geloven dat eerlijkheid, communicatie en wederzijds respect ver komen \u2013 en dat het leven te kostbaar is om saai te zijn. \ud83d\ude42<\/p>\n\n<p>\u2713 We verzenden naar alle EU-landen: Oostenrijk, Belgi\u00eb, Bulgarije, Kroati\u00eb, Cyprus, Tsjechi\u00eb, Denemarken, Estland, Finland, Frankrijk, Duitsland, Griekenland, Hongarije, Ierland, Itali\u00eb, Letland, Litouwen, Luxemburg, Malta, Nederland, Polen, Portugal, Roemeni\u00eb, Slowakije, Sloveni\u00eb en Spanje. (Zweden \u2013 ga naar <a href=\"https:\/\/www.momojord.se\">momojord.se<\/a>) <\/p>\n\n<p>\u2713 Gratis verzending vanaf \u20ac250.<\/p>\n\n<p>\u2713 Bestellingen worden 2-3 keer per week ingepakt en verzonden, meestal op maandag, woensdag en vrijdag. We verzenden met Schenker. De levertijd is meestal ongeveer 1 week na verzending (afhankelijk van je land).  <\/p>\n\n<p>\u2713 Soms zijn we op avontuur. Of gewoon aan het relaxen bij een van de bosmeren bij ons thuis. Dat betekent dat we misschien niet elke dag bestellingen inpakken. Dus ook al gaat het meestal snel, het kan af en toe iets langer duren. We geloven ook in een beetje leven \ud83d\ude42    <\/p>\n\n<p>\u2713 Voor niet-opgehaalde pakketten wordt een hervoorrading tarief van \u20ac50 in rekening gebracht, dat van je terugbetaling wordt afgetrokken. (Een niet-opgehaald pakket kost ons meer dan dat, dus dat is eerlijk.) <\/p>\n\n<p>\u2713 Betalingen worden afgehandeld via Stripe (veilige kaartbetaling). Je betaling wordt versleuteld en direct door Stripe verwerkt \u2013 wij zien of bewaren nooit je kaartgegevens. <\/p>\n\n<p>\u2713 Je hebt een retourperiode van 30 dagen. Als je niet tevreden bent met je aankoop, kun je deze binnen 30 dagen na ontvangst retourneren voor een terugbetaling of ruil. Als klant ben je verantwoordelijk voor de retourzendkosten en moet je ervoor zorgen dat het pakket veilig bij ons aankomt.  <\/p>\n\n<p>Retouradres: Momo Jord AB, \u00d6ver\u00e4lve 53, 82793 Ljusdal, ZWEDEN<\/p>\n\n<p>Artikelen moeten ongebruikt en in verkoopbare staat zijn voor een volledige terugbetaling (anders riskeren we een magazijn vol onverkoopbare spullen).<\/p>\n\n<p>We geven terugbetalingen zodra we de geretourneerde artikelen hebben ontvangen. Let op dat de oorspronkelijke verzendkosten niet terugbetaald worden. <\/p>\n\n<p>Moet je iets retourneren na 30 dagen? Dat is meestal geen probleem \u2013 neem gewoon contact op en we regelen wat. <\/p>\n\n<p><strong>Een Belofte van Vriendelijkheid<\/strong><\/p>\n\n<p>We streven ernaar vriendelijk te zijn. Echt waar. We zouden niet met onszelf kunnen leven als we een bedrijf zouden runnen dat mensen teleurgesteld achterlaat. We willen mooie dingen maken die je misschien inspireren om hetzelfde te doen. Als we een fout maken, lossen we het op. Als er iets mis is gegaan buiten onze controle, doen we wat we kunnen om het recht te zetten. Geweldige service is voor ons geen modewoord \u2013 het is hoe we van nature handelen. We zijn gewoon normale mensen met levens en verantwoordelijkheden, maar we doen altijd ons best om deze wereld een iets betere en aangenamere plek te maken.       <\/p>\n\n<p>Dat gezegd hebbende \u2013 we verspillen geen energie aan iemand die probeert misbruik van ons te maken. (Het is een paar keer gebeurd door de jaren heen \u2013 maar de kans is groot dat jij dat niet bent. \ud83d\ude0a) <\/p>\n\n<p><strong>Privacy-  Cookiebeleid<\/strong><\/p>\n\n<p>We gaan zorgvuldig om met je gegevens en delen ze niet met onbevoegden. Om de winkel te runnen, verzamelen we wat informatie: we slaan je contactgegevens op in onze klantendatabase om je te herkennen voor toekomstige bestellingen en te helpen met je bestelgeschiedenis. Er worden geen betalingsgegevens op onze server opgeslagen \u2013 dat wordt veilig afgehandeld door onze betalingsproviders.  <\/p>\n\n<p>We ontvangen ook anonieme gegevens (via Google Analytics) van je browser, zoals IP-adres, software\/hardware details, en welke pagina je hebt bezocht. We gebruiken ook Facebook Pixel. <\/p>\n\n<p>We beloven je niet te spammen of iets schimmigs te doen met je gegevens. We zijn de enige eigenaren van de informatie die op deze site wordt verzameld en we zullen deze nooit verkopen of delen met derden. Na het plaatsen van een bestelling krijg je misschien \u00e9\u00e9n follow-up e-mail waarin we een paar maanden later om een review vragen. Anders hoor je alleen van ons als je je abonneert op onze nieuwsbrief \u2013 of als je terugkomt om opnieuw te winkelen.   <\/p>\n\n<p>We gebruiken cookies om alles soepel te laten verlopen. Door jordhammock.com te gebruiken, ga je hiermee akkoord (AVG en al dat gedoe). <\/p>\n\n<p>jordhammock.com wordt beheerd door Momo Jord AB, \u00d6ver\u00e4lve 53, 827 93 Ljusdal, Zweden. Org.nr.  559157-8421. BTW-nr. SE559157842101<\/p>\n","protected":false},"excerpt":{"rendered":"<p>Verzending, Betaling Privacy We houden het graag simpel:We geloven dat eerlijkheid, communicatie en wederzijds respect ver komen \u2013 en dat het leven te kostbaar is om saai te zijn. \ud83d\ude42 \u2713 We verzenden naar alle EU-landen: Oostenrijk, Belgi\u00eb, Bulgarije, Kroati\u00eb, Cyprus, Tsjechi\u00eb, Denemarken, Estland, Finland, Frankrijk, Duitsland, Griekenland, Hongarije, Ierland, Itali\u00eb, Letland, Litouwen, Luxemburg, Malta, [&hellip;]<\/p>\n","protected":false},"author":1,"featured_media":0,"parent":0,"menu_order":0,"comment_status":"closed","ping_status":"closed","template":"","meta":{"_kad_blocks_custom_css":"","_kad_blocks_head_custom_js":"","_kad_blocks_body_custom_js":"","_kad_blocks_footer_custom_js":"","footnotes":""},"class_list":["post-1140","page","type-page","status-publish","hentry"],"yoast_head":"<!-- This site is optimized with the Yoast SEO plugin v27.4 - https:\/\/yoast.com\/product\/yoast-seo-wordpress\/ -->\n<title>Verzending, Retourneren Privacybeleid - Jord Hammock \u2013 The nordic hammock for tall people<\/title>\n<meta name=\"robots\" content=\"index, follow, max-snippet:-1, max-image-preview:large, max-video-preview:-1\" \/>\n<link rel=\"canonical\" href=\"https:\/\/jordhammock.com\/nl\/verzending-retourneren-privacybeleid\/\" \/>\n<meta property=\"og:locale\" content=\"nl_NL\" \/>\n<meta property=\"og:type\" content=\"article\" \/>\n<meta property=\"og:title\" content=\"Verzending, Retourneren Privacybeleid - Jord Hammock \u2013 The nordic hammock for tall people\" \/>\n<meta property=\"og:description\" content=\"Verzending, Betaling Privacy We houden het graag simpel:We geloven dat eerlijkheid, communicatie en wederzijds respect ver komen \u2013 en dat het leven te kostbaar is om saai te zijn. \ud83d\ude42 \u2713 We verzenden naar alle EU-landen: Oostenrijk, Belgi\u00eb, Bulgarije, Kroati\u00eb, Cyprus, Tsjechi\u00eb, Denemarken, Estland, Finland, Frankrijk, Duitsland, Griekenland, Hongarije, Ierland, Itali\u00eb, Letland, Litouwen, Luxemburg, Malta, [&hellip;]\" \/>\n<meta property=\"og:url\" content=\"https:\/\/jordhammock.com\/nl\/verzending-retourneren-privacybeleid\/\" \/>\n<meta property=\"og:site_name\" content=\"Jord Hammock \u2013 The nordic hammock for tall people\" \/>\n<meta property=\"article:publisher\" content=\"https:\/\/www.facebook.com\/jordhammock\" \/>\n<meta property=\"article:modified_time\" content=\"2025-05-14T17:55:39+00:00\" \/>\n<meta property=\"og:image\" content=\"https:\/\/jordhammock.com\/wp-content\/uploads\/2025\/04\/underquilt-hammock-solned-2025_1440.jpg\" \/>\n<meta name=\"twitter:card\" content=\"summary_large_image\" \/>\n<meta name=\"twitter:label1\" content=\"Geschatte leestijd\" \/>\n\t<meta name=\"twitter:data1\" content=\"3 minuut\" \/>\n<script type=\"application\/ld+json\" class=\"yoast-schema-graph\">{\"@context\":\"https:\\\/\\\/schema.org\",\"@graph\":[{\"@type\":\"WebPage\",\"@id\":\"https:\\\/\\\/jordhammock.com\\\/nl\\\/verzending-retourneren-privacybeleid\\\/\",\"url\":\"https:\\\/\\\/jordhammock.com\\\/nl\\\/verzending-retourneren-privacybeleid\\\/\",\"name\":\"Verzending, Retourneren Privacybeleid - Jord Hammock \u2013 The nordic hammock for tall people\",\"isPartOf\":{\"@id\":\"https:\\\/\\\/jordhammock.com\\\/nl\\\/#website\"},\"datePublished\":\"2025-05-13T12:10:27+00:00\",\"dateModified\":\"2025-05-14T17:55:39+00:00\",\"breadcrumb\":{\"@id\":\"https:\\\/\\\/jordhammock.com\\\/nl\\\/verzending-retourneren-privacybeleid\\\/#breadcrumb\"},\"inLanguage\":\"nl-NL\",\"potentialAction\":[{\"@type\":\"ReadAction\",\"target\":[\"https:\\\/\\\/jordhammock.com\\\/nl\\\/verzending-retourneren-privacybeleid\\\/\"]}]},{\"@type\":\"BreadcrumbList\",\"@id\":\"https:\\\/\\\/jordhammock.com\\\/nl\\\/verzending-retourneren-privacybeleid\\\/#breadcrumb\",\"itemListElement\":[{\"@type\":\"ListItem\",\"position\":1,\"name\":\"Home\",\"item\":\"https:\\\/\\\/jordhammock.com\\\/nl\\\/\"},{\"@type\":\"ListItem\",\"position\":2,\"name\":\"Verzending, Retourneren Privacybeleid\"}]},{\"@type\":\"WebSite\",\"@id\":\"https:\\\/\\\/jordhammock.com\\\/nl\\\/#website\",\"url\":\"https:\\\/\\\/jordhammock.com\\\/nl\\\/\",\"name\":\"Jord Hammock \u2013 The nordic hammock for tall people\",\"description\":\"Nordic hammock gear\",\"publisher\":{\"@id\":\"https:\\\/\\\/jordhammock.com\\\/nl\\\/#organization\"},\"potentialAction\":[{\"@type\":\"SearchAction\",\"target\":{\"@type\":\"EntryPoint\",\"urlTemplate\":\"https:\\\/\\\/jordhammock.com\\\/nl\\\/?s={search_term_string}\"},\"query-input\":{\"@type\":\"PropertyValueSpecification\",\"valueRequired\":true,\"valueName\":\"search_term_string\"}}],\"inLanguage\":\"nl-NL\"},{\"@type\":\"Organization\",\"@id\":\"https:\\\/\\\/jordhammock.com\\\/nl\\\/#organization\",\"name\":\"Jord Hammock\",\"url\":\"https:\\\/\\\/jordhammock.com\\\/nl\\\/\",\"logo\":{\"@type\":\"ImageObject\",\"inLanguage\":\"nl-NL\",\"@id\":\"https:\\\/\\\/jordhammock.com\\\/nl\\\/#\\\/schema\\\/logo\\\/image\\\/\",\"url\":\"https:\\\/\\\/jordhammock.com\\\/wp-content\\\/uploads\\\/2025\\\/04\\\/cropped-jordlogo500.png\",\"contentUrl\":\"https:\\\/\\\/jordhammock.com\\\/wp-content\\\/uploads\\\/2025\\\/04\\\/cropped-jordlogo500.png\",\"width\":500,\"height\":300,\"caption\":\"Jord Hammock\"},\"image\":{\"@id\":\"https:\\\/\\\/jordhammock.com\\\/nl\\\/#\\\/schema\\\/logo\\\/image\\\/\"},\"sameAs\":[\"https:\\\/\\\/www.facebook.com\\\/jordhammock\",\"https:\\\/\\\/www.instagram.com\\\/jordhammock\\\/\"]}]}<\/script>\n<!-- \/ Yoast SEO plugin. -->","yoast_head_json":{"title":"Verzending, Retourneren Privacybeleid - Jord Hammock \u2013 The nordic hammock for tall people","robots":{"index":"index","follow":"follow","max-snippet":"max-snippet:-1","max-image-preview":"max-image-preview:large","max-video-preview":"max-video-preview:-1"},"canonical":"https:\/\/jordhammock.com\/nl\/verzending-retourneren-privacybeleid\/","og_locale":"nl_NL","og_type":"article","og_title":"Verzending, Retourneren Privacybeleid - Jord Hammock \u2013 The nordic hammock for tall people","og_description":"Verzending, Betaling Privacy We houden het graag simpel:We geloven dat eerlijkheid, communicatie en wederzijds respect ver komen \u2013 en dat het leven te kostbaar is om saai te zijn. \ud83d\ude42 \u2713 We verzenden naar alle EU-landen: Oostenrijk, Belgi\u00eb, Bulgarije, Kroati\u00eb, Cyprus, Tsjechi\u00eb, Denemarken, Estland, Finland, Frankrijk, Duitsland, Griekenland, Hongarije, Ierland, Itali\u00eb, Letland, Litouwen, Luxemburg, Malta, [&hellip;]","og_url":"https:\/\/jordhammock.com\/nl\/verzending-retourneren-privacybeleid\/","og_site_name":"Jord Hammock \u2013 The nordic hammock for tall people","article_publisher":"https:\/\/www.facebook.com\/jordhammock","article_modified_time":"2025-05-14T17:55:39+00:00","og_image":[{"url":"https:\/\/jordhammock.com\/wp-content\/uploads\/2025\/04\/underquilt-hammock-solned-2025_1440.jpg","type":"","width":"","height":""}],"twitter_card":"summary_large_image","twitter_misc":{"Geschatte leestijd":"3 minuut"},"schema":{"@context":"https:\/\/schema.org","@graph":[{"@type":"WebPage","@id":"https:\/\/jordhammock.com\/nl\/verzending-retourneren-privacybeleid\/","url":"https:\/\/jordhammock.com\/nl\/verzending-retourneren-privacybeleid\/","name":"Verzending, Retourneren Privacybeleid - Jord Hammock \u2013 The nordic hammock for tall people","isPartOf":{"@id":"https:\/\/jordhammock.com\/nl\/#website"},"datePublished":"2025-05-13T12:10:27+00:00","dateModified":"2025-05-14T17:55:39+00:00","breadcrumb":{"@id":"https:\/\/jordhammock.com\/nl\/verzending-retourneren-privacybeleid\/#breadcrumb"},"inLanguage":"nl-NL","potentialAction":[{"@type":"ReadAction","target":["https:\/\/jordhammock.com\/nl\/verzending-retourneren-privacybeleid\/"]}]},{"@type":"BreadcrumbList","@id":"https:\/\/jordhammock.com\/nl\/verzending-retourneren-privacybeleid\/#breadcrumb","itemListElement":[{"@type":"ListItem","position":1,"name":"Home","item":"https:\/\/jordhammock.com\/nl\/"},{"@type":"ListItem","position":2,"name":"Verzending, Retourneren Privacybeleid"}]},{"@type":"WebSite","@id":"https:\/\/jordhammock.com\/nl\/#website","url":"https:\/\/jordhammock.com\/nl\/","name":"Jord Hammock \u2013 The nordic hammock for tall people","description":"Nordic hammock gear","publisher":{"@id":"https:\/\/jordhammock.com\/nl\/#organization"},"potentialAction":[{"@type":"SearchAction","target":{"@type":"EntryPoint","urlTemplate":"https:\/\/jordhammock.com\/nl\/?s={search_term_string}"},"query-input":{"@type":"PropertyValueSpecification","valueRequired":true,"valueName":"search_term_string"}}],"inLanguage":"nl-NL"},{"@type":"Organization","@id":"https:\/\/jordhammock.com\/nl\/#organization","name":"Jord Hammock","url":"https:\/\/jordhammock.com\/nl\/","logo":{"@type":"ImageObject","inLanguage":"nl-NL","@id":"https:\/\/jordhammock.com\/nl\/#\/schema\/logo\/image\/","url":"https:\/\/jordhammock.com\/wp-content\/uploads\/2025\/04\/cropped-jordlogo500.png","contentUrl":"https:\/\/jordhammock.com\/wp-content\/uploads\/2025\/04\/cropped-jordlogo500.png","width":500,"height":300,"caption":"Jord Hammock"},"image":{"@id":"https:\/\/jordhammock.com\/nl\/#\/schema\/logo\/image\/"},"sameAs":["https:\/\/www.facebook.com\/jordhammock","https:\/\/www.instagram.com\/jordhammock\/"]}]}},"taxonomy_info":[],"featured_image_src_large":false,"author_info":{"display_name":"leon","author_link":"https:\/\/jordhammock.com\/nl\/author\/leon\/"},"comment_info":0,"_links":{"self":[{"href":"https:\/\/jordhammock.com\/nl\/wp-json\/wp\/v2\/pages\/1140","targetHints":{"allow":["GET"]}}],"collection":[{"href":"https:\/\/jordhammock.com\/nl\/wp-json\/wp\/v2\/pages"}],"about":[{"href":"https:\/\/jordhammock.com\/nl\/wp-json\/wp\/v2\/types\/page"}],"author":[{"embeddable":true,"href":"https:\/\/jordhammock.com\/nl\/wp-json\/wp\/v2\/users\/1"}],"replies":[{"embeddable":true,"href":"https:\/\/jordhammock.com\/nl\/wp-json\/wp\/v2\/comments?post=1140"}],"version-history":[{"count":1,"href":"https:\/\/jordhammock.com\/nl\/wp-json\/wp\/v2\/pages\/1140\/revisions"}],"predecessor-version":[{"id":1141,"href":"https:\/\/jordhammock.com\/nl\/wp-json\/wp\/v2\/pages\/1140\/revisions\/1141"}],"wp:attachment":[{"href":"https:\/\/jordhammock.com\/nl\/wp-json\/wp\/v2\/media?parent=1140"}],"curies":[{"name":"wp","href":"https:\/\/api.w.org\/{rel}","templated":true}]}}