{"id":911,"date":"2025-05-13T12:10:27","date_gmt":"2025-05-13T12:10:27","guid":{"rendered":"https:\/\/jordhammock.com\/spedizione-resi-e-politica-sulla-privacy\/"},"modified":"2025-05-14T09:23:44","modified_gmt":"2025-05-14T09:23:44","slug":"spedizione-resi-e-politica-sulla-privacy","status":"publish","type":"page","link":"https:\/\/jordhammock.com\/it\/spedizione-resi-e-politica-sulla-privacy\/","title":{"rendered":"Spedizione, Resi e Politica sulla Privacy"},"content":{"rendered":"\n<p><strong>Spedizione, Pagamento e Privacy<\/strong><\/p>\n\n<p>Ci piace mantenere le cose semplici:<br\/>Crediamo che l&#8217;onest\u00e0, la comunicazione e il rispetto reciproco facciano strada - e che la vita sia troppo preziosa per essere noiosa. \ud83d\ude42<\/p>\n\n<p>\u2713 Spediamo in tutti i paesi UE: Austria, Belgio, Bulgaria, Croazia, Cipro, Repubblica Ceca, Danimarca, Estonia, Finlandia, Francia, Germania, Grecia, Ungheria, Irlanda, Italia, Lettonia, Lituania, Lussemburgo, Malta, Paesi Bassi, Polonia, Portogallo, Romania, Slovacchia, Slovenia e Spagna. (Svedesi - andate su <a href=\"https:\/\/www.momojord.se\">momojord.se<\/a>) <\/p>\n\n<p>\u2713 Spedizione gratuita da \u20ac250.<\/p>\n\n<p>\u2713 Gli ordini vengono imballati e spediti 2-3 volte a settimana, di solito il luned\u00ec, mercoled\u00ec e venerd\u00ec. Spediamo con Schenker. Il tempo di consegna \u00e8 in genere di circa 1 settimana dalla spedizione (a seconda del tuo paese).  <\/p>\n\n<p>\u2713 A volte siamo fuori per avventure. O semplicemente ci rilassiamo vicino a uno dei laghi della foresta vicino a casa nostra. Quindi potremmo non imballare gli ordini ogni singolo giorno. Quindi anche se di solito le cose si muovono velocemente, a volte potrebbe volerci un po&#8217; pi\u00f9 di tempo. Crediamo anche nel vivere un po&#8217; \ud83d\ude42    <\/p>\n\n<p>\u2713 Per i pacchi non reclamati verr\u00e0 addebitata una tassa di riassortimento di \u20ac50, che sar\u00e0 detratta dal tuo rimborso. (Un pacco non reclamato ci costa pi\u00f9 di quello, quindi \u00e8 giusto.) <\/p>\n\n<p>\u2713 I pagamenti sono gestiti tramite Stripe (pagamento sicuro con carta). Il tuo pagamento \u00e8 criptato e elaborato direttamente da Stripe - non vediamo n\u00e9 memorizziamo mai i dettagli della tua carta. <\/p>\n\n<p>\u2713 Hai una finestra di 30 giorni per il reso. Se non sei soddisfatto del tuo acquisto, puoi restituirlo entro 30 giorni dalla ricezione per un rimborso o un cambio. Come cliente, sei responsabile per i costi di spedizione del reso e per assicurarti che il pacco ci raggiunga in sicurezza.  <\/p>\n\n<p>Indirizzo di reso: Momo Jord AB, \u00d6ver\u00e4lve 53, 82793 Ljusdal, SVEZIA<\/p>\n\n<p>Gli articoli devono essere inutilizzati e in condizioni vendibili per un rimborso completo (altrimenti, rischiamo di finire con un magazzino pieno di attrezzature invendibili).<\/p>\n\n<p>Emettiamo i rimborsi una volta ricevuti gli articoli restituiti. Nota che i costi di spedizione originali non sono rimborsabili. <\/p>\n\n<p>Hai bisogno di restituire qualcosa dopo 30 giorni? Di solito non \u00e8 un problema - contattaci e troveremo una soluzione. <\/p>\n\n<p><strong>Una Promessa di Gentilezza<\/strong><\/p>\n\n<p>Puntiamo ad essere gentili. Davvero. Non potremmo vivere con noi stessi se gestissimo un&#8217;attivit\u00e0 che lascia le persone deluse. Vogliamo creare cose belle che possano ispirarti a fare lo stesso. Se facciamo un errore, lo correggeremo. Se qualcosa \u00e8 andato storto al di l\u00e0 del nostro controllo, faremo il possibile per sistemarlo. Un servizio straordinario non \u00e8 una parola d&#8217;ordine per noi - \u00e8 il nostro modo naturale di agire. Siamo solo persone normali con vite e responsabilit\u00e0, ma faremo sempre del nostro meglio per rendere questo mondo un posto leggermente migliore e pi\u00f9 piacevole in cui vivere.       <\/p>\n\n<p>Detto questo - non sprechiamo energie con chi cerca di approfittarsi di noi. (\u00c8 successo una o due volte nel corso degli anni - ma \u00e8 improbabile che sia tu. \ud83d\ude0a) <\/p>\n\n<p><strong>Politica sulla Privacy e sui Cookie<\/strong><\/p>\n\n<p>Ci prendiamo cura dei tuoi dati e non li condividiamo con nessuno non autorizzato. Per gestire il negozio, raccogliamo alcune informazioni: salviamo i tuoi dati di contatto nel nostro database clienti per riconoscerti per ordini futuri e aiutarti con la cronologia degli ordini. Nessuna informazione di pagamento viene memorizzata sul nostro server - questo \u00e8 gestito in modo sicuro dai nostri fornitori di pagamento.  <\/p>\n\n<p>Riceviamo anche dati anonimi (tramite Google Analytics) dal tuo browser, come indirizzo IP, dettagli software\/hardware e quale pagina hai visitato. Usiamo anche Facebook Pixel. <\/p>\n\n<p>Promettiamo di non inviarti spam o fare qualcosa di losco con i tuoi dati. Siamo gli unici proprietari delle informazioni raccolte su questo sito e non le venderemo o condivideremo mai con terze parti. Dopo aver effettuato un ordine, potresti ricevere una email di follow-up che chiede una recensione qualche mese dopo. Altrimenti, sentirai da noi solo se ti iscrivi alla nostra newsletter - o quando torni a fare acquisti di nuovo.   <\/p>\n\n<p>Usiamo i cookie per far funzionare tutto senza intoppi. Usando jordhammock.com, accetti questo (GDPR e tutto il resto). <\/p>\n\n<p>jordhammock.com \u00e8 gestito da Momo Jord AB, \u00d6ver\u00e4lve 53, 827 93 Ljusdal, Svezia. Org.no.  559157-8421. P.IVA SE559157842101<\/p>\n","protected":false},"excerpt":{"rendered":"<p>Spedizione, Pagamento e Privacy Ci piace mantenere le cose semplici:Crediamo che l&#8217;onest\u00e0, la comunicazione e il rispetto reciproco facciano strada - e che la vita sia troppo preziosa per essere noiosa. \ud83d\ude42 \u2713 Spediamo in tutti i paesi UE: Austria, Belgio, Bulgaria, Croazia, Cipro, Repubblica Ceca, Danimarca, Estonia, Finlandia, Francia, Germania, Grecia, Ungheria, Irlanda, Italia, [&hellip;]<\/p>\n","protected":false},"author":1,"featured_media":0,"parent":0,"menu_order":0,"comment_status":"closed","ping_status":"closed","template":"","meta":{"_kad_blocks_custom_css":"","_kad_blocks_head_custom_js":"","_kad_blocks_body_custom_js":"","_kad_blocks_footer_custom_js":"","footnotes":""},"class_list":["post-911","page","type-page","status-publish","hentry"],"yoast_head":"<!-- This site is optimized with the Yoast SEO plugin v27.4 - https:\/\/yoast.com\/product\/yoast-seo-wordpress\/ -->\n<title>Spedizione, Resi e Politica sulla Privacy - Jord Hammock \u2013 The nordic hammock for tall people<\/title>\n<meta name=\"robots\" content=\"index, follow, max-snippet:-1, max-image-preview:large, max-video-preview:-1\" \/>\n<link rel=\"canonical\" href=\"https:\/\/jordhammock.com\/it\/spedizione-resi-e-politica-sulla-privacy\/\" \/>\n<meta property=\"og:locale\" content=\"it_IT\" \/>\n<meta property=\"og:type\" content=\"article\" \/>\n<meta property=\"og:title\" content=\"Spedizione, Resi e Politica sulla Privacy - Jord Hammock \u2013 The nordic hammock for tall people\" \/>\n<meta property=\"og:description\" content=\"Spedizione, Pagamento e Privacy Ci piace mantenere le cose semplici:Crediamo che l&#8217;onest\u00e0, la comunicazione e il rispetto reciproco facciano strada - e che la vita sia troppo preziosa per essere noiosa. \ud83d\ude42 \u2713 Spediamo in tutti i paesi UE: Austria, Belgio, Bulgaria, Croazia, Cipro, Repubblica Ceca, Danimarca, Estonia, Finlandia, Francia, Germania, Grecia, Ungheria, Irlanda, Italia, [&hellip;]\" \/>\n<meta property=\"og:url\" content=\"https:\/\/jordhammock.com\/it\/spedizione-resi-e-politica-sulla-privacy\/\" \/>\n<meta property=\"og:site_name\" content=\"Jord Hammock \u2013 The nordic hammock for tall people\" \/>\n<meta property=\"article:publisher\" content=\"https:\/\/www.facebook.com\/jordhammock\" \/>\n<meta property=\"article:modified_time\" content=\"2025-05-14T09:23:44+00:00\" \/>\n<meta property=\"og:image\" content=\"https:\/\/jordhammock.com\/wp-content\/uploads\/2025\/04\/underquilt-hammock-solned-2025_1440.jpg\" \/>\n<meta name=\"twitter:card\" content=\"summary_large_image\" \/>\n<meta name=\"twitter:label1\" content=\"Tempo di lettura stimato\" \/>\n\t<meta name=\"twitter:data1\" content=\"3 minuto\" \/>\n<script type=\"application\/ld+json\" class=\"yoast-schema-graph\">{\"@context\":\"https:\\\/\\\/schema.org\",\"@graph\":[{\"@type\":\"WebPage\",\"@id\":\"https:\\\/\\\/jordhammock.com\\\/it\\\/spedizione-resi-e-politica-sulla-privacy\\\/\",\"url\":\"https:\\\/\\\/jordhammock.com\\\/it\\\/spedizione-resi-e-politica-sulla-privacy\\\/\",\"name\":\"Spedizione, Resi e Politica sulla Privacy - Jord Hammock \u2013 The nordic hammock for tall people\",\"isPartOf\":{\"@id\":\"https:\\\/\\\/jordhammock.com\\\/it\\\/#website\"},\"datePublished\":\"2025-05-13T12:10:27+00:00\",\"dateModified\":\"2025-05-14T09:23:44+00:00\",\"breadcrumb\":{\"@id\":\"https:\\\/\\\/jordhammock.com\\\/it\\\/spedizione-resi-e-politica-sulla-privacy\\\/#breadcrumb\"},\"inLanguage\":\"it-IT\",\"potentialAction\":[{\"@type\":\"ReadAction\",\"target\":[\"https:\\\/\\\/jordhammock.com\\\/it\\\/spedizione-resi-e-politica-sulla-privacy\\\/\"]}]},{\"@type\":\"BreadcrumbList\",\"@id\":\"https:\\\/\\\/jordhammock.com\\\/it\\\/spedizione-resi-e-politica-sulla-privacy\\\/#breadcrumb\",\"itemListElement\":[{\"@type\":\"ListItem\",\"position\":1,\"name\":\"Home\",\"item\":\"https:\\\/\\\/jordhammock.com\\\/it\\\/\"},{\"@type\":\"ListItem\",\"position\":2,\"name\":\"Spedizione, Resi e Politica sulla Privacy\"}]},{\"@type\":\"WebSite\",\"@id\":\"https:\\\/\\\/jordhammock.com\\\/it\\\/#website\",\"url\":\"https:\\\/\\\/jordhammock.com\\\/it\\\/\",\"name\":\"Jord Hammock \u2013 The nordic hammock for tall people\",\"description\":\"Nordic hammock gear\",\"publisher\":{\"@id\":\"https:\\\/\\\/jordhammock.com\\\/it\\\/#organization\"},\"potentialAction\":[{\"@type\":\"SearchAction\",\"target\":{\"@type\":\"EntryPoint\",\"urlTemplate\":\"https:\\\/\\\/jordhammock.com\\\/it\\\/?s={search_term_string}\"},\"query-input\":{\"@type\":\"PropertyValueSpecification\",\"valueRequired\":true,\"valueName\":\"search_term_string\"}}],\"inLanguage\":\"it-IT\"},{\"@type\":\"Organization\",\"@id\":\"https:\\\/\\\/jordhammock.com\\\/it\\\/#organization\",\"name\":\"Jord Hammock\",\"url\":\"https:\\\/\\\/jordhammock.com\\\/it\\\/\",\"logo\":{\"@type\":\"ImageObject\",\"inLanguage\":\"it-IT\",\"@id\":\"https:\\\/\\\/jordhammock.com\\\/it\\\/#\\\/schema\\\/logo\\\/image\\\/\",\"url\":\"https:\\\/\\\/jordhammock.com\\\/wp-content\\\/uploads\\\/2025\\\/04\\\/cropped-jordlogo500.png\",\"contentUrl\":\"https:\\\/\\\/jordhammock.com\\\/wp-content\\\/uploads\\\/2025\\\/04\\\/cropped-jordlogo500.png\",\"width\":500,\"height\":300,\"caption\":\"Jord Hammock\"},\"image\":{\"@id\":\"https:\\\/\\\/jordhammock.com\\\/it\\\/#\\\/schema\\\/logo\\\/image\\\/\"},\"sameAs\":[\"https:\\\/\\\/www.facebook.com\\\/jordhammock\",\"https:\\\/\\\/www.instagram.com\\\/jordhammock\\\/\"]}]}<\/script>\n<!-- \/ Yoast SEO plugin. -->","yoast_head_json":{"title":"Spedizione, Resi e Politica sulla Privacy - Jord Hammock \u2013 The nordic hammock for tall people","robots":{"index":"index","follow":"follow","max-snippet":"max-snippet:-1","max-image-preview":"max-image-preview:large","max-video-preview":"max-video-preview:-1"},"canonical":"https:\/\/jordhammock.com\/it\/spedizione-resi-e-politica-sulla-privacy\/","og_locale":"it_IT","og_type":"article","og_title":"Spedizione, Resi e Politica sulla Privacy - Jord Hammock \u2013 The nordic hammock for tall people","og_description":"Spedizione, Pagamento e Privacy Ci piace mantenere le cose semplici:Crediamo che l&#8217;onest\u00e0, la comunicazione e il rispetto reciproco facciano strada - e che la vita sia troppo preziosa per essere noiosa. \ud83d\ude42 \u2713 Spediamo in tutti i paesi UE: Austria, Belgio, Bulgaria, Croazia, Cipro, Repubblica Ceca, Danimarca, Estonia, Finlandia, Francia, Germania, Grecia, Ungheria, Irlanda, Italia, [&hellip;]","og_url":"https:\/\/jordhammock.com\/it\/spedizione-resi-e-politica-sulla-privacy\/","og_site_name":"Jord Hammock \u2013 The nordic hammock for tall people","article_publisher":"https:\/\/www.facebook.com\/jordhammock","article_modified_time":"2025-05-14T09:23:44+00:00","og_image":[{"url":"https:\/\/jordhammock.com\/wp-content\/uploads\/2025\/04\/underquilt-hammock-solned-2025_1440.jpg","type":"","width":"","height":""}],"twitter_card":"summary_large_image","twitter_misc":{"Tempo di lettura stimato":"3 minuto"},"schema":{"@context":"https:\/\/schema.org","@graph":[{"@type":"WebPage","@id":"https:\/\/jordhammock.com\/it\/spedizione-resi-e-politica-sulla-privacy\/","url":"https:\/\/jordhammock.com\/it\/spedizione-resi-e-politica-sulla-privacy\/","name":"Spedizione, Resi e Politica sulla Privacy - Jord Hammock \u2013 The nordic hammock for tall people","isPartOf":{"@id":"https:\/\/jordhammock.com\/it\/#website"},"datePublished":"2025-05-13T12:10:27+00:00","dateModified":"2025-05-14T09:23:44+00:00","breadcrumb":{"@id":"https:\/\/jordhammock.com\/it\/spedizione-resi-e-politica-sulla-privacy\/#breadcrumb"},"inLanguage":"it-IT","potentialAction":[{"@type":"ReadAction","target":["https:\/\/jordhammock.com\/it\/spedizione-resi-e-politica-sulla-privacy\/"]}]},{"@type":"BreadcrumbList","@id":"https:\/\/jordhammock.com\/it\/spedizione-resi-e-politica-sulla-privacy\/#breadcrumb","itemListElement":[{"@type":"ListItem","position":1,"name":"Home","item":"https:\/\/jordhammock.com\/it\/"},{"@type":"ListItem","position":2,"name":"Spedizione, Resi e Politica sulla Privacy"}]},{"@type":"WebSite","@id":"https:\/\/jordhammock.com\/it\/#website","url":"https:\/\/jordhammock.com\/it\/","name":"Jord Hammock \u2013 The nordic hammock for tall people","description":"Nordic hammock gear","publisher":{"@id":"https:\/\/jordhammock.com\/it\/#organization"},"potentialAction":[{"@type":"SearchAction","target":{"@type":"EntryPoint","urlTemplate":"https:\/\/jordhammock.com\/it\/?s={search_term_string}"},"query-input":{"@type":"PropertyValueSpecification","valueRequired":true,"valueName":"search_term_string"}}],"inLanguage":"it-IT"},{"@type":"Organization","@id":"https:\/\/jordhammock.com\/it\/#organization","name":"Jord Hammock","url":"https:\/\/jordhammock.com\/it\/","logo":{"@type":"ImageObject","inLanguage":"it-IT","@id":"https:\/\/jordhammock.com\/it\/#\/schema\/logo\/image\/","url":"https:\/\/jordhammock.com\/wp-content\/uploads\/2025\/04\/cropped-jordlogo500.png","contentUrl":"https:\/\/jordhammock.com\/wp-content\/uploads\/2025\/04\/cropped-jordlogo500.png","width":500,"height":300,"caption":"Jord Hammock"},"image":{"@id":"https:\/\/jordhammock.com\/it\/#\/schema\/logo\/image\/"},"sameAs":["https:\/\/www.facebook.com\/jordhammock","https:\/\/www.instagram.com\/jordhammock\/"]}]}},"taxonomy_info":[],"featured_image_src_large":false,"author_info":{"display_name":"leon","author_link":"https:\/\/jordhammock.com\/it\/author\/leon\/"},"comment_info":0,"_links":{"self":[{"href":"https:\/\/jordhammock.com\/it\/wp-json\/wp\/v2\/pages\/911","targetHints":{"allow":["GET"]}}],"collection":[{"href":"https:\/\/jordhammock.com\/it\/wp-json\/wp\/v2\/pages"}],"about":[{"href":"https:\/\/jordhammock.com\/it\/wp-json\/wp\/v2\/types\/page"}],"author":[{"embeddable":true,"href":"https:\/\/jordhammock.com\/it\/wp-json\/wp\/v2\/users\/1"}],"replies":[{"embeddable":true,"href":"https:\/\/jordhammock.com\/it\/wp-json\/wp\/v2\/comments?post=911"}],"version-history":[{"count":1,"href":"https:\/\/jordhammock.com\/it\/wp-json\/wp\/v2\/pages\/911\/revisions"}],"predecessor-version":[{"id":912,"href":"https:\/\/jordhammock.com\/it\/wp-json\/wp\/v2\/pages\/911\/revisions\/912"}],"wp:attachment":[{"href":"https:\/\/jordhammock.com\/it\/wp-json\/wp\/v2\/media?parent=911"}],"curies":[{"name":"wp","href":"https:\/\/api.w.org\/{rel}","templated":true}]}}