{"id":880,"date":"2025-04-18T07:16:00","date_gmt":"2025-04-18T07:16:00","guid":{"rendered":"https:\/\/jordhammock.com\/shop\/kit-de-hamac-jord\/"},"modified":"2025-12-22T18:27:08","modified_gmt":"2025-12-22T18:27:08","slug":"hammock-kit","status":"publish","type":"product","link":"https:\/\/jordhammock.com\/fr\/shop\/hammock-kit\/","title":{"rendered":"Kit de Hamac Jord"},"content":{"rendered":"\n<p>Tout ce dont vous avez besoin pour un s\u00e9jour parfait en for\u00eat \u2013 \u00e0 un prix exceptionnel !<\/p>\n\n<p>J&rsquo;appr\u00e9cie particuli\u00e8rement un kit de hamac complet \u2013 un ensemble int\u00e9gral qui fonctionne parfaitement, vous permettant ainsi de vous suspendre entre les arbres sans vous soucier de l&rsquo;agencement des diff\u00e9rents \u00e9l\u00e9ments. Le <strong>Kit de Hamac Jord<\/strong> est pr\u00e9cis\u00e9ment cela : un hamac avec son syst\u00e8me de suspension, une b\u00e2che, et un sous-couvre-lit \u2013 le tout dans un ensemble harmonieux. <\/p>\n\n<p>Afin de l&rsquo;adapter \u00e0 vos besoins sp\u00e9cifiques, vous avez la possibilit\u00e9 de choisir entre une grande ou une petite b\u00e2che, et de s\u00e9lectionner le niveau de chaleur du sous-couvre-lit qui convient \u00e0 votre saison et \u00e0 votre style. Vous pouvez m\u00eame ajouter un sur-couvre-lit pour obtenir un syst\u00e8me de couchage en hamac complet qui vous accompagnera pendant de nombreuses ann\u00e9es. <\/p>\n\n<p>Tout ce dont vous avez besoin, en un seul endroit \u2013 pr\u00eat pour des nuits spontan\u00e9es dans la nature. Avec un \u00e9quipement d&rsquo;une telle qualit\u00e9, l&rsquo;appel de la for\u00eat se fait plus pressant, et l&rsquo;utilisation du hamac devient sans effort et invitante. <\/p>\n\n<p>Imaginez la sc\u00e8ne : le vent murmurant \u00e0 travers les arbres, le froid tenu \u00e0 distance, et vous, envelopp\u00e9 dans la s\u00e9r\u00e9nit\u00e9. Votre hamac vous berce, votre sous-couvre-lit vous r\u00e9chauffe, votre b\u00e2che vous prot\u00e8ge. Apportez votre ancien sac de couchage \u2013 ou ajoutez un sur-couvre-lit \u2013 pour une exp\u00e9rience v\u00e9ritablement luxueuse.  <\/p>\n\n<p>Le repos en for\u00eat devient un pur d\u00e9lice, que la pluie tombe ou que les \u00e9toiles brillent.<\/p>\n\n<p>Le kit comprend tous les \u00e9l\u00e9ments essentiels. La b\u00e2che, le sous-couvre-lit et le sur-couvre-lit sont personnalisables selon vos pr\u00e9f\u00e9rences. Chaque kit est \u00e9galement fourni avec un sac Bishop.*  <\/p>\n\n<figure class=\"wp-block-image size-large\"><img loading=\"lazy\" decoding=\"async\" width=\"1280\" height=\"853\" src=\"https:\/\/jordhammock.com\/wp-content\/uploads\/2025\/04\/hammock-hanna-solned_1440-1280x853.jpg\" alt=\"\" class=\"wp-image-317\" srcset=\"https:\/\/jordhammock.com\/wp-content\/uploads\/2025\/04\/hammock-hanna-solned_1440-1280x853.jpg 1280w, https:\/\/jordhammock.com\/wp-content\/uploads\/2025\/04\/hammock-hanna-solned_1440-800x533.jpg 800w, https:\/\/jordhammock.com\/wp-content\/uploads\/2025\/04\/hammock-hanna-solned_1440-768x512.jpg 768w, https:\/\/jordhammock.com\/wp-content\/uploads\/2025\/04\/hammock-hanna-solned_1440-990x660.jpg 990w, https:\/\/jordhammock.com\/wp-content\/uploads\/2025\/04\/hammock-hanna-solned_1440-441x294.jpg 441w, https:\/\/jordhammock.com\/wp-content\/uploads\/2025\/04\/hammock-hanna-solned_1440.jpg 1440w\" sizes=\"auto, (max-width: 1280px) 100vw, 1280px\" \/><\/figure>\n\n<h4 class=\"wp-block-heading\">Le Hamac \u2013 Votre Place Parmi les Arbres<\/h4>\n\n<p>Le <strong><a href=\"https:\/\/jordhammock.com\/butik\/momo-jord-hammock\/\" data-type=\"product\" data-id=\"265371\">Hamac Jord<\/a><\/strong> est le c\u0153ur du kit - assez spacieux pour s&rsquo;\u00e9tirer, assez l\u00e9ger pour \u00eatre transport\u00e9 \u00e0 travers les montagnes. Je l&rsquo;ai con\u00e7u pour les nuits nordiques, avec une moustiquaire int\u00e9gr\u00e9e pour \u00e9loigner les insectes et une sensation de libert\u00e9 in\u00e9gal\u00e9e. C&rsquo;est ma fa\u00e7on pr\u00e9f\u00e9r\u00e9e de dormir en plein air - facile \u00e0 installer et plus confortable que la plupart des lits.<\/p>\n\n<h4 class=\"wp-block-heading\">Le Sous-Couvre-Lit \u2013 Chaleur Par-Dessous<\/h4>\n\n<p>Le <strong><a href=\"https:\/\/jordhammock.com\/shop\/uq\/\" data-type=\"product\" data-id=\"265410\">Sous-couvert Jord<\/a><\/strong> emp\u00eache le froid de s&rsquo;infiltrer par en dessous. Il enveloppe ton hamac comme une \u00e9treinte chaleureuse, rendant chaque nuit reposante et douillette. Je l&rsquo;ai utilis\u00e9 dans des clairi\u00e8res glaciales - il est moelleux, simple et essentiel pour un sommeil de qualit\u00e9. Choisis entre Plume L\u00e9g\u00e8re 300, Paix Foresti\u00e8re 500 ou Repos Hivernal 800 selon ta chaleur corporelle et la l\u00e9g\u00e8ret\u00e9 que tu souhaites pour ton sac.<\/p>\n\n<h4 class=\"wp-block-heading\">La B\u00e2che \u2013 Protection Contre la Pluie, le Soleil et le Vent<\/h4>\n\n<p>La <a href=\"https:\/\/jordhammock.com\/butik\/momo-jord-asym-tarp-latt-enkel-med-utsikt\/\" data-type=\"product\" data-id=\"384707\"><strong>B\u00e2che Jord<\/strong><\/a> te garde au sec et \u00e0 l&rsquo;abri, tout en te permettant de profiter de la vue sur la for\u00eat. Elle est facile \u00e0 installer et assez solide pour r\u00e9sister aux temp\u00eates nordiques - je lui ai fait confiance dans les vents sauvages du H\u00e4lsingland et suis rest\u00e9 au sec pendant les averses. Opte pour une b\u00e2che asym\u00e9trique plus l\u00e9g\u00e8re pour une couverture minimale, ou choisis une grande b\u00e2che rectangulaire pour une protection compl\u00e8te et de l&rsquo;espace pour ton \u00e9quipement.<\/p>\n\n<h4 class=\"wp-block-heading\">Le Sur-Couvre-Lit \u2013 La Couverture Douillette de Votre Hamac<\/h4>\n\n<p>Le <strong><a href=\"https:\/\/jordhammock.com\/fr\/shop\/jord-topquilt\/\" data-type=\"product\" data-id=\"384740\">Surquilt Jord<\/a><\/strong> est la solution quand tu en as assez de lutter avec les fermetures \u00e9clair et les sacs de couchage momie trop serr\u00e9s. Un surquilt est une couverture chaude et moelleuse con\u00e7ue pour les hamacs - plus simple, plus confortable et tellement plus facile. Glisse-toi simplement dedans et laisse-toi emporter par le confort.<\/p>\n\n<p>*<em>Pour les passionn\u00e9s de hamacs :<\/em> J&rsquo;avais pr\u00e9vu d&rsquo;inclure un sac Bishop surdimensionn\u00e9 capable de contenir l&rsquo;ensemble du kit. Malheureusement, en raison d&rsquo;un malentendu avec le fournisseur, nos sacs Bishop ne sont pas tout \u00e0 fait XL. Vous pouvez y ranger le hamac et le sous-couvre-lit (jusqu&rsquo;au mod\u00e8le 500) sans rien retirer, mais c&rsquo;est serr\u00e9 \u2013 et il n&rsquo;y a pas de place pour la b\u00e2che, le sur-couvre-lit ou le Winter Rest. N\u00e9anmoins, il s&rsquo;agit probablement du plus grand sac Bishop que vous puissiez acheter et il contribue \u00e0 simplifier votre installation.   <\/p>\n\n<figure class=\"wp-block-image size-large\"><img decoding=\"async\" src=\"https:\/\/jordhammock.com\/wp-content\/uploads\/2025\/03\/asymtarp_1280-1080x810.jpg\" alt=\"B&#xE2;che asym&#xE9;trique Jord install&#xE9;e en for&#xEA;t\" class=\"wp-image-384728\"\/><\/figure>\n","protected":false},"excerpt":{"rendered":"<p>Tout ce dont vous avez besoin pour un s\u00e9jour parfait en for\u00eat \u2013 \u00e0 un prix exceptionnel ! J&rsquo;appr\u00e9cie particuli\u00e8rement un kit de hamac complet \u2013 un ensemble int\u00e9gral qui fonctionne parfaitement, vous permettant ainsi de vous suspendre entre les arbres sans vous soucier de l&rsquo;agencement des diff\u00e9rents \u00e9l\u00e9ments. Le Kit de Hamac Jord est [&hellip;]<\/p>\n","protected":false},"featured_media":738,"comment_status":"open","ping_status":"closed","template":"","meta":{"_kad_blocks_custom_css":"","_kad_blocks_head_custom_js":"","_kad_blocks_body_custom_js":"","_kad_blocks_footer_custom_js":""},"product_brand":[18],"product_cat":[38],"product_tag":[],"class_list":{"0":"post-880","1":"product","2":"type-product","3":"status-publish","4":"has-post-thumbnail","6":"product_brand-jord","7":"product_cat-equipement-pour-hamac","9":"first","10":"outofstock","11":"featured","12":"taxable","13":"shipping-taxable","14":"purchasable","15":"product-type-composite"},"yoast_head":"<!-- This site is optimized with the Yoast SEO plugin v27.4 - https:\/\/yoast.com\/product\/yoast-seo-wordpress\/ -->\n<title>Kit de Hamac Jord - Jord Hammock \u2013 The nordic hammock for tall people<\/title>\n<meta name=\"robots\" content=\"index, follow, max-snippet:-1, max-image-preview:large, max-video-preview:-1\" \/>\n<link rel=\"canonical\" href=\"https:\/\/jordhammock.com\/fr\/shop\/hammock-kit\/\" \/>\n<meta property=\"og:locale\" content=\"fr_FR\" \/>\n<meta property=\"og:type\" content=\"article\" \/>\n<meta property=\"og:title\" content=\"Kit de Hamac Jord - Jord Hammock \u2013 The nordic hammock for tall people\" \/>\n<meta property=\"og:description\" content=\"Tout ce dont vous avez besoin pour un s\u00e9jour parfait en for\u00eat \u2013 \u00e0 un prix exceptionnel ! J&rsquo;appr\u00e9cie particuli\u00e8rement un kit de hamac complet \u2013 un ensemble int\u00e9gral qui fonctionne parfaitement, vous permettant ainsi de vous suspendre entre les arbres sans vous soucier de l&rsquo;agencement des diff\u00e9rents \u00e9l\u00e9ments. Le Kit de Hamac Jord est [&hellip;]\" \/>\n<meta property=\"og:url\" content=\"https:\/\/jordhammock.com\/fr\/shop\/hammock-kit\/\" \/>\n<meta property=\"og:site_name\" content=\"Jord Hammock \u2013 The nordic hammock for tall people\" \/>\n<meta property=\"article:publisher\" content=\"https:\/\/www.facebook.com\/jordhammock\" \/>\n<meta property=\"article:modified_time\" content=\"2025-12-22T18:27:08+00:00\" \/>\n<meta property=\"og:image\" content=\"https:\/\/jordhammock.com\/wp-content\/uploads\/2025\/04\/hammock-hanna-solned_1440.jpg\" \/>\n\t<meta property=\"og:image:width\" content=\"1440\" \/>\n\t<meta property=\"og:image:height\" content=\"960\" \/>\n\t<meta property=\"og:image:type\" content=\"image\/jpeg\" \/>\n<meta name=\"twitter:card\" content=\"summary_large_image\" \/>\n<meta name=\"twitter:label1\" content=\"Prix\" \/>\n\t<meta name=\"twitter:data1\" content=\"159,00&nbsp;&euro;\" \/>\n\t<meta name=\"twitter:label2\" content=\"Disponibilit\u00e9\" \/>\n\t<meta name=\"twitter:data2\" content=\"Rupture de stock\" \/>\n<script type=\"application\/ld+json\" class=\"yoast-schema-graph\">{\"@context\":\"https:\\\/\\\/schema.org\",\"@graph\":[{\"@type\":\"WebPage\",\"@id\":\"https:\\\/\\\/jordhammock.com\\\/fr\\\/shop\\\/hammock-kit\\\/\",\"url\":\"https:\\\/\\\/jordhammock.com\\\/fr\\\/shop\\\/hammock-kit\\\/\",\"name\":\"Kit de Hamac Jord - Jord Hammock \u2013 The nordic hammock for tall people\",\"isPartOf\":{\"@id\":\"https:\\\/\\\/jordhammock.com\\\/fr\\\/#website\"},\"primaryImageOfPage\":{\"@id\":\"https:\\\/\\\/jordhammock.com\\\/fr\\\/shop\\\/hammock-kit\\\/#primaryimage\"},\"image\":{\"@id\":\"https:\\\/\\\/jordhammock.com\\\/fr\\\/shop\\\/hammock-kit\\\/#primaryimage\"},\"thumbnailUrl\":\"https:\\\/\\\/jordhammock.com\\\/wp-content\\\/uploads\\\/2025\\\/04\\\/hammock-hanna-solned_1440.jpg\",\"datePublished\":\"2025-04-18T07:16:00+00:00\",\"dateModified\":\"2025-12-22T18:27:08+00:00\",\"breadcrumb\":{\"@id\":\"https:\\\/\\\/jordhammock.com\\\/fr\\\/shop\\\/hammock-kit\\\/#breadcrumb\"},\"inLanguage\":\"fr-FR\",\"potentialAction\":[{\"@type\":\"ReadAction\",\"target\":[\"https:\\\/\\\/jordhammock.com\\\/fr\\\/shop\\\/hammock-kit\\\/\"]}]},{\"@type\":\"ImageObject\",\"inLanguage\":\"fr-FR\",\"@id\":\"https:\\\/\\\/jordhammock.com\\\/fr\\\/shop\\\/hammock-kit\\\/#primaryimage\",\"url\":\"https:\\\/\\\/jordhammock.com\\\/wp-content\\\/uploads\\\/2025\\\/04\\\/hammock-hanna-solned_1440.jpg\",\"contentUrl\":\"https:\\\/\\\/jordhammock.com\\\/wp-content\\\/uploads\\\/2025\\\/04\\\/hammock-hanna-solned_1440.jpg\",\"width\":1440,\"height\":960},{\"@type\":\"BreadcrumbList\",\"@id\":\"https:\\\/\\\/jordhammock.com\\\/fr\\\/shop\\\/hammock-kit\\\/#breadcrumb\",\"itemListElement\":[{\"@type\":\"ListItem\",\"position\":1,\"name\":\"Home\",\"item\":\"https:\\\/\\\/jordhammock.com\\\/fr\\\/\"},{\"@type\":\"ListItem\",\"position\":2,\"name\":\"Boutique\",\"item\":\"https:\\\/\\\/jordhammock.com\\\/fr\\\/boutique\\\/\"},{\"@type\":\"ListItem\",\"position\":3,\"name\":\"Kit de Hamac Jord\"}]},{\"@type\":\"WebSite\",\"@id\":\"https:\\\/\\\/jordhammock.com\\\/fr\\\/#website\",\"url\":\"https:\\\/\\\/jordhammock.com\\\/fr\\\/\",\"name\":\"Jord Hammock \u2013 The nordic hammock for tall people\",\"description\":\"Nordic hammock gear\",\"publisher\":{\"@id\":\"https:\\\/\\\/jordhammock.com\\\/fr\\\/#organization\"},\"potentialAction\":[{\"@type\":\"SearchAction\",\"target\":{\"@type\":\"EntryPoint\",\"urlTemplate\":\"https:\\\/\\\/jordhammock.com\\\/fr\\\/?s={search_term_string}\"},\"query-input\":{\"@type\":\"PropertyValueSpecification\",\"valueRequired\":true,\"valueName\":\"search_term_string\"}}],\"inLanguage\":\"fr-FR\"},{\"@type\":\"Organization\",\"@id\":\"https:\\\/\\\/jordhammock.com\\\/fr\\\/#organization\",\"name\":\"Jord Hammock\",\"url\":\"https:\\\/\\\/jordhammock.com\\\/fr\\\/\",\"logo\":{\"@type\":\"ImageObject\",\"inLanguage\":\"fr-FR\",\"@id\":\"https:\\\/\\\/jordhammock.com\\\/fr\\\/#\\\/schema\\\/logo\\\/image\\\/\",\"url\":\"https:\\\/\\\/jordhammock.com\\\/wp-content\\\/uploads\\\/2025\\\/04\\\/cropped-jordlogo500.png\",\"contentUrl\":\"https:\\\/\\\/jordhammock.com\\\/wp-content\\\/uploads\\\/2025\\\/04\\\/cropped-jordlogo500.png\",\"width\":500,\"height\":300,\"caption\":\"Jord Hammock\"},\"image\":{\"@id\":\"https:\\\/\\\/jordhammock.com\\\/fr\\\/#\\\/schema\\\/logo\\\/image\\\/\"},\"sameAs\":[\"https:\\\/\\\/www.facebook.com\\\/jordhammock\",\"https:\\\/\\\/www.instagram.com\\\/jordhammock\\\/\"]}]}<\/script>\n<meta property=\"product:price:amount\" content=\"159.00\" \/>\n<meta property=\"product:price:currency\" content=\"EUR\" \/>\n<meta property=\"og:availability\" content=\"out of stock\" \/>\n<meta property=\"product:availability\" content=\"out of stock\" \/>\n<meta property=\"product:retailer_item_id\" content=\"HAMMOCKKIT\" \/>\n<meta property=\"product:condition\" content=\"new\" \/>\n<!-- \/ Yoast SEO plugin. -->","yoast_head_json":{"title":"Kit de Hamac Jord - Jord Hammock \u2013 The nordic hammock for tall people","robots":{"index":"index","follow":"follow","max-snippet":"max-snippet:-1","max-image-preview":"max-image-preview:large","max-video-preview":"max-video-preview:-1"},"canonical":"https:\/\/jordhammock.com\/fr\/shop\/hammock-kit\/","og_locale":"fr_FR","og_type":"article","og_title":"Kit de Hamac Jord - Jord Hammock \u2013 The nordic hammock for tall people","og_description":"Tout ce dont vous avez besoin pour un s\u00e9jour parfait en for\u00eat \u2013 \u00e0 un prix exceptionnel ! J&rsquo;appr\u00e9cie particuli\u00e8rement un kit de hamac complet \u2013 un ensemble int\u00e9gral qui fonctionne parfaitement, vous permettant ainsi de vous suspendre entre les arbres sans vous soucier de l&rsquo;agencement des diff\u00e9rents \u00e9l\u00e9ments. Le Kit de Hamac Jord est [&hellip;]","og_url":"https:\/\/jordhammock.com\/fr\/shop\/hammock-kit\/","og_site_name":"Jord Hammock \u2013 The nordic hammock for tall people","article_publisher":"https:\/\/www.facebook.com\/jordhammock","article_modified_time":"2025-12-22T18:27:08+00:00","og_image":[{"width":1440,"height":960,"url":"https:\/\/jordhammock.com\/wp-content\/uploads\/2025\/04\/hammock-hanna-solned_1440.jpg","type":"image\/jpeg"}],"twitter_card":"summary_large_image","twitter_misc":{"Prix":"159,00&nbsp;&euro;","Disponibilit\u00e9":"Rupture de stock"},"schema":{"@context":"https:\/\/schema.org","@graph":[{"@type":"WebPage","@id":"https:\/\/jordhammock.com\/fr\/shop\/hammock-kit\/","url":"https:\/\/jordhammock.com\/fr\/shop\/hammock-kit\/","name":"Kit de Hamac Jord - Jord Hammock \u2013 The nordic hammock for tall people","isPartOf":{"@id":"https:\/\/jordhammock.com\/fr\/#website"},"primaryImageOfPage":{"@id":"https:\/\/jordhammock.com\/fr\/shop\/hammock-kit\/#primaryimage"},"image":{"@id":"https:\/\/jordhammock.com\/fr\/shop\/hammock-kit\/#primaryimage"},"thumbnailUrl":"https:\/\/jordhammock.com\/wp-content\/uploads\/2025\/04\/hammock-hanna-solned_1440.jpg","datePublished":"2025-04-18T07:16:00+00:00","dateModified":"2025-12-22T18:27:08+00:00","breadcrumb":{"@id":"https:\/\/jordhammock.com\/fr\/shop\/hammock-kit\/#breadcrumb"},"inLanguage":"fr-FR","potentialAction":[{"@type":"ReadAction","target":["https:\/\/jordhammock.com\/fr\/shop\/hammock-kit\/"]}]},{"@type":"ImageObject","inLanguage":"fr-FR","@id":"https:\/\/jordhammock.com\/fr\/shop\/hammock-kit\/#primaryimage","url":"https:\/\/jordhammock.com\/wp-content\/uploads\/2025\/04\/hammock-hanna-solned_1440.jpg","contentUrl":"https:\/\/jordhammock.com\/wp-content\/uploads\/2025\/04\/hammock-hanna-solned_1440.jpg","width":1440,"height":960},{"@type":"BreadcrumbList","@id":"https:\/\/jordhammock.com\/fr\/shop\/hammock-kit\/#breadcrumb","itemListElement":[{"@type":"ListItem","position":1,"name":"Home","item":"https:\/\/jordhammock.com\/fr\/"},{"@type":"ListItem","position":2,"name":"Boutique","item":"https:\/\/jordhammock.com\/fr\/boutique\/"},{"@type":"ListItem","position":3,"name":"Kit de Hamac Jord"}]},{"@type":"WebSite","@id":"https:\/\/jordhammock.com\/fr\/#website","url":"https:\/\/jordhammock.com\/fr\/","name":"Jord Hammock \u2013 The nordic hammock for tall people","description":"Nordic hammock gear","publisher":{"@id":"https:\/\/jordhammock.com\/fr\/#organization"},"potentialAction":[{"@type":"SearchAction","target":{"@type":"EntryPoint","urlTemplate":"https:\/\/jordhammock.com\/fr\/?s={search_term_string}"},"query-input":{"@type":"PropertyValueSpecification","valueRequired":true,"valueName":"search_term_string"}}],"inLanguage":"fr-FR"},{"@type":"Organization","@id":"https:\/\/jordhammock.com\/fr\/#organization","name":"Jord Hammock","url":"https:\/\/jordhammock.com\/fr\/","logo":{"@type":"ImageObject","inLanguage":"fr-FR","@id":"https:\/\/jordhammock.com\/fr\/#\/schema\/logo\/image\/","url":"https:\/\/jordhammock.com\/wp-content\/uploads\/2025\/04\/cropped-jordlogo500.png","contentUrl":"https:\/\/jordhammock.com\/wp-content\/uploads\/2025\/04\/cropped-jordlogo500.png","width":500,"height":300,"caption":"Jord Hammock"},"image":{"@id":"https:\/\/jordhammock.com\/fr\/#\/schema\/logo\/image\/"},"sameAs":["https:\/\/www.facebook.com\/jordhammock","https:\/\/www.instagram.com\/jordhammock\/"]}]},"product_price_amount":"159.00","product_price_currency":"EUR","og_availability":"out of stock","product_availability":"out of stock","product_retailer_item_id":"HAMMOCKKIT","product_condition":"new"},"taxonomy_info":{"product_brand":[{"value":18,"label":"Jord"}],"product_cat":[{"value":38,"label":"\u00c9quipement pour hamac"}]},"featured_image_src_large":["https:\/\/jordhammock.com\/wp-content\/uploads\/2025\/04\/hammock-hanna-solned_1440-1280x853.jpg",1170,780,true],"author_info":[],"comment_info":0,"_links":{"self":[{"href":"https:\/\/jordhammock.com\/fr\/wp-json\/wp\/v2\/product\/880","targetHints":{"allow":["GET"]}}],"collection":[{"href":"https:\/\/jordhammock.com\/fr\/wp-json\/wp\/v2\/product"}],"about":[{"href":"https:\/\/jordhammock.com\/fr\/wp-json\/wp\/v2\/types\/product"}],"replies":[{"embeddable":true,"href":"https:\/\/jordhammock.com\/fr\/wp-json\/wp\/v2\/comments?post=880"}],"wp:featuredmedia":[{"embeddable":true,"href":"https:\/\/jordhammock.com\/fr\/wp-json\/wp\/v2\/media\/738"}],"wp:attachment":[{"href":"https:\/\/jordhammock.com\/fr\/wp-json\/wp\/v2\/media?parent=880"}],"wp:term":[{"taxonomy":"product_brand","embeddable":true,"href":"https:\/\/jordhammock.com\/fr\/wp-json\/wp\/v2\/product_brand?post=880"},{"taxonomy":"product_cat","embeddable":true,"href":"https:\/\/jordhammock.com\/fr\/wp-json\/wp\/v2\/product_cat?post=880"},{"taxonomy":"product_tag","embeddable":true,"href":"https:\/\/jordhammock.com\/fr\/wp-json\/wp\/v2\/product_tag?post=880"}],"curies":[{"name":"wp","href":"https:\/\/api.w.org\/{rel}","templated":true}]}}