{"id":849,"date":"2025-05-13T12:10:27","date_gmt":"2025-05-13T12:10:27","guid":{"rendered":"https:\/\/jordhammock.com\/expedition-retours-et-politique-de-confidentialite\/"},"modified":"2025-05-13T14:41:18","modified_gmt":"2025-05-13T14:41:18","slug":"expedition-retours-et-politique-de-confidentialite","status":"publish","type":"page","link":"https:\/\/jordhammock.com\/fr\/expedition-retours-et-politique-de-confidentialite\/","title":{"rendered":"Exp\u00e9dition, retours et politique de confidentialit\u00e9"},"content":{"rendered":"\n<p><strong>Exp\u00e9dition, paiement et confidentialit\u00e9<\/strong><\/p>\n\n<p>Nous aimons garder les choses simples :<br\/>Nous croyons que l&rsquo;honn\u00eatet\u00e9, la communication et le respect mutuel sont essentiels - et que la vie est trop pr\u00e9cieuse pour \u00eatre ennuyeuse. \ud83d\ude42<\/p>\n\n<p>\u2713 Nous exp\u00e9dions vers tous les pays de l&rsquo;UE : Autriche, Belgique, Bulgarie, Croatie, Chypre, R\u00e9publique tch\u00e8que, Danemark, Estonie, Finlande, France, Allemagne, Gr\u00e8ce, Hongrie, Irlande, Italie, Lettonie, Lituanie, Luxembourg, Malte, Pays-Bas, Pologne, Portugal, Roumanie, Slovaquie, Slov\u00e9nie et Espagne. (Su\u00e9dois - rendez-vous sur <a href=\"https:\/\/www.momojord.se\">momojord.se<\/a>) <\/p>\n\n<p>\u2713 Livraison gratuite \u00e0 partir de 250 \u20ac.<\/p>\n\n<p>\u2713 Les commandes sont emball\u00e9es et exp\u00e9di\u00e9es 2 \u00e0 3 fois par semaine, g\u00e9n\u00e9ralement les lundis, mercredis et vendredis. Nous exp\u00e9dions avec Schenker. Le d\u00e9lai de livraison est g\u00e9n\u00e9ralement d&rsquo;environ 1 semaine \u00e0 partir de l&rsquo;exp\u00e9dition (selon votre pays).  <\/p>\n\n<p>\u2713 Il nous arrive parfois d&rsquo;\u00eatre en aventure. Ou simplement de nous d\u00e9tendre pr\u00e8s d&rsquo;un des lacs forestiers pr\u00e8s de chez nous. Cela signifie que nous ne pr\u00e9parons pas forc\u00e9ment des commandes chaque jour. Donc, m\u00eame si les choses se d\u00e9roulent g\u00e9n\u00e9ralement rapidement, il peut parfois y avoir un petit d\u00e9lai suppl\u00e9mentaire. Nous croyons aussi qu&rsquo;il faut savoir vivre un peu \ud83d\ude42    <\/p>\n\n<p>\u2713 Les colis non r\u00e9clam\u00e9s feront l&rsquo;objet de frais de restockage de 50 \u20ac, qui seront d\u00e9duits de votre remboursement. (Un colis non r\u00e9clam\u00e9 nous co\u00fbte plus que cela, donc c&rsquo;est \u00e9quitable.) <\/p>\n\n<p>\u2713 Les paiements sont g\u00e9r\u00e9s via Stripe (paiement s\u00e9curis\u00e9 par carte). Votre paiement est crypt\u00e9 et trait\u00e9 directement par Stripe - nous ne voyons ni ne stockons jamais les d\u00e9tails de votre carte. <\/p>\n\n<p>\u2713 Vous disposez d&rsquo;une fen\u00eatre de retour de 30 jours. Si vous n&rsquo;\u00eates pas satisfait de votre achat, vous pouvez le retourner dans les 30 jours suivant sa r\u00e9ception pour un remboursement ou un \u00e9change. En tant que client, vous \u00eates responsable des frais de retour et devez vous assurer que le colis nous parvienne en toute s\u00e9curit\u00e9.  <\/p>\n\n<p>Adresse de retour : Momo Jord AB, \u00d6ver\u00e4lve 53, 82793 Ljusdal, SU\u00c8DE<\/p>\n\n<p>Les articles doivent \u00eatre inutilis\u00e9s et dans un \u00e9tat vendable pour un remboursement int\u00e9gral (sinon, nous risquons de nous retrouver avec un entrep\u00f4t rempli d&rsquo;\u00e9quipements invendables).<\/p>\n\n<p>Nous effectuons les remboursements une fois que nous avons re\u00e7u les articles retourn\u00e9s. Veuillez noter que les frais d&rsquo;exp\u00e9dition initiaux ne sont pas remboursables. <\/p>\n\n<p>Besoin de retourner quelque chose apr\u00e8s 30 jours ? Ce n&rsquo;est g\u00e9n\u00e9ralement pas un probl\u00e8me - contactez-nous simplement et nous trouverons une solution. <\/p>\n\n<p><strong>Une promesse de bienveillance<\/strong><\/p>\n\n<p>Nous aspirons \u00e0 \u00eatre bienveillants. Vraiment. Nous ne pourrions pas vivre avec nous-m\u00eames si nous g\u00e9rions une entreprise qui laissait les gens d\u00e9\u00e7us. Nous voulons cr\u00e9er de belles choses qui pourraient vous inspirer \u00e0 faire de m\u00eame. Si nous commettons une erreur, nous la corrigerons. Si quelque chose s&rsquo;est mal pass\u00e9 ind\u00e9pendamment de notre volont\u00e9, nous ferons de notre mieux pour y rem\u00e9dier. Un service exceptionnel n&rsquo;est pas un mot \u00e0 la mode pour nous - c&rsquo;est notre fa\u00e7on naturelle d&rsquo;agir. Nous sommes simplement des gens ordinaires avec des vies et des responsabilit\u00e9s, mais nous ferons toujours de notre mieux pour rendre ce monde un endroit l\u00e9g\u00e8rement meilleur et plus agr\u00e9able.       <\/p>\n\n<p>Cela dit - nous ne gaspillons pas d&rsquo;\u00e9nergie avec quiconque essaie de profiter de nous. (C&rsquo;est arriv\u00e9 une ou deux fois au fil des ans - mais il y a de fortes chances que ce ne soit pas vous. \ud83d\ude0a) <\/p>\n\n<p><strong>Politique de confidentialit\u00e9 et de cookies<\/strong><\/p>\n\n<p>Nous prenons soin de vos donn\u00e9es et ne les partageons avec personne d&rsquo;non autoris\u00e9. Pour g\u00e9rer la boutique, nous collectons certaines informations : nous sauvegardons vos coordonn\u00e9es dans notre base de donn\u00e9es clients pour vous reconna\u00eetre lors de futures commandes et vous aider avec l&rsquo;historique des commandes. Aucune information de paiement n&rsquo;est stock\u00e9e sur notre serveur - cela est g\u00e9r\u00e9 de mani\u00e8re s\u00e9curis\u00e9e par nos prestataires de paiement.  <\/p>\n\n<p>Nous recevons \u00e9galement des donn\u00e9es anonymes (via Google Analytics) de votre navigateur, comme l&rsquo;adresse IP, les d\u00e9tails du logiciel\/mat\u00e9riel et la page que vous avez visit\u00e9e. Nous utilisons \u00e9galement Facebook Pixel. <\/p>\n\n<p>Nous promettons de ne pas vous spammer ni de faire quoi que ce soit de louche avec vos donn\u00e9es. Nous sommes les seuls propri\u00e9taires des informations collect\u00e9es sur ce site et nous ne les vendrons ni ne les partagerons jamais avec des tiers. Apr\u00e8s avoir pass\u00e9 une commande, vous pourriez recevoir un e-mail de suivi vous demandant un avis quelques mois plus tard. Sinon, vous n&rsquo;entendrez parler de nous que si vous vous abonnez \u00e0 notre newsletter - ou lorsque vous reviendrez faire des achats.   <\/p>\n\n<p>Nous utilisons des cookies pour que tout fonctionne harmonieusement. En utilisant jordhammock.com, vous acceptez cela (RGPD et tout le reste). <\/p>\n\n<p>jordhammock.com est exploit\u00e9 par Momo Jord AB, \u00d6ver\u00e4lve 53, 827 93 Ljusdal, Su\u00e8de. Num\u00e9ro d&rsquo;organisation.  559157-8421. Num\u00e9ro de TVA SE559157842101<\/p>\n","protected":false},"excerpt":{"rendered":"<p>Exp\u00e9dition, paiement et confidentialit\u00e9 Nous aimons garder les choses simples :Nous croyons que l&rsquo;honn\u00eatet\u00e9, la communication et le respect mutuel sont essentiels - et que la vie est trop pr\u00e9cieuse pour \u00eatre ennuyeuse. \ud83d\ude42 \u2713 Nous exp\u00e9dions vers tous les pays de l&rsquo;UE : Autriche, Belgique, Bulgarie, Croatie, Chypre, R\u00e9publique tch\u00e8que, Danemark, Estonie, Finlande, France, [&hellip;]<\/p>\n","protected":false},"author":1,"featured_media":0,"parent":0,"menu_order":0,"comment_status":"closed","ping_status":"closed","template":"","meta":{"_kad_blocks_custom_css":"","_kad_blocks_head_custom_js":"","_kad_blocks_body_custom_js":"","_kad_blocks_footer_custom_js":"","footnotes":""},"class_list":["post-849","page","type-page","status-publish","hentry"],"yoast_head":"<!-- This site is optimized with the Yoast SEO plugin v27.4 - https:\/\/yoast.com\/product\/yoast-seo-wordpress\/ -->\n<title>Exp\u00e9dition, retours et politique de confidentialit\u00e9 - Jord Hammock \u2013 The nordic hammock for tall people<\/title>\n<meta name=\"robots\" content=\"index, follow, max-snippet:-1, max-image-preview:large, max-video-preview:-1\" \/>\n<link rel=\"canonical\" href=\"https:\/\/jordhammock.com\/fr\/expedition-retours-et-politique-de-confidentialite\/\" \/>\n<meta property=\"og:locale\" content=\"fr_FR\" \/>\n<meta property=\"og:type\" content=\"article\" \/>\n<meta property=\"og:title\" content=\"Exp\u00e9dition, retours et politique de confidentialit\u00e9 - Jord Hammock \u2013 The nordic hammock for tall people\" \/>\n<meta property=\"og:description\" content=\"Exp\u00e9dition, paiement et confidentialit\u00e9 Nous aimons garder les choses simples :Nous croyons que l&rsquo;honn\u00eatet\u00e9, la communication et le respect mutuel sont essentiels - et que la vie est trop pr\u00e9cieuse pour \u00eatre ennuyeuse. \ud83d\ude42 \u2713 Nous exp\u00e9dions vers tous les pays de l&rsquo;UE : Autriche, Belgique, Bulgarie, Croatie, Chypre, R\u00e9publique tch\u00e8que, Danemark, Estonie, Finlande, France, [&hellip;]\" \/>\n<meta property=\"og:url\" content=\"https:\/\/jordhammock.com\/fr\/expedition-retours-et-politique-de-confidentialite\/\" \/>\n<meta property=\"og:site_name\" content=\"Jord Hammock \u2013 The nordic hammock for tall people\" \/>\n<meta property=\"article:publisher\" content=\"https:\/\/www.facebook.com\/jordhammock\" \/>\n<meta property=\"article:modified_time\" content=\"2025-05-13T14:41:18+00:00\" \/>\n<meta property=\"og:image\" content=\"https:\/\/jordhammock.com\/wp-content\/uploads\/2025\/04\/underquilt-hammock-solned-2025_1440.jpg\" \/>\n<meta name=\"twitter:card\" content=\"summary_large_image\" \/>\n<meta name=\"twitter:label1\" content=\"Dur\u00e9e de lecture estim\u00e9e\" \/>\n\t<meta name=\"twitter:data1\" content=\"4 minutes\" \/>\n<script type=\"application\/ld+json\" class=\"yoast-schema-graph\">{\"@context\":\"https:\\\/\\\/schema.org\",\"@graph\":[{\"@type\":\"WebPage\",\"@id\":\"https:\\\/\\\/jordhammock.com\\\/fr\\\/expedition-retours-et-politique-de-confidentialite\\\/\",\"url\":\"https:\\\/\\\/jordhammock.com\\\/fr\\\/expedition-retours-et-politique-de-confidentialite\\\/\",\"name\":\"Exp\u00e9dition, retours et politique de confidentialit\u00e9 - Jord Hammock \u2013 The nordic hammock for tall people\",\"isPartOf\":{\"@id\":\"https:\\\/\\\/jordhammock.com\\\/fr\\\/#website\"},\"datePublished\":\"2025-05-13T12:10:27+00:00\",\"dateModified\":\"2025-05-13T14:41:18+00:00\",\"breadcrumb\":{\"@id\":\"https:\\\/\\\/jordhammock.com\\\/fr\\\/expedition-retours-et-politique-de-confidentialite\\\/#breadcrumb\"},\"inLanguage\":\"fr-FR\",\"potentialAction\":[{\"@type\":\"ReadAction\",\"target\":[\"https:\\\/\\\/jordhammock.com\\\/fr\\\/expedition-retours-et-politique-de-confidentialite\\\/\"]}]},{\"@type\":\"BreadcrumbList\",\"@id\":\"https:\\\/\\\/jordhammock.com\\\/fr\\\/expedition-retours-et-politique-de-confidentialite\\\/#breadcrumb\",\"itemListElement\":[{\"@type\":\"ListItem\",\"position\":1,\"name\":\"Home\",\"item\":\"https:\\\/\\\/jordhammock.com\\\/fr\\\/\"},{\"@type\":\"ListItem\",\"position\":2,\"name\":\"Exp\u00e9dition, retours et politique de confidentialit\u00e9\"}]},{\"@type\":\"WebSite\",\"@id\":\"https:\\\/\\\/jordhammock.com\\\/fr\\\/#website\",\"url\":\"https:\\\/\\\/jordhammock.com\\\/fr\\\/\",\"name\":\"Jord Hammock \u2013 The nordic hammock for tall people\",\"description\":\"Nordic hammock gear\",\"publisher\":{\"@id\":\"https:\\\/\\\/jordhammock.com\\\/fr\\\/#organization\"},\"potentialAction\":[{\"@type\":\"SearchAction\",\"target\":{\"@type\":\"EntryPoint\",\"urlTemplate\":\"https:\\\/\\\/jordhammock.com\\\/fr\\\/?s={search_term_string}\"},\"query-input\":{\"@type\":\"PropertyValueSpecification\",\"valueRequired\":true,\"valueName\":\"search_term_string\"}}],\"inLanguage\":\"fr-FR\"},{\"@type\":\"Organization\",\"@id\":\"https:\\\/\\\/jordhammock.com\\\/fr\\\/#organization\",\"name\":\"Jord Hammock\",\"url\":\"https:\\\/\\\/jordhammock.com\\\/fr\\\/\",\"logo\":{\"@type\":\"ImageObject\",\"inLanguage\":\"fr-FR\",\"@id\":\"https:\\\/\\\/jordhammock.com\\\/fr\\\/#\\\/schema\\\/logo\\\/image\\\/\",\"url\":\"https:\\\/\\\/jordhammock.com\\\/wp-content\\\/uploads\\\/2025\\\/04\\\/cropped-jordlogo500.png\",\"contentUrl\":\"https:\\\/\\\/jordhammock.com\\\/wp-content\\\/uploads\\\/2025\\\/04\\\/cropped-jordlogo500.png\",\"width\":500,\"height\":300,\"caption\":\"Jord Hammock\"},\"image\":{\"@id\":\"https:\\\/\\\/jordhammock.com\\\/fr\\\/#\\\/schema\\\/logo\\\/image\\\/\"},\"sameAs\":[\"https:\\\/\\\/www.facebook.com\\\/jordhammock\",\"https:\\\/\\\/www.instagram.com\\\/jordhammock\\\/\"]}]}<\/script>\n<!-- \/ Yoast SEO plugin. -->","yoast_head_json":{"title":"Exp\u00e9dition, retours et politique de confidentialit\u00e9 - Jord Hammock \u2013 The nordic hammock for tall people","robots":{"index":"index","follow":"follow","max-snippet":"max-snippet:-1","max-image-preview":"max-image-preview:large","max-video-preview":"max-video-preview:-1"},"canonical":"https:\/\/jordhammock.com\/fr\/expedition-retours-et-politique-de-confidentialite\/","og_locale":"fr_FR","og_type":"article","og_title":"Exp\u00e9dition, retours et politique de confidentialit\u00e9 - Jord Hammock \u2013 The nordic hammock for tall people","og_description":"Exp\u00e9dition, paiement et confidentialit\u00e9 Nous aimons garder les choses simples :Nous croyons que l&rsquo;honn\u00eatet\u00e9, la communication et le respect mutuel sont essentiels - et que la vie est trop pr\u00e9cieuse pour \u00eatre ennuyeuse. \ud83d\ude42 \u2713 Nous exp\u00e9dions vers tous les pays de l&rsquo;UE : Autriche, Belgique, Bulgarie, Croatie, Chypre, R\u00e9publique tch\u00e8que, Danemark, Estonie, Finlande, France, [&hellip;]","og_url":"https:\/\/jordhammock.com\/fr\/expedition-retours-et-politique-de-confidentialite\/","og_site_name":"Jord Hammock \u2013 The nordic hammock for tall people","article_publisher":"https:\/\/www.facebook.com\/jordhammock","article_modified_time":"2025-05-13T14:41:18+00:00","og_image":[{"url":"https:\/\/jordhammock.com\/wp-content\/uploads\/2025\/04\/underquilt-hammock-solned-2025_1440.jpg","type":"","width":"","height":""}],"twitter_card":"summary_large_image","twitter_misc":{"Dur\u00e9e de lecture estim\u00e9e":"4 minutes"},"schema":{"@context":"https:\/\/schema.org","@graph":[{"@type":"WebPage","@id":"https:\/\/jordhammock.com\/fr\/expedition-retours-et-politique-de-confidentialite\/","url":"https:\/\/jordhammock.com\/fr\/expedition-retours-et-politique-de-confidentialite\/","name":"Exp\u00e9dition, retours et politique de confidentialit\u00e9 - Jord Hammock \u2013 The nordic hammock for tall people","isPartOf":{"@id":"https:\/\/jordhammock.com\/fr\/#website"},"datePublished":"2025-05-13T12:10:27+00:00","dateModified":"2025-05-13T14:41:18+00:00","breadcrumb":{"@id":"https:\/\/jordhammock.com\/fr\/expedition-retours-et-politique-de-confidentialite\/#breadcrumb"},"inLanguage":"fr-FR","potentialAction":[{"@type":"ReadAction","target":["https:\/\/jordhammock.com\/fr\/expedition-retours-et-politique-de-confidentialite\/"]}]},{"@type":"BreadcrumbList","@id":"https:\/\/jordhammock.com\/fr\/expedition-retours-et-politique-de-confidentialite\/#breadcrumb","itemListElement":[{"@type":"ListItem","position":1,"name":"Home","item":"https:\/\/jordhammock.com\/fr\/"},{"@type":"ListItem","position":2,"name":"Exp\u00e9dition, retours et politique de confidentialit\u00e9"}]},{"@type":"WebSite","@id":"https:\/\/jordhammock.com\/fr\/#website","url":"https:\/\/jordhammock.com\/fr\/","name":"Jord Hammock \u2013 The nordic hammock for tall people","description":"Nordic hammock gear","publisher":{"@id":"https:\/\/jordhammock.com\/fr\/#organization"},"potentialAction":[{"@type":"SearchAction","target":{"@type":"EntryPoint","urlTemplate":"https:\/\/jordhammock.com\/fr\/?s={search_term_string}"},"query-input":{"@type":"PropertyValueSpecification","valueRequired":true,"valueName":"search_term_string"}}],"inLanguage":"fr-FR"},{"@type":"Organization","@id":"https:\/\/jordhammock.com\/fr\/#organization","name":"Jord Hammock","url":"https:\/\/jordhammock.com\/fr\/","logo":{"@type":"ImageObject","inLanguage":"fr-FR","@id":"https:\/\/jordhammock.com\/fr\/#\/schema\/logo\/image\/","url":"https:\/\/jordhammock.com\/wp-content\/uploads\/2025\/04\/cropped-jordlogo500.png","contentUrl":"https:\/\/jordhammock.com\/wp-content\/uploads\/2025\/04\/cropped-jordlogo500.png","width":500,"height":300,"caption":"Jord Hammock"},"image":{"@id":"https:\/\/jordhammock.com\/fr\/#\/schema\/logo\/image\/"},"sameAs":["https:\/\/www.facebook.com\/jordhammock","https:\/\/www.instagram.com\/jordhammock\/"]}]}},"taxonomy_info":[],"featured_image_src_large":false,"author_info":{"display_name":"leon","author_link":"https:\/\/jordhammock.com\/fr\/author\/leon\/"},"comment_info":0,"_links":{"self":[{"href":"https:\/\/jordhammock.com\/fr\/wp-json\/wp\/v2\/pages\/849","targetHints":{"allow":["GET"]}}],"collection":[{"href":"https:\/\/jordhammock.com\/fr\/wp-json\/wp\/v2\/pages"}],"about":[{"href":"https:\/\/jordhammock.com\/fr\/wp-json\/wp\/v2\/types\/page"}],"author":[{"embeddable":true,"href":"https:\/\/jordhammock.com\/fr\/wp-json\/wp\/v2\/users\/1"}],"replies":[{"embeddable":true,"href":"https:\/\/jordhammock.com\/fr\/wp-json\/wp\/v2\/comments?post=849"}],"version-history":[{"count":1,"href":"https:\/\/jordhammock.com\/fr\/wp-json\/wp\/v2\/pages\/849\/revisions"}],"predecessor-version":[{"id":850,"href":"https:\/\/jordhammock.com\/fr\/wp-json\/wp\/v2\/pages\/849\/revisions\/850"}],"wp:attachment":[{"href":"https:\/\/jordhammock.com\/fr\/wp-json\/wp\/v2\/media?parent=849"}],"curies":[{"name":"wp","href":"https:\/\/api.w.org\/{rel}","templated":true}]}}