{"id":977,"date":"2025-04-18T07:16:00","date_gmt":"2025-04-18T07:16:00","guid":{"rendered":"https:\/\/jordhammock.com\/shop\/jord-asym-tarp\/"},"modified":"2025-09-21T10:25:57","modified_gmt":"2025-09-21T10:25:57","slug":"jord-asym-tarp","status":"publish","type":"product","link":"https:\/\/jordhammock.com\/fi\/shop\/jord-asym-tarp\/","title":{"rendered":"Jord Asym Tarp"},"content":{"rendered":"\n<p>Kuvittele, ett\u00e4 makaat riippumatossasi, sade koputtaa lempe\u00e4sti yl\u00e4puolellasi, ja olet t\u00e4ysin kuiva - ja sinulla on selke\u00e4 mets\u00e4n\u00e4kym\u00e4 kuin ikkunan \u00e4\u00e4ress\u00e4. Juuri t\u00e4m\u00e4n <strong>Jord Asym Tarp<\/strong> tarjoaa - sadesuojan, joka on kevyt, kompakti ja antaa sinun nauttia maisemista. Se on suunniteltu toimimaan saumattomasti yhdess\u00e4 Jordin <strong><a href=\"https:\/\/jordhammock.com\/butik\/momo-jord-hammock\/\" data-type=\"product\" data-id=\"265371\">Jord Hammockin kanssa<\/a><\/strong>, mutta se suojaa mink\u00e4 tahansa riippumaton ilman ongelmia. Kevyt, yksinkertainen ja avoin - t\u00e4m\u00e4 tarppi on tarkoitettu niille, jotka rakastavat pit\u00e4\u00e4 asiat minimaalisina.   <\/p>\n\n<h4 class=\"wp-block-heading\">Sateensuojaus ilman irtotavaraa<\/h4>\n\n<p>Ep\u00e4symmetrinen pressu peitt\u00e4\u00e4 juuri siell\u00e4, miss\u00e4 sen pit\u00e4\u00e4kin - avoin muotoilu antaa sinulle esteett\u00f6m\u00e4n n\u00e4kym\u00e4n. Se on valmistettu <strong>210T Nylon PU3000mm:<\/strong>st\u00e4, on vedenpit\u00e4v\u00e4, ultrakevyt ja pakkautuu pieneen tilaan. Heijastava sis\u00e4puoli lis\u00e4\u00e4 l\u00e4mp\u00f6\u00e4 ja suojaa sinua paahtavalta auringolta. Se painaa noin puolet t\u00e4ysikokoisesta tarpistamme ja pakkautuu hieman yli puolet pienemm\u00e4ksi. Ei hienouksia, vain yksinkertainen, vankka suoja.    <\/p>\n\n<h4 class=\"wp-block-heading\">Yksityiskohdat, jotka pit\u00e4v\u00e4t sen yksinkertaisena<\/h4>\n\n<ul class=\"wp-block-list\">\n<li><strong>Eritt\u00e4in helppo asennus:<\/strong> Vain kaksi k\u00f6ytt\u00e4 - klipsi, kiristys, valmis. V\u00e4hemm\u00e4n pisteit\u00e4 = v\u00e4hemm\u00e4n h\u00f6ss\u00f6tyst\u00e4 <\/li>\n\n\n\n<li><strong>Esteet\u00f6n n\u00e4kym\u00e4:<\/strong> Ep\u00e4symmetrinen muoto suojaa siell\u00e4, miss\u00e4 sit\u00e4 tarvitaan, ja avaa loput luonnolle.<\/li>\n\n\n\n<li><strong>Kaikki mukana:<\/strong> Kaksi 2 metrin heijastavaa k\u00f6ytt\u00e4 (3 mm), kaksi alumiinista kiristint\u00e4, kaksi Y-muotoista telttapaalua ja kaksi karabiinia.<\/li>\n\n\n\n<li><strong>T\u00e4ydellinen Jord riippumatossa:<\/strong> Tai ripusta se korkeammalle harjakorkeuden avulla.<\/li>\n<\/ul>\n\n<h4 class=\"wp-block-heading\">Kuinka asetukset tehd\u00e4\u00e4n - se on helppoa<\/h4>\n\n<ul class=\"wp-block-list\">\n<li><strong>Jord-riippumatolla:<\/strong> Kiinnit\u00e4 karabiinit kummallakin puolella oleviin ketjurihnoihin - kattosi on ylh\u00e4\u00e4ll\u00e4 sekunneissa.<\/li>\n\n\n\n<li><strong>Sivulinjat:<\/strong> Sido k\u00f6ysi jokaiseen kulmasilmukkaan (leve\u00e4mpi p\u00e4\u00e4 menee p\u00e4\u00e4si yli). Pujota k\u00f6ysi teltan tapin l\u00e4pi ja takaisin kiristimen l\u00e4pi. Kiinnit\u00e4 se ja kirist\u00e4, kunnes se on kire\u00e4ll\u00e4.  <\/li>\n\n\n\n<li><strong>Korkeammat asetukset:<\/strong> Haluatko enemm\u00e4n tilaa? Sido puiden v\u00e4liin harjalinja, heit\u00e4 pressu sen p\u00e4\u00e4lle ja s\u00e4\u00e4d\u00e4 sit\u00e4 tarpeen mukaan. <\/li>\n\n\n\n<li><strong>Tuulinen s\u00e4\u00e4:<\/strong> Aseta pressu matalalle ja tiiviisti. Kova tuuli? K\u00e4\u00e4nn\u00e4 pressu tuulta kohti maksimaalisen suojan saamiseksi.  <\/li>\n<\/ul>\n\n<figure class=\"wp-block-image size-large\"><img loading=\"lazy\" decoding=\"async\" width=\"1280\" height=\"853\" src=\"https:\/\/jordhammock.com\/wp-content\/uploads\/2025\/04\/hammock-hanna-solned_1440-1280x853.jpg\" alt=\"\" class=\"wp-image-317\" srcset=\"https:\/\/jordhammock.com\/wp-content\/uploads\/2025\/04\/hammock-hanna-solned_1440-1280x853.jpg 1280w, https:\/\/jordhammock.com\/wp-content\/uploads\/2025\/04\/hammock-hanna-solned_1440-800x533.jpg 800w, https:\/\/jordhammock.com\/wp-content\/uploads\/2025\/04\/hammock-hanna-solned_1440-768x512.jpg 768w, https:\/\/jordhammock.com\/wp-content\/uploads\/2025\/04\/hammock-hanna-solned_1440-990x660.jpg 990w, https:\/\/jordhammock.com\/wp-content\/uploads\/2025\/04\/hammock-hanna-solned_1440-441x294.jpg 441w, https:\/\/jordhammock.com\/wp-content\/uploads\/2025\/04\/hammock-hanna-solned_1440.jpg 1440w\" sizes=\"auto, (max-width: 1280px) 100vw, 1280px\" \/><\/figure>\n\n<h4 class=\"wp-block-heading\">Miksi Jord Asym Tarp?<\/h4>\n\n<ul class=\"wp-block-list\">\n<li><strong>Kevyt ja kompakti:<\/strong> T\u00e4ydellinen minimalisteille.<\/li>\n\n\n\n<li><strong>N\u00e4kym\u00e4 kattavuudella:<\/strong> PU3000mm vedenpit\u00e4vyys - pit\u00e4\u00e4 sinut kuivana ja samalla mets\u00e4n n\u00e4kyviss\u00e4.<\/li>\n\n\n\n<li><strong>Sopii t\u00e4ydellisesti Jord-riippumattoon:<\/strong> mutta toimii mink\u00e4 tahansa riippumaton kanssa.<\/li>\n\n\n\n<li><strong>Nopea k\u00e4ytt\u00f6\u00f6notto:<\/strong> Ridgeline, kaksi rivi\u00e4, yksi minuutti - enemm\u00e4n aikaa rentoutua, v\u00e4hemm\u00e4n aikaa n\u00e4pertelyyn.<\/li>\n<\/ul>\n\n<h4 class=\"wp-block-heading\">Tekniset tiedot<\/h4>\n\n<ul class=\"wp-block-list\">\n<li><strong>Mitat:<\/strong> 360 cm (harjalinja) x 310 cm (kulmasta kulmaan).<\/li>\n\n\n\n<li><strong>Pakkauskoko:<\/strong> 18 x 16 x 6 cm<\/li>\n\n\n\n<li><strong>Paino:<\/strong> 510 g (sis\u00e4lt\u00e4en pussin, siimat ja paalut).<\/li>\n\n\n\n<li><strong>Materiaali:<\/strong> 210T Nylon PU3000mm, V\u00e4ri: Olive Night<\/li>\n\n\n\n<li><strong>Sis\u00e4lt\u00e4\u00e4:<\/strong> 2 alumiinista Y-paalua, 2 k\u00f6ytt\u00e4 (2 m, 3 mm heijastava), 2 kiristint\u00e4, 2 karabiinia.<\/li>\n<\/ul>\n\n<p>Tarp toimii t\u00e4ydellisesti <a href=\"https:\/\/jordhammock.com\/butik\/momo-jord-hammock\/\" data-type=\"product\" data-id=\"265371\">Jord-riippumatto<\/a> (tai mink\u00e4 tahansa valitsemasi riippumatto). Lis\u00e4\u00e4 aluspeitteemme, ja sinulla on <a href=\"https:\/\/jordhammock.com\/butik\/momo-jord-hammockkit\/\" data-type=\"product\" data-id=\"265439\">t\u00e4ydellinen paketti -tarpeeksi kevyt<\/a>vaellukselle, tarpeeksi vahva myrskyihin. <\/p>\n\n<figure class=\"wp-block-image size-large\"><img decoding=\"async\" src=\"https:\/\/jordhammock.com\/wp-content\/uploads\/2025\/03\/asymtarp_1280-1080x810.jpg\" alt=\"Jord Asym Tarp mets&#xE4;ss&#xE4;\" class=\"wp-image-384728\"\/><\/figure>\n\n<h4 class=\"wp-block-heading\">Miksi pid\u00e4n Jord Asym Tarpista<\/h4>\n\n<p>Kun olin viidentoista vuoden ajan retkeillyt riippumatossa, halusin tarpin, joka olisi kevyt, yksinkertainen ja joka ei peitt\u00e4isi n\u00e4kym\u00e4\u00e4. Asettelin <strong>Jord Asym Tarpin<\/strong>, kuuntelin sateen putoamista kastumatta ja katselin ymp\u00e4rill\u00e4ni hengitt\u00e4v\u00e4\u00e4 mets\u00e4\u00e4. Se on tarpeeksi kevyt unohtaaksesi sen reppuusi, tarpeeksi vahva, jotta voit luottaa siihen, ja nopea pystytt\u00e4\u00e4. Aseta se pystyyn, nojaa taaksep\u00e4in ja anna ulkoilman avautua. <strong>Tilaa pressu<\/strong> ja l\u00e4hde ulos - vapaus odottaa.   <\/p>\n","protected":false},"excerpt":{"rendered":"<p>Kuvittele, ett\u00e4 makaat riippumatossasi, sade koputtaa lempe\u00e4sti yl\u00e4puolellasi, ja olet t\u00e4ysin kuiva - ja sinulla on selke\u00e4 mets\u00e4n\u00e4kym\u00e4 kuin ikkunan \u00e4\u00e4ress\u00e4. Juuri t\u00e4m\u00e4n Jord Asym Tarp tarjoaa - sadesuojan, joka on kevyt, kompakti ja antaa sinun nauttia maisemista. Se on suunniteltu toimimaan saumattomasti yhdess\u00e4 Jordin Jord Hammockin kanssa, mutta se suojaa mink\u00e4 tahansa riippumaton ilman [&hellip;]<\/p>\n","protected":false},"featured_media":978,"comment_status":"open","ping_status":"closed","template":"","meta":{"_kad_blocks_custom_css":"","_kad_blocks_head_custom_js":"","_kad_blocks_body_custom_js":"","_kad_blocks_footer_custom_js":""},"product_brand":[18],"product_cat":[51],"product_tag":[],"class_list":{"0":"post-977","1":"product","2":"type-product","3":"status-publish","4":"has-post-thumbnail","6":"product_brand-jord","7":"product_cat-riippumatto-gear","9":"first","10":"outofstock","11":"featured","12":"taxable","13":"shipping-taxable","14":"purchasable","15":"product-type-simple"},"yoast_head":"<!-- This site is optimized with the Yoast SEO plugin v27.4 - https:\/\/yoast.com\/product\/yoast-seo-wordpress\/ -->\n<title>Jord Asym Tarp - Jord Hammock \u2013 The nordic hammock for tall people<\/title>\n<meta name=\"robots\" content=\"index, follow, max-snippet:-1, max-image-preview:large, max-video-preview:-1\" \/>\n<link rel=\"canonical\" href=\"https:\/\/jordhammock.com\/fi\/shop\/jord-asym-tarp\/\" \/>\n<meta property=\"og:locale\" content=\"fi_FI\" \/>\n<meta property=\"og:type\" content=\"article\" \/>\n<meta property=\"og:title\" content=\"Jord Asym Tarp - Jord Hammock \u2013 The nordic hammock for tall people\" \/>\n<meta property=\"og:description\" content=\"Kuvittele, ett\u00e4 makaat riippumatossasi, sade koputtaa lempe\u00e4sti yl\u00e4puolellasi, ja olet t\u00e4ysin kuiva - ja sinulla on selke\u00e4 mets\u00e4n\u00e4kym\u00e4 kuin ikkunan \u00e4\u00e4ress\u00e4. Juuri t\u00e4m\u00e4n Jord Asym Tarp tarjoaa - sadesuojan, joka on kevyt, kompakti ja antaa sinun nauttia maisemista. Se on suunniteltu toimimaan saumattomasti yhdess\u00e4 Jordin Jord Hammockin kanssa, mutta se suojaa mink\u00e4 tahansa riippumaton ilman [&hellip;]\" \/>\n<meta property=\"og:url\" content=\"https:\/\/jordhammock.com\/fi\/shop\/jord-asym-tarp\/\" \/>\n<meta property=\"og:site_name\" content=\"Jord Hammock \u2013 The nordic hammock for tall people\" \/>\n<meta property=\"article:publisher\" content=\"https:\/\/www.facebook.com\/jordhammock\" \/>\n<meta property=\"article:modified_time\" content=\"2025-09-21T10:25:57+00:00\" \/>\n<meta property=\"og:image\" content=\"https:\/\/jordhammock.com\/wp-content\/uploads\/2025\/04\/asym-tarp-leon_1440.jpg\" \/>\n\t<meta property=\"og:image:width\" content=\"1440\" \/>\n\t<meta property=\"og:image:height\" content=\"1080\" \/>\n\t<meta property=\"og:image:type\" content=\"image\/jpeg\" \/>\n<meta name=\"twitter:card\" content=\"summary_large_image\" \/>\n<meta name=\"twitter:label1\" content=\"Hinta\" \/>\n\t<meta name=\"twitter:data1\" content=\"79,00&nbsp;&euro;\" \/>\n\t<meta name=\"twitter:label2\" content=\"Saatavuus\" \/>\n\t<meta name=\"twitter:data2\" content=\"Loppu varastosta\" \/>\n<script type=\"application\/ld+json\" class=\"yoast-schema-graph\">{\"@context\":\"https:\\\/\\\/schema.org\",\"@graph\":[{\"@type\":\"WebPage\",\"@id\":\"https:\\\/\\\/jordhammock.com\\\/fi\\\/shop\\\/jord-asym-tarp\\\/\",\"url\":\"https:\\\/\\\/jordhammock.com\\\/fi\\\/shop\\\/jord-asym-tarp\\\/\",\"name\":\"Jord Asym Tarp - Jord Hammock \u2013 The nordic hammock for tall people\",\"isPartOf\":{\"@id\":\"https:\\\/\\\/jordhammock.com\\\/fi\\\/#website\"},\"primaryImageOfPage\":{\"@id\":\"https:\\\/\\\/jordhammock.com\\\/fi\\\/shop\\\/jord-asym-tarp\\\/#primaryimage\"},\"image\":{\"@id\":\"https:\\\/\\\/jordhammock.com\\\/fi\\\/shop\\\/jord-asym-tarp\\\/#primaryimage\"},\"thumbnailUrl\":\"https:\\\/\\\/jordhammock.com\\\/wp-content\\\/uploads\\\/2025\\\/04\\\/asym-tarp-leon_1440.jpg\",\"datePublished\":\"2025-04-18T07:16:00+00:00\",\"dateModified\":\"2025-09-21T10:25:57+00:00\",\"breadcrumb\":{\"@id\":\"https:\\\/\\\/jordhammock.com\\\/fi\\\/shop\\\/jord-asym-tarp\\\/#breadcrumb\"},\"inLanguage\":\"fi\",\"potentialAction\":[{\"@type\":\"ReadAction\",\"target\":[\"https:\\\/\\\/jordhammock.com\\\/fi\\\/shop\\\/jord-asym-tarp\\\/\"]}]},{\"@type\":\"ImageObject\",\"inLanguage\":\"fi\",\"@id\":\"https:\\\/\\\/jordhammock.com\\\/fi\\\/shop\\\/jord-asym-tarp\\\/#primaryimage\",\"url\":\"https:\\\/\\\/jordhammock.com\\\/wp-content\\\/uploads\\\/2025\\\/04\\\/asym-tarp-leon_1440.jpg\",\"contentUrl\":\"https:\\\/\\\/jordhammock.com\\\/wp-content\\\/uploads\\\/2025\\\/04\\\/asym-tarp-leon_1440.jpg\",\"width\":1440,\"height\":1080},{\"@type\":\"BreadcrumbList\",\"@id\":\"https:\\\/\\\/jordhammock.com\\\/fi\\\/shop\\\/jord-asym-tarp\\\/#breadcrumb\",\"itemListElement\":[{\"@type\":\"ListItem\",\"position\":1,\"name\":\"Home\",\"item\":\"https:\\\/\\\/jordhammock.com\\\/fi\\\/\"},{\"@type\":\"ListItem\",\"position\":2,\"name\":\"Kauppa\",\"item\":\"https:\\\/\\\/jordhammock.com\\\/fi\\\/kauppa\\\/\"},{\"@type\":\"ListItem\",\"position\":3,\"name\":\"Jord Asym Tarp\"}]},{\"@type\":\"WebSite\",\"@id\":\"https:\\\/\\\/jordhammock.com\\\/fi\\\/#website\",\"url\":\"https:\\\/\\\/jordhammock.com\\\/fi\\\/\",\"name\":\"Jord Hammock \u2013 The nordic hammock for tall people\",\"description\":\"Nordic hammock gear\",\"publisher\":{\"@id\":\"https:\\\/\\\/jordhammock.com\\\/fi\\\/#organization\"},\"potentialAction\":[{\"@type\":\"SearchAction\",\"target\":{\"@type\":\"EntryPoint\",\"urlTemplate\":\"https:\\\/\\\/jordhammock.com\\\/fi\\\/?s={search_term_string}\"},\"query-input\":{\"@type\":\"PropertyValueSpecification\",\"valueRequired\":true,\"valueName\":\"search_term_string\"}}],\"inLanguage\":\"fi\"},{\"@type\":\"Organization\",\"@id\":\"https:\\\/\\\/jordhammock.com\\\/fi\\\/#organization\",\"name\":\"Jord Hammock\",\"url\":\"https:\\\/\\\/jordhammock.com\\\/fi\\\/\",\"logo\":{\"@type\":\"ImageObject\",\"inLanguage\":\"fi\",\"@id\":\"https:\\\/\\\/jordhammock.com\\\/fi\\\/#\\\/schema\\\/logo\\\/image\\\/\",\"url\":\"https:\\\/\\\/jordhammock.com\\\/wp-content\\\/uploads\\\/2025\\\/04\\\/cropped-jordlogo500.png\",\"contentUrl\":\"https:\\\/\\\/jordhammock.com\\\/wp-content\\\/uploads\\\/2025\\\/04\\\/cropped-jordlogo500.png\",\"width\":500,\"height\":300,\"caption\":\"Jord Hammock\"},\"image\":{\"@id\":\"https:\\\/\\\/jordhammock.com\\\/fi\\\/#\\\/schema\\\/logo\\\/image\\\/\"},\"sameAs\":[\"https:\\\/\\\/www.facebook.com\\\/jordhammock\",\"https:\\\/\\\/www.instagram.com\\\/jordhammock\\\/\"]}]}<\/script>\n<meta property=\"product:price:amount\" content=\"79.00\" \/>\n<meta property=\"product:price:currency\" content=\"EUR\" \/>\n<meta property=\"og:availability\" content=\"out of stock\" \/>\n<meta property=\"product:availability\" content=\"out of stock\" \/>\n<meta property=\"product:retailer_item_id\" content=\"ASYMTARP\" \/>\n<meta property=\"product:condition\" content=\"new\" \/>\n<!-- \/ Yoast SEO plugin. -->","yoast_head_json":{"title":"Jord Asym Tarp - Jord Hammock \u2013 The nordic hammock for tall people","robots":{"index":"index","follow":"follow","max-snippet":"max-snippet:-1","max-image-preview":"max-image-preview:large","max-video-preview":"max-video-preview:-1"},"canonical":"https:\/\/jordhammock.com\/fi\/shop\/jord-asym-tarp\/","og_locale":"fi_FI","og_type":"article","og_title":"Jord Asym Tarp - Jord Hammock \u2013 The nordic hammock for tall people","og_description":"Kuvittele, ett\u00e4 makaat riippumatossasi, sade koputtaa lempe\u00e4sti yl\u00e4puolellasi, ja olet t\u00e4ysin kuiva - ja sinulla on selke\u00e4 mets\u00e4n\u00e4kym\u00e4 kuin ikkunan \u00e4\u00e4ress\u00e4. Juuri t\u00e4m\u00e4n Jord Asym Tarp tarjoaa - sadesuojan, joka on kevyt, kompakti ja antaa sinun nauttia maisemista. Se on suunniteltu toimimaan saumattomasti yhdess\u00e4 Jordin Jord Hammockin kanssa, mutta se suojaa mink\u00e4 tahansa riippumaton ilman [&hellip;]","og_url":"https:\/\/jordhammock.com\/fi\/shop\/jord-asym-tarp\/","og_site_name":"Jord Hammock \u2013 The nordic hammock for tall people","article_publisher":"https:\/\/www.facebook.com\/jordhammock","article_modified_time":"2025-09-21T10:25:57+00:00","og_image":[{"width":1440,"height":1080,"url":"https:\/\/jordhammock.com\/wp-content\/uploads\/2025\/04\/asym-tarp-leon_1440.jpg","type":"image\/jpeg"}],"twitter_card":"summary_large_image","twitter_misc":{"Hinta":"79,00&nbsp;&euro;","Saatavuus":"Loppu varastosta"},"schema":{"@context":"https:\/\/schema.org","@graph":[{"@type":"WebPage","@id":"https:\/\/jordhammock.com\/fi\/shop\/jord-asym-tarp\/","url":"https:\/\/jordhammock.com\/fi\/shop\/jord-asym-tarp\/","name":"Jord Asym Tarp - Jord Hammock \u2013 The nordic hammock for tall people","isPartOf":{"@id":"https:\/\/jordhammock.com\/fi\/#website"},"primaryImageOfPage":{"@id":"https:\/\/jordhammock.com\/fi\/shop\/jord-asym-tarp\/#primaryimage"},"image":{"@id":"https:\/\/jordhammock.com\/fi\/shop\/jord-asym-tarp\/#primaryimage"},"thumbnailUrl":"https:\/\/jordhammock.com\/wp-content\/uploads\/2025\/04\/asym-tarp-leon_1440.jpg","datePublished":"2025-04-18T07:16:00+00:00","dateModified":"2025-09-21T10:25:57+00:00","breadcrumb":{"@id":"https:\/\/jordhammock.com\/fi\/shop\/jord-asym-tarp\/#breadcrumb"},"inLanguage":"fi","potentialAction":[{"@type":"ReadAction","target":["https:\/\/jordhammock.com\/fi\/shop\/jord-asym-tarp\/"]}]},{"@type":"ImageObject","inLanguage":"fi","@id":"https:\/\/jordhammock.com\/fi\/shop\/jord-asym-tarp\/#primaryimage","url":"https:\/\/jordhammock.com\/wp-content\/uploads\/2025\/04\/asym-tarp-leon_1440.jpg","contentUrl":"https:\/\/jordhammock.com\/wp-content\/uploads\/2025\/04\/asym-tarp-leon_1440.jpg","width":1440,"height":1080},{"@type":"BreadcrumbList","@id":"https:\/\/jordhammock.com\/fi\/shop\/jord-asym-tarp\/#breadcrumb","itemListElement":[{"@type":"ListItem","position":1,"name":"Home","item":"https:\/\/jordhammock.com\/fi\/"},{"@type":"ListItem","position":2,"name":"Kauppa","item":"https:\/\/jordhammock.com\/fi\/kauppa\/"},{"@type":"ListItem","position":3,"name":"Jord Asym Tarp"}]},{"@type":"WebSite","@id":"https:\/\/jordhammock.com\/fi\/#website","url":"https:\/\/jordhammock.com\/fi\/","name":"Jord Hammock \u2013 The nordic hammock for tall people","description":"Nordic hammock gear","publisher":{"@id":"https:\/\/jordhammock.com\/fi\/#organization"},"potentialAction":[{"@type":"SearchAction","target":{"@type":"EntryPoint","urlTemplate":"https:\/\/jordhammock.com\/fi\/?s={search_term_string}"},"query-input":{"@type":"PropertyValueSpecification","valueRequired":true,"valueName":"search_term_string"}}],"inLanguage":"fi"},{"@type":"Organization","@id":"https:\/\/jordhammock.com\/fi\/#organization","name":"Jord Hammock","url":"https:\/\/jordhammock.com\/fi\/","logo":{"@type":"ImageObject","inLanguage":"fi","@id":"https:\/\/jordhammock.com\/fi\/#\/schema\/logo\/image\/","url":"https:\/\/jordhammock.com\/wp-content\/uploads\/2025\/04\/cropped-jordlogo500.png","contentUrl":"https:\/\/jordhammock.com\/wp-content\/uploads\/2025\/04\/cropped-jordlogo500.png","width":500,"height":300,"caption":"Jord Hammock"},"image":{"@id":"https:\/\/jordhammock.com\/fi\/#\/schema\/logo\/image\/"},"sameAs":["https:\/\/www.facebook.com\/jordhammock","https:\/\/www.instagram.com\/jordhammock\/"]}]},"product_price_amount":"79.00","product_price_currency":"EUR","og_availability":"out of stock","product_availability":"out of stock","product_retailer_item_id":"ASYMTARP","product_condition":"new"},"taxonomy_info":{"product_brand":[{"value":18,"label":"Jord"}],"product_cat":[{"value":51,"label":"Riippumatto Gear"}]},"featured_image_src_large":["https:\/\/jordhammock.com\/wp-content\/uploads\/2025\/04\/asym-tarp-leon_1440-1280x960.jpg",1170,878,true],"author_info":[],"comment_info":0,"_links":{"self":[{"href":"https:\/\/jordhammock.com\/fi\/wp-json\/wp\/v2\/product\/977","targetHints":{"allow":["GET"]}}],"collection":[{"href":"https:\/\/jordhammock.com\/fi\/wp-json\/wp\/v2\/product"}],"about":[{"href":"https:\/\/jordhammock.com\/fi\/wp-json\/wp\/v2\/types\/product"}],"replies":[{"embeddable":true,"href":"https:\/\/jordhammock.com\/fi\/wp-json\/wp\/v2\/comments?post=977"}],"wp:featuredmedia":[{"embeddable":true,"href":"https:\/\/jordhammock.com\/fi\/wp-json\/wp\/v2\/media\/978"}],"wp:attachment":[{"href":"https:\/\/jordhammock.com\/fi\/wp-json\/wp\/v2\/media?parent=977"}],"wp:term":[{"taxonomy":"product_brand","embeddable":true,"href":"https:\/\/jordhammock.com\/fi\/wp-json\/wp\/v2\/product_brand?post=977"},{"taxonomy":"product_cat","embeddable":true,"href":"https:\/\/jordhammock.com\/fi\/wp-json\/wp\/v2\/product_cat?post=977"},{"taxonomy":"product_tag","embeddable":true,"href":"https:\/\/jordhammock.com\/fi\/wp-json\/wp\/v2\/product_tag?post=977"}],"curies":[{"name":"wp","href":"https:\/\/api.w.org\/{rel}","templated":true}]}}