{"id":951,"date":"2025-05-13T12:10:27","date_gmt":"2025-05-13T12:10:27","guid":{"rendered":"https:\/\/jordhammock.com\/lahetys-palautukset-ja-tietosuojaselosteet\/"},"modified":"2025-05-14T09:44:38","modified_gmt":"2025-05-14T09:44:38","slug":"lahetys-palautukset-ja-tietosuojaselosteet","status":"publish","type":"page","link":"https:\/\/jordhammock.com\/fi\/lahetys-palautukset-ja-tietosuojaselosteet\/","title":{"rendered":"L\u00e4hetys, palautukset ja tietosuojaselosteet"},"content":{"rendered":"\n<p><strong>Toimitus, maksaminen &amp; yksityisyys<\/strong><\/p>\n\n<p>Pid\u00e4mme asiat yksinkertaisina:<br\/>Uskomme, ett\u00e4 rehellisyys, viestint\u00e4 ja keskin\u00e4inen kunnioitus viev\u00e4t pitk\u00e4lle - ja ett\u00e4 el\u00e4m\u00e4 on liian arvokasta ollakseen tyls\u00e4\u00e4. \ud83d\ude42<\/p>\n\n<p>\u2713 Toimitamme kaikkiin EU-maihin: Alankomaat, Belgia, Bulgaria, Espanja, Irlanti, Iso-Britannia, Italia, It\u00e4valta, Kreikka, Kroatia, Kypros, Latvia, Liettua, Luxemburg, Malta, Portugali, Puola, Ranska, Romania, Saksa, Slovakia, Slovenia, Suomi, Tanska, T\u0161ekki, Unkari, Viro ja Viro. (Ruotsalaiset - mene osoitteeseen <a href=\"https:\/\/www.momojord.se\">momojord.se<\/a>) <\/p>\n\n<p>\u2713 Ilmainen toimitus alkaen 250 \u20ac.<\/p>\n\n<p>\u2713 Tilaukset pakataan ja l\u00e4hetet\u00e4\u00e4n 2-3 kertaa viikossa, yleens\u00e4 maanantaisin, keskiviikkoisin ja perjantaisin. Toimitamme Schenkerin kanssa. Toimitusaika on yleens\u00e4 noin 1 viikko l\u00e4hett\u00e4misest\u00e4 (maasta riippuen).  <\/p>\n\n<p>\u2713 Joskus olemme seikkailuissa. Tai yksinkertaisesti rentoutumassa jollakin kotimme l\u00e4hell\u00e4 sijaitsevista mets\u00e4j\u00e4rvist\u00e4. Se tarkoittaa, ettemme v\u00e4ltt\u00e4m\u00e4tt\u00e4 pakkaa tilauksia joka ikinen p\u00e4iv\u00e4. Joten vaikka asiat yleens\u00e4 etenev\u00e4t nopeasti, saattaa se toisinaan kest\u00e4\u00e4 hieman kauemmin. Me uskomme siihen, ett\u00e4 elet\u00e4\u00e4n v\u00e4h\u00e4n liikaa \ud83d\ude42    <\/p>\n\n<p>\u2713 Noutamattomista paketeista veloitetaan 50 euron palautusmaksu, joka v\u00e4hennet\u00e4\u00e4n palautuksesta. (Peruuttamaton paketti maksaa meille enemm\u00e4n, joten se on reilua.) <\/p>\n\n<p>\u2713 Maksut hoidetaan Stripen kautta (turvallinen korttimaksu). Maksusi salataan ja k\u00e4sitell\u00e4\u00e4n suoraan Stripen toimesta - emme koskaan n\u00e4e tai tallenna korttitietojasi. <\/p>\n\n<p>\u2713 Sinulla on 30 p\u00e4iv\u00e4n palautusoikeus. Jos et ole tyytyv\u00e4inen ostoosi, voit palauttaa sen 30 p\u00e4iv\u00e4n kuluessa sen vastaanottamisesta ja saada hyvityksen tai vaihdon. Asiakkaana olet vastuussa palautuksen postikulujen kattamisesta ja siit\u00e4, ett\u00e4 paketti saapuu meille turvallisesti.  <\/p>\n\n<p>Paluuosoite: Momo Jord AB, \u00d6ver\u00e4lve 53, 82793 Ljusdal, RUOTSI<\/p>\n\n<p>Tuotteiden on oltava k\u00e4ytt\u00e4m\u00e4tt\u00f6mi\u00e4 ja myyntikelpoisessa kunnossa saadaksesi t\u00e4yden hyvityksen (muutoin vaarana on, ett\u00e4 varastomme on t\u00e4ynn\u00e4 myyntikelvottomia varusteita).<\/p>\n\n<p>My\u00f6nn\u00e4mme palautukset, kun olemme vastaanottaneet palautetut tuotteet. Huomaa, ett\u00e4 alkuper\u00e4isi\u00e4 toimituskuluja ei palauteta. <\/p>\n\n<p>Haluatko palauttaa jotain 30 p\u00e4iv\u00e4n j\u00e4lkeen? Se ei yleens\u00e4 ole ongelma - ota vain yhteytt\u00e4, niin sovitaan asiasta. <\/p>\n\n<p><strong>Lupaus yst\u00e4v\u00e4llisyydest\u00e4<\/strong><\/p>\n\n<p>Pyrimme olemaan yst\u00e4v\u00e4llisi\u00e4. Todellakin. Emme voisi el\u00e4\u00e4 itsemme kanssa, jos py\u00f6ritt\u00e4isimme yrityst\u00e4, joka j\u00e4tt\u00e4isi ihmiset pettym\u00e4\u00e4n. Haluamme tehd\u00e4 kauniita asioita, jotka saattavat innostaa sinua tekem\u00e4\u00e4n samoin. Jos teemme virheen, korjaamme sen. Jos jokin meni pieleen, johon emme voi vaikuttaa, teemme kaikkemme korjataksemme sen. Mahtava palvelu ei ole meille mik\u00e4\u00e4n muotisana - se on meille luontainen tapa toimia. Olemme tavallisia ihmisi\u00e4, joilla on el\u00e4m\u00e4 ja velvollisuuksia, mutta teemme aina parhaamme tehdaksemme t\u00e4st\u00e4 maailmasta hieman paremman ja miellytt\u00e4v\u00e4mm\u00e4n paikan.       <\/p>\n\n<p>T\u00e4st\u00e4 huolimatta emme tuhlaa energiaa kenenk\u00e4\u00e4n yritt\u00e4ess\u00e4 k\u00e4ytt\u00e4\u00e4 meit\u00e4 hyv\u00e4kseen. (Se on tapahtunut kerran tai kahdesti vuosien varrella - mutta todenn\u00e4k\u00f6isesti se et ole sin\u00e4. \ud83d\ude0a) <\/p>\n\n<p><strong>Tietosuoja- ja ev\u00e4stek\u00e4yt\u00e4nt\u00f6<\/strong><\/p>\n\n<p>Pid\u00e4mme hyv\u00e4\u00e4 huolta tiedoistasi emmek\u00e4 jaa niit\u00e4 kenenk\u00e4\u00e4n luvattoman kanssa. Kaupan py\u00f6ritt\u00e4mist\u00e4 varten ker\u00e4\u00e4mme joitakin tietoja: tallennamme yhteystietosi asiakastietokantaamme, jotta voimme tunnistaa sinut tulevia tilauksia varten ja auttaa tilaushistorian kanssa. Maksutietoja ei tallenneta palvelimellemme - maksupalveluntarjoajamme hoitavat ne turvallisesti.  <\/p>\n\n<p>Saamme my\u00f6s selaimestasi (Google Analyticsin kautta) anonyymej\u00e4 tietoja, kuten IP-osoitteen, ohjelmisto-\/laitteistotiedot ja sen, mill\u00e4 sivulla vierailit. K\u00e4yt\u00e4mme my\u00f6s Facebook Pixel -palvelua. <\/p>\n\n<p>Lupaamme, ettemme l\u00e4het\u00e4 sinulle roskapostia tai tee mit\u00e4\u00e4n h\u00e4m\u00e4r\u00e4\u00e4 tietojesi kanssa. Olemme t\u00e4ll\u00e4 sivustolla ker\u00e4ttyjen tietojen ainoat omistajat, emmek\u00e4 koskaan myy tai jaa niit\u00e4 kolmansien osapuolten kanssa. Tilauksen tekemisen j\u00e4lkeen saatat saada yhden seurantas\u00e4hk\u00f6postin, jossa pyydet\u00e4\u00e4n arvostelua muutaman kuukauden kuluttua. Muuten kuulet meist\u00e4 vain, jos tilaat uutiskirjeemme - tai kun tulet takaisin ostoksillemme.   <\/p>\n\n<p>K\u00e4yt\u00e4mme ev\u00e4steit\u00e4, jotta kaikki toimisi sujuvasti. K\u00e4ytt\u00e4m\u00e4ll\u00e4 jordhammock.com-sivustoa hyv\u00e4ksyt t\u00e4m\u00e4n (GDPR ja kaikki muu). <\/p>\n\n<p>jordhammock.com-sivustoa yll\u00e4pit\u00e4\u00e4 Momo Jord AB, \u00d6ver\u00e4lve 53, 827 93 Ljusdal, Ruotsi. Org.no.  559157-8421. ALV# SE559157842101<\/p>\n","protected":false},"excerpt":{"rendered":"<p>Toimitus, maksaminen &amp; yksityisyys Pid\u00e4mme asiat yksinkertaisina:Uskomme, ett\u00e4 rehellisyys, viestint\u00e4 ja keskin\u00e4inen kunnioitus viev\u00e4t pitk\u00e4lle - ja ett\u00e4 el\u00e4m\u00e4 on liian arvokasta ollakseen tyls\u00e4\u00e4. \ud83d\ude42 \u2713 Toimitamme kaikkiin EU-maihin: Alankomaat, Belgia, Bulgaria, Espanja, Irlanti, Iso-Britannia, Italia, It\u00e4valta, Kreikka, Kroatia, Kypros, Latvia, Liettua, Luxemburg, Malta, Portugali, Puola, Ranska, Romania, Saksa, Slovakia, Slovenia, Suomi, Tanska, T\u0161ekki, Unkari, [&hellip;]<\/p>\n","protected":false},"author":1,"featured_media":0,"parent":0,"menu_order":0,"comment_status":"closed","ping_status":"closed","template":"","meta":{"_kad_blocks_custom_css":"","_kad_blocks_head_custom_js":"","_kad_blocks_body_custom_js":"","_kad_blocks_footer_custom_js":"","footnotes":""},"class_list":["post-951","page","type-page","status-publish","hentry"],"yoast_head":"<!-- This site is optimized with the Yoast SEO plugin v27.4 - https:\/\/yoast.com\/product\/yoast-seo-wordpress\/ -->\n<title>L\u00e4hetys, palautukset ja tietosuojaselosteet - Jord Hammock \u2013 The nordic hammock for tall people<\/title>\n<meta name=\"robots\" content=\"index, follow, max-snippet:-1, max-image-preview:large, max-video-preview:-1\" \/>\n<link rel=\"canonical\" href=\"https:\/\/jordhammock.com\/fi\/lahetys-palautukset-ja-tietosuojaselosteet\/\" \/>\n<meta property=\"og:locale\" content=\"fi_FI\" \/>\n<meta property=\"og:type\" content=\"article\" \/>\n<meta property=\"og:title\" content=\"L\u00e4hetys, palautukset ja tietosuojaselosteet - Jord Hammock \u2013 The nordic hammock for tall people\" \/>\n<meta property=\"og:description\" content=\"Toimitus, maksaminen &amp; yksityisyys Pid\u00e4mme asiat yksinkertaisina:Uskomme, ett\u00e4 rehellisyys, viestint\u00e4 ja keskin\u00e4inen kunnioitus viev\u00e4t pitk\u00e4lle - ja ett\u00e4 el\u00e4m\u00e4 on liian arvokasta ollakseen tyls\u00e4\u00e4. \ud83d\ude42 \u2713 Toimitamme kaikkiin EU-maihin: Alankomaat, Belgia, Bulgaria, Espanja, Irlanti, Iso-Britannia, Italia, It\u00e4valta, Kreikka, Kroatia, Kypros, Latvia, Liettua, Luxemburg, Malta, Portugali, Puola, Ranska, Romania, Saksa, Slovakia, Slovenia, Suomi, Tanska, T\u0161ekki, Unkari, [&hellip;]\" \/>\n<meta property=\"og:url\" content=\"https:\/\/jordhammock.com\/fi\/lahetys-palautukset-ja-tietosuojaselosteet\/\" \/>\n<meta property=\"og:site_name\" content=\"Jord Hammock \u2013 The nordic hammock for tall people\" \/>\n<meta property=\"article:publisher\" content=\"https:\/\/www.facebook.com\/jordhammock\" \/>\n<meta property=\"article:modified_time\" content=\"2025-05-14T09:44:38+00:00\" \/>\n<meta property=\"og:image\" content=\"https:\/\/jordhammock.com\/wp-content\/uploads\/2025\/04\/underquilt-hammock-solned-2025_1440.jpg\" \/>\n<meta name=\"twitter:card\" content=\"summary_large_image\" \/>\n<meta name=\"twitter:label1\" content=\"Arvioitu lukuaika\" \/>\n\t<meta name=\"twitter:data1\" content=\"3 minuutti\" \/>\n<script type=\"application\/ld+json\" class=\"yoast-schema-graph\">{\"@context\":\"https:\\\/\\\/schema.org\",\"@graph\":[{\"@type\":\"WebPage\",\"@id\":\"https:\\\/\\\/jordhammock.com\\\/fi\\\/lahetys-palautukset-ja-tietosuojaselosteet\\\/\",\"url\":\"https:\\\/\\\/jordhammock.com\\\/fi\\\/lahetys-palautukset-ja-tietosuojaselosteet\\\/\",\"name\":\"L\u00e4hetys, palautukset ja tietosuojaselosteet - Jord Hammock \u2013 The nordic hammock for tall people\",\"isPartOf\":{\"@id\":\"https:\\\/\\\/jordhammock.com\\\/fi\\\/#website\"},\"datePublished\":\"2025-05-13T12:10:27+00:00\",\"dateModified\":\"2025-05-14T09:44:38+00:00\",\"breadcrumb\":{\"@id\":\"https:\\\/\\\/jordhammock.com\\\/fi\\\/lahetys-palautukset-ja-tietosuojaselosteet\\\/#breadcrumb\"},\"inLanguage\":\"fi\",\"potentialAction\":[{\"@type\":\"ReadAction\",\"target\":[\"https:\\\/\\\/jordhammock.com\\\/fi\\\/lahetys-palautukset-ja-tietosuojaselosteet\\\/\"]}]},{\"@type\":\"BreadcrumbList\",\"@id\":\"https:\\\/\\\/jordhammock.com\\\/fi\\\/lahetys-palautukset-ja-tietosuojaselosteet\\\/#breadcrumb\",\"itemListElement\":[{\"@type\":\"ListItem\",\"position\":1,\"name\":\"Home\",\"item\":\"https:\\\/\\\/jordhammock.com\\\/fi\\\/\"},{\"@type\":\"ListItem\",\"position\":2,\"name\":\"L\u00e4hetys, palautukset ja tietosuojaselosteet\"}]},{\"@type\":\"WebSite\",\"@id\":\"https:\\\/\\\/jordhammock.com\\\/fi\\\/#website\",\"url\":\"https:\\\/\\\/jordhammock.com\\\/fi\\\/\",\"name\":\"Jord Hammock \u2013 The nordic hammock for tall people\",\"description\":\"Nordic hammock gear\",\"publisher\":{\"@id\":\"https:\\\/\\\/jordhammock.com\\\/fi\\\/#organization\"},\"potentialAction\":[{\"@type\":\"SearchAction\",\"target\":{\"@type\":\"EntryPoint\",\"urlTemplate\":\"https:\\\/\\\/jordhammock.com\\\/fi\\\/?s={search_term_string}\"},\"query-input\":{\"@type\":\"PropertyValueSpecification\",\"valueRequired\":true,\"valueName\":\"search_term_string\"}}],\"inLanguage\":\"fi\"},{\"@type\":\"Organization\",\"@id\":\"https:\\\/\\\/jordhammock.com\\\/fi\\\/#organization\",\"name\":\"Jord Hammock\",\"url\":\"https:\\\/\\\/jordhammock.com\\\/fi\\\/\",\"logo\":{\"@type\":\"ImageObject\",\"inLanguage\":\"fi\",\"@id\":\"https:\\\/\\\/jordhammock.com\\\/fi\\\/#\\\/schema\\\/logo\\\/image\\\/\",\"url\":\"https:\\\/\\\/jordhammock.com\\\/wp-content\\\/uploads\\\/2025\\\/04\\\/cropped-jordlogo500.png\",\"contentUrl\":\"https:\\\/\\\/jordhammock.com\\\/wp-content\\\/uploads\\\/2025\\\/04\\\/cropped-jordlogo500.png\",\"width\":500,\"height\":300,\"caption\":\"Jord Hammock\"},\"image\":{\"@id\":\"https:\\\/\\\/jordhammock.com\\\/fi\\\/#\\\/schema\\\/logo\\\/image\\\/\"},\"sameAs\":[\"https:\\\/\\\/www.facebook.com\\\/jordhammock\",\"https:\\\/\\\/www.instagram.com\\\/jordhammock\\\/\"]}]}<\/script>\n<!-- \/ Yoast SEO plugin. -->","yoast_head_json":{"title":"L\u00e4hetys, palautukset ja tietosuojaselosteet - Jord Hammock \u2013 The nordic hammock for tall people","robots":{"index":"index","follow":"follow","max-snippet":"max-snippet:-1","max-image-preview":"max-image-preview:large","max-video-preview":"max-video-preview:-1"},"canonical":"https:\/\/jordhammock.com\/fi\/lahetys-palautukset-ja-tietosuojaselosteet\/","og_locale":"fi_FI","og_type":"article","og_title":"L\u00e4hetys, palautukset ja tietosuojaselosteet - Jord Hammock \u2013 The nordic hammock for tall people","og_description":"Toimitus, maksaminen &amp; yksityisyys Pid\u00e4mme asiat yksinkertaisina:Uskomme, ett\u00e4 rehellisyys, viestint\u00e4 ja keskin\u00e4inen kunnioitus viev\u00e4t pitk\u00e4lle - ja ett\u00e4 el\u00e4m\u00e4 on liian arvokasta ollakseen tyls\u00e4\u00e4. \ud83d\ude42 \u2713 Toimitamme kaikkiin EU-maihin: Alankomaat, Belgia, Bulgaria, Espanja, Irlanti, Iso-Britannia, Italia, It\u00e4valta, Kreikka, Kroatia, Kypros, Latvia, Liettua, Luxemburg, Malta, Portugali, Puola, Ranska, Romania, Saksa, Slovakia, Slovenia, Suomi, Tanska, T\u0161ekki, Unkari, [&hellip;]","og_url":"https:\/\/jordhammock.com\/fi\/lahetys-palautukset-ja-tietosuojaselosteet\/","og_site_name":"Jord Hammock \u2013 The nordic hammock for tall people","article_publisher":"https:\/\/www.facebook.com\/jordhammock","article_modified_time":"2025-05-14T09:44:38+00:00","og_image":[{"url":"https:\/\/jordhammock.com\/wp-content\/uploads\/2025\/04\/underquilt-hammock-solned-2025_1440.jpg","type":"","width":"","height":""}],"twitter_card":"summary_large_image","twitter_misc":{"Arvioitu lukuaika":"3 minuutti"},"schema":{"@context":"https:\/\/schema.org","@graph":[{"@type":"WebPage","@id":"https:\/\/jordhammock.com\/fi\/lahetys-palautukset-ja-tietosuojaselosteet\/","url":"https:\/\/jordhammock.com\/fi\/lahetys-palautukset-ja-tietosuojaselosteet\/","name":"L\u00e4hetys, palautukset ja tietosuojaselosteet - Jord Hammock \u2013 The nordic hammock for tall people","isPartOf":{"@id":"https:\/\/jordhammock.com\/fi\/#website"},"datePublished":"2025-05-13T12:10:27+00:00","dateModified":"2025-05-14T09:44:38+00:00","breadcrumb":{"@id":"https:\/\/jordhammock.com\/fi\/lahetys-palautukset-ja-tietosuojaselosteet\/#breadcrumb"},"inLanguage":"fi","potentialAction":[{"@type":"ReadAction","target":["https:\/\/jordhammock.com\/fi\/lahetys-palautukset-ja-tietosuojaselosteet\/"]}]},{"@type":"BreadcrumbList","@id":"https:\/\/jordhammock.com\/fi\/lahetys-palautukset-ja-tietosuojaselosteet\/#breadcrumb","itemListElement":[{"@type":"ListItem","position":1,"name":"Home","item":"https:\/\/jordhammock.com\/fi\/"},{"@type":"ListItem","position":2,"name":"L\u00e4hetys, palautukset ja tietosuojaselosteet"}]},{"@type":"WebSite","@id":"https:\/\/jordhammock.com\/fi\/#website","url":"https:\/\/jordhammock.com\/fi\/","name":"Jord Hammock \u2013 The nordic hammock for tall people","description":"Nordic hammock gear","publisher":{"@id":"https:\/\/jordhammock.com\/fi\/#organization"},"potentialAction":[{"@type":"SearchAction","target":{"@type":"EntryPoint","urlTemplate":"https:\/\/jordhammock.com\/fi\/?s={search_term_string}"},"query-input":{"@type":"PropertyValueSpecification","valueRequired":true,"valueName":"search_term_string"}}],"inLanguage":"fi"},{"@type":"Organization","@id":"https:\/\/jordhammock.com\/fi\/#organization","name":"Jord Hammock","url":"https:\/\/jordhammock.com\/fi\/","logo":{"@type":"ImageObject","inLanguage":"fi","@id":"https:\/\/jordhammock.com\/fi\/#\/schema\/logo\/image\/","url":"https:\/\/jordhammock.com\/wp-content\/uploads\/2025\/04\/cropped-jordlogo500.png","contentUrl":"https:\/\/jordhammock.com\/wp-content\/uploads\/2025\/04\/cropped-jordlogo500.png","width":500,"height":300,"caption":"Jord Hammock"},"image":{"@id":"https:\/\/jordhammock.com\/fi\/#\/schema\/logo\/image\/"},"sameAs":["https:\/\/www.facebook.com\/jordhammock","https:\/\/www.instagram.com\/jordhammock\/"]}]}},"taxonomy_info":[],"featured_image_src_large":false,"author_info":{"display_name":"leon","author_link":"https:\/\/jordhammock.com\/fi\/author\/leon\/"},"comment_info":0,"_links":{"self":[{"href":"https:\/\/jordhammock.com\/fi\/wp-json\/wp\/v2\/pages\/951","targetHints":{"allow":["GET"]}}],"collection":[{"href":"https:\/\/jordhammock.com\/fi\/wp-json\/wp\/v2\/pages"}],"about":[{"href":"https:\/\/jordhammock.com\/fi\/wp-json\/wp\/v2\/types\/page"}],"author":[{"embeddable":true,"href":"https:\/\/jordhammock.com\/fi\/wp-json\/wp\/v2\/users\/1"}],"replies":[{"embeddable":true,"href":"https:\/\/jordhammock.com\/fi\/wp-json\/wp\/v2\/comments?post=951"}],"version-history":[{"count":1,"href":"https:\/\/jordhammock.com\/fi\/wp-json\/wp\/v2\/pages\/951\/revisions"}],"predecessor-version":[{"id":952,"href":"https:\/\/jordhammock.com\/fi\/wp-json\/wp\/v2\/pages\/951\/revisions\/952"}],"wp:attachment":[{"href":"https:\/\/jordhammock.com\/fi\/wp-json\/wp\/v2\/media?parent=951"}],"curies":[{"name":"wp","href":"https:\/\/api.w.org\/{rel}","templated":true}]}}