{"id":869,"date":"2025-04-18T07:16:00","date_gmt":"2025-04-18T07:16:00","guid":{"rendered":"https:\/\/jordhammock.com\/shop\/edredon-inferior-jord\/"},"modified":"2025-12-22T18:27:13","modified_gmt":"2025-12-22T18:27:13","slug":"cobertor-inferior","status":"publish","type":"product","link":"https:\/\/jordhammock.com\/es\/shop\/cobertor-inferior\/","title":{"rendered":"Edred\u00f3n inferior Jord"},"content":{"rendered":"\n<h3 class=\"wp-block-heading\">El edred\u00f3n inferior hace m\u00e1gica la experiencia en hamaca<\/h3>\n\n<div class=\"wp-block-group has-global-padding is-layout-constrained wp-block-group-is-layout-constrained\">\n<p>Un edred\u00f3n inferior no es solo un accesorio para hamaca; es lo que hace que la experiencia en hamaca sea c\u00e1lida, acogedora y verdaderamente m\u00e1gica. El <strong>Edred\u00f3n inferior Jord<\/strong> es uno de los mejores y m\u00e1s asequibles edredones inferiores disponibles. Lo suficientemente largo para los aventureros m\u00e1s altos, lo suficientemente ancho para la mayor\u00eda de las hamacas, lo suficientemente esponjoso para bloquear el fr\u00edo y lo suficientemente ligero para llevarlo siempre consigo. Prescinda de su colchoneta; este es el \u00fanico edred\u00f3n inferior que necesitar\u00e1 jam\u00e1s.   <\/p>\n\n\n\n<p>Imagine esto: Usted est\u00e1 flotando en su hamaca, rodeado de susurros del bosque y estrellas en lo alto, y no hay ni un atisbo de fr\u00edo filtr\u00e1ndose desde abajo. Este edred\u00f3n inferior es su abrazo invisible, envolvi\u00e9ndole en calidez para que pueda absorber cada momento de quietud y belleza. Naturalmente, se combina a la perfecci\u00f3n con la <a href=\"https:\/\/jordhammock.com\/es\/shop\/hamaca-jord\/\" data-type=\"product\" data-id=\"265371\">Hamaca Jord<\/a>, su configuraci\u00f3n para muchas noches memorables en el bosque.  <\/p>\n\n\n\n<p>He dise\u00f1ado tres modelos para cada tipo de aventura. Todos con la misma construcci\u00f3n ingeniosa, la misma calidad premium y el mismo esponjoso <strong>plum\u00f3n certificado 850FP Responsible Down Standard (RDS)<\/strong>: \u00e9tico, incre\u00edblemente c\u00e1lido y de alto rendimiento. Lo que var\u00eda es la cantidad de plum\u00f3n y el nivel de calidez que le proporciona.  <\/p>\n\n\n\n<figure class=\"wp-block-image size-large\"><img loading=\"lazy\" decoding=\"async\" width=\"1280\" height=\"853\" src=\"https:\/\/jordhammock.com\/wp-content\/uploads\/2025\/04\/underquilt-hammock-solned-2025_1440-1280x853.jpg\" alt=\"\" class=\"wp-image-297\" srcset=\"https:\/\/jordhammock.com\/wp-content\/uploads\/2025\/04\/underquilt-hammock-solned-2025_1440-1280x853.jpg 1280w, https:\/\/jordhammock.com\/wp-content\/uploads\/2025\/04\/underquilt-hammock-solned-2025_1440-800x533.jpg 800w, https:\/\/jordhammock.com\/wp-content\/uploads\/2025\/04\/underquilt-hammock-solned-2025_1440-768x512.jpg 768w, https:\/\/jordhammock.com\/wp-content\/uploads\/2025\/04\/underquilt-hammock-solned-2025_1440-990x660.jpg 990w, https:\/\/jordhammock.com\/wp-content\/uploads\/2025\/04\/underquilt-hammock-solned-2025_1440-441x294.jpg 441w, https:\/\/jordhammock.com\/wp-content\/uploads\/2025\/04\/underquilt-hammock-solned-2025_1440.jpg 1440w\" sizes=\"auto, (max-width: 1280px) 100vw, 1280px\" \/><\/figure>\n\n\n\n<h3 class=\"wp-block-heading\">Tres modelos para su libertad<\/h3>\n\n\n\n<ul class=\"wp-block-list\">\n<li><strong>Featherlight 300g \u2013 Edred\u00f3n inferior ultraligero para uso en verano:<\/strong><br\/>Ligero como una pluma, peque\u00f1o como un secreto. Ideal para noches c\u00e1lidas cuando desea moverse libremente y llevar poco peso. Con menos de 600 g y un tama\u00f1o de empaque m\u00ednimo, es perfecto para aventuras de verano.   <em>Para aquellos que priorizan el peso; si tiende a sentir fr\u00edo, opte por un modelo m\u00e1s c\u00e1lido.<\/em><\/li>\n\n\n\n<li><strong>Forest Peace 500g \u2013 La mejor elecci\u00f3n de primavera a oto\u00f1o:<\/strong><br\/>Su compa\u00f1ero de confianza desde principios de primavera hasta finales de oto\u00f1o. Con 500 g de plum\u00f3n y un peso total de alrededor de 800 g, este es el todoterreno. Calidez confiable, peso manejable, ya sea en monta\u00f1as, en la costa o en el bosque.   <em>Si no est\u00e1 seguro, elija este.<\/em><\/li>\n\n\n\n<li><strong>Winter Rest 800g \u2013 Para aventuras invernales o calidez adicional:<\/strong><br\/>Si es sensible al fr\u00edo, este es su edred\u00f3n. Con 800 g de plum\u00f3n, es probablemente uno de los edredones inferiores m\u00e1s lujosos del mundo. Para acampar en hamaca en invierno y disfrutar de total comodidad bajo un cielo estrellado.   <em>No he encontrado otro edred\u00f3n inferior con tanta esponjosidad; est\u00e1 en una liga propia.<\/em><\/li>\n<\/ul>\n\n\n\n<figure class=\"wp-block-image size-large is-resized\"><img loading=\"lazy\" decoding=\"async\" width=\"1280\" height=\"853\" src=\"https:\/\/jordhammock.com\/wp-content\/uploads\/2025\/03\/underquilt-detalj_1440-1280x853.jpg\" alt=\"\" class=\"wp-image-165\" style=\"aspect-ratio:1;width:900px;height:auto\" srcset=\"https:\/\/jordhammock.com\/wp-content\/uploads\/2025\/03\/underquilt-detalj_1440-1280x853.jpg 1280w, https:\/\/jordhammock.com\/wp-content\/uploads\/2025\/03\/underquilt-detalj_1440-800x533.jpg 800w, https:\/\/jordhammock.com\/wp-content\/uploads\/2025\/03\/underquilt-detalj_1440-768x512.jpg 768w, https:\/\/jordhammock.com\/wp-content\/uploads\/2025\/03\/underquilt-detalj_1440-990x660.jpg 990w, https:\/\/jordhammock.com\/wp-content\/uploads\/2025\/03\/underquilt-detalj_1440-441x294.jpg 441w, https:\/\/jordhammock.com\/wp-content\/uploads\/2025\/03\/underquilt-detalj_1440.jpg 1440w\" sizes=\"auto, (max-width: 1280px) 100vw, 1280px\" \/><\/figure>\n\n\n\n<h3 class=\"wp-block-heading\">Dise\u00f1ado para la Hamaca Jord \u2013 Compatible con todas las hamacas<\/h3>\n\n\n\n<p>He dise\u00f1ado estos underquilts para que encajen a la perfecci\u00f3n con la <strong><a href=\"https:\/\/jordhammock.com\/es\/shop\/hamaca-jord\/\" data-type=\"product\" data-id=\"265371\">Jord Hammock<\/a><\/strong>, pero funcionan con la mayor\u00eda de las hamacas: Dutchware Chameleon, Hennessy Hammock, DD Hammocks y otros estilos de extremo fruncido. Fabricados con <strong>nailon ripstop de 10d<\/strong> y con unas medidas de <strong>208 x 142 cm<\/strong>, son ligeros, duraderos y espaciosos, incluso para piernas largas.<\/p>\n\n\n\n<h3 class=\"wp-block-heading\">Colgado sin esfuerzo<\/h3>\n\n\n\n<p>Sin enredos, sin complicaciones. Los <strong>cordones el\u00e1sticos<\/strong> y los mosquetones incluidos facilitan la instalaci\u00f3n. Bucles adicionales aseguran el edred\u00f3n, y los <strong>cordones ajustables<\/strong> lo adaptan perfectamente a su cuerpo. He aqu\u00ed c\u00f3mo hacerlo la primera vez:  <\/p>\n\n\n\n<ul class=\"wp-block-list\">\n<li>Tense los cordones el\u00e1sticos internos para crear un capullo ajustado<\/li>\n\n\n\n<li>Re\u00fana los cuatro cordones el\u00e1sticos en cada extremo y ate un mosquet\u00f3n (una l\u00ednea de 50-60 cm es ideal; puede recortarla una vez que haya obtenido el ajuste)<\/li>\n\n\n\n<li>Cu\u00e9lguelo debajo de su hamaca, ajuste la tensi\u00f3n si es necesario y rel\u00e1jese<\/li>\n\n\n\n<li><strong>CONSEJO:<\/strong> Utilice los cuatro peque\u00f1os ganchos met\u00e1licos (incluidos) para estabilizar a\u00fan m\u00e1s. Ate cordones el\u00e1sticos o lazos de 5 cm a los ganchos, \u00e1telos a la hamaca y enganche el edred\u00f3n. Me gusta usar dos por lado que se inclinen ligeramente hacia afuera; encuentre lo que funcione para usted  <\/li>\n<\/ul>\n\n\n\n<figure class=\"wp-block-image size-full is-style-default\"><img loading=\"lazy\" decoding=\"async\" width=\"1280\" height=\"960\" src=\"https:\/\/jordhammock.com\/wp-content\/uploads\/2025\/04\/uq-krokar.jpg\" alt=\"\" class=\"wp-image-364\" style=\"aspect-ratio:1\" srcset=\"https:\/\/jordhammock.com\/wp-content\/uploads\/2025\/04\/uq-krokar.jpg 1280w, https:\/\/jordhammock.com\/wp-content\/uploads\/2025\/04\/uq-krokar-800x600.jpg 800w, https:\/\/jordhammock.com\/wp-content\/uploads\/2025\/04\/uq-krokar-768x576.jpg 768w, https:\/\/jordhammock.com\/wp-content\/uploads\/2025\/04\/uq-krokar-990x743.jpg 990w, https:\/\/jordhammock.com\/wp-content\/uploads\/2025\/04\/uq-krokar-441x331.jpg 441w\" sizes=\"auto, (max-width: 1280px) 100vw, 1280px\" \/><\/figure>\n\n\n\n<p>Una vez ajustado, puedes dejarlo puesto y guardarlo en la <a href=\"https:\/\/jordhammock.com\/es\/shop\/bolsa-jord-bishop\/\" data-type=\"product\" data-id=\"292075\">Bishop Bag<\/a>. Gu\u00e1rdalo colgado o en la bolsa de almacenamiento grande incluida para mantener el plum\u00f3n esponjoso.<\/p>\n\n\n\n<h3 class=\"wp-block-heading\">\u00bfPor qu\u00e9 elegir el Edred\u00f3n inferior Jord?<\/h3>\n\n\n\n<ul class=\"wp-block-list\">\n<li><strong>Calidez personalizada:<\/strong> Desde la sensaci\u00f3n aireada de verano del Featherlight hasta el profundo confort invernal del Winter Rest<\/li>\n\n\n\n<li><strong>Ajuste perfecto con la hamaca Jord:<\/strong> Dise\u00f1ado para coincidir, compatible con todas las marcas principales<\/li>\n\n\n\n<li><strong>Color respetuoso con el bosque:<\/strong> Noche de oliva \u2013 verde oscuro que se integra bellamente en los paisajes n\u00f3rdicos<\/li>\n<\/ul>\n\n\n\n<h3 class=\"wp-block-heading\">Especificaciones<\/h3>\n\n\n\n<ul class=\"wp-block-list\">\n<li><strong>Dimensiones:<\/strong> 208 x 142 cm \u2013 uno de los cobertores inferiores m\u00e1s generosos del mercado<\/li>\n\n\n\n<li><strong>Material:<\/strong> Nailon ripstop 10d (Verde Oliva Nocturno), plum\u00f3n 850FP certificado RDS<\/li>\n\n\n\n<li><strong>Peso:<\/strong>\n<ul class=\"wp-block-list\">\n<li>Featherlight 300: 600 g<\/li>\n\n\n\n<li>Forest Peace 500: 800 g<\/li>\n\n\n\n<li>Winter Rest 800: 1100 g<\/li>\n<\/ul>\n<\/li>\n\n\n\n<li><strong>Tama\u00f1o del paquete (longitud x di\u00e1metro):<\/strong>\n<ul class=\"wp-block-list\">\n<li>Featherlight UQ300: 30 cm x 12 cm<\/li>\n\n\n\n<li>Forest Peace UQ500: 33 cm x 18 cm<\/li>\n\n\n\n<li>Winter Rest UQ800: 33 cm x 20 cm<\/li>\n<\/ul>\n<\/li>\n\n\n\n<li><strong>Incluido:<\/strong> Cobertor inferior con cordones el\u00e1sticos, 2 mosquetones, bolsa de compresi\u00f3n, bolsa de almacenamiento grande<\/li>\n<\/ul>\n\n\n\n<figure class=\"wp-block-image size-large\"><img loading=\"lazy\" decoding=\"async\" width=\"1280\" height=\"853\" src=\"https:\/\/jordhammock.com\/wp-content\/uploads\/2025\/04\/hammock-hanna-solned_1440-1280x853.jpg\" alt=\"\" class=\"wp-image-317\" srcset=\"https:\/\/jordhammock.com\/wp-content\/uploads\/2025\/04\/hammock-hanna-solned_1440-1280x853.jpg 1280w, https:\/\/jordhammock.com\/wp-content\/uploads\/2025\/04\/hammock-hanna-solned_1440-800x533.jpg 800w, https:\/\/jordhammock.com\/wp-content\/uploads\/2025\/04\/hammock-hanna-solned_1440-768x512.jpg 768w, https:\/\/jordhammock.com\/wp-content\/uploads\/2025\/04\/hammock-hanna-solned_1440-990x660.jpg 990w, https:\/\/jordhammock.com\/wp-content\/uploads\/2025\/04\/hammock-hanna-solned_1440-441x294.jpg 441w, https:\/\/jordhammock.com\/wp-content\/uploads\/2025\/04\/hammock-hanna-solned_1440.jpg 1440w\" sizes=\"auto, (max-width: 1280px) 100vw, 1280px\" \/><\/figure>\n\n\n\n<h3 class=\"wp-block-heading\">Cobertor inferior: La pieza final para el confort en la hamaca<\/h3>\n\n\n\n<p>Elige tu Jord Underquilt: <strong>Featherlight<\/strong>, <strong>Forest Peace<\/strong> o <strong>Winter Rest<\/strong>, y comb\u00ednalo con tu <strong><a href=\"https:\/\/jordhammock.com\/es\/shop\/hamaca-jord\/\" data-type=\"product\" data-id=\"265371\">Jord Hammock<\/a><\/strong>. A\u00f1ade una <a href=\"https:\/\/jordhammock.com\/es\/shop\/toldo-asimetrico-jord\/\" data-type=\"product\" data-id=\"312\">lona<\/a> para una protecci\u00f3n contra todo tipo de clima. O apuesta por el <a href=\"https:\/\/jordhammock.com\/es\/shop\/hammock-kit\/\" data-type=\"product\" data-id=\"316\">Jord Hammock Kit<\/a> completo. Esto no es solo aislamiento, es libertad, comodidad y noches en el bosque que recordar\u00e1s para siempre. <strong>Pide tu underquilt ahora<\/strong> y ad\u00e9ntrate en la calma de la naturaleza.<\/p>\n<\/div>\n\n<p><\/p>\n","protected":false},"excerpt":{"rendered":"<p class=\"p1\"><b>Edred\u00f3n inferior Jord \u2013 El mejor edred\u00f3n inferior que puede obtener.<\/b><\/p>\n<p class=\"p2\">Disponible en tres niveles de aislamiento (el n\u00famero indica el peso del relleno de plum\u00f3n):<\/p>\n<p class=\"p1\"><b>Featherlight 300g \u2013 Edred\u00f3n inferior ultraligero para verano<\/b><b><\/b><\/p>\n<p class=\"p2\">Ligero como el aire, perfecto para noches c\u00e1lidas y equipaje m\u00ednimo.<\/p>\n<p class=\"p1\"><b>Forest Peace 500g \u2013 El edred\u00f3n inferior ideal desde primavera hasta oto\u00f1o<\/b><b><\/b><\/p>\n<p class=\"p2\">Un todoterreno fiable con el equilibrio perfecto entre calidez y peso.<\/p>\n<p class=\"p1\"><b>Winter Rest 800g \u2013 Para aventuras invernales o para quienes detestan el fr\u00edo<\/b><b><\/b><\/p>\n<p class=\"p2\">M\u00e1ximo esponjosidad, m\u00e1ximo confort \u2013 mant\u00e9ngase c\u00e1lido incluso cuando el fr\u00edo muerde.<\/p>\n","protected":false},"featured_media":743,"comment_status":"open","ping_status":"closed","template":"","meta":{"_kad_blocks_custom_css":"","_kad_blocks_head_custom_js":"","_kad_blocks_body_custom_js":"","_kad_blocks_footer_custom_js":""},"product_brand":[18],"product_cat":[39],"product_tag":[],"class_list":{"0":"post-869","1":"product","2":"type-product","3":"status-publish","4":"has-post-thumbnail","6":"product_brand-jord","7":"product_cat-equipo-para-hamacas","9":"first","10":"instock","11":"featured","12":"taxable","13":"shipping-taxable","14":"purchasable","15":"product-type-variable"},"yoast_head":"<!-- This site is optimized with the Yoast SEO plugin v27.4 - https:\/\/yoast.com\/product\/yoast-seo-wordpress\/ -->\n<title>Edred\u00f3n inferior Jord - Jord Hammock \u2013 The nordic hammock for tall people<\/title>\n<meta name=\"robots\" content=\"index, follow, max-snippet:-1, max-image-preview:large, max-video-preview:-1\" \/>\n<link rel=\"canonical\" href=\"https:\/\/jordhammock.com\/es\/shop\/cobertor-inferior\/\" \/>\n<meta property=\"og:locale\" content=\"es_ES\" \/>\n<meta property=\"og:type\" content=\"article\" \/>\n<meta property=\"og:title\" content=\"Edred\u00f3n inferior Jord - Jord Hammock \u2013 The nordic hammock for tall people\" \/>\n<meta property=\"og:description\" content=\"Edred\u00f3n inferior Jord \u2013 El mejor edred\u00f3n inferior que puede obtener. Disponible en tres niveles de aislamiento (el n\u00famero indica el peso del relleno de plum\u00f3n): Featherlight 300g \u2013 Edred\u00f3n inferior ultraligero para verano Ligero como el aire, perfecto para noches c\u00e1lidas y equipaje m\u00ednimo. Forest Peace 500g \u2013 El edred\u00f3n inferior ideal desde primavera hasta oto\u00f1o Un todoterreno fiable con el equilibrio perfecto entre calidez y peso. Winter Rest 800g \u2013 Para aventuras invernales o para quienes detestan el fr\u00edo M\u00e1ximo esponjosidad, m\u00e1ximo confort \u2013 mant\u00e9ngase c\u00e1lido incluso cuando el fr\u00edo muerde.\" \/>\n<meta property=\"og:url\" content=\"https:\/\/jordhammock.com\/es\/shop\/cobertor-inferior\/\" \/>\n<meta property=\"og:site_name\" content=\"Jord Hammock \u2013 The nordic hammock for tall people\" \/>\n<meta property=\"article:publisher\" content=\"https:\/\/www.facebook.com\/jordhammock\" \/>\n<meta property=\"article:modified_time\" content=\"2025-12-22T18:27:13+00:00\" \/>\n<meta property=\"og:image\" content=\"https:\/\/jordhammock.com\/wp-content\/uploads\/2025\/04\/underquilt-hammock-solned-2025_1440.jpg\" \/>\n\t<meta property=\"og:image:width\" content=\"1440\" \/>\n\t<meta property=\"og:image:height\" content=\"960\" \/>\n\t<meta property=\"og:image:type\" content=\"image\/jpeg\" \/>\n<meta name=\"twitter:card\" content=\"summary_large_image\" \/>\n<meta name=\"twitter:label1\" content=\"Disponibilidad\" \/>\n\t<meta name=\"twitter:data1\" content=\"Disponible\" \/>\n<script type=\"application\/ld+json\" class=\"yoast-schema-graph\">{\"@context\":\"https:\\\/\\\/schema.org\",\"@graph\":[{\"@type\":\"WebPage\",\"@id\":\"https:\\\/\\\/jordhammock.com\\\/es\\\/shop\\\/cobertor-inferior\\\/\",\"url\":\"https:\\\/\\\/jordhammock.com\\\/es\\\/shop\\\/cobertor-inferior\\\/\",\"name\":\"Edred\u00f3n inferior Jord - Jord Hammock \u2013 The nordic hammock for tall people\",\"isPartOf\":{\"@id\":\"https:\\\/\\\/jordhammock.com\\\/es\\\/#website\"},\"primaryImageOfPage\":{\"@id\":\"https:\\\/\\\/jordhammock.com\\\/es\\\/shop\\\/cobertor-inferior\\\/#primaryimage\"},\"image\":{\"@id\":\"https:\\\/\\\/jordhammock.com\\\/es\\\/shop\\\/cobertor-inferior\\\/#primaryimage\"},\"thumbnailUrl\":\"https:\\\/\\\/jordhammock.com\\\/wp-content\\\/uploads\\\/2025\\\/04\\\/underquilt-hammock-solned-2025_1440.jpg\",\"datePublished\":\"2025-04-18T07:16:00+00:00\",\"dateModified\":\"2025-12-22T18:27:13+00:00\",\"breadcrumb\":{\"@id\":\"https:\\\/\\\/jordhammock.com\\\/es\\\/shop\\\/cobertor-inferior\\\/#breadcrumb\"},\"inLanguage\":\"es\",\"potentialAction\":[{\"@type\":\"ReadAction\",\"target\":[\"https:\\\/\\\/jordhammock.com\\\/es\\\/shop\\\/cobertor-inferior\\\/\"]}]},{\"@type\":\"ImageObject\",\"inLanguage\":\"es\",\"@id\":\"https:\\\/\\\/jordhammock.com\\\/es\\\/shop\\\/cobertor-inferior\\\/#primaryimage\",\"url\":\"https:\\\/\\\/jordhammock.com\\\/wp-content\\\/uploads\\\/2025\\\/04\\\/underquilt-hammock-solned-2025_1440.jpg\",\"contentUrl\":\"https:\\\/\\\/jordhammock.com\\\/wp-content\\\/uploads\\\/2025\\\/04\\\/underquilt-hammock-solned-2025_1440.jpg\",\"width\":1440,\"height\":960},{\"@type\":\"BreadcrumbList\",\"@id\":\"https:\\\/\\\/jordhammock.com\\\/es\\\/shop\\\/cobertor-inferior\\\/#breadcrumb\",\"itemListElement\":[{\"@type\":\"ListItem\",\"position\":1,\"name\":\"Home\",\"item\":\"https:\\\/\\\/jordhammock.com\\\/es\\\/\"},{\"@type\":\"ListItem\",\"position\":2,\"name\":\"Tienda\",\"item\":\"https:\\\/\\\/jordhammock.com\\\/es\\\/tienda\\\/\"},{\"@type\":\"ListItem\",\"position\":3,\"name\":\"Edred\u00f3n inferior Jord\"}]},{\"@type\":\"WebSite\",\"@id\":\"https:\\\/\\\/jordhammock.com\\\/es\\\/#website\",\"url\":\"https:\\\/\\\/jordhammock.com\\\/es\\\/\",\"name\":\"Jord Hammock \u2013 The nordic hammock for tall people\",\"description\":\"Nordic hammock gear\",\"publisher\":{\"@id\":\"https:\\\/\\\/jordhammock.com\\\/es\\\/#organization\"},\"potentialAction\":[{\"@type\":\"SearchAction\",\"target\":{\"@type\":\"EntryPoint\",\"urlTemplate\":\"https:\\\/\\\/jordhammock.com\\\/es\\\/?s={search_term_string}\"},\"query-input\":{\"@type\":\"PropertyValueSpecification\",\"valueRequired\":true,\"valueName\":\"search_term_string\"}}],\"inLanguage\":\"es\"},{\"@type\":\"Organization\",\"@id\":\"https:\\\/\\\/jordhammock.com\\\/es\\\/#organization\",\"name\":\"Jord Hammock\",\"url\":\"https:\\\/\\\/jordhammock.com\\\/es\\\/\",\"logo\":{\"@type\":\"ImageObject\",\"inLanguage\":\"es\",\"@id\":\"https:\\\/\\\/jordhammock.com\\\/es\\\/#\\\/schema\\\/logo\\\/image\\\/\",\"url\":\"https:\\\/\\\/jordhammock.com\\\/wp-content\\\/uploads\\\/2025\\\/04\\\/cropped-jordlogo500.png\",\"contentUrl\":\"https:\\\/\\\/jordhammock.com\\\/wp-content\\\/uploads\\\/2025\\\/04\\\/cropped-jordlogo500.png\",\"width\":500,\"height\":300,\"caption\":\"Jord Hammock\"},\"image\":{\"@id\":\"https:\\\/\\\/jordhammock.com\\\/es\\\/#\\\/schema\\\/logo\\\/image\\\/\"},\"sameAs\":[\"https:\\\/\\\/www.facebook.com\\\/jordhammock\",\"https:\\\/\\\/www.instagram.com\\\/jordhammock\\\/\"]}]}<\/script>\n<meta property=\"og:availability\" content=\"instock\" \/>\n<meta property=\"product:availability\" content=\"instock\" \/>\n<meta property=\"product:retailer_item_id\" content=\"UQ\" \/>\n<meta property=\"product:condition\" content=\"new\" \/>\n<!-- \/ Yoast SEO plugin. -->","yoast_head_json":{"title":"Edred\u00f3n inferior Jord - Jord Hammock \u2013 The nordic hammock for tall people","robots":{"index":"index","follow":"follow","max-snippet":"max-snippet:-1","max-image-preview":"max-image-preview:large","max-video-preview":"max-video-preview:-1"},"canonical":"https:\/\/jordhammock.com\/es\/shop\/cobertor-inferior\/","og_locale":"es_ES","og_type":"article","og_title":"Edred\u00f3n inferior Jord - Jord Hammock \u2013 The nordic hammock for tall people","og_description":"Edred\u00f3n inferior Jord \u2013 El mejor edred\u00f3n inferior que puede obtener. Disponible en tres niveles de aislamiento (el n\u00famero indica el peso del relleno de plum\u00f3n): Featherlight 300g \u2013 Edred\u00f3n inferior ultraligero para verano Ligero como el aire, perfecto para noches c\u00e1lidas y equipaje m\u00ednimo. Forest Peace 500g \u2013 El edred\u00f3n inferior ideal desde primavera hasta oto\u00f1o Un todoterreno fiable con el equilibrio perfecto entre calidez y peso. Winter Rest 800g \u2013 Para aventuras invernales o para quienes detestan el fr\u00edo M\u00e1ximo esponjosidad, m\u00e1ximo confort \u2013 mant\u00e9ngase c\u00e1lido incluso cuando el fr\u00edo muerde.","og_url":"https:\/\/jordhammock.com\/es\/shop\/cobertor-inferior\/","og_site_name":"Jord Hammock \u2013 The nordic hammock for tall people","article_publisher":"https:\/\/www.facebook.com\/jordhammock","article_modified_time":"2025-12-22T18:27:13+00:00","og_image":[{"width":1440,"height":960,"url":"https:\/\/jordhammock.com\/wp-content\/uploads\/2025\/04\/underquilt-hammock-solned-2025_1440.jpg","type":"image\/jpeg"}],"twitter_card":"summary_large_image","twitter_misc":{"Disponibilidad":"Disponible"},"schema":{"@context":"https:\/\/schema.org","@graph":[{"@type":"WebPage","@id":"https:\/\/jordhammock.com\/es\/shop\/cobertor-inferior\/","url":"https:\/\/jordhammock.com\/es\/shop\/cobertor-inferior\/","name":"Edred\u00f3n inferior Jord - Jord Hammock \u2013 The nordic hammock for tall people","isPartOf":{"@id":"https:\/\/jordhammock.com\/es\/#website"},"primaryImageOfPage":{"@id":"https:\/\/jordhammock.com\/es\/shop\/cobertor-inferior\/#primaryimage"},"image":{"@id":"https:\/\/jordhammock.com\/es\/shop\/cobertor-inferior\/#primaryimage"},"thumbnailUrl":"https:\/\/jordhammock.com\/wp-content\/uploads\/2025\/04\/underquilt-hammock-solned-2025_1440.jpg","datePublished":"2025-04-18T07:16:00+00:00","dateModified":"2025-12-22T18:27:13+00:00","breadcrumb":{"@id":"https:\/\/jordhammock.com\/es\/shop\/cobertor-inferior\/#breadcrumb"},"inLanguage":"es","potentialAction":[{"@type":"ReadAction","target":["https:\/\/jordhammock.com\/es\/shop\/cobertor-inferior\/"]}]},{"@type":"ImageObject","inLanguage":"es","@id":"https:\/\/jordhammock.com\/es\/shop\/cobertor-inferior\/#primaryimage","url":"https:\/\/jordhammock.com\/wp-content\/uploads\/2025\/04\/underquilt-hammock-solned-2025_1440.jpg","contentUrl":"https:\/\/jordhammock.com\/wp-content\/uploads\/2025\/04\/underquilt-hammock-solned-2025_1440.jpg","width":1440,"height":960},{"@type":"BreadcrumbList","@id":"https:\/\/jordhammock.com\/es\/shop\/cobertor-inferior\/#breadcrumb","itemListElement":[{"@type":"ListItem","position":1,"name":"Home","item":"https:\/\/jordhammock.com\/es\/"},{"@type":"ListItem","position":2,"name":"Tienda","item":"https:\/\/jordhammock.com\/es\/tienda\/"},{"@type":"ListItem","position":3,"name":"Edred\u00f3n inferior Jord"}]},{"@type":"WebSite","@id":"https:\/\/jordhammock.com\/es\/#website","url":"https:\/\/jordhammock.com\/es\/","name":"Jord Hammock \u2013 The nordic hammock for tall people","description":"Nordic hammock gear","publisher":{"@id":"https:\/\/jordhammock.com\/es\/#organization"},"potentialAction":[{"@type":"SearchAction","target":{"@type":"EntryPoint","urlTemplate":"https:\/\/jordhammock.com\/es\/?s={search_term_string}"},"query-input":{"@type":"PropertyValueSpecification","valueRequired":true,"valueName":"search_term_string"}}],"inLanguage":"es"},{"@type":"Organization","@id":"https:\/\/jordhammock.com\/es\/#organization","name":"Jord Hammock","url":"https:\/\/jordhammock.com\/es\/","logo":{"@type":"ImageObject","inLanguage":"es","@id":"https:\/\/jordhammock.com\/es\/#\/schema\/logo\/image\/","url":"https:\/\/jordhammock.com\/wp-content\/uploads\/2025\/04\/cropped-jordlogo500.png","contentUrl":"https:\/\/jordhammock.com\/wp-content\/uploads\/2025\/04\/cropped-jordlogo500.png","width":500,"height":300,"caption":"Jord Hammock"},"image":{"@id":"https:\/\/jordhammock.com\/es\/#\/schema\/logo\/image\/"},"sameAs":["https:\/\/www.facebook.com\/jordhammock","https:\/\/www.instagram.com\/jordhammock\/"]}]},"og_availability":"instock","product_availability":"instock","product_retailer_item_id":"UQ","product_condition":"new"},"taxonomy_info":{"product_brand":[{"value":18,"label":"Jord"}],"product_cat":[{"value":39,"label":"Equipo para hamacas"}]},"featured_image_src_large":["https:\/\/jordhammock.com\/wp-content\/uploads\/2025\/04\/underquilt-hammock-solned-2025_1440-1280x853.jpg",1170,780,true],"author_info":[],"comment_info":9,"_links":{"self":[{"href":"https:\/\/jordhammock.com\/es\/wp-json\/wp\/v2\/product\/869","targetHints":{"allow":["GET"]}}],"collection":[{"href":"https:\/\/jordhammock.com\/es\/wp-json\/wp\/v2\/product"}],"about":[{"href":"https:\/\/jordhammock.com\/es\/wp-json\/wp\/v2\/types\/product"}],"replies":[{"embeddable":true,"href":"https:\/\/jordhammock.com\/es\/wp-json\/wp\/v2\/comments?post=869"}],"wp:featuredmedia":[{"embeddable":true,"href":"https:\/\/jordhammock.com\/es\/wp-json\/wp\/v2\/media\/743"}],"wp:attachment":[{"href":"https:\/\/jordhammock.com\/es\/wp-json\/wp\/v2\/media?parent=869"}],"wp:term":[{"taxonomy":"product_brand","embeddable":true,"href":"https:\/\/jordhammock.com\/es\/wp-json\/wp\/v2\/product_brand?post=869"},{"taxonomy":"product_cat","embeddable":true,"href":"https:\/\/jordhammock.com\/es\/wp-json\/wp\/v2\/product_cat?post=869"},{"taxonomy":"product_tag","embeddable":true,"href":"https:\/\/jordhammock.com\/es\/wp-json\/wp\/v2\/product_tag?post=869"}],"curies":[{"name":"wp","href":"https:\/\/api.w.org\/{rel}","templated":true}]}}