{"id":868,"date":"2025-04-18T07:16:00","date_gmt":"2025-04-18T07:16:00","guid":{"rendered":"https:\/\/jordhammock.com\/shop\/kit-de-hamaca-jord\/"},"modified":"2025-12-22T18:27:09","modified_gmt":"2025-12-22T18:27:09","slug":"hammock-kit","status":"publish","type":"product","link":"https:\/\/jordhammock.com\/es\/shop\/hammock-kit\/","title":{"rendered":"Kit de Hamaca Jord"},"content":{"rendered":"\n<p>Todo lo que necesita para la perfecta estancia en el bosque, \u00a1a un excelente precio de paquete!<\/p>\n\n<p>Aprecio enormemente un buen kit de hamaca: un conjunto completo que simplemente funciona, permiti\u00e9ndole suspenderse entre los \u00e1rboles sin la necesidad de determinar qu\u00e9 componentes son compatibles entre s\u00ed. El <strong>Kit de Hamaca Jord<\/strong> es precisamente eso: una hamaca con sistema de suspensi\u00f3n, toldo y edred\u00f3n inferior, todo en un paquete perfectamente integrado. <\/p>\n\n<p>Para adaptarlo a sus necesidades espec\u00edficas, tiene la opci\u00f3n de elegir entre un toldo grande o peque\u00f1o, y seleccionar el nivel de calidez del edred\u00f3n inferior que se ajuste a la temporada y a su estilo personal. Incluso tiene la posibilidad de a\u00f1adir un edred\u00f3n superior para obtener un sistema de descanso en hamaca completamente equipado que le acompa\u00f1ar\u00e1 durante muchos a\u00f1os. <\/p>\n\n<p>Todo lo que necesita, en un solo lugar, listo para noches espont\u00e1neas en la naturaleza. Con un equipo de tan alta calidad, el llamado del bosque se vuelve m\u00e1s intenso, y la experiencia de usar la hamaca se torna sin esfuerzo y sumamente atractiva. <\/p>\n\n<p>Imag\u00ednese la escena: el viento susurrando entre los \u00e1rboles, el fr\u00edo mantenido a raya, y usted, envuelto en paz. Su hamaca le acuna, su edred\u00f3n inferior le proporciona calidez, su toldo le protege. Traiga su antiguo saco de dormir, o a\u00f1ada un edred\u00f3n superior, para disfrutar de una experiencia verdaderamente lujosa.  <\/p>\n\n<p>El descanso en el bosque se convierte en puro deleite, ya sea que llueva o que las estrellas brillen en el firmamento.<\/p>\n\n<p>El kit incluye todos los elementos esenciales. El toldo, el edred\u00f3n inferior y el edred\u00f3n superior son personalizables seg\u00fan sus preferencias individuales. Adem\u00e1s, cada kit viene acompa\u00f1ado de una Bolsa Bishop.*  <\/p>\n\n<figure class=\"wp-block-image size-large\"><img loading=\"lazy\" decoding=\"async\" width=\"1280\" height=\"853\" src=\"https:\/\/jordhammock.com\/wp-content\/uploads\/2025\/04\/hammock-hanna-solned_1440-1280x853.jpg\" alt=\"\" class=\"wp-image-317\" srcset=\"https:\/\/jordhammock.com\/wp-content\/uploads\/2025\/04\/hammock-hanna-solned_1440-1280x853.jpg 1280w, https:\/\/jordhammock.com\/wp-content\/uploads\/2025\/04\/hammock-hanna-solned_1440-800x533.jpg 800w, https:\/\/jordhammock.com\/wp-content\/uploads\/2025\/04\/hammock-hanna-solned_1440-768x512.jpg 768w, https:\/\/jordhammock.com\/wp-content\/uploads\/2025\/04\/hammock-hanna-solned_1440-990x660.jpg 990w, https:\/\/jordhammock.com\/wp-content\/uploads\/2025\/04\/hammock-hanna-solned_1440-441x294.jpg 441w, https:\/\/jordhammock.com\/wp-content\/uploads\/2025\/04\/hammock-hanna-solned_1440.jpg 1440w\" sizes=\"auto, (max-width: 1280px) 100vw, 1280px\" \/><\/figure>\n\n<h4 class=\"wp-block-heading\">La Hamaca \u2013 Su Lugar Entre los \u00c1rboles<\/h4>\n\n<p>La <strong><a href=\"https:\/\/jordhammock.com\/butik\/momo-jord-hammock\/\" data-type=\"product\" data-id=\"265371\">Jord Hammock<\/a><\/strong> es el coraz\u00f3n del kit: lo suficientemente espaciosa para estirarse y lo suficientemente ligera para transportarla por las monta\u00f1as. La dise\u00f1\u00e9 para las noches n\u00f3rdicas, con una mosquitera integrada para mantener alejados a los insectos y una sensaci\u00f3n de libertad inigualable. Es mi forma favorita de dormir al aire libre: f\u00e1cil de colgar y m\u00e1s c\u00f3moda que la mayor\u00eda de las camas.<\/p>\n\n<h4 class=\"wp-block-heading\">El Edred\u00f3n Inferior \u2013 Calidez Desde Abajo<\/h4>\n\n<p>El <strong><a href=\"https:\/\/jordhammock.com\/shop\/uq\/\" data-type=\"product\" data-id=\"265410\">Jord Underquilt<\/a><\/strong> evita que el fr\u00edo se filtre por debajo. Te envuelve alrededor de la hamaca como un c\u00e1lido abrazo, haciendo que cada noche sea reparadora y acogedora. La he usado en claros helados: es mullida, sencilla y esencial para un buen descanso. Elige Featherlight 300, Forest Peace 500 o Winter Rest 800 seg\u00fan lo abrigado que duermas y lo ligero que quieras viajar.<\/p>\n\n<h4 class=\"wp-block-heading\">El Toldo \u2013 Protecci\u00f3n Contra la Lluvia, el Sol y el Viento<\/h4>\n\n<p>La <a href=\"https:\/\/jordhammock.com\/butik\/momo-jord-asym-tarp-latt-enkel-med-utsikt\/\" data-type=\"product\" data-id=\"384707\"><strong>Jord Tarp<\/strong><\/a> te mantiene seco y protegido, a la vez que te permite disfrutar de la vista del bosque. Es f\u00e1cil de montar y lo suficientemente resistente como para soportar las tormentas n\u00f3rdicas: he confiado en ella con los vientos salvajes de H\u00e4lsinge y me he mantenido seco durante los aguaceros. Elige una lona asim\u00e9trica m\u00e1s ligera para una cobertura m\u00ednima, o elige una lona rectangular grande para una protecci\u00f3n total y espacio para tu equipo.<\/p>\n\n<h4 class=\"wp-block-heading\">El Edred\u00f3n Superior \u2013 La Manta Mullida de Su Hamaca<\/h4>\n\n<p>El <strong><a href=\"https:\/\/jordhammock.com\/es\/shop\/edredon-superior-jord\/\" data-type=\"product\" data-id=\"384740\">Jord Topquilt<\/a><\/strong> es la soluci\u00f3n cuando ya no quieres luchar con cremalleras y sacos de momia ajustados. Un topquilt es una manta c\u00e1lida y mullida dise\u00f1ada para hamacas: m\u00e1s sencilla, acogedora y mucho m\u00e1s f\u00e1cil. Simplemente desl\u00edzate dentro y d\u00e9jate llevar por la comodidad.<\/p>\n\n<p>*<em>Para los entusiastas de las hamacas:<\/em> Mi intenci\u00f3n era incluir una Bolsa Bishop de tama\u00f1o extragrande capaz de albergar todo el kit. Lamentablemente, debido a un malentendido con el proveedor, nuestras Bolsas Bishop no son del tama\u00f1o XL previsto. Es posible acomodar la hamaca y el edred\u00f3n inferior (hasta el modelo 500) sin necesidad de retirar ning\u00fan componente, aunque de manera ajustada, y no hay espacio para el toldo, el edred\u00f3n superior o el Winter Rest. No obstante, es probablemente la Bolsa Bishop m\u00e1s grande que puede adquirir y contribuye a simplificar la configuraci\u00f3n de su equipo.   <\/p>\n\n<figure class=\"wp-block-image size-large\"><img decoding=\"async\" src=\"https:\/\/jordhammock.com\/wp-content\/uploads\/2025\/03\/asymtarp_1280-1080x810.jpg\" alt=\"Toldo asim&#xE9;trico Jord instalado en el bosque\" class=\"wp-image-384728\"\/><\/figure>\n","protected":false},"excerpt":{"rendered":"<p>Todo lo que necesita para la perfecta estancia en el bosque, \u00a1a un excelente precio de paquete! Aprecio enormemente un buen kit de hamaca: un conjunto completo que simplemente funciona, permiti\u00e9ndole suspenderse entre los \u00e1rboles sin la necesidad de determinar qu\u00e9 componentes son compatibles entre s\u00ed. El Kit de Hamaca Jord es precisamente eso: una [&hellip;]<\/p>\n","protected":false},"featured_media":740,"comment_status":"open","ping_status":"closed","template":"","meta":{"_kad_blocks_custom_css":"","_kad_blocks_head_custom_js":"","_kad_blocks_body_custom_js":"","_kad_blocks_footer_custom_js":""},"product_brand":[],"product_cat":[39],"product_tag":[],"class_list":{"0":"post-868","1":"product","2":"type-product","3":"status-publish","4":"has-post-thumbnail","6":"product_cat-equipo-para-hamacas","8":"first","9":"outofstock","10":"featured","11":"taxable","12":"shipping-taxable","13":"purchasable","14":"product-type-composite"},"yoast_head":"<!-- This site is optimized with the Yoast SEO plugin v27.4 - https:\/\/yoast.com\/product\/yoast-seo-wordpress\/ -->\n<title>Kit de Hamaca Jord - Jord Hammock<\/title>\n<meta name=\"robots\" content=\"index, follow, max-snippet:-1, max-image-preview:large, max-video-preview:-1\" \/>\n<link rel=\"canonical\" href=\"https:\/\/jordhammock.com\/es\/shop\/hammock-kit\/\" \/>\n<meta property=\"og:locale\" content=\"es_ES\" \/>\n<meta property=\"og:type\" content=\"article\" \/>\n<meta property=\"og:title\" content=\"Kit de Hamaca Jord - Jord Hammock\" \/>\n<meta property=\"og:description\" content=\"Todo lo que necesita para la perfecta estancia en el bosque, \u00a1a un excelente precio de paquete! Aprecio enormemente un buen kit de hamaca: un conjunto completo que simplemente funciona, permiti\u00e9ndole suspenderse entre los \u00e1rboles sin la necesidad de determinar qu\u00e9 componentes son compatibles entre s\u00ed. El Kit de Hamaca Jord es precisamente eso: una [&hellip;]\" \/>\n<meta property=\"og:url\" content=\"https:\/\/jordhammock.com\/es\/shop\/hammock-kit\/\" \/>\n<meta property=\"og:site_name\" content=\"Jord Hammock\" \/>\n<meta property=\"article:publisher\" content=\"https:\/\/www.facebook.com\/jordhammock\" \/>\n<meta property=\"article:modified_time\" content=\"2025-12-22T18:27:09+00:00\" \/>\n<meta property=\"og:image\" content=\"https:\/\/jordhammock.com\/wp-content\/uploads\/2025\/04\/hammock-hanna-solned_1440.jpg\" \/>\n\t<meta property=\"og:image:width\" content=\"1440\" \/>\n\t<meta property=\"og:image:height\" content=\"960\" \/>\n\t<meta property=\"og:image:type\" content=\"image\/jpeg\" \/>\n<meta name=\"twitter:card\" content=\"summary_large_image\" \/>\n<meta name=\"twitter:label1\" content=\"Precio\" \/>\n\t<meta name=\"twitter:data1\" content=\"159,00&nbsp;&euro;\" \/>\n\t<meta name=\"twitter:label2\" content=\"Disponibilidad\" \/>\n\t<meta name=\"twitter:data2\" content=\"Sin existencias\" \/>\n<script type=\"application\/ld+json\" class=\"yoast-schema-graph\">{\"@context\":\"https:\\\/\\\/schema.org\",\"@graph\":[{\"@type\":\"WebPage\",\"@id\":\"https:\\\/\\\/jordhammock.com\\\/es\\\/shop\\\/hammock-kit\\\/\",\"url\":\"https:\\\/\\\/jordhammock.com\\\/es\\\/shop\\\/hammock-kit\\\/\",\"name\":\"Kit de Hamaca Jord - Jord Hammock\",\"isPartOf\":{\"@id\":\"https:\\\/\\\/jordhammock.com\\\/es\\\/#website\"},\"primaryImageOfPage\":{\"@id\":\"https:\\\/\\\/jordhammock.com\\\/es\\\/shop\\\/hammock-kit\\\/#primaryimage\"},\"image\":{\"@id\":\"https:\\\/\\\/jordhammock.com\\\/es\\\/shop\\\/hammock-kit\\\/#primaryimage\"},\"thumbnailUrl\":\"https:\\\/\\\/jordhammock.com\\\/wp-content\\\/uploads\\\/2025\\\/04\\\/hammock-hanna-solned_1440.jpg\",\"datePublished\":\"2025-04-18T07:16:00+00:00\",\"dateModified\":\"2025-12-22T18:27:09+00:00\",\"breadcrumb\":{\"@id\":\"https:\\\/\\\/jordhammock.com\\\/es\\\/shop\\\/hammock-kit\\\/#breadcrumb\"},\"inLanguage\":\"es\",\"potentialAction\":[{\"@type\":\"ReadAction\",\"target\":[\"https:\\\/\\\/jordhammock.com\\\/es\\\/shop\\\/hammock-kit\\\/\"]}]},{\"@type\":\"ImageObject\",\"inLanguage\":\"es\",\"@id\":\"https:\\\/\\\/jordhammock.com\\\/es\\\/shop\\\/hammock-kit\\\/#primaryimage\",\"url\":\"https:\\\/\\\/jordhammock.com\\\/wp-content\\\/uploads\\\/2025\\\/04\\\/hammock-hanna-solned_1440.jpg\",\"contentUrl\":\"https:\\\/\\\/jordhammock.com\\\/wp-content\\\/uploads\\\/2025\\\/04\\\/hammock-hanna-solned_1440.jpg\",\"width\":1440,\"height\":960,\"caption\":\"hammock hanna solned 1440\"},{\"@type\":\"BreadcrumbList\",\"@id\":\"https:\\\/\\\/jordhammock.com\\\/es\\\/shop\\\/hammock-kit\\\/#breadcrumb\",\"itemListElement\":[{\"@type\":\"ListItem\",\"position\":1,\"name\":\"Home\",\"item\":\"https:\\\/\\\/jordhammock.com\\\/es\\\/\"},{\"@type\":\"ListItem\",\"position\":2,\"name\":\"Tienda\",\"item\":\"https:\\\/\\\/jordhammock.com\\\/es\\\/tienda\\\/\"},{\"@type\":\"ListItem\",\"position\":3,\"name\":\"Kit de Hamaca Jord\"}]},{\"@type\":\"WebSite\",\"@id\":\"https:\\\/\\\/jordhammock.com\\\/es\\\/#website\",\"url\":\"https:\\\/\\\/jordhammock.com\\\/es\\\/\",\"name\":\"Jord Hammock\",\"description\":\"Nordic hammock gear\",\"publisher\":{\"@id\":\"https:\\\/\\\/jordhammock.com\\\/es\\\/#organization\"},\"alternateName\":\"Nordic hammock gear for tall sleepers\",\"potentialAction\":[{\"@type\":\"SearchAction\",\"target\":{\"@type\":\"EntryPoint\",\"urlTemplate\":\"https:\\\/\\\/jordhammock.com\\\/es\\\/?s={search_term_string}\"},\"query-input\":{\"@type\":\"PropertyValueSpecification\",\"valueRequired\":true,\"valueName\":\"search_term_string\"}}],\"inLanguage\":\"es\"},{\"@type\":\"Organization\",\"@id\":\"https:\\\/\\\/jordhammock.com\\\/es\\\/#organization\",\"name\":\"Jord Hammock\",\"url\":\"https:\\\/\\\/jordhammock.com\\\/es\\\/\",\"logo\":{\"@type\":\"ImageObject\",\"inLanguage\":\"es\",\"@id\":\"https:\\\/\\\/jordhammock.com\\\/es\\\/#\\\/schema\\\/logo\\\/image\\\/\",\"url\":\"https:\\\/\\\/jordhammock.com\\\/wp-content\\\/uploads\\\/2025\\\/04\\\/cropped-jordlogo500.png\",\"contentUrl\":\"https:\\\/\\\/jordhammock.com\\\/wp-content\\\/uploads\\\/2025\\\/04\\\/cropped-jordlogo500.png\",\"width\":500,\"height\":300,\"caption\":\"Jord Hammock\"},\"image\":{\"@id\":\"https:\\\/\\\/jordhammock.com\\\/es\\\/#\\\/schema\\\/logo\\\/image\\\/\"},\"sameAs\":[\"https:\\\/\\\/www.facebook.com\\\/jordhammock\",\"https:\\\/\\\/www.instagram.com\\\/jordhammock\\\/\"]}]}<\/script>\n<meta property=\"product:price:amount\" content=\"159.00\" \/>\n<meta property=\"product:price:currency\" content=\"EUR\" \/>\n<meta property=\"og:availability\" content=\"out of stock\" \/>\n<meta property=\"product:availability\" content=\"out of stock\" \/>\n<meta property=\"product:retailer_item_id\" content=\"HAMMOCKKIT\" \/>\n<meta property=\"product:condition\" content=\"new\" \/>\n<!-- \/ Yoast SEO plugin. -->","yoast_head_json":{"title":"Kit de Hamaca Jord - Jord Hammock","robots":{"index":"index","follow":"follow","max-snippet":"max-snippet:-1","max-image-preview":"max-image-preview:large","max-video-preview":"max-video-preview:-1"},"canonical":"https:\/\/jordhammock.com\/es\/shop\/hammock-kit\/","og_locale":"es_ES","og_type":"article","og_title":"Kit de Hamaca Jord - Jord Hammock","og_description":"Todo lo que necesita para la perfecta estancia en el bosque, \u00a1a un excelente precio de paquete! Aprecio enormemente un buen kit de hamaca: un conjunto completo que simplemente funciona, permiti\u00e9ndole suspenderse entre los \u00e1rboles sin la necesidad de determinar qu\u00e9 componentes son compatibles entre s\u00ed. El Kit de Hamaca Jord es precisamente eso: una [&hellip;]","og_url":"https:\/\/jordhammock.com\/es\/shop\/hammock-kit\/","og_site_name":"Jord Hammock","article_publisher":"https:\/\/www.facebook.com\/jordhammock","article_modified_time":"2025-12-22T18:27:09+00:00","og_image":[{"width":1440,"height":960,"url":"https:\/\/jordhammock.com\/wp-content\/uploads\/2025\/04\/hammock-hanna-solned_1440.jpg","type":"image\/jpeg"}],"twitter_card":"summary_large_image","twitter_misc":{"Precio":"159,00&nbsp;&euro;","Disponibilidad":"Sin existencias"},"schema":{"@context":"https:\/\/schema.org","@graph":[{"@type":"WebPage","@id":"https:\/\/jordhammock.com\/es\/shop\/hammock-kit\/","url":"https:\/\/jordhammock.com\/es\/shop\/hammock-kit\/","name":"Kit de Hamaca Jord - Jord Hammock","isPartOf":{"@id":"https:\/\/jordhammock.com\/es\/#website"},"primaryImageOfPage":{"@id":"https:\/\/jordhammock.com\/es\/shop\/hammock-kit\/#primaryimage"},"image":{"@id":"https:\/\/jordhammock.com\/es\/shop\/hammock-kit\/#primaryimage"},"thumbnailUrl":"https:\/\/jordhammock.com\/wp-content\/uploads\/2025\/04\/hammock-hanna-solned_1440.jpg","datePublished":"2025-04-18T07:16:00+00:00","dateModified":"2025-12-22T18:27:09+00:00","breadcrumb":{"@id":"https:\/\/jordhammock.com\/es\/shop\/hammock-kit\/#breadcrumb"},"inLanguage":"es","potentialAction":[{"@type":"ReadAction","target":["https:\/\/jordhammock.com\/es\/shop\/hammock-kit\/"]}]},{"@type":"ImageObject","inLanguage":"es","@id":"https:\/\/jordhammock.com\/es\/shop\/hammock-kit\/#primaryimage","url":"https:\/\/jordhammock.com\/wp-content\/uploads\/2025\/04\/hammock-hanna-solned_1440.jpg","contentUrl":"https:\/\/jordhammock.com\/wp-content\/uploads\/2025\/04\/hammock-hanna-solned_1440.jpg","width":1440,"height":960,"caption":"hammock hanna solned 1440"},{"@type":"BreadcrumbList","@id":"https:\/\/jordhammock.com\/es\/shop\/hammock-kit\/#breadcrumb","itemListElement":[{"@type":"ListItem","position":1,"name":"Home","item":"https:\/\/jordhammock.com\/es\/"},{"@type":"ListItem","position":2,"name":"Tienda","item":"https:\/\/jordhammock.com\/es\/tienda\/"},{"@type":"ListItem","position":3,"name":"Kit de Hamaca Jord"}]},{"@type":"WebSite","@id":"https:\/\/jordhammock.com\/es\/#website","url":"https:\/\/jordhammock.com\/es\/","name":"Jord Hammock","description":"Nordic hammock gear","publisher":{"@id":"https:\/\/jordhammock.com\/es\/#organization"},"alternateName":"Nordic hammock gear for tall sleepers","potentialAction":[{"@type":"SearchAction","target":{"@type":"EntryPoint","urlTemplate":"https:\/\/jordhammock.com\/es\/?s={search_term_string}"},"query-input":{"@type":"PropertyValueSpecification","valueRequired":true,"valueName":"search_term_string"}}],"inLanguage":"es"},{"@type":"Organization","@id":"https:\/\/jordhammock.com\/es\/#organization","name":"Jord Hammock","url":"https:\/\/jordhammock.com\/es\/","logo":{"@type":"ImageObject","inLanguage":"es","@id":"https:\/\/jordhammock.com\/es\/#\/schema\/logo\/image\/","url":"https:\/\/jordhammock.com\/wp-content\/uploads\/2025\/04\/cropped-jordlogo500.png","contentUrl":"https:\/\/jordhammock.com\/wp-content\/uploads\/2025\/04\/cropped-jordlogo500.png","width":500,"height":300,"caption":"Jord Hammock"},"image":{"@id":"https:\/\/jordhammock.com\/es\/#\/schema\/logo\/image\/"},"sameAs":["https:\/\/www.facebook.com\/jordhammock","https:\/\/www.instagram.com\/jordhammock\/"]}]},"product_price_amount":"159.00","product_price_currency":"EUR","og_availability":"out of stock","product_availability":"out of stock","product_retailer_item_id":"HAMMOCKKIT","product_condition":"new"},"taxonomy_info":{"product_cat":[{"value":39,"label":"Equipo para hamacas"}]},"featured_image_src_large":["https:\/\/jordhammock.com\/wp-content\/uploads\/2025\/04\/hammock-hanna-solned_1440-1280x853.jpg",1170,780,true],"author_info":[],"comment_info":0,"_links":{"self":[{"href":"https:\/\/jordhammock.com\/es\/wp-json\/wp\/v2\/product\/868","targetHints":{"allow":["GET"]}}],"collection":[{"href":"https:\/\/jordhammock.com\/es\/wp-json\/wp\/v2\/product"}],"about":[{"href":"https:\/\/jordhammock.com\/es\/wp-json\/wp\/v2\/types\/product"}],"replies":[{"embeddable":true,"href":"https:\/\/jordhammock.com\/es\/wp-json\/wp\/v2\/comments?post=868"}],"wp:featuredmedia":[{"embeddable":true,"href":"https:\/\/jordhammock.com\/es\/wp-json\/wp\/v2\/media\/740"}],"wp:attachment":[{"href":"https:\/\/jordhammock.com\/es\/wp-json\/wp\/v2\/media?parent=868"}],"wp:term":[{"taxonomy":"product_brand","embeddable":true,"href":"https:\/\/jordhammock.com\/es\/wp-json\/wp\/v2\/product_brand?post=868"},{"taxonomy":"product_cat","embeddable":true,"href":"https:\/\/jordhammock.com\/es\/wp-json\/wp\/v2\/product_cat?post=868"},{"taxonomy":"product_tag","embeddable":true,"href":"https:\/\/jordhammock.com\/es\/wp-json\/wp\/v2\/product_tag?post=868"}],"curies":[{"name":"wp","href":"https:\/\/api.w.org\/{rel}","templated":true}]}}