{"id":883,"date":"2025-04-18T07:16:00","date_gmt":"2025-04-18T07:16:00","guid":{"rendered":"https:\/\/jordhammock.com\/shop\/jord-unterquilt\/"},"modified":"2025-12-22T18:27:12","modified_gmt":"2025-12-22T18:27:12","slug":"unterquilt","status":"publish","type":"product","link":"https:\/\/jordhammock.com\/de\/shop\/unterquilt\/","title":{"rendered":"Jord Unterquilt"},"content":{"rendered":"\n<h3 class=\"wp-block-heading\">Unterquilt macht H\u00e4ngemattenschlafen magisch<\/h3>\n\n<div class=\"wp-block-group has-global-padding is-layout-constrained wp-block-group-is-layout-constrained\">\n<p>Ein Unterquilt ist nicht nur ein H\u00e4ngematten-Zubeh\u00f6r \u2013 er macht das H\u00e4ngemattenschlafen warm, gem\u00fctlich und wahrhaft magisch. Der <strong>Jord Unterquilt<\/strong> ist einer der besten und erschwinglichsten Unterquilts auf dem Markt. Lang genug f\u00fcr die gr\u00f6\u00dften Abenteurer, breit genug f\u00fcr die meisten H\u00e4ngematten, flauschig genug, um die K\u00e4lte abzuhalten, und leicht genug, um ihn immer mitzunehmen. Verabschieden Sie sich von Ihrer Isomatte \u2013 dies ist der einzige Unterquilt, den Sie je ben\u00f6tigen werden.   <\/p>\n\n\n\n<p>Stellen Sie sich vor: Sie schweben in Ihrer H\u00e4ngematte, umgeben vom Fl\u00fcstern des Waldes und den Sternen \u00fcber Ihnen \u2013 und es dringt kein Hauch von K\u00e4lte von unten herein. Dieser Unterquilt ist Ihre unsichtbare Umarmung, die Sie in W\u00e4rme h\u00fcllt, sodass Sie jeden Moment der Stille und Sch\u00f6nheit in vollen Z\u00fcgen genie\u00dfen k\u00f6nnen. Nat\u00fcrlich passt er perfekt zur <a href=\"https:\/\/jordhammock.com\/de\/shop\/jord-haengematte\/\" data-type=\"product\" data-id=\"265371\">Jord H\u00e4ngematte<\/a> \u2013 Ihre Ausr\u00fcstung f\u00fcr viele unvergessliche N\u00e4chte im Wald.  <\/p>\n\n\n\n<p>Ich habe drei Modelle f\u00fcr jede Art von Abenteuer entworfen. Alle mit der gleichen cleveren Konstruktion, der gleichen erstklassigen Qualit\u00e4t und den gleichen flauschigen <strong>850FP Responsible Down Standard (RDS) zertifizierten Daunen<\/strong> \u2013 ethisch, unglaublich warm und leistungsstark. Was variiert, ist die Menge an Daunen \u2013 und das Ma\u00df an W\u00e4rme, das sie Ihnen bieten.  <\/p>\n\n\n\n<figure class=\"wp-block-image size-large\"><img loading=\"lazy\" decoding=\"async\" width=\"1280\" height=\"853\" src=\"https:\/\/jordhammock.com\/wp-content\/uploads\/2025\/04\/underquilt-hammock-solned-2025_1440-1280x853.jpg\" alt=\"\" class=\"wp-image-297\" srcset=\"https:\/\/jordhammock.com\/wp-content\/uploads\/2025\/04\/underquilt-hammock-solned-2025_1440-1280x853.jpg 1280w, https:\/\/jordhammock.com\/wp-content\/uploads\/2025\/04\/underquilt-hammock-solned-2025_1440-800x533.jpg 800w, https:\/\/jordhammock.com\/wp-content\/uploads\/2025\/04\/underquilt-hammock-solned-2025_1440-768x512.jpg 768w, https:\/\/jordhammock.com\/wp-content\/uploads\/2025\/04\/underquilt-hammock-solned-2025_1440-990x660.jpg 990w, https:\/\/jordhammock.com\/wp-content\/uploads\/2025\/04\/underquilt-hammock-solned-2025_1440-441x294.jpg 441w, https:\/\/jordhammock.com\/wp-content\/uploads\/2025\/04\/underquilt-hammock-solned-2025_1440.jpg 1440w\" sizes=\"auto, (max-width: 1280px) 100vw, 1280px\" \/><\/figure>\n\n\n\n<h3 class=\"wp-block-heading\">Drei Modelle f\u00fcr Ihre Freiheit<\/h3>\n\n\n\n<ul class=\"wp-block-list\">\n<li><strong>Featherlight 300g \u2013 Ultraleichter Unterquilt f\u00fcr den Sommergebrauch:<\/strong><br\/>Leicht wie eine Feder, klein wie ein Geheimnis. Ideal f\u00fcr warme N\u00e4chte, wenn Sie sich frei bewegen und leicht packen m\u00f6chten. Mit einem Gewicht von unter 600 g und minimaler Packgr\u00f6\u00dfe ist er perfekt f\u00fcr Sommerabenteuer.   <em>F\u00fcr diejenigen, die Gewicht priorisieren \u2013 wenn Sie dazu neigen, leicht zu frieren, w\u00e4hlen Sie ein w\u00e4rmeres Modell.<\/em><\/li>\n\n\n\n<li><strong>Forest Peace 500g \u2013 Die beste Wahl vom Fr\u00fchling bis zum Herbst:<\/strong><br\/>Ihr zuverl\u00e4ssiger Begleiter vom fr\u00fchen Fr\u00fchling bis zum sp\u00e4ten Herbst. Mit 500 g Daunen und einem Gesamtgewicht von etwa 800 g ist dies der Allrounder. Zuverl\u00e4ssige W\u00e4rme, handhabbares Gewicht \u2013 ob in den Bergen, an der K\u00fcste oder im Wald.   <em>Wenn Sie unsicher sind, w\u00e4hlen Sie dieses Modell.<\/em><\/li>\n\n\n\n<li><strong>Winter Rest 800g \u2013 F\u00fcr Winterabenteuer oder extra W\u00e4rme:<\/strong><br\/>Wenn Sie leicht frieren, ist dies Ihr Quilt. Mit 800 g Daunen ist er wahrscheinlich einer der luxuri\u00f6sesten Unterquilts der Welt. F\u00fcr Winterh\u00e4ngemattenschlafen und absoluten Komfort unter einem sternenklaren Himmel.   <em>Ich habe keinen anderen Unterquilt mit so viel Bauschkraft gefunden \u2013 er spielt in einer eigenen Liga.<\/em><\/li>\n<\/ul>\n\n\n\n<figure class=\"wp-block-image size-large is-resized\"><img loading=\"lazy\" decoding=\"async\" width=\"1280\" height=\"853\" src=\"https:\/\/jordhammock.com\/wp-content\/uploads\/2025\/03\/underquilt-detalj_1440-1280x853.jpg\" alt=\"\" class=\"wp-image-165\" style=\"aspect-ratio:1;width:900px;height:auto\" srcset=\"https:\/\/jordhammock.com\/wp-content\/uploads\/2025\/03\/underquilt-detalj_1440-1280x853.jpg 1280w, https:\/\/jordhammock.com\/wp-content\/uploads\/2025\/03\/underquilt-detalj_1440-800x533.jpg 800w, https:\/\/jordhammock.com\/wp-content\/uploads\/2025\/03\/underquilt-detalj_1440-768x512.jpg 768w, https:\/\/jordhammock.com\/wp-content\/uploads\/2025\/03\/underquilt-detalj_1440-990x660.jpg 990w, https:\/\/jordhammock.com\/wp-content\/uploads\/2025\/03\/underquilt-detalj_1440-441x294.jpg 441w, https:\/\/jordhammock.com\/wp-content\/uploads\/2025\/03\/underquilt-detalj_1440.jpg 1440w\" sizes=\"auto, (max-width: 1280px) 100vw, 1280px\" \/><\/figure>\n\n\n\n<h3 class=\"wp-block-heading\">Entworfen f\u00fcr die Jord H\u00e4ngematte \u2013 Liebt alle H\u00e4ngematten<\/h3>\n\n\n\n<p>Ich habe diese Underquilts so entworfen, dass sie perfekt zur <strong><a href=\"https:\/\/jordhammock.com\/de\/shop\/jord-haengematte\/\" data-type=\"product\" data-id=\"265371\">Jord Hammock<\/a><\/strong> passen, aber sie funktionieren mit den meisten H\u00e4ngematten: Dutchware Chameleon, Hennessy Hammock, DD Hammocks und anderen Modellen mit gerafftem Ende. Hergestellt aus <strong>10D-Ripstop-Nylon<\/strong> und mit den Ma\u00dfen <strong>208 x 142 cm<\/strong> sind sie leicht, strapazierf\u00e4hig und ger\u00e4umig \u2013 auch f\u00fcr lange Beine.<\/p>\n\n\n\n<h3 class=\"wp-block-heading\">M\u00fcheloses Aufh\u00e4ngen<\/h3>\n\n\n\n<p>Keine Verwicklungen, kein \u00c4rger. <strong>Elastische Kordeln<\/strong> und mitgelieferte Karabiner machen den Aufbau reibungslos. Zus\u00e4tzliche Schlaufen sichern den Quilt, und <strong>Zugschn\u00fcre<\/strong> passen ihn perfekt an Ihren K\u00f6rper an. So gehen Sie beim ersten Mal vor:  <\/p>\n\n\n\n<ul class=\"wp-block-list\">\n<li>Ziehen Sie die inneren elastischen Kordeln fest, um einen gem\u00fctlichen Kokon zu schaffen<\/li>\n\n\n\n<li>Sammeln Sie die vier elastischen Kordeln an jedem Ende und befestigen Sie einen Karabiner (50\u201360 cm Leine ist ideal \u2013 Sie k\u00f6nnen sie zurechtschneiden, sobald Sie die passende L\u00e4nge gefunden haben)<\/li>\n\n\n\n<li>H\u00e4ngen Sie ihn unter Ihrer H\u00e4ngematte auf, passen Sie bei Bedarf die Spannung an und entspannen Sie sich<\/li>\n\n\n\n<li><strong>TIPP:<\/strong> Verwenden Sie die vier kleinen Metallhaken (im Lieferumfang enthalten) zur weiteren Stabilisierung. Befestigen Sie 5 cm lange elastische Kordeln oder Schlaufen an den Haken, binden Sie sie an die H\u00e4ngematte und haken Sie den Quilt ein. Ich bevorzuge zwei pro Seite, die leicht nach au\u00dfen gerichtet sind \u2013 finden Sie heraus, was f\u00fcr Sie am besten funktioniert  <\/li>\n<\/ul>\n\n\n\n<figure class=\"wp-block-image size-full is-style-default\"><img loading=\"lazy\" decoding=\"async\" width=\"1280\" height=\"960\" src=\"https:\/\/jordhammock.com\/wp-content\/uploads\/2025\/04\/uq-krokar.jpg\" alt=\"\" class=\"wp-image-364\" style=\"aspect-ratio:1\" srcset=\"https:\/\/jordhammock.com\/wp-content\/uploads\/2025\/04\/uq-krokar.jpg 1280w, https:\/\/jordhammock.com\/wp-content\/uploads\/2025\/04\/uq-krokar-800x600.jpg 800w, https:\/\/jordhammock.com\/wp-content\/uploads\/2025\/04\/uq-krokar-768x576.jpg 768w, https:\/\/jordhammock.com\/wp-content\/uploads\/2025\/04\/uq-krokar-990x743.jpg 990w, https:\/\/jordhammock.com\/wp-content\/uploads\/2025\/04\/uq-krokar-441x331.jpg 441w\" sizes=\"auto, (max-width: 1280px) 100vw, 1280px\" \/><\/figure>\n\n\n\n<p>Sobald sie eingestellt ist, kannst du sie dran lassen und im <a href=\"https:\/\/jordhammock.com\/de\/shop\/jord-bishop-bag\/\" data-type=\"product\" data-id=\"292075\">Bishop Bag<\/a> verstauen. Bewahre sie h\u00e4ngend oder im mitgelieferten gro\u00dfen Aufbewahrungssack auf, um die Daunen flauschig zu halten.<\/p>\n\n\n\n<h3 class=\"wp-block-heading\">Warum sollten Sie sich f\u00fcr den Jord Unterquilt entscheiden?<\/h3>\n\n\n\n<ul class=\"wp-block-list\">\n<li><strong>Ma\u00dfgeschneiderte W\u00e4rme:<\/strong> Vom luftigen Sommergef\u00fchl des Featherlight bis zum tiefwinterlichen Komfort des Winter Rest<\/li>\n\n\n\n<li><strong>Nahtlose Passform mit Jord H\u00e4ngematte:<\/strong> Speziell entworfen, kompatibel mit allen f\u00fchrenden Marken<\/li>\n\n\n\n<li><strong>Waldfreundliche Farbe:<\/strong> Olivgr\u00fcn \u2013 ein dunkles Gr\u00fcn, das sich harmonisch in nordische Landschaften einf\u00fcgt<\/li>\n<\/ul>\n\n\n\n<h3 class=\"wp-block-heading\">Spezifikationen<\/h3>\n\n\n\n<ul class=\"wp-block-list\">\n<li><strong>Abmessungen:<\/strong> 208 x 142 cm \u2013 eine der gro\u00dfz\u00fcgigsten Unterquilts auf dem Markt<\/li>\n\n\n\n<li><strong>Material:<\/strong> 10d Ripstop-Nylon (Olivgr\u00fcn), 850FP RDS-zertifizierte Daunen<\/li>\n\n\n\n<li><strong>Gewicht:<\/strong>\n<ul class=\"wp-block-list\">\n<li>Featherlight 300: 600 g<\/li>\n\n\n\n<li>Forest Peace 500: 800 g<\/li>\n\n\n\n<li>Winter Rest 800: 1100 g<\/li>\n<\/ul>\n<\/li>\n\n\n\n<li><strong>Packma\u00dfe (L\u00e4nge x Durchmesser):<\/strong>\n<ul class=\"wp-block-list\">\n<li>Featherlight UQ300: 30 cm x 12 cm<\/li>\n\n\n\n<li>Forest Peace UQ500: 33 cm x 18 cm<\/li>\n\n\n\n<li>Winter Rest UQ800: 33 cm x 20 cm<\/li>\n<\/ul>\n<\/li>\n\n\n\n<li><strong>Inklusive:<\/strong> Unterquilt mit elastischen Kordeln, 2 Karabiner, Packsack, gro\u00dfer Aufbewahrungsbeutel<\/li>\n<\/ul>\n\n\n\n<figure class=\"wp-block-image size-large\"><img loading=\"lazy\" decoding=\"async\" width=\"1280\" height=\"853\" src=\"https:\/\/jordhammock.com\/wp-content\/uploads\/2025\/04\/hammock-hanna-solned_1440-1280x853.jpg\" alt=\"\" class=\"wp-image-317\" srcset=\"https:\/\/jordhammock.com\/wp-content\/uploads\/2025\/04\/hammock-hanna-solned_1440-1280x853.jpg 1280w, https:\/\/jordhammock.com\/wp-content\/uploads\/2025\/04\/hammock-hanna-solned_1440-800x533.jpg 800w, https:\/\/jordhammock.com\/wp-content\/uploads\/2025\/04\/hammock-hanna-solned_1440-768x512.jpg 768w, https:\/\/jordhammock.com\/wp-content\/uploads\/2025\/04\/hammock-hanna-solned_1440-990x660.jpg 990w, https:\/\/jordhammock.com\/wp-content\/uploads\/2025\/04\/hammock-hanna-solned_1440-441x294.jpg 441w, https:\/\/jordhammock.com\/wp-content\/uploads\/2025\/04\/hammock-hanna-solned_1440.jpg 1440w\" sizes=\"auto, (max-width: 1280px) 100vw, 1280px\" \/><\/figure>\n\n\n\n<h3 class=\"wp-block-heading\">Unterquilt: Das finale Element f\u00fcr H\u00e4ngemattenbehaglichkeit<\/h3>\n\n\n\n<p>W\u00e4hle deinen Jord Underquilt \u2013 <strong>Featherlight<\/strong>, <strong>Forest Peace<\/strong> oder <strong>Winter Rest<\/strong> \u2013 und kombiniere ihn mit deiner <strong><a href=\"https:\/\/jordhammock.com\/de\/shop\/jord-haengematte\/\" data-type=\"product\" data-id=\"265371\">Jord Hammock<\/a><\/strong>. F\u00fcge eine <a href=\"https:\/\/jordhammock.com\/de\/shop\/jord-asym-tarp\/\" data-type=\"product\" data-id=\"312\">Plane<\/a> f\u00fcr Allwetterschutz hinzu. Oder entscheide dich f\u00fcr das komplette <a href=\"https:\/\/jordhammock.com\/de\/shop\/hammock-kit\/\" data-type=\"product\" data-id=\"316\">Jord Hammock Kit<\/a>. Das ist nicht nur Isolierung \u2013 es ist Freiheit, Komfort und Waldn\u00e4chte, an die du dich f\u00fcr immer erinnern wirst. <strong>Bestelle jetzt deinen Underquilt<\/strong> und tauche ein in die Ruhe der Natur.<\/p>\n<\/div>\n\n<p><\/p>\n","protected":false},"excerpt":{"rendered":"<p class=\"p1\"><b>Jord Unterquilt \u2013 Der beste Unterquilt, den Sie erwerben k\u00f6nnen.<\/b><\/p>\n<p class=\"p2\">Erh\u00e4ltlich in drei Isolationsstufen (die Zahl gibt das Gewicht der Daunenf\u00fcllung an):<\/p>\n<p class=\"p1\"><b>Featherlight 300g \u2013 Ultraleichter Unterquilt f\u00fcr den Sommer<\/b><b><\/b><\/p>\n<p class=\"p2\">Leicht wie Luft, perfekt f\u00fcr warme N\u00e4chte und minimales Gep\u00e4ck.<\/p>\n<p class=\"p1\"><b>Forest Peace 500g \u2013 Der ideale Unterquilt vom Fr\u00fchling bis zum Herbst<\/b><b><\/b><\/p>\n<p class=\"p2\">Ein zuverl\u00e4ssiger Allrounder mit der perfekten Balance zwischen W\u00e4rme und Gewicht.<\/p>\n<p class=\"p1\"><b>Winter Rest 800g \u2013 F\u00fcr Winterabenteuer oder f\u00fcr alle, die es hassen zu frieren<\/b><b><\/b><\/p>\n<p class=\"p2\">Maximale Flauschigkeit, maximaler Komfort \u2013 bleiben Sie warm, selbst wenn der Frost bei\u00dft.<\/p>\n","protected":false},"featured_media":742,"comment_status":"open","ping_status":"closed","template":"","meta":{"_kad_blocks_custom_css":"","_kad_blocks_head_custom_js":"","_kad_blocks_body_custom_js":"","_kad_blocks_footer_custom_js":""},"product_brand":[18],"product_cat":[40],"product_tag":[],"class_list":{"0":"post-883","1":"product","2":"type-product","3":"status-publish","4":"has-post-thumbnail","6":"product_brand-jord","7":"product_cat-hangemattenausrustung","9":"first","10":"instock","11":"featured","12":"taxable","13":"shipping-taxable","14":"purchasable","15":"product-type-variable"},"yoast_head":"<!-- This site is optimized with the Yoast SEO plugin v27.4 - https:\/\/yoast.com\/product\/yoast-seo-wordpress\/ -->\n<title>Jord Unterquilt - Jord Hammock \u2013 The nordic hammock for tall people<\/title>\n<meta name=\"robots\" content=\"index, follow, max-snippet:-1, max-image-preview:large, max-video-preview:-1\" \/>\n<link rel=\"canonical\" href=\"https:\/\/jordhammock.com\/de\/shop\/unterquilt\/\" \/>\n<meta property=\"og:locale\" content=\"de_DE\" \/>\n<meta property=\"og:type\" content=\"article\" \/>\n<meta property=\"og:title\" content=\"Jord Unterquilt - Jord Hammock \u2013 The nordic hammock for tall people\" \/>\n<meta property=\"og:description\" content=\"Jord Unterquilt \u2013 Der beste Unterquilt, den Sie erwerben k\u00f6nnen. Erh\u00e4ltlich in drei Isolationsstufen (die Zahl gibt das Gewicht der Daunenf\u00fcllung an): Featherlight 300g \u2013 Ultraleichter Unterquilt f\u00fcr den Sommer Leicht wie Luft, perfekt f\u00fcr warme N\u00e4chte und minimales Gep\u00e4ck. Forest Peace 500g \u2013 Der ideale Unterquilt vom Fr\u00fchling bis zum Herbst Ein zuverl\u00e4ssiger Allrounder mit der perfekten Balance zwischen W\u00e4rme und Gewicht. Winter Rest 800g \u2013 F\u00fcr Winterabenteuer oder f\u00fcr alle, die es hassen zu frieren Maximale Flauschigkeit, maximaler Komfort \u2013 bleiben Sie warm, selbst wenn der Frost bei\u00dft.\" \/>\n<meta property=\"og:url\" content=\"https:\/\/jordhammock.com\/de\/shop\/unterquilt\/\" \/>\n<meta property=\"og:site_name\" content=\"Jord Hammock \u2013 The nordic hammock for tall people\" \/>\n<meta property=\"article:publisher\" content=\"https:\/\/www.facebook.com\/jordhammock\" \/>\n<meta property=\"article:modified_time\" content=\"2025-12-22T18:27:12+00:00\" \/>\n<meta property=\"og:image\" content=\"https:\/\/jordhammock.com\/wp-content\/uploads\/2025\/04\/underquilt-hammock-solned-2025_1440.jpg\" \/>\n\t<meta property=\"og:image:width\" content=\"1440\" \/>\n\t<meta property=\"og:image:height\" content=\"960\" \/>\n\t<meta property=\"og:image:type\" content=\"image\/jpeg\" \/>\n<meta name=\"twitter:card\" content=\"summary_large_image\" \/>\n<meta name=\"twitter:label1\" content=\"Verf\u00fcgbarkeit\" \/>\n\t<meta name=\"twitter:data1\" content=\"Auf Lager\" \/>\n<script type=\"application\/ld+json\" class=\"yoast-schema-graph\">{\"@context\":\"https:\\\/\\\/schema.org\",\"@graph\":[{\"@type\":\"WebPage\",\"@id\":\"https:\\\/\\\/jordhammock.com\\\/de\\\/shop\\\/unterquilt\\\/\",\"url\":\"https:\\\/\\\/jordhammock.com\\\/de\\\/shop\\\/unterquilt\\\/\",\"name\":\"Jord Unterquilt - Jord Hammock \u2013 The nordic hammock for tall people\",\"isPartOf\":{\"@id\":\"https:\\\/\\\/jordhammock.com\\\/de\\\/#website\"},\"primaryImageOfPage\":{\"@id\":\"https:\\\/\\\/jordhammock.com\\\/de\\\/shop\\\/unterquilt\\\/#primaryimage\"},\"image\":{\"@id\":\"https:\\\/\\\/jordhammock.com\\\/de\\\/shop\\\/unterquilt\\\/#primaryimage\"},\"thumbnailUrl\":\"https:\\\/\\\/jordhammock.com\\\/wp-content\\\/uploads\\\/2025\\\/04\\\/underquilt-hammock-solned-2025_1440.jpg\",\"datePublished\":\"2025-04-18T07:16:00+00:00\",\"dateModified\":\"2025-12-22T18:27:12+00:00\",\"breadcrumb\":{\"@id\":\"https:\\\/\\\/jordhammock.com\\\/de\\\/shop\\\/unterquilt\\\/#breadcrumb\"},\"inLanguage\":\"de\",\"potentialAction\":[{\"@type\":\"ReadAction\",\"target\":[\"https:\\\/\\\/jordhammock.com\\\/de\\\/shop\\\/unterquilt\\\/\"]}]},{\"@type\":\"ImageObject\",\"inLanguage\":\"de\",\"@id\":\"https:\\\/\\\/jordhammock.com\\\/de\\\/shop\\\/unterquilt\\\/#primaryimage\",\"url\":\"https:\\\/\\\/jordhammock.com\\\/wp-content\\\/uploads\\\/2025\\\/04\\\/underquilt-hammock-solned-2025_1440.jpg\",\"contentUrl\":\"https:\\\/\\\/jordhammock.com\\\/wp-content\\\/uploads\\\/2025\\\/04\\\/underquilt-hammock-solned-2025_1440.jpg\",\"width\":1440,\"height\":960},{\"@type\":\"BreadcrumbList\",\"@id\":\"https:\\\/\\\/jordhammock.com\\\/de\\\/shop\\\/unterquilt\\\/#breadcrumb\",\"itemListElement\":[{\"@type\":\"ListItem\",\"position\":1,\"name\":\"Home\",\"item\":\"https:\\\/\\\/jordhammock.com\\\/de\\\/\"},{\"@type\":\"ListItem\",\"position\":2,\"name\":\"Shop\",\"item\":\"https:\\\/\\\/jordhammock.com\\\/shop\\\/\"},{\"@type\":\"ListItem\",\"position\":3,\"name\":\"Jord Unterquilt\"}]},{\"@type\":\"WebSite\",\"@id\":\"https:\\\/\\\/jordhammock.com\\\/de\\\/#website\",\"url\":\"https:\\\/\\\/jordhammock.com\\\/de\\\/\",\"name\":\"Jord Hammock \u2013 The nordic hammock for tall people\",\"description\":\"Nordic hammock gear\",\"publisher\":{\"@id\":\"https:\\\/\\\/jordhammock.com\\\/de\\\/#organization\"},\"potentialAction\":[{\"@type\":\"SearchAction\",\"target\":{\"@type\":\"EntryPoint\",\"urlTemplate\":\"https:\\\/\\\/jordhammock.com\\\/de\\\/?s={search_term_string}\"},\"query-input\":{\"@type\":\"PropertyValueSpecification\",\"valueRequired\":true,\"valueName\":\"search_term_string\"}}],\"inLanguage\":\"de\"},{\"@type\":\"Organization\",\"@id\":\"https:\\\/\\\/jordhammock.com\\\/de\\\/#organization\",\"name\":\"Jord Hammock\",\"url\":\"https:\\\/\\\/jordhammock.com\\\/de\\\/\",\"logo\":{\"@type\":\"ImageObject\",\"inLanguage\":\"de\",\"@id\":\"https:\\\/\\\/jordhammock.com\\\/de\\\/#\\\/schema\\\/logo\\\/image\\\/\",\"url\":\"https:\\\/\\\/jordhammock.com\\\/wp-content\\\/uploads\\\/2025\\\/04\\\/cropped-jordlogo500.png\",\"contentUrl\":\"https:\\\/\\\/jordhammock.com\\\/wp-content\\\/uploads\\\/2025\\\/04\\\/cropped-jordlogo500.png\",\"width\":500,\"height\":300,\"caption\":\"Jord Hammock\"},\"image\":{\"@id\":\"https:\\\/\\\/jordhammock.com\\\/de\\\/#\\\/schema\\\/logo\\\/image\\\/\"},\"sameAs\":[\"https:\\\/\\\/www.facebook.com\\\/jordhammock\",\"https:\\\/\\\/www.instagram.com\\\/jordhammock\\\/\"]}]}<\/script>\n<meta property=\"og:availability\" content=\"instock\" \/>\n<meta property=\"product:availability\" content=\"instock\" \/>\n<meta property=\"product:retailer_item_id\" content=\"UQ\" \/>\n<meta property=\"product:condition\" content=\"new\" \/>\n<!-- \/ Yoast SEO plugin. -->","yoast_head_json":{"title":"Jord Unterquilt - Jord Hammock \u2013 The nordic hammock for tall people","robots":{"index":"index","follow":"follow","max-snippet":"max-snippet:-1","max-image-preview":"max-image-preview:large","max-video-preview":"max-video-preview:-1"},"canonical":"https:\/\/jordhammock.com\/de\/shop\/unterquilt\/","og_locale":"de_DE","og_type":"article","og_title":"Jord Unterquilt - Jord Hammock \u2013 The nordic hammock for tall people","og_description":"Jord Unterquilt \u2013 Der beste Unterquilt, den Sie erwerben k\u00f6nnen. Erh\u00e4ltlich in drei Isolationsstufen (die Zahl gibt das Gewicht der Daunenf\u00fcllung an): Featherlight 300g \u2013 Ultraleichter Unterquilt f\u00fcr den Sommer Leicht wie Luft, perfekt f\u00fcr warme N\u00e4chte und minimales Gep\u00e4ck. Forest Peace 500g \u2013 Der ideale Unterquilt vom Fr\u00fchling bis zum Herbst Ein zuverl\u00e4ssiger Allrounder mit der perfekten Balance zwischen W\u00e4rme und Gewicht. Winter Rest 800g \u2013 F\u00fcr Winterabenteuer oder f\u00fcr alle, die es hassen zu frieren Maximale Flauschigkeit, maximaler Komfort \u2013 bleiben Sie warm, selbst wenn der Frost bei\u00dft.","og_url":"https:\/\/jordhammock.com\/de\/shop\/unterquilt\/","og_site_name":"Jord Hammock \u2013 The nordic hammock for tall people","article_publisher":"https:\/\/www.facebook.com\/jordhammock","article_modified_time":"2025-12-22T18:27:12+00:00","og_image":[{"width":1440,"height":960,"url":"https:\/\/jordhammock.com\/wp-content\/uploads\/2025\/04\/underquilt-hammock-solned-2025_1440.jpg","type":"image\/jpeg"}],"twitter_card":"summary_large_image","twitter_misc":{"Verf\u00fcgbarkeit":"Auf Lager"},"schema":{"@context":"https:\/\/schema.org","@graph":[{"@type":"WebPage","@id":"https:\/\/jordhammock.com\/de\/shop\/unterquilt\/","url":"https:\/\/jordhammock.com\/de\/shop\/unterquilt\/","name":"Jord Unterquilt - Jord Hammock \u2013 The nordic hammock for tall people","isPartOf":{"@id":"https:\/\/jordhammock.com\/de\/#website"},"primaryImageOfPage":{"@id":"https:\/\/jordhammock.com\/de\/shop\/unterquilt\/#primaryimage"},"image":{"@id":"https:\/\/jordhammock.com\/de\/shop\/unterquilt\/#primaryimage"},"thumbnailUrl":"https:\/\/jordhammock.com\/wp-content\/uploads\/2025\/04\/underquilt-hammock-solned-2025_1440.jpg","datePublished":"2025-04-18T07:16:00+00:00","dateModified":"2025-12-22T18:27:12+00:00","breadcrumb":{"@id":"https:\/\/jordhammock.com\/de\/shop\/unterquilt\/#breadcrumb"},"inLanguage":"de","potentialAction":[{"@type":"ReadAction","target":["https:\/\/jordhammock.com\/de\/shop\/unterquilt\/"]}]},{"@type":"ImageObject","inLanguage":"de","@id":"https:\/\/jordhammock.com\/de\/shop\/unterquilt\/#primaryimage","url":"https:\/\/jordhammock.com\/wp-content\/uploads\/2025\/04\/underquilt-hammock-solned-2025_1440.jpg","contentUrl":"https:\/\/jordhammock.com\/wp-content\/uploads\/2025\/04\/underquilt-hammock-solned-2025_1440.jpg","width":1440,"height":960},{"@type":"BreadcrumbList","@id":"https:\/\/jordhammock.com\/de\/shop\/unterquilt\/#breadcrumb","itemListElement":[{"@type":"ListItem","position":1,"name":"Home","item":"https:\/\/jordhammock.com\/de\/"},{"@type":"ListItem","position":2,"name":"Shop","item":"https:\/\/jordhammock.com\/shop\/"},{"@type":"ListItem","position":3,"name":"Jord Unterquilt"}]},{"@type":"WebSite","@id":"https:\/\/jordhammock.com\/de\/#website","url":"https:\/\/jordhammock.com\/de\/","name":"Jord Hammock \u2013 The nordic hammock for tall people","description":"Nordic hammock gear","publisher":{"@id":"https:\/\/jordhammock.com\/de\/#organization"},"potentialAction":[{"@type":"SearchAction","target":{"@type":"EntryPoint","urlTemplate":"https:\/\/jordhammock.com\/de\/?s={search_term_string}"},"query-input":{"@type":"PropertyValueSpecification","valueRequired":true,"valueName":"search_term_string"}}],"inLanguage":"de"},{"@type":"Organization","@id":"https:\/\/jordhammock.com\/de\/#organization","name":"Jord Hammock","url":"https:\/\/jordhammock.com\/de\/","logo":{"@type":"ImageObject","inLanguage":"de","@id":"https:\/\/jordhammock.com\/de\/#\/schema\/logo\/image\/","url":"https:\/\/jordhammock.com\/wp-content\/uploads\/2025\/04\/cropped-jordlogo500.png","contentUrl":"https:\/\/jordhammock.com\/wp-content\/uploads\/2025\/04\/cropped-jordlogo500.png","width":500,"height":300,"caption":"Jord Hammock"},"image":{"@id":"https:\/\/jordhammock.com\/de\/#\/schema\/logo\/image\/"},"sameAs":["https:\/\/www.facebook.com\/jordhammock","https:\/\/www.instagram.com\/jordhammock\/"]}]},"og_availability":"instock","product_availability":"instock","product_retailer_item_id":"UQ","product_condition":"new"},"taxonomy_info":{"product_brand":[{"value":18,"label":"Jord"}],"product_cat":[{"value":40,"label":"H\u00e4ngemattenausr\u00fcstung"}]},"featured_image_src_large":["https:\/\/jordhammock.com\/wp-content\/uploads\/2025\/04\/underquilt-hammock-solned-2025_1440-1280x853.jpg",1170,780,true],"author_info":[],"comment_info":9,"_links":{"self":[{"href":"https:\/\/jordhammock.com\/de\/wp-json\/wp\/v2\/product\/883","targetHints":{"allow":["GET"]}}],"collection":[{"href":"https:\/\/jordhammock.com\/de\/wp-json\/wp\/v2\/product"}],"about":[{"href":"https:\/\/jordhammock.com\/de\/wp-json\/wp\/v2\/types\/product"}],"replies":[{"embeddable":true,"href":"https:\/\/jordhammock.com\/de\/wp-json\/wp\/v2\/comments?post=883"}],"wp:featuredmedia":[{"embeddable":true,"href":"https:\/\/jordhammock.com\/de\/wp-json\/wp\/v2\/media\/742"}],"wp:attachment":[{"href":"https:\/\/jordhammock.com\/de\/wp-json\/wp\/v2\/media?parent=883"}],"wp:term":[{"taxonomy":"product_brand","embeddable":true,"href":"https:\/\/jordhammock.com\/de\/wp-json\/wp\/v2\/product_brand?post=883"},{"taxonomy":"product_cat","embeddable":true,"href":"https:\/\/jordhammock.com\/de\/wp-json\/wp\/v2\/product_cat?post=883"},{"taxonomy":"product_tag","embeddable":true,"href":"https:\/\/jordhammock.com\/de\/wp-json\/wp\/v2\/product_tag?post=883"}],"curies":[{"name":"wp","href":"https:\/\/api.w.org\/{rel}","templated":true}]}}