{"id":866,"date":"2025-04-18T07:16:00","date_gmt":"2025-04-18T07:16:00","guid":{"rendered":"https:\/\/jordhammock.com\/shop\/jord-haengematten-set\/"},"modified":"2025-12-22T18:27:08","modified_gmt":"2025-12-22T18:27:08","slug":"hammock-kit","status":"publish","type":"product","link":"https:\/\/jordhammock.com\/de\/shop\/hammock-kit\/","title":{"rendered":"Jord H\u00e4ngematten-Set"},"content":{"rendered":"\n<p>Alles, was Sie f\u00fcr den perfekten Aufenthalt im Wald ben\u00f6tigen \u2013 zu einem \u00e4u\u00dferst vorteilhaften Paketpreis!<\/p>\n\n<p>Ich sch\u00e4tze ein hochwertiges H\u00e4ngematten-Set sehr \u2013 eine komplette Ausstattung, die einfach funktioniert, sodass Sie sich zwischen den B\u00e4umen aufh\u00e4ngen k\u00f6nnen, ohne dar\u00fcber nachdenken zu m\u00fcssen, welche Teile wof\u00fcr bestimmt sind. Das <strong>Jord H\u00e4ngematten-Set<\/strong> ist genau das: H\u00e4ngematte mit Aufh\u00e4ngung, Tarp und Unterquilt \u2013 alles in einem nahtlosen Paket. <\/p>\n\n<p>Um es Ihren Bed\u00fcrfnissen anzupassen, k\u00f6nnen Sie zwischen einem gro\u00dfen oder kleinen Tarp w\u00e4hlen und den W\u00e4rmegrad des Unterquilts ausw\u00e4hlen, der zu Ihrer Saison und Ihrem Stil passt. Sie k\u00f6nnen sogar einen Topquilt hinzuf\u00fcgen, um ein vollst\u00e4ndiges H\u00e4ngemattenschlafsystem zu erhalten, das Sie \u00fcber Jahre begleiten wird. <\/p>\n\n<p>Alles, was Sie ben\u00f6tigen, an einem Ort \u2013 bereit f\u00fcr spontane N\u00e4chte in der Wildnis. Mit so hochwertigem Equipment ruft der Wald lauter, und das H\u00e4ngematten-Erlebnis wird m\u00fchelos und einladend. <\/p>\n\n<p>Stellen Sie es sich vor: Der Wind fl\u00fcstert durch die B\u00e4ume, die K\u00e4lte bleibt fern, und Sie sind in Frieden geh\u00fcllt. Ihre H\u00e4ngematte wiegt Sie, Ihr Unterquilt w\u00e4rmt Sie, Ihr Tarp sch\u00fctzt Sie. Bringen Sie Ihren alten Schlafsack mit \u2013 oder f\u00fcgen Sie einen Topquilt hinzu \u2013 f\u00fcr ein wahrhaft luxuri\u00f6ses Erlebnis.  <\/p>\n\n<p>Die Erholung im Wald wird zur reinen Freude, ob es nun regnet oder die Sterne scheinen.<\/p>\n\n<p>Das Set beinhaltet alle wesentlichen Bestandteile. Tarp, Unterquilt und Topquilt sind nach Ihren Pr\u00e4ferenzen anpassbar. Jedes Set wird zudem mit einer Bishop Bag geliefert.*  <\/p>\n\n<figure class=\"wp-block-image size-large\"><img loading=\"lazy\" decoding=\"async\" width=\"1280\" height=\"853\" src=\"https:\/\/jordhammock.com\/wp-content\/uploads\/2025\/04\/hammock-hanna-solned_1440-1280x853.jpg\" alt=\"\" class=\"wp-image-317\" srcset=\"https:\/\/jordhammock.com\/wp-content\/uploads\/2025\/04\/hammock-hanna-solned_1440-1280x853.jpg 1280w, https:\/\/jordhammock.com\/wp-content\/uploads\/2025\/04\/hammock-hanna-solned_1440-800x533.jpg 800w, https:\/\/jordhammock.com\/wp-content\/uploads\/2025\/04\/hammock-hanna-solned_1440-768x512.jpg 768w, https:\/\/jordhammock.com\/wp-content\/uploads\/2025\/04\/hammock-hanna-solned_1440-990x660.jpg 990w, https:\/\/jordhammock.com\/wp-content\/uploads\/2025\/04\/hammock-hanna-solned_1440-441x294.jpg 441w, https:\/\/jordhammock.com\/wp-content\/uploads\/2025\/04\/hammock-hanna-solned_1440.jpg 1440w\" sizes=\"auto, (max-width: 1280px) 100vw, 1280px\" \/><\/figure>\n\n<h4 class=\"wp-block-heading\">Die H\u00e4ngematte \u2013 Ihr Platz inmitten der B\u00e4ume<\/h4>\n\n<p>Die <strong><a href=\"https:\/\/jordhammock.com\/butik\/momo-jord-hammock\/\" data-type=\"product\" data-id=\"265371\">Jord H\u00e4ngematte<\/a><\/strong> ist das Herzst\u00fcck des Sets \u2013 ger\u00e4umig genug, um sich auszustrecken, leicht genug, um sie \u00fcber die Berge zu tragen. Ich habe sie f\u00fcr nordische N\u00e4chte entworfen, mit einem eingebauten Moskitonetz, um Insekten fernzuhalten, und einem unvergleichlichen Gef\u00fchl von Freiheit. Es ist meine liebste Art, drau\u00dfen zu schlafen \u2013 einfach aufzuh\u00e4ngen und bequemer als die meisten Betten.<\/p>\n\n<h4 class=\"wp-block-heading\">Der Unterquilt \u2013 W\u00e4rme von unten<\/h4>\n\n<p>Die <strong><a href=\"https:\/\/jordhammock.com\/shop\/uq\/\" data-type=\"product\" data-id=\"265410\">Jord Underquilt<\/a><\/strong> verhindert, dass K\u00e4lte von unten eindringt. Sie schmiegt sich wie eine warme Umarmung um deine H\u00e4ngematte und macht jede Nacht erholsam und gem\u00fctlich. Ich habe sie in frostigen Lichtungen benutzt \u2013 sie ist flauschig, einfach und unerl\u00e4sslich f\u00fcr guten Schlaf. W\u00e4hle Featherlight 300, Forest Peace 500 oder Winter Rest 800, je nachdem, wie warm du schl\u00e4fst und wie leicht du packen m\u00f6chtest.<\/p>\n\n<h4 class=\"wp-block-heading\">Das Tarp \u2013 Schutz vor Regen, Sonne und Wind<\/h4>\n\n<p>Das <a href=\"https:\/\/jordhammock.com\/butik\/momo-jord-asym-tarp-latt-enkel-med-utsikt\/\" data-type=\"product\" data-id=\"384707\"><strong>Jord Tarp<\/strong><\/a> h\u00e4lt dich trocken und gesch\u00fctzt, w\u00e4hrend du trotzdem den Blick auf den Wald genie\u00dfen kannst. Es ist einfach aufzubauen und stark genug, um nordischen St\u00fcrmen standzuhalten \u2013 ich habe ihm in wilden H\u00e4lsinge-Winden vertraut und bin bei Regeng\u00fcssen trocken geblieben. W\u00e4hle ein leichteres asymmetrisches Tarp f\u00fcr minimale Abdeckung oder entscheide dich f\u00fcr ein rechteckiges Tarp f\u00fcr vollen Schutz und Platz f\u00fcr deine Ausr\u00fcstung.<\/p>\n\n<h4 class=\"wp-block-heading\">Der Topquilt \u2013 Die flauschige Decke Ihrer H\u00e4ngematte<\/h4>\n\n<p>Die <strong><a href=\"https:\/\/jordhammock.com\/de\/shop\/jord-topquilt\/\" data-type=\"product\" data-id=\"384740\">Jord Topquilt<\/a><\/strong> ist die L\u00f6sung, wenn du keine Lust mehr hast, mit Rei\u00dfverschl\u00fcssen und engen Mumienschlafs\u00e4cken zu k\u00e4mpfen. Ein Topquilt ist eine warme, flauschige Decke, die f\u00fcr H\u00e4ngematten entwickelt wurde \u2013 einfacher, gem\u00fctlicher und so viel leichter. Einfach reinschl\u00fcpfen und in den Komfort abdriften.<\/p>\n\n<p>*<em>F\u00fcr die H\u00e4ngematten-Enthusiasten unter Ihnen:<\/em> Ich hatte geplant, eine \u00fcbergro\u00dfe Bishop Bag beizulegen, die das gesamte Set aufnehmen k\u00f6nnte. Leider bedeutet ein Kommunikationsfehler mit dem Lieferanten, dass unsere Bishop Bags nicht ganz XL sind. Sie k\u00f6nnen die H\u00e4ngematte und den Unterquilt (bis zum 500er-Modell) unterbringen, ohne etwas zu entfernen, aber es ist eng \u2013 und es gibt keinen Platz f\u00fcr das Tarp, den Topquilt oder den Winter Rest. Dennoch ist es wahrscheinlich die gr\u00f6\u00dfte Bishop Bag, die Sie kaufen k\u00f6nnen, und sie hilft, Ihren Aufbau zu vereinfachen.   <\/p>\n\n<figure class=\"wp-block-image size-large\"><img decoding=\"async\" src=\"https:\/\/jordhammock.com\/wp-content\/uploads\/2025\/03\/asymtarp_1280-1080x810.jpg\" alt=\"Jord asymmetrisches Tarp im Wald aufgespannt\" class=\"wp-image-384728\"\/><\/figure>\n","protected":false},"excerpt":{"rendered":"<p>Alles, was Sie f\u00fcr den perfekten Aufenthalt im Wald ben\u00f6tigen \u2013 zu einem \u00e4u\u00dferst vorteilhaften Paketpreis! Ich sch\u00e4tze ein hochwertiges H\u00e4ngematten-Set sehr \u2013 eine komplette Ausstattung, die einfach funktioniert, sodass Sie sich zwischen den B\u00e4umen aufh\u00e4ngen k\u00f6nnen, ohne dar\u00fcber nachdenken zu m\u00fcssen, welche Teile wof\u00fcr bestimmt sind. Das Jord H\u00e4ngematten-Set ist genau das: H\u00e4ngematte mit [&hellip;]<\/p>\n","protected":false},"featured_media":739,"comment_status":"open","ping_status":"closed","template":"","meta":{"_kad_blocks_custom_css":"","_kad_blocks_head_custom_js":"","_kad_blocks_body_custom_js":"","_kad_blocks_footer_custom_js":""},"product_brand":[18],"product_cat":[40],"product_tag":[],"class_list":{"0":"post-866","1":"product","2":"type-product","3":"status-publish","4":"has-post-thumbnail","6":"product_brand-jord","7":"product_cat-hangemattenausrustung","9":"first","10":"outofstock","11":"featured","12":"taxable","13":"shipping-taxable","14":"purchasable","15":"product-type-composite"},"yoast_head":"<!-- This site is optimized with the Yoast SEO plugin v27.4 - https:\/\/yoast.com\/product\/yoast-seo-wordpress\/ -->\n<title>Jord H\u00e4ngematten-Set - Jord Hammock \u2013 The nordic hammock for tall people<\/title>\n<meta name=\"robots\" content=\"index, follow, max-snippet:-1, max-image-preview:large, max-video-preview:-1\" \/>\n<link rel=\"canonical\" href=\"https:\/\/jordhammock.com\/de\/shop\/hammock-kit\/\" \/>\n<meta property=\"og:locale\" content=\"de_DE\" \/>\n<meta property=\"og:type\" content=\"article\" \/>\n<meta property=\"og:title\" content=\"Jord H\u00e4ngematten-Set - Jord Hammock \u2013 The nordic hammock for tall people\" \/>\n<meta property=\"og:description\" content=\"Alles, was Sie f\u00fcr den perfekten Aufenthalt im Wald ben\u00f6tigen \u2013 zu einem \u00e4u\u00dferst vorteilhaften Paketpreis! Ich sch\u00e4tze ein hochwertiges H\u00e4ngematten-Set sehr \u2013 eine komplette Ausstattung, die einfach funktioniert, sodass Sie sich zwischen den B\u00e4umen aufh\u00e4ngen k\u00f6nnen, ohne dar\u00fcber nachdenken zu m\u00fcssen, welche Teile wof\u00fcr bestimmt sind. Das Jord H\u00e4ngematten-Set ist genau das: H\u00e4ngematte mit [&hellip;]\" \/>\n<meta property=\"og:url\" content=\"https:\/\/jordhammock.com\/de\/shop\/hammock-kit\/\" \/>\n<meta property=\"og:site_name\" content=\"Jord Hammock \u2013 The nordic hammock for tall people\" \/>\n<meta property=\"article:publisher\" content=\"https:\/\/www.facebook.com\/jordhammock\" \/>\n<meta property=\"article:modified_time\" content=\"2025-12-22T18:27:08+00:00\" \/>\n<meta property=\"og:image\" content=\"https:\/\/jordhammock.com\/wp-content\/uploads\/2025\/04\/hammock-hanna-solned_1440.jpg\" \/>\n\t<meta property=\"og:image:width\" content=\"1440\" \/>\n\t<meta property=\"og:image:height\" content=\"960\" \/>\n\t<meta property=\"og:image:type\" content=\"image\/jpeg\" \/>\n<meta name=\"twitter:card\" content=\"summary_large_image\" \/>\n<meta name=\"twitter:label1\" content=\"Preis\" \/>\n\t<meta name=\"twitter:data1\" content=\"159,00&nbsp;&euro;\" \/>\n\t<meta name=\"twitter:label2\" content=\"Verf\u00fcgbarkeit\" \/>\n\t<meta name=\"twitter:data2\" content=\"ausverkauft\" \/>\n<script type=\"application\/ld+json\" class=\"yoast-schema-graph\">{\"@context\":\"https:\\\/\\\/schema.org\",\"@graph\":[{\"@type\":\"WebPage\",\"@id\":\"https:\\\/\\\/jordhammock.com\\\/de\\\/shop\\\/hammock-kit\\\/\",\"url\":\"https:\\\/\\\/jordhammock.com\\\/de\\\/shop\\\/hammock-kit\\\/\",\"name\":\"Jord H\u00e4ngematten-Set - Jord Hammock \u2013 The nordic hammock for tall people\",\"isPartOf\":{\"@id\":\"https:\\\/\\\/jordhammock.com\\\/de\\\/#website\"},\"primaryImageOfPage\":{\"@id\":\"https:\\\/\\\/jordhammock.com\\\/de\\\/shop\\\/hammock-kit\\\/#primaryimage\"},\"image\":{\"@id\":\"https:\\\/\\\/jordhammock.com\\\/de\\\/shop\\\/hammock-kit\\\/#primaryimage\"},\"thumbnailUrl\":\"https:\\\/\\\/jordhammock.com\\\/wp-content\\\/uploads\\\/2025\\\/04\\\/hammock-hanna-solned_1440.jpg\",\"datePublished\":\"2025-04-18T07:16:00+00:00\",\"dateModified\":\"2025-12-22T18:27:08+00:00\",\"breadcrumb\":{\"@id\":\"https:\\\/\\\/jordhammock.com\\\/de\\\/shop\\\/hammock-kit\\\/#breadcrumb\"},\"inLanguage\":\"de\",\"potentialAction\":[{\"@type\":\"ReadAction\",\"target\":[\"https:\\\/\\\/jordhammock.com\\\/de\\\/shop\\\/hammock-kit\\\/\"]}]},{\"@type\":\"ImageObject\",\"inLanguage\":\"de\",\"@id\":\"https:\\\/\\\/jordhammock.com\\\/de\\\/shop\\\/hammock-kit\\\/#primaryimage\",\"url\":\"https:\\\/\\\/jordhammock.com\\\/wp-content\\\/uploads\\\/2025\\\/04\\\/hammock-hanna-solned_1440.jpg\",\"contentUrl\":\"https:\\\/\\\/jordhammock.com\\\/wp-content\\\/uploads\\\/2025\\\/04\\\/hammock-hanna-solned_1440.jpg\",\"width\":1440,\"height\":960},{\"@type\":\"BreadcrumbList\",\"@id\":\"https:\\\/\\\/jordhammock.com\\\/de\\\/shop\\\/hammock-kit\\\/#breadcrumb\",\"itemListElement\":[{\"@type\":\"ListItem\",\"position\":1,\"name\":\"Home\",\"item\":\"https:\\\/\\\/jordhammock.com\\\/de\\\/\"},{\"@type\":\"ListItem\",\"position\":2,\"name\":\"Shop\",\"item\":\"https:\\\/\\\/jordhammock.com\\\/shop\\\/\"},{\"@type\":\"ListItem\",\"position\":3,\"name\":\"Jord H\u00e4ngematten-Set\"}]},{\"@type\":\"WebSite\",\"@id\":\"https:\\\/\\\/jordhammock.com\\\/de\\\/#website\",\"url\":\"https:\\\/\\\/jordhammock.com\\\/de\\\/\",\"name\":\"Jord Hammock \u2013 The nordic hammock for tall people\",\"description\":\"Nordic hammock gear\",\"publisher\":{\"@id\":\"https:\\\/\\\/jordhammock.com\\\/de\\\/#organization\"},\"potentialAction\":[{\"@type\":\"SearchAction\",\"target\":{\"@type\":\"EntryPoint\",\"urlTemplate\":\"https:\\\/\\\/jordhammock.com\\\/de\\\/?s={search_term_string}\"},\"query-input\":{\"@type\":\"PropertyValueSpecification\",\"valueRequired\":true,\"valueName\":\"search_term_string\"}}],\"inLanguage\":\"de\"},{\"@type\":\"Organization\",\"@id\":\"https:\\\/\\\/jordhammock.com\\\/de\\\/#organization\",\"name\":\"Jord Hammock\",\"url\":\"https:\\\/\\\/jordhammock.com\\\/de\\\/\",\"logo\":{\"@type\":\"ImageObject\",\"inLanguage\":\"de\",\"@id\":\"https:\\\/\\\/jordhammock.com\\\/de\\\/#\\\/schema\\\/logo\\\/image\\\/\",\"url\":\"https:\\\/\\\/jordhammock.com\\\/wp-content\\\/uploads\\\/2025\\\/04\\\/cropped-jordlogo500.png\",\"contentUrl\":\"https:\\\/\\\/jordhammock.com\\\/wp-content\\\/uploads\\\/2025\\\/04\\\/cropped-jordlogo500.png\",\"width\":500,\"height\":300,\"caption\":\"Jord Hammock\"},\"image\":{\"@id\":\"https:\\\/\\\/jordhammock.com\\\/de\\\/#\\\/schema\\\/logo\\\/image\\\/\"},\"sameAs\":[\"https:\\\/\\\/www.facebook.com\\\/jordhammock\",\"https:\\\/\\\/www.instagram.com\\\/jordhammock\\\/\"]}]}<\/script>\n<meta property=\"product:price:amount\" content=\"159.00\" \/>\n<meta property=\"product:price:currency\" content=\"EUR\" \/>\n<meta property=\"og:availability\" content=\"out of stock\" \/>\n<meta property=\"product:availability\" content=\"out of stock\" \/>\n<meta property=\"product:retailer_item_id\" content=\"HAMMOCKKIT\" \/>\n<meta property=\"product:condition\" content=\"new\" \/>\n<!-- \/ Yoast SEO plugin. -->","yoast_head_json":{"title":"Jord H\u00e4ngematten-Set - Jord Hammock \u2013 The nordic hammock for tall people","robots":{"index":"index","follow":"follow","max-snippet":"max-snippet:-1","max-image-preview":"max-image-preview:large","max-video-preview":"max-video-preview:-1"},"canonical":"https:\/\/jordhammock.com\/de\/shop\/hammock-kit\/","og_locale":"de_DE","og_type":"article","og_title":"Jord H\u00e4ngematten-Set - Jord Hammock \u2013 The nordic hammock for tall people","og_description":"Alles, was Sie f\u00fcr den perfekten Aufenthalt im Wald ben\u00f6tigen \u2013 zu einem \u00e4u\u00dferst vorteilhaften Paketpreis! Ich sch\u00e4tze ein hochwertiges H\u00e4ngematten-Set sehr \u2013 eine komplette Ausstattung, die einfach funktioniert, sodass Sie sich zwischen den B\u00e4umen aufh\u00e4ngen k\u00f6nnen, ohne dar\u00fcber nachdenken zu m\u00fcssen, welche Teile wof\u00fcr bestimmt sind. Das Jord H\u00e4ngematten-Set ist genau das: H\u00e4ngematte mit [&hellip;]","og_url":"https:\/\/jordhammock.com\/de\/shop\/hammock-kit\/","og_site_name":"Jord Hammock \u2013 The nordic hammock for tall people","article_publisher":"https:\/\/www.facebook.com\/jordhammock","article_modified_time":"2025-12-22T18:27:08+00:00","og_image":[{"width":1440,"height":960,"url":"https:\/\/jordhammock.com\/wp-content\/uploads\/2025\/04\/hammock-hanna-solned_1440.jpg","type":"image\/jpeg"}],"twitter_card":"summary_large_image","twitter_misc":{"Preis":"159,00&nbsp;&euro;","Verf\u00fcgbarkeit":"ausverkauft"},"schema":{"@context":"https:\/\/schema.org","@graph":[{"@type":"WebPage","@id":"https:\/\/jordhammock.com\/de\/shop\/hammock-kit\/","url":"https:\/\/jordhammock.com\/de\/shop\/hammock-kit\/","name":"Jord H\u00e4ngematten-Set - Jord Hammock \u2013 The nordic hammock for tall people","isPartOf":{"@id":"https:\/\/jordhammock.com\/de\/#website"},"primaryImageOfPage":{"@id":"https:\/\/jordhammock.com\/de\/shop\/hammock-kit\/#primaryimage"},"image":{"@id":"https:\/\/jordhammock.com\/de\/shop\/hammock-kit\/#primaryimage"},"thumbnailUrl":"https:\/\/jordhammock.com\/wp-content\/uploads\/2025\/04\/hammock-hanna-solned_1440.jpg","datePublished":"2025-04-18T07:16:00+00:00","dateModified":"2025-12-22T18:27:08+00:00","breadcrumb":{"@id":"https:\/\/jordhammock.com\/de\/shop\/hammock-kit\/#breadcrumb"},"inLanguage":"de","potentialAction":[{"@type":"ReadAction","target":["https:\/\/jordhammock.com\/de\/shop\/hammock-kit\/"]}]},{"@type":"ImageObject","inLanguage":"de","@id":"https:\/\/jordhammock.com\/de\/shop\/hammock-kit\/#primaryimage","url":"https:\/\/jordhammock.com\/wp-content\/uploads\/2025\/04\/hammock-hanna-solned_1440.jpg","contentUrl":"https:\/\/jordhammock.com\/wp-content\/uploads\/2025\/04\/hammock-hanna-solned_1440.jpg","width":1440,"height":960},{"@type":"BreadcrumbList","@id":"https:\/\/jordhammock.com\/de\/shop\/hammock-kit\/#breadcrumb","itemListElement":[{"@type":"ListItem","position":1,"name":"Home","item":"https:\/\/jordhammock.com\/de\/"},{"@type":"ListItem","position":2,"name":"Shop","item":"https:\/\/jordhammock.com\/shop\/"},{"@type":"ListItem","position":3,"name":"Jord H\u00e4ngematten-Set"}]},{"@type":"WebSite","@id":"https:\/\/jordhammock.com\/de\/#website","url":"https:\/\/jordhammock.com\/de\/","name":"Jord Hammock \u2013 The nordic hammock for tall people","description":"Nordic hammock gear","publisher":{"@id":"https:\/\/jordhammock.com\/de\/#organization"},"potentialAction":[{"@type":"SearchAction","target":{"@type":"EntryPoint","urlTemplate":"https:\/\/jordhammock.com\/de\/?s={search_term_string}"},"query-input":{"@type":"PropertyValueSpecification","valueRequired":true,"valueName":"search_term_string"}}],"inLanguage":"de"},{"@type":"Organization","@id":"https:\/\/jordhammock.com\/de\/#organization","name":"Jord Hammock","url":"https:\/\/jordhammock.com\/de\/","logo":{"@type":"ImageObject","inLanguage":"de","@id":"https:\/\/jordhammock.com\/de\/#\/schema\/logo\/image\/","url":"https:\/\/jordhammock.com\/wp-content\/uploads\/2025\/04\/cropped-jordlogo500.png","contentUrl":"https:\/\/jordhammock.com\/wp-content\/uploads\/2025\/04\/cropped-jordlogo500.png","width":500,"height":300,"caption":"Jord Hammock"},"image":{"@id":"https:\/\/jordhammock.com\/de\/#\/schema\/logo\/image\/"},"sameAs":["https:\/\/www.facebook.com\/jordhammock","https:\/\/www.instagram.com\/jordhammock\/"]}]},"product_price_amount":"159.00","product_price_currency":"EUR","og_availability":"out of stock","product_availability":"out of stock","product_retailer_item_id":"HAMMOCKKIT","product_condition":"new"},"taxonomy_info":{"product_brand":[{"value":18,"label":"Jord"}],"product_cat":[{"value":40,"label":"H\u00e4ngemattenausr\u00fcstung"}]},"featured_image_src_large":["https:\/\/jordhammock.com\/wp-content\/uploads\/2025\/04\/hammock-hanna-solned_1440-1280x853.jpg",1170,780,true],"author_info":[],"comment_info":0,"_links":{"self":[{"href":"https:\/\/jordhammock.com\/de\/wp-json\/wp\/v2\/product\/866","targetHints":{"allow":["GET"]}}],"collection":[{"href":"https:\/\/jordhammock.com\/de\/wp-json\/wp\/v2\/product"}],"about":[{"href":"https:\/\/jordhammock.com\/de\/wp-json\/wp\/v2\/types\/product"}],"replies":[{"embeddable":true,"href":"https:\/\/jordhammock.com\/de\/wp-json\/wp\/v2\/comments?post=866"}],"wp:featuredmedia":[{"embeddable":true,"href":"https:\/\/jordhammock.com\/de\/wp-json\/wp\/v2\/media\/739"}],"wp:attachment":[{"href":"https:\/\/jordhammock.com\/de\/wp-json\/wp\/v2\/media?parent=866"}],"wp:term":[{"taxonomy":"product_brand","embeddable":true,"href":"https:\/\/jordhammock.com\/de\/wp-json\/wp\/v2\/product_brand?post=866"},{"taxonomy":"product_cat","embeddable":true,"href":"https:\/\/jordhammock.com\/de\/wp-json\/wp\/v2\/product_cat?post=866"},{"taxonomy":"product_tag","embeddable":true,"href":"https:\/\/jordhammock.com\/de\/wp-json\/wp\/v2\/product_tag?post=866"}],"curies":[{"name":"wp","href":"https:\/\/api.w.org\/{rel}","templated":true}]}}