{"id":827,"date":"2025-05-13T12:10:27","date_gmt":"2025-05-13T12:10:27","guid":{"rendered":"https:\/\/jordhammock.com\/versand-ruecksendungen-datenschutzrichtlinie\/"},"modified":"2025-05-13T13:26:00","modified_gmt":"2025-05-13T13:26:00","slug":"versand-ruecksendungen-datenschutzrichtlinie","status":"publish","type":"page","link":"https:\/\/jordhammock.com\/de\/versand-ruecksendungen-datenschutzrichtlinie\/","title":{"rendered":"Versand, R\u00fccksendungen  Datenschutzrichtlinie"},"content":{"rendered":"\n<p><strong>Versand, Zahlung  Datenschutz<\/strong><\/p>\n\n<p>Wir bevorzugen es, die Dinge unkompliziert zu halten:<br\/>Wir sind der \u00dcberzeugung, dass Ehrlichkeit, Kommunikation und gegenseitiger Respekt von gro\u00dfer Bedeutung sind \u2013 und dass das Leben zu kostbar ist, um langweilig zu sein. \ud83d\ude42<\/p>\n\n<p>\u2713 Wir versenden in alle EU-L\u00e4nder: \u00d6sterreich, Belgien, Bulgarien, Kroatien, Zypern, Tschechische Republik, D\u00e4nemark, Estland, Finnland, Frankreich, Deutschland, Griechenland, Ungarn, Irland, Italien, Lettland, Litauen, Luxemburg, Malta, Niederlande, Polen, Portugal, Rum\u00e4nien, Slowakei, Slowenien und Spanien. (Schweden \u2013 besuchen Sie bitte <a href=\"https:\/\/www.momojord.se\">momojord.se<\/a>) <\/p>\n\n<p>\u2713 Kostenloser Versand ab 250 \u20ac.<\/p>\n\n<p>\u2713 Bestellungen werden 2\u20133 Mal pro Woche verpackt und versandt, \u00fcblicherweise montags, mittwochs und freitags. Wir versenden mit Schenker. Die Lieferzeit betr\u00e4gt in der Regel etwa 1 Woche ab Versand (abh\u00e4ngig von Ihrem Land).  <\/p>\n\n<p>\u2713 Gelegentlich sind wir auf Abenteuerreisen. Oder wir entspannen einfach an einem der Waldseen in der N\u00e4he unseres Zuhauses. Das bedeutet, dass wir m\u00f6glicherweise nicht jeden Tag Bestellungen verpacken. Auch wenn die Dinge normalerweise schnell vonstatten gehen, kann es gelegentlich etwas l\u00e4nger dauern. Wir glauben daran, das Leben auch ein wenig zu genie\u00dfen \ud83d\ude42    <\/p>\n\n<p>\u2713 F\u00fcr nicht abgeholte Pakete wird eine Wiedereinlagerungsgeb\u00fchr von 50 \u20ac erhoben, die von Ihrer R\u00fcckerstattung abgezogen wird. (Ein nicht abgeholtes Paket verursacht uns h\u00f6here Kosten, daher ist dies angemessen.) <\/p>\n\n<p>\u2713 Zahlungen werden \u00fcber Stripe abgewickelt (sichere Kartenzahlung). Ihre Zahlung wird verschl\u00fcsselt und direkt von Stripe verarbeitet \u2013 wir sehen oder speichern Ihre Kartendaten nie. <\/p>\n\n<p>\u2713 Sie haben ein 30-t\u00e4giges R\u00fcckgaberecht. Wenn Sie mit Ihrem Kauf nicht zufrieden sind, k\u00f6nnen Sie ihn innerhalb von 30 Tagen nach Erhalt zur R\u00fcckerstattung oder zum Umtausch zur\u00fccksenden. Als Kunde sind Sie f\u00fcr die \u00dcbernahme der R\u00fccksendekosten und die sichere Zustellung des Pakets an uns verantwortlich.  <\/p>\n\n<p>R\u00fccksendeadresse: Momo Jord AB, \u00d6ver\u00e4lve 53, 82793 Ljusdal, SCHWEDEN<\/p>\n\n<p>Artikel m\u00fcssen unbenutzt und in verkaufsf\u00e4higem Zustand sein, um eine vollst\u00e4ndige R\u00fcckerstattung zu erhalten (andernfalls riskieren wir, ein Lager voller unverk\u00e4uflicher Ausr\u00fcstung zu haben).<\/p>\n\n<p>Wir erstatten den Betrag, sobald wir die zur\u00fcckgesendeten Artikel erhalten haben. Bitte beachten Sie, dass die urspr\u00fcnglichen Versandkosten nicht erstattungsf\u00e4hig sind. <\/p>\n\n<p>M\u00fcssen Sie etwas nach 30 Tagen zur\u00fccksenden? Das ist in der Regel kein Problem \u2013 kontaktieren Sie uns einfach, und wir werden eine L\u00f6sung finden. <\/p>\n\n<p><strong>Ein Versprechen der Freundlichkeit<\/strong><\/p>\n\n<p>Wir streben danach, freundlich zu sein. Wirklich. Wir k\u00f6nnten nicht mit uns selbst leben, wenn wir ein Unternehmen f\u00fchren w\u00fcrden, das Menschen entt\u00e4uscht zur\u00fcckl\u00e4sst. Wir m\u00f6chten sch\u00f6ne Dinge herstellen, die Sie vielleicht inspirieren, dasselbe zu tun. Wenn wir einen Fehler machen, werden wir ihn beheben. Wenn etwas au\u00dferhalb unserer Kontrolle schiefgegangen ist, werden wir unser M\u00f6glichstes tun, um es richtigzustellen. Au\u00dfergew\u00f6hnlicher Service ist f\u00fcr uns kein Schlagwort \u2013 es ist die Art und Weise, wie wir nat\u00fcrlich handeln. Wir sind einfach normale Menschen mit Leben und Verantwortlichkeiten, aber wir werden immer unser Bestes tun, um diese Welt zu einem etwas besseren und angenehmeren Ort zu machen.       <\/p>\n\n<p>Das gesagt \u2013 wir verschwenden keine Energie an Personen, die versuchen, uns auszunutzen. (Es ist ein- oder zweimal in den letzten Jahren vorgekommen \u2013 aber die Chancen stehen gut, dass Sie nicht dazu geh\u00f6ren. \ud83d\ude0a) <\/p>\n\n<p><strong>Datenschutz-  Cookie-Richtlinie<\/strong><\/p>\n\n<p>Wir gehen sorgsam mit Ihren Daten um und geben sie nicht an Unbefugte weiter. Um den Shop zu betreiben, sammeln wir einige Informationen: Wir speichern Ihre Kontaktdaten in unserer Kundendatenbank, um Sie bei zuk\u00fcnftigen Bestellungen wiederzuerkennen und bei der Bestellhistorie zu unterst\u00fctzen. Es werden keine Zahlungsinformationen auf unserem Server gespeichert \u2013 dies wird sicher von unseren Zahlungsanbietern gehandhabt.  <\/p>\n\n<p>Wir erhalten auch anonyme Daten (\u00fcber Google Analytics) von Ihrem Browser, wie IP-Adresse, Software-\/Hardware-Details und welche Seite Sie besucht haben. Wir verwenden auch Facebook Pixel. <\/p>\n\n<p>Wir versprechen, Sie nicht mit Spam zu bel\u00e4stigen oder irgendetwas Fragw\u00fcrdiges mit Ihren Daten zu tun. Wir sind die alleinigen Eigent\u00fcmer der auf dieser Website gesammelten Informationen, und wir werden sie niemals an Dritte verkaufen oder weitergeben. Nach einer Bestellung erhalten Sie m\u00f6glicherweise eine Follow-up-E-Mail, in der Sie einige Monate sp\u00e4ter um eine Bewertung gebeten werden. Ansonsten h\u00f6ren Sie nur von uns, wenn Sie unseren Newsletter abonnieren \u2013 oder wenn Sie zur\u00fcckkommen, um erneut einzukaufen.   <\/p>\n\n<p>Wir verwenden Cookies, damit alles reibungslos funktioniert. Durch die Nutzung von jordhammock.com stimmen Sie dem zu (DSGVO und all das). <\/p>\n\n<p>jordhammock.com wird betrieben von Momo Jord AB, \u00d6ver\u00e4lve 53, 827 93 Ljusdal, Schweden. Org.-Nr.  559157-8421. USt-IdNr. SE559157842101<\/p>\n","protected":false},"excerpt":{"rendered":"<p>Versand, Zahlung Datenschutz Wir bevorzugen es, die Dinge unkompliziert zu halten:Wir sind der \u00dcberzeugung, dass Ehrlichkeit, Kommunikation und gegenseitiger Respekt von gro\u00dfer Bedeutung sind \u2013 und dass das Leben zu kostbar ist, um langweilig zu sein. \ud83d\ude42 \u2713 Wir versenden in alle EU-L\u00e4nder: \u00d6sterreich, Belgien, Bulgarien, Kroatien, Zypern, Tschechische Republik, D\u00e4nemark, Estland, Finnland, Frankreich, Deutschland, [&hellip;]<\/p>\n","protected":false},"author":1,"featured_media":0,"parent":0,"menu_order":0,"comment_status":"closed","ping_status":"closed","template":"","meta":{"_kad_blocks_custom_css":"","_kad_blocks_head_custom_js":"","_kad_blocks_body_custom_js":"","_kad_blocks_footer_custom_js":"","footnotes":""},"class_list":["post-827","page","type-page","status-publish","hentry"],"yoast_head":"<!-- This site is optimized with the Yoast SEO plugin v27.4 - https:\/\/yoast.com\/product\/yoast-seo-wordpress\/ -->\n<title>Versand, R\u00fccksendungen Datenschutzrichtlinie - Jord Hammock \u2013 The nordic hammock for tall people<\/title>\n<meta name=\"robots\" content=\"index, follow, max-snippet:-1, max-image-preview:large, max-video-preview:-1\" \/>\n<link rel=\"canonical\" href=\"https:\/\/jordhammock.com\/de\/versand-ruecksendungen-datenschutzrichtlinie\/\" \/>\n<meta property=\"og:locale\" content=\"de_DE\" \/>\n<meta property=\"og:type\" content=\"article\" \/>\n<meta property=\"og:title\" content=\"Versand, R\u00fccksendungen Datenschutzrichtlinie - Jord Hammock \u2013 The nordic hammock for tall people\" \/>\n<meta property=\"og:description\" content=\"Versand, Zahlung Datenschutz Wir bevorzugen es, die Dinge unkompliziert zu halten:Wir sind der \u00dcberzeugung, dass Ehrlichkeit, Kommunikation und gegenseitiger Respekt von gro\u00dfer Bedeutung sind \u2013 und dass das Leben zu kostbar ist, um langweilig zu sein. \ud83d\ude42 \u2713 Wir versenden in alle EU-L\u00e4nder: \u00d6sterreich, Belgien, Bulgarien, Kroatien, Zypern, Tschechische Republik, D\u00e4nemark, Estland, Finnland, Frankreich, Deutschland, [&hellip;]\" \/>\n<meta property=\"og:url\" content=\"https:\/\/jordhammock.com\/de\/versand-ruecksendungen-datenschutzrichtlinie\/\" \/>\n<meta property=\"og:site_name\" content=\"Jord Hammock \u2013 The nordic hammock for tall people\" \/>\n<meta property=\"article:publisher\" content=\"https:\/\/www.facebook.com\/jordhammock\" \/>\n<meta property=\"article:modified_time\" content=\"2025-05-13T13:26:00+00:00\" \/>\n<meta property=\"og:image\" content=\"https:\/\/jordhammock.com\/wp-content\/uploads\/2025\/04\/underquilt-hammock-solned-2025_1440.jpg\" \/>\n<meta name=\"twitter:card\" content=\"summary_large_image\" \/>\n<meta name=\"twitter:label1\" content=\"Gesch\u00e4tzte Lesezeit\" \/>\n\t<meta name=\"twitter:data1\" content=\"4\u00a0Minuten\" \/>\n<script type=\"application\/ld+json\" class=\"yoast-schema-graph\">{\"@context\":\"https:\\\/\\\/schema.org\",\"@graph\":[{\"@type\":\"WebPage\",\"@id\":\"https:\\\/\\\/jordhammock.com\\\/de\\\/versand-ruecksendungen-datenschutzrichtlinie\\\/\",\"url\":\"https:\\\/\\\/jordhammock.com\\\/de\\\/versand-ruecksendungen-datenschutzrichtlinie\\\/\",\"name\":\"Versand, R\u00fccksendungen Datenschutzrichtlinie - Jord Hammock \u2013 The nordic hammock for tall people\",\"isPartOf\":{\"@id\":\"https:\\\/\\\/jordhammock.com\\\/de\\\/#website\"},\"datePublished\":\"2025-05-13T12:10:27+00:00\",\"dateModified\":\"2025-05-13T13:26:00+00:00\",\"breadcrumb\":{\"@id\":\"https:\\\/\\\/jordhammock.com\\\/de\\\/versand-ruecksendungen-datenschutzrichtlinie\\\/#breadcrumb\"},\"inLanguage\":\"de\",\"potentialAction\":[{\"@type\":\"ReadAction\",\"target\":[\"https:\\\/\\\/jordhammock.com\\\/de\\\/versand-ruecksendungen-datenschutzrichtlinie\\\/\"]}]},{\"@type\":\"BreadcrumbList\",\"@id\":\"https:\\\/\\\/jordhammock.com\\\/de\\\/versand-ruecksendungen-datenschutzrichtlinie\\\/#breadcrumb\",\"itemListElement\":[{\"@type\":\"ListItem\",\"position\":1,\"name\":\"Home\",\"item\":\"https:\\\/\\\/jordhammock.com\\\/de\\\/\"},{\"@type\":\"ListItem\",\"position\":2,\"name\":\"Versand, R\u00fccksendungen Datenschutzrichtlinie\"}]},{\"@type\":\"WebSite\",\"@id\":\"https:\\\/\\\/jordhammock.com\\\/de\\\/#website\",\"url\":\"https:\\\/\\\/jordhammock.com\\\/de\\\/\",\"name\":\"Jord Hammock \u2013 The nordic hammock for tall people\",\"description\":\"Nordic hammock gear\",\"publisher\":{\"@id\":\"https:\\\/\\\/jordhammock.com\\\/de\\\/#organization\"},\"potentialAction\":[{\"@type\":\"SearchAction\",\"target\":{\"@type\":\"EntryPoint\",\"urlTemplate\":\"https:\\\/\\\/jordhammock.com\\\/de\\\/?s={search_term_string}\"},\"query-input\":{\"@type\":\"PropertyValueSpecification\",\"valueRequired\":true,\"valueName\":\"search_term_string\"}}],\"inLanguage\":\"de\"},{\"@type\":\"Organization\",\"@id\":\"https:\\\/\\\/jordhammock.com\\\/de\\\/#organization\",\"name\":\"Jord Hammock\",\"url\":\"https:\\\/\\\/jordhammock.com\\\/de\\\/\",\"logo\":{\"@type\":\"ImageObject\",\"inLanguage\":\"de\",\"@id\":\"https:\\\/\\\/jordhammock.com\\\/de\\\/#\\\/schema\\\/logo\\\/image\\\/\",\"url\":\"https:\\\/\\\/jordhammock.com\\\/wp-content\\\/uploads\\\/2025\\\/04\\\/cropped-jordlogo500.png\",\"contentUrl\":\"https:\\\/\\\/jordhammock.com\\\/wp-content\\\/uploads\\\/2025\\\/04\\\/cropped-jordlogo500.png\",\"width\":500,\"height\":300,\"caption\":\"Jord Hammock\"},\"image\":{\"@id\":\"https:\\\/\\\/jordhammock.com\\\/de\\\/#\\\/schema\\\/logo\\\/image\\\/\"},\"sameAs\":[\"https:\\\/\\\/www.facebook.com\\\/jordhammock\",\"https:\\\/\\\/www.instagram.com\\\/jordhammock\\\/\"]}]}<\/script>\n<!-- \/ Yoast SEO plugin. -->","yoast_head_json":{"title":"Versand, R\u00fccksendungen Datenschutzrichtlinie - Jord Hammock \u2013 The nordic hammock for tall people","robots":{"index":"index","follow":"follow","max-snippet":"max-snippet:-1","max-image-preview":"max-image-preview:large","max-video-preview":"max-video-preview:-1"},"canonical":"https:\/\/jordhammock.com\/de\/versand-ruecksendungen-datenschutzrichtlinie\/","og_locale":"de_DE","og_type":"article","og_title":"Versand, R\u00fccksendungen Datenschutzrichtlinie - Jord Hammock \u2013 The nordic hammock for tall people","og_description":"Versand, Zahlung Datenschutz Wir bevorzugen es, die Dinge unkompliziert zu halten:Wir sind der \u00dcberzeugung, dass Ehrlichkeit, Kommunikation und gegenseitiger Respekt von gro\u00dfer Bedeutung sind \u2013 und dass das Leben zu kostbar ist, um langweilig zu sein. \ud83d\ude42 \u2713 Wir versenden in alle EU-L\u00e4nder: \u00d6sterreich, Belgien, Bulgarien, Kroatien, Zypern, Tschechische Republik, D\u00e4nemark, Estland, Finnland, Frankreich, Deutschland, [&hellip;]","og_url":"https:\/\/jordhammock.com\/de\/versand-ruecksendungen-datenschutzrichtlinie\/","og_site_name":"Jord Hammock \u2013 The nordic hammock for tall people","article_publisher":"https:\/\/www.facebook.com\/jordhammock","article_modified_time":"2025-05-13T13:26:00+00:00","og_image":[{"url":"https:\/\/jordhammock.com\/wp-content\/uploads\/2025\/04\/underquilt-hammock-solned-2025_1440.jpg","type":"","width":"","height":""}],"twitter_card":"summary_large_image","twitter_misc":{"Gesch\u00e4tzte Lesezeit":"4\u00a0Minuten"},"schema":{"@context":"https:\/\/schema.org","@graph":[{"@type":"WebPage","@id":"https:\/\/jordhammock.com\/de\/versand-ruecksendungen-datenschutzrichtlinie\/","url":"https:\/\/jordhammock.com\/de\/versand-ruecksendungen-datenschutzrichtlinie\/","name":"Versand, R\u00fccksendungen Datenschutzrichtlinie - Jord Hammock \u2013 The nordic hammock for tall people","isPartOf":{"@id":"https:\/\/jordhammock.com\/de\/#website"},"datePublished":"2025-05-13T12:10:27+00:00","dateModified":"2025-05-13T13:26:00+00:00","breadcrumb":{"@id":"https:\/\/jordhammock.com\/de\/versand-ruecksendungen-datenschutzrichtlinie\/#breadcrumb"},"inLanguage":"de","potentialAction":[{"@type":"ReadAction","target":["https:\/\/jordhammock.com\/de\/versand-ruecksendungen-datenschutzrichtlinie\/"]}]},{"@type":"BreadcrumbList","@id":"https:\/\/jordhammock.com\/de\/versand-ruecksendungen-datenschutzrichtlinie\/#breadcrumb","itemListElement":[{"@type":"ListItem","position":1,"name":"Home","item":"https:\/\/jordhammock.com\/de\/"},{"@type":"ListItem","position":2,"name":"Versand, R\u00fccksendungen Datenschutzrichtlinie"}]},{"@type":"WebSite","@id":"https:\/\/jordhammock.com\/de\/#website","url":"https:\/\/jordhammock.com\/de\/","name":"Jord Hammock \u2013 The nordic hammock for tall people","description":"Nordic hammock gear","publisher":{"@id":"https:\/\/jordhammock.com\/de\/#organization"},"potentialAction":[{"@type":"SearchAction","target":{"@type":"EntryPoint","urlTemplate":"https:\/\/jordhammock.com\/de\/?s={search_term_string}"},"query-input":{"@type":"PropertyValueSpecification","valueRequired":true,"valueName":"search_term_string"}}],"inLanguage":"de"},{"@type":"Organization","@id":"https:\/\/jordhammock.com\/de\/#organization","name":"Jord Hammock","url":"https:\/\/jordhammock.com\/de\/","logo":{"@type":"ImageObject","inLanguage":"de","@id":"https:\/\/jordhammock.com\/de\/#\/schema\/logo\/image\/","url":"https:\/\/jordhammock.com\/wp-content\/uploads\/2025\/04\/cropped-jordlogo500.png","contentUrl":"https:\/\/jordhammock.com\/wp-content\/uploads\/2025\/04\/cropped-jordlogo500.png","width":500,"height":300,"caption":"Jord Hammock"},"image":{"@id":"https:\/\/jordhammock.com\/de\/#\/schema\/logo\/image\/"},"sameAs":["https:\/\/www.facebook.com\/jordhammock","https:\/\/www.instagram.com\/jordhammock\/"]}]}},"taxonomy_info":[],"featured_image_src_large":false,"author_info":{"display_name":"leon","author_link":"https:\/\/jordhammock.com\/de\/author\/leon\/"},"comment_info":0,"_links":{"self":[{"href":"https:\/\/jordhammock.com\/de\/wp-json\/wp\/v2\/pages\/827","targetHints":{"allow":["GET"]}}],"collection":[{"href":"https:\/\/jordhammock.com\/de\/wp-json\/wp\/v2\/pages"}],"about":[{"href":"https:\/\/jordhammock.com\/de\/wp-json\/wp\/v2\/types\/page"}],"author":[{"embeddable":true,"href":"https:\/\/jordhammock.com\/de\/wp-json\/wp\/v2\/users\/1"}],"replies":[{"embeddable":true,"href":"https:\/\/jordhammock.com\/de\/wp-json\/wp\/v2\/comments?post=827"}],"version-history":[{"count":1,"href":"https:\/\/jordhammock.com\/de\/wp-json\/wp\/v2\/pages\/827\/revisions"}],"predecessor-version":[{"id":828,"href":"https:\/\/jordhammock.com\/de\/wp-json\/wp\/v2\/pages\/827\/revisions\/828"}],"wp:attachment":[{"href":"https:\/\/jordhammock.com\/de\/wp-json\/wp\/v2\/media?parent=827"}],"curies":[{"name":"wp","href":"https:\/\/api.w.org\/{rel}","templated":true}]}}