{"id":1061,"date":"2025-04-18T07:16:00","date_gmt":"2025-04-18T07:16:00","guid":{"rendered":"https:\/\/jordhammock.com\/jord-topquilt\/"},"modified":"2025-12-22T18:03:35","modified_gmt":"2025-12-22T18:03:35","slug":"jord-topquilt","status":"publish","type":"product","link":"https:\/\/jordhammock.com\/da\/shop\/jord-topquilt\/","title":{"rendered":"Jord Topquilt"},"content":{"rendered":"\n<h3 class=\"wp-block-heading\">Drop besv\u00e6ret - hold dig varm med Jord Topquilt<\/h3>\n\n\nGetting into a sleeping bag in a hammock is basically a circus act. It works, sure\u2014but it&#8217;s not fun. Then you\u2019re stuck like a worm in a tight sack. Sound cozy? Not really. Now imagine simply pulling a fluffy blanket over yourself that just works. That\u2019s what the <strong>Jord Topquilt<\/strong> is\u2014a hammock quilt that makes life simple, keeps you warm, and goes wherever you do. Made to pair perfectly with the <strong>Jord Hammock<\/strong>, but just as amazing as a down comforter at home, on the road, or even at a retreat. Say goodbye to hassle\u2014this is warmth without stress.\n\n\n<h4 class=\"wp-block-heading\">Varme gjort nemt<\/h4>\n\n\nMeasuring 210 x 140 cm and filled with 500 g of <strong>850FP Responsible Down Standard-certified down<\/strong>\u2014fluffy, ethical, and incredibly warm. The outer is <strong>10d ripstop nylon<\/strong> in Olive Night\u2014lightweight, durable, and blends in anywhere. At 750 g total, it\u2019s easy to pack. I tested it on a chilly night\u2014no more wrestling with a sleeping bag while dangling in the air. This quilt draped over me like a dream, and I was warm in no time. Comfort, no complications.\n\n\n<figure class=\"wp-block-image size-large\"><img decoding=\"async\" class=\"wp-image-384759\" src=\"https:\/\/jordhammock.com\/wp-content\/uploads\/2025\/03\/topquilt4_1440-1080x810.jpg\" alt=\"Jord Topquilt d&#xE6;kker en h&#xE6;ngek&#xF8;je-campingvogn\"\/><\/figure>\n\n<h4 class=\"wp-block-heading\">Detaljer, der g\u00f8r en forskel<\/h4>\n\n<ul class=\"wp-block-list\">\n \t<li><strong>Enkelt og smart:<\/strong> Snore foroven og forneden former dynen omkring dig. Knapper ved foden skaber en fodboks, der holder t\u00e6erne varme. Sm\u00e5 sp\u00e6nder p\u00e5 tv\u00e6rs af ryggen giver dig mulighed for at skabe en kokon - eller bare bruge den \u00e5ben som et almindeligt t\u00e6ppe.  <\/li>\n \t<li>Kan bruges <strong>som en almindelig dundyne<\/strong>: Brug den i skoven eller l\u00e6g den ud derhjemme eller p\u00e5 en ferie. Dens dimensioner passer til et standard dynebetr\u00e6k, s\u00e5 den er rejseklar. <\/li>\n \t<li><strong>Stor opbevaringspose medf\u00f8lger:<\/strong> Holder dunene luftige mellem eventyrene.<\/li>\n<\/ul>\n\n<h4 class=\"wp-block-heading\">Topquilt g\u00f8r h\u00e6ngek\u00f8je nemt<\/h4>\n\n<ul class=\"wp-block-list\">\n \t<li><strong>I h\u00e6ngek\u00f8jen:<\/strong> Kast den over dig, stram snoren ved f\u00f8dderne for at holde kulden ude. Knap fodboksen op, og stop kanterne ind - s\u00e5 er du varm hele vejen rundt. Den er ogs\u00e5 lang nok til, at du kan tr\u00e6kke den op og putte den om halsen.  <\/li>\n \t<li><strong>Som et almindeligt t\u00e6ppe:<\/strong> \u00c5bn det helt, glem alt om knapper og sp\u00e6nder - l\u00e6g det p\u00e5 sengen, eller l\u00e6g det i et dynebetr\u00e6k, uanset hvor du er.<\/li>\n \t<li><strong>Kan nemt pakkes sammen:<\/strong> Rul den l\u00f8st sammen og put den i s\u00e6kken - s\u00e5 er den klar til n\u00e6ste runde.<\/li>\n<\/ul>\n\n<h4 class=\"wp-block-heading\">Hvorfor Jord Topquilt?<\/h4>\n\n<ul class=\"wp-block-list\">\n \t<li><strong>Varm og let:<\/strong> 500 g dun, 750 g i alt - seri\u00f8s varme uden at fylde for meget<\/li>\n \t<li><strong>Rummelig:<\/strong> Fuld d\u00e6kning fra top til t\u00e5<\/li>\n \t<li><strong>Det er bedre end soveposer:<\/strong> Ikke flere kampe i h\u00e6ngek\u00f8jen - bare lethed og komfort<\/li>\n \t<li><strong>Rejsevenlig:<\/strong> Passer til et dynebetr\u00e6k - perfekt til rejser, ophold og overnatninger<\/li>\n<\/ul>\n\n<figure class=\"wp-block-image size-large\"><img decoding=\"async\" class=\"wp-image-384758\" src=\"https:\/\/jordhammock.com\/wp-content\/uploads\/2025\/03\/topquilt3_1440-810x1080.jpg\" alt=\"Jord Topquilt pakket til eventyr\"\/><\/figure>\n\n<h4 class=\"wp-block-heading\">Specifikationer<\/h4>\n\n<ul class=\"wp-block-list\">\n \t<li><strong>Dimensioner:<\/strong> 210 x 140 cm (pakket: ca. 33 x 18 cm)<\/li>\n \t<li><strong>V\u00e6gt:<\/strong> 750 g<\/li>\n \t<li><strong>Materiale:<\/strong> 10d ripstop nylon (Olive Night), 850FP RDS-certificerede dun<\/li>\n \t<li><strong>Inkluderer:<\/strong> Topquilt, pakkes\u00e6k, stor opbevaringspose<\/li>\n<\/ul>\n\n<h4 class=\"wp-block-heading\">Den ultimative kombination<\/h4>\n\n\nSleeping bags in hammocks? Just a hassle\u2014ever tried putting one on while suspended in the air? Skip it. The <strong>Jord Topquilt<\/strong> makes everything easier\u2014just pull it over and relax. Pair it with our <a href=\"https:\/\/jordhammock.com\/butik\/momo-jord-underquilt\/\" data-type=\"product\" data-id=\"265410\">underquilt<\/a> for warmth from head to toe\u2014ideal for chilly forest nights. Or take it on your travels, slip it in a duvet cover, and sleep like you\u2019re home. It\u2019s light enough to always bring along.\n\n\n<h4 class=\"wp-block-heading\">Hvorfor skabte jeg topquilten?<\/h4>\n\n\nAfter fifteen years in hammocks, I got tired of battling sleeping bags that twist and frustrate. That\u2019s why I designed the <strong>Jord Topquilt<\/strong>\u2014and now it\u2019s my favorite, whether I\u2019m in the woods or at home. Fluffy enough to snuggle into, light enough to carry, and versatile from hammock to bed. Pull it over, feel the warmth settle like a soft hug, and rest easy\u2014under the stars or a roof. <strong>Order your topquilt now<\/strong> and make every night simple.\n\n","protected":false},"excerpt":{"rendered":"<p>Drop besv\u00e6ret - hold dig varm med Jord Topquilt Getting into a sleeping bag in a hammock is basically a circus act. It works, sure\u2014but it&#8217;s not fun. Then you\u2019re stuck like a worm in a tight sack. Sound cozy? Not really. Now imagine simply pulling a fluffy blanket over yourself that just works. That\u2019s [&hellip;]<\/p>\n","protected":false},"featured_media":1062,"comment_status":"open","ping_status":"closed","template":"","meta":{"_kad_blocks_custom_css":"","_kad_blocks_head_custom_js":"","_kad_blocks_body_custom_js":"","_kad_blocks_footer_custom_js":""},"product_brand":[18],"product_cat":[66],"product_tag":[],"class_list":{"0":"post-1061","1":"product","2":"type-product","3":"status-publish","4":"has-post-thumbnail","6":"product_brand-jord","7":"product_cat-haengekoje-udstyr","9":"first","10":"outofstock","11":"featured","12":"taxable","13":"shipping-taxable","14":"purchasable","15":"product-type-simple"},"yoast_head":"<!-- This site is optimized with the Yoast SEO plugin v27.4 - https:\/\/yoast.com\/product\/yoast-seo-wordpress\/ -->\n<title>Jord Topquilt - Jord Hammock \u2013 The nordic hammock for tall people<\/title>\n<meta name=\"robots\" content=\"index, follow, max-snippet:-1, max-image-preview:large, max-video-preview:-1\" \/>\n<link rel=\"canonical\" href=\"https:\/\/jordhammock.com\/da\/shop\/jord-topquilt\/\" \/>\n<meta property=\"og:locale\" content=\"da_DK\" \/>\n<meta property=\"og:type\" content=\"article\" \/>\n<meta property=\"og:title\" content=\"Jord Topquilt - Jord Hammock \u2013 The nordic hammock for tall people\" \/>\n<meta property=\"og:description\" content=\"Drop besv\u00e6ret - hold dig varm med Jord Topquilt Getting into a sleeping bag in a hammock is basically a circus act. It works, sure\u2014but it&#8217;s not fun. Then you\u2019re stuck like a worm in a tight sack. Sound cozy? Not really. Now imagine simply pulling a fluffy blanket over yourself that just works. That\u2019s [&hellip;]\" \/>\n<meta property=\"og:url\" content=\"https:\/\/jordhammock.com\/da\/shop\/jord-topquilt\/\" \/>\n<meta property=\"og:site_name\" content=\"Jord Hammock \u2013 The nordic hammock for tall people\" \/>\n<meta property=\"article:publisher\" content=\"https:\/\/www.facebook.com\/jordhammock\" \/>\n<meta property=\"article:modified_time\" content=\"2025-12-22T18:03:35+00:00\" \/>\n<meta property=\"og:image\" content=\"https:\/\/jordhammock.com\/wp-content\/uploads\/2025\/04\/topquilt5_1440.jpg\" \/>\n\t<meta property=\"og:image:width\" content=\"1080\" \/>\n\t<meta property=\"og:image:height\" content=\"1440\" \/>\n\t<meta property=\"og:image:type\" content=\"image\/jpeg\" \/>\n<meta name=\"twitter:card\" content=\"summary_large_image\" \/>\n<meta name=\"twitter:label1\" content=\"Pris\" \/>\n\t<meta name=\"twitter:data1\" content=\"349,00&nbsp;&euro;\" \/>\n\t<meta name=\"twitter:label2\" content=\"Tilg\u00e6ngelighed\" \/>\n\t<meta name=\"twitter:data2\" content=\"Ikke p\u00e5 lager\" \/>\n<script type=\"application\/ld+json\" class=\"yoast-schema-graph\">{\"@context\":\"https:\\\/\\\/schema.org\",\"@graph\":[{\"@type\":\"WebPage\",\"@id\":\"https:\\\/\\\/jordhammock.com\\\/da\\\/shop\\\/jord-topquilt\\\/\",\"url\":\"https:\\\/\\\/jordhammock.com\\\/da\\\/shop\\\/jord-topquilt\\\/\",\"name\":\"Jord Topquilt - Jord Hammock \u2013 The nordic hammock for tall people\",\"isPartOf\":{\"@id\":\"https:\\\/\\\/jordhammock.com\\\/da\\\/#website\"},\"primaryImageOfPage\":{\"@id\":\"https:\\\/\\\/jordhammock.com\\\/da\\\/shop\\\/jord-topquilt\\\/#primaryimage\"},\"image\":{\"@id\":\"https:\\\/\\\/jordhammock.com\\\/da\\\/shop\\\/jord-topquilt\\\/#primaryimage\"},\"thumbnailUrl\":\"https:\\\/\\\/jordhammock.com\\\/wp-content\\\/uploads\\\/2025\\\/04\\\/topquilt5_1440.jpg\",\"datePublished\":\"2025-04-18T07:16:00+00:00\",\"dateModified\":\"2025-12-22T18:03:35+00:00\",\"breadcrumb\":{\"@id\":\"https:\\\/\\\/jordhammock.com\\\/da\\\/shop\\\/jord-topquilt\\\/#breadcrumb\"},\"inLanguage\":\"da-DK\",\"potentialAction\":[{\"@type\":\"ReadAction\",\"target\":[\"https:\\\/\\\/jordhammock.com\\\/da\\\/shop\\\/jord-topquilt\\\/\"]}]},{\"@type\":\"ImageObject\",\"inLanguage\":\"da-DK\",\"@id\":\"https:\\\/\\\/jordhammock.com\\\/da\\\/shop\\\/jord-topquilt\\\/#primaryimage\",\"url\":\"https:\\\/\\\/jordhammock.com\\\/wp-content\\\/uploads\\\/2025\\\/04\\\/topquilt5_1440.jpg\",\"contentUrl\":\"https:\\\/\\\/jordhammock.com\\\/wp-content\\\/uploads\\\/2025\\\/04\\\/topquilt5_1440.jpg\",\"width\":1080,\"height\":1440},{\"@type\":\"BreadcrumbList\",\"@id\":\"https:\\\/\\\/jordhammock.com\\\/da\\\/shop\\\/jord-topquilt\\\/#breadcrumb\",\"itemListElement\":[{\"@type\":\"ListItem\",\"position\":1,\"name\":\"Home\",\"item\":\"https:\\\/\\\/jordhammock.com\\\/da\\\/\"},{\"@type\":\"ListItem\",\"position\":2,\"name\":\"Butik\",\"item\":\"https:\\\/\\\/jordhammock.com\\\/da\\\/butik\\\/\"},{\"@type\":\"ListItem\",\"position\":3,\"name\":\"Jord Topquilt\"}]},{\"@type\":\"WebSite\",\"@id\":\"https:\\\/\\\/jordhammock.com\\\/da\\\/#website\",\"url\":\"https:\\\/\\\/jordhammock.com\\\/da\\\/\",\"name\":\"Jord Hammock \u2013 The nordic hammock for tall people\",\"description\":\"Nordic hammock gear\",\"publisher\":{\"@id\":\"https:\\\/\\\/jordhammock.com\\\/da\\\/#organization\"},\"potentialAction\":[{\"@type\":\"SearchAction\",\"target\":{\"@type\":\"EntryPoint\",\"urlTemplate\":\"https:\\\/\\\/jordhammock.com\\\/da\\\/?s={search_term_string}\"},\"query-input\":{\"@type\":\"PropertyValueSpecification\",\"valueRequired\":true,\"valueName\":\"search_term_string\"}}],\"inLanguage\":\"da-DK\"},{\"@type\":\"Organization\",\"@id\":\"https:\\\/\\\/jordhammock.com\\\/da\\\/#organization\",\"name\":\"Jord Hammock\",\"url\":\"https:\\\/\\\/jordhammock.com\\\/da\\\/\",\"logo\":{\"@type\":\"ImageObject\",\"inLanguage\":\"da-DK\",\"@id\":\"https:\\\/\\\/jordhammock.com\\\/da\\\/#\\\/schema\\\/logo\\\/image\\\/\",\"url\":\"https:\\\/\\\/jordhammock.com\\\/wp-content\\\/uploads\\\/2025\\\/04\\\/cropped-jordlogo500.png\",\"contentUrl\":\"https:\\\/\\\/jordhammock.com\\\/wp-content\\\/uploads\\\/2025\\\/04\\\/cropped-jordlogo500.png\",\"width\":500,\"height\":300,\"caption\":\"Jord Hammock\"},\"image\":{\"@id\":\"https:\\\/\\\/jordhammock.com\\\/da\\\/#\\\/schema\\\/logo\\\/image\\\/\"},\"sameAs\":[\"https:\\\/\\\/www.facebook.com\\\/jordhammock\",\"https:\\\/\\\/www.instagram.com\\\/jordhammock\\\/\"]}]}<\/script>\n<meta property=\"product:price:amount\" content=\"349.00\" \/>\n<meta property=\"product:price:currency\" content=\"EUR\" \/>\n<meta property=\"og:availability\" content=\"out of stock\" \/>\n<meta property=\"product:availability\" content=\"out of stock\" \/>\n<meta property=\"product:retailer_item_id\" content=\"TOPQUILT\" \/>\n<meta property=\"product:condition\" content=\"new\" \/>\n<!-- \/ Yoast SEO plugin. -->","yoast_head_json":{"title":"Jord Topquilt - Jord Hammock \u2013 The nordic hammock for tall people","robots":{"index":"index","follow":"follow","max-snippet":"max-snippet:-1","max-image-preview":"max-image-preview:large","max-video-preview":"max-video-preview:-1"},"canonical":"https:\/\/jordhammock.com\/da\/shop\/jord-topquilt\/","og_locale":"da_DK","og_type":"article","og_title":"Jord Topquilt - Jord Hammock \u2013 The nordic hammock for tall people","og_description":"Drop besv\u00e6ret - hold dig varm med Jord Topquilt Getting into a sleeping bag in a hammock is basically a circus act. It works, sure\u2014but it&#8217;s not fun. Then you\u2019re stuck like a worm in a tight sack. Sound cozy? Not really. Now imagine simply pulling a fluffy blanket over yourself that just works. That\u2019s [&hellip;]","og_url":"https:\/\/jordhammock.com\/da\/shop\/jord-topquilt\/","og_site_name":"Jord Hammock \u2013 The nordic hammock for tall people","article_publisher":"https:\/\/www.facebook.com\/jordhammock","article_modified_time":"2025-12-22T18:03:35+00:00","og_image":[{"width":1080,"height":1440,"url":"https:\/\/jordhammock.com\/wp-content\/uploads\/2025\/04\/topquilt5_1440.jpg","type":"image\/jpeg"}],"twitter_card":"summary_large_image","twitter_misc":{"Pris":"349,00&nbsp;&euro;","Tilg\u00e6ngelighed":"Ikke p\u00e5 lager"},"schema":{"@context":"https:\/\/schema.org","@graph":[{"@type":"WebPage","@id":"https:\/\/jordhammock.com\/da\/shop\/jord-topquilt\/","url":"https:\/\/jordhammock.com\/da\/shop\/jord-topquilt\/","name":"Jord Topquilt - Jord Hammock \u2013 The nordic hammock for tall people","isPartOf":{"@id":"https:\/\/jordhammock.com\/da\/#website"},"primaryImageOfPage":{"@id":"https:\/\/jordhammock.com\/da\/shop\/jord-topquilt\/#primaryimage"},"image":{"@id":"https:\/\/jordhammock.com\/da\/shop\/jord-topquilt\/#primaryimage"},"thumbnailUrl":"https:\/\/jordhammock.com\/wp-content\/uploads\/2025\/04\/topquilt5_1440.jpg","datePublished":"2025-04-18T07:16:00+00:00","dateModified":"2025-12-22T18:03:35+00:00","breadcrumb":{"@id":"https:\/\/jordhammock.com\/da\/shop\/jord-topquilt\/#breadcrumb"},"inLanguage":"da-DK","potentialAction":[{"@type":"ReadAction","target":["https:\/\/jordhammock.com\/da\/shop\/jord-topquilt\/"]}]},{"@type":"ImageObject","inLanguage":"da-DK","@id":"https:\/\/jordhammock.com\/da\/shop\/jord-topquilt\/#primaryimage","url":"https:\/\/jordhammock.com\/wp-content\/uploads\/2025\/04\/topquilt5_1440.jpg","contentUrl":"https:\/\/jordhammock.com\/wp-content\/uploads\/2025\/04\/topquilt5_1440.jpg","width":1080,"height":1440},{"@type":"BreadcrumbList","@id":"https:\/\/jordhammock.com\/da\/shop\/jord-topquilt\/#breadcrumb","itemListElement":[{"@type":"ListItem","position":1,"name":"Home","item":"https:\/\/jordhammock.com\/da\/"},{"@type":"ListItem","position":2,"name":"Butik","item":"https:\/\/jordhammock.com\/da\/butik\/"},{"@type":"ListItem","position":3,"name":"Jord Topquilt"}]},{"@type":"WebSite","@id":"https:\/\/jordhammock.com\/da\/#website","url":"https:\/\/jordhammock.com\/da\/","name":"Jord Hammock \u2013 The nordic hammock for tall people","description":"Nordic hammock gear","publisher":{"@id":"https:\/\/jordhammock.com\/da\/#organization"},"potentialAction":[{"@type":"SearchAction","target":{"@type":"EntryPoint","urlTemplate":"https:\/\/jordhammock.com\/da\/?s={search_term_string}"},"query-input":{"@type":"PropertyValueSpecification","valueRequired":true,"valueName":"search_term_string"}}],"inLanguage":"da-DK"},{"@type":"Organization","@id":"https:\/\/jordhammock.com\/da\/#organization","name":"Jord Hammock","url":"https:\/\/jordhammock.com\/da\/","logo":{"@type":"ImageObject","inLanguage":"da-DK","@id":"https:\/\/jordhammock.com\/da\/#\/schema\/logo\/image\/","url":"https:\/\/jordhammock.com\/wp-content\/uploads\/2025\/04\/cropped-jordlogo500.png","contentUrl":"https:\/\/jordhammock.com\/wp-content\/uploads\/2025\/04\/cropped-jordlogo500.png","width":500,"height":300,"caption":"Jord Hammock"},"image":{"@id":"https:\/\/jordhammock.com\/da\/#\/schema\/logo\/image\/"},"sameAs":["https:\/\/www.facebook.com\/jordhammock","https:\/\/www.instagram.com\/jordhammock\/"]}]},"product_price_amount":"349.00","product_price_currency":"EUR","og_availability":"out of stock","product_availability":"out of stock","product_retailer_item_id":"TOPQUILT","product_condition":"new"},"taxonomy_info":{"product_brand":[{"value":18,"label":"Jord"}],"product_cat":[{"value":66,"label":"H\u00e6ngek\u00f8je-udstyr"}]},"featured_image_src_large":["https:\/\/jordhammock.com\/wp-content\/uploads\/2025\/04\/topquilt5_1440-960x1280.jpg",960,1280,true],"author_info":[],"comment_info":1,"_links":{"self":[{"href":"https:\/\/jordhammock.com\/da\/wp-json\/wp\/v2\/product\/1061","targetHints":{"allow":["GET"]}}],"collection":[{"href":"https:\/\/jordhammock.com\/da\/wp-json\/wp\/v2\/product"}],"about":[{"href":"https:\/\/jordhammock.com\/da\/wp-json\/wp\/v2\/types\/product"}],"replies":[{"embeddable":true,"href":"https:\/\/jordhammock.com\/da\/wp-json\/wp\/v2\/comments?post=1061"}],"wp:featuredmedia":[{"embeddable":true,"href":"https:\/\/jordhammock.com\/da\/wp-json\/wp\/v2\/media\/1062"}],"wp:attachment":[{"href":"https:\/\/jordhammock.com\/da\/wp-json\/wp\/v2\/media?parent=1061"}],"wp:term":[{"taxonomy":"product_brand","embeddable":true,"href":"https:\/\/jordhammock.com\/da\/wp-json\/wp\/v2\/product_brand?post=1061"},{"taxonomy":"product_cat","embeddable":true,"href":"https:\/\/jordhammock.com\/da\/wp-json\/wp\/v2\/product_cat?post=1061"},{"taxonomy":"product_tag","embeddable":true,"href":"https:\/\/jordhammock.com\/da\/wp-json\/wp\/v2\/product_tag?post=1061"}],"curies":[{"name":"wp","href":"https:\/\/api.w.org\/{rel}","templated":true}]}}