{"id":1142,"date":"2025-05-13T12:10:27","date_gmt":"2025-05-13T12:10:27","guid":{"rendered":"https:\/\/jordhammock.com\/forsendelse-returnering-og-privatlivspolitik\/"},"modified":"2025-05-14T17:55:39","modified_gmt":"2025-05-14T17:55:39","slug":"forsendelse-returnering-og-privatlivspolitik","status":"publish","type":"page","link":"https:\/\/jordhammock.com\/da\/forsendelse-returnering-og-privatlivspolitik\/","title":{"rendered":"Forsendelse, returnering og privatlivspolitik"},"content":{"rendered":"\n<p><strong>Forsendelse, betaling og privatliv<\/strong><\/p>\n\n<p>Vi kan godt lide at holde tingene enkle:<br\/>Vi tror p\u00e5, at man kommer langt med \u00e6rlighed, kommunikation og gensidig respekt - og at livet er for v\u00e6rdifuldt til at v\u00e6re kedeligt. \ud83d\ude42<\/p>\n\n<p>\u2713 Vi sender til alle EU-lande: \u00d8strig, Belgien, Bulgarien, Kroatien, Cypern, Tjekkiet, Danmark, Estland, Finland, Frankrig, Tyskland, Gr\u00e6kenland, Ungarn, Irland, Italien, Letland, Litauen, Luxembourg, Malta, Holland, Polen, Portugal, Rum\u00e6nien, Slovakiet, Slovenien og Spanien. (Svenskere - g\u00e5 til <a href=\"https:\/\/www.momojord.se\">momojord.se)<\/a> <\/p>\n\n<p>\u2713 Gratis forsendelse fra \u20ac250.<\/p>\n\n<p>\u2713 Ordrer pakkes og sendes 2-3 gange om ugen, normalt p\u00e5 mandage, onsdage og fredage. Vi sender med Schenker. Leveringstiden er typisk omkring 1 uge fra afsendelse (afh\u00e6ngigt af dit land).  <\/p>\n\n<p>\u2713 Nogle gange er vi ude p\u00e5 eventyr. Eller bare slapper af ved en af skovs\u00f8erne i n\u00e6rheden af vores hjem. Det betyder, at vi m\u00e5ske ikke pakker ordrer hver eneste dag. S\u00e5 selv om det normalt g\u00e5r hurtigt, kan det af og til tage lidt l\u00e6ngere tid. Vi tror p\u00e5 at leve lidt for \ud83d\ude42    <\/p>\n\n<p>\u2713 Uafhentede pakker vil blive opkr\u00e6vet et genopfyldningsgebyr p\u00e5 \u20ac50, som vil blive fratrukket din tilbagebetaling. (En uafhentet pakke koster os mere end det, s\u00e5 det er fair). <\/p>\n\n<p>\u2713 Betalinger h\u00e5ndteres via Stripe (sikker kortbetaling). Din betaling er krypteret og behandles direkte af Stripe - vi ser eller gemmer aldrig dine kortoplysninger. <\/p>\n\n<p>\u2713 Du har 30 dages returret. Hvis du ikke er tilfreds med dit k\u00f8b, er du velkommen til at returnere det inden for 30 dage efter modtagelsen og f\u00e5 pengene tilbage eller bytte det. Som kunde er du ansvarlig for at d\u00e6kke returforsendelsesomkostningerne og sikre, at pakken n\u00e5r sikkert frem til os.  <\/p>\n\n<p>Adresse for returnering: Momo Jord AB, \u00d6ver\u00e4lve 53, 82793 Ljusdal, SVERIGE<\/p>\n\n<p>Varer skal v\u00e6re ubrugte og i salgbar stand for at f\u00e5 fuld refusion (ellers risikerer vi at ende med et lager fyldt med us\u00e6lgeligt udstyr).<\/p>\n\n<p>Vi refunderer, n\u00e5r vi har modtaget de returnerede varer. Bem\u00e6rk, at de oprindelige forsendelsesomkostninger ikke kan refunderes. <\/p>\n\n<p>Har du brug for at returnere noget efter 30 dage? Det er normalt ikke noget problem - bare kontakt os, s\u00e5 finder vi ud af noget. <\/p>\n\n<p><strong>Et l\u00f8fte om venlighed<\/strong><\/p>\n\n<p>Vi str\u00e6ber efter at v\u00e6re venlige. Helt \u00e6rligt. Vi ville ikke kunne leve med os selv, hvis vi drev en virksomhed, hvor folk f\u00f8lte sig skuffede. Vi vil gerne lave smukke ting, der kan inspirere dig til at g\u00f8re det samme. Hvis vi beg\u00e5r en fejl, retter vi den. Hvis noget gik galt uden for vores kontrol, vil vi g\u00f8re, hvad vi kan for at rette op p\u00e5 det. Fantastisk service er ikke et buzzword for os - det er s\u00e5dan, vi naturligt agerer. Vi er bare almindelige mennesker med liv og ansvar, men vi vil altid g\u00f8re vores bedste for at g\u00f8re denne verden til et lidt bedre og mere behageligt sted at v\u00e6re.       <\/p>\n\n<p>N\u00e5r det er sagt, spilder vi ikke energi p\u00e5 nogen, der pr\u00f8ver at udnytte os. (Det er sket en gang eller to i \u00e5renes l\u00f8b - men chancen er stor for, at det ikke er dig. \ud83d\ude0a) <\/p>\n\n<p><strong>Fortroligheds- og cookiepolitik<\/strong><\/p>\n\n<p>Vi passer godt p\u00e5 dine data og deler dem ikke med nogen uautoriseret. For at drive butikken indsamler vi nogle oplysninger: Vi gemmer dine kontaktoplysninger i vores kundedatabase for at kunne genkende dig ved fremtidige ordrer og hj\u00e6lpe med ordrehistorikken. Ingen betalingsoplysninger gemmes p\u00e5 vores server - det h\u00e5ndteres sikkert af vores betalingsudbydere.  <\/p>\n\n<p>Vi modtager ogs\u00e5 anonyme data (via Google Analytics) fra din browser, f.eks. IP-adresse, software-\/hardwareoplysninger, og hvilken side du har bes\u00f8gt. Vi bruger ogs\u00e5 Facebook Pixel. <\/p>\n\n<p>Vi lover ikke at spamme dig eller g\u00f8re noget lyssky med dine data. Vi er de eneste ejere af de oplysninger, der indsamles p\u00e5 dette websted, og vi vil aldrig s\u00e6lge eller dele dem med tredjeparter. N\u00e5r du har afgivet en ordre, f\u00e5r du m\u00e5ske en opf\u00f8lgende e-mail, hvor vi beder om en anmeldelse et par m\u00e5neder senere. Ellers h\u00f8rer du kun fra os, hvis du abonnerer p\u00e5 vores nyhedsbrev - eller n\u00e5r du kommer tilbage for at handle igen.   <\/p>\n\n<p>Vi bruger cookies for at f\u00e5 det hele til at fungere. Ved at bruge jordhammock.com accepterer du dette (GDPR og alt det der). <\/p>\n\n<p>jordhammock.com drives af Momo Jord AB, \u00d6ver\u00e4lve 53, 827 93 Ljusdal, Sverige. Org.nr.  559157-8421. MOMSNR. SE559157842101<\/p>\n","protected":false},"excerpt":{"rendered":"<p>Forsendelse, betaling og privatliv Vi kan godt lide at holde tingene enkle:Vi tror p\u00e5, at man kommer langt med \u00e6rlighed, kommunikation og gensidig respekt - og at livet er for v\u00e6rdifuldt til at v\u00e6re kedeligt. \ud83d\ude42 \u2713 Vi sender til alle EU-lande: \u00d8strig, Belgien, Bulgarien, Kroatien, Cypern, Tjekkiet, Danmark, Estland, Finland, Frankrig, Tyskland, Gr\u00e6kenland, Ungarn, [&hellip;]<\/p>\n","protected":false},"author":1,"featured_media":0,"parent":0,"menu_order":0,"comment_status":"closed","ping_status":"closed","template":"","meta":{"_kad_blocks_custom_css":"","_kad_blocks_head_custom_js":"","_kad_blocks_body_custom_js":"","_kad_blocks_footer_custom_js":"","footnotes":""},"class_list":["post-1142","page","type-page","status-publish","hentry"],"yoast_head":"<!-- This site is optimized with the Yoast SEO plugin v27.4 - https:\/\/yoast.com\/product\/yoast-seo-wordpress\/ -->\n<title>Forsendelse, returnering og privatlivspolitik - Jord Hammock \u2013 The nordic hammock for tall people<\/title>\n<meta name=\"robots\" content=\"index, follow, max-snippet:-1, max-image-preview:large, max-video-preview:-1\" \/>\n<link rel=\"canonical\" href=\"https:\/\/jordhammock.com\/da\/forsendelse-returnering-og-privatlivspolitik\/\" \/>\n<meta property=\"og:locale\" content=\"da_DK\" \/>\n<meta property=\"og:type\" content=\"article\" \/>\n<meta property=\"og:title\" content=\"Forsendelse, returnering og privatlivspolitik - Jord Hammock \u2013 The nordic hammock for tall people\" \/>\n<meta property=\"og:description\" content=\"Forsendelse, betaling og privatliv Vi kan godt lide at holde tingene enkle:Vi tror p\u00e5, at man kommer langt med \u00e6rlighed, kommunikation og gensidig respekt - og at livet er for v\u00e6rdifuldt til at v\u00e6re kedeligt. \ud83d\ude42 \u2713 Vi sender til alle EU-lande: \u00d8strig, Belgien, Bulgarien, Kroatien, Cypern, Tjekkiet, Danmark, Estland, Finland, Frankrig, Tyskland, Gr\u00e6kenland, Ungarn, [&hellip;]\" \/>\n<meta property=\"og:url\" content=\"https:\/\/jordhammock.com\/da\/forsendelse-returnering-og-privatlivspolitik\/\" \/>\n<meta property=\"og:site_name\" content=\"Jord Hammock \u2013 The nordic hammock for tall people\" \/>\n<meta property=\"article:publisher\" content=\"https:\/\/www.facebook.com\/jordhammock\" \/>\n<meta property=\"article:modified_time\" content=\"2025-05-14T17:55:39+00:00\" \/>\n<meta property=\"og:image\" content=\"https:\/\/jordhammock.com\/wp-content\/uploads\/2025\/04\/underquilt-hammock-solned-2025_1440.jpg\" \/>\n<meta name=\"twitter:card\" content=\"summary_large_image\" \/>\n<meta name=\"twitter:label1\" content=\"Estimeret l\u00e6setid\" \/>\n\t<meta name=\"twitter:data1\" content=\"4 minut\" \/>\n<script type=\"application\/ld+json\" class=\"yoast-schema-graph\">{\"@context\":\"https:\\\/\\\/schema.org\",\"@graph\":[{\"@type\":\"WebPage\",\"@id\":\"https:\\\/\\\/jordhammock.com\\\/da\\\/forsendelse-returnering-og-privatlivspolitik\\\/\",\"url\":\"https:\\\/\\\/jordhammock.com\\\/da\\\/forsendelse-returnering-og-privatlivspolitik\\\/\",\"name\":\"Forsendelse, returnering og privatlivspolitik - Jord Hammock \u2013 The nordic hammock for tall people\",\"isPartOf\":{\"@id\":\"https:\\\/\\\/jordhammock.com\\\/da\\\/#website\"},\"datePublished\":\"2025-05-13T12:10:27+00:00\",\"dateModified\":\"2025-05-14T17:55:39+00:00\",\"breadcrumb\":{\"@id\":\"https:\\\/\\\/jordhammock.com\\\/da\\\/forsendelse-returnering-og-privatlivspolitik\\\/#breadcrumb\"},\"inLanguage\":\"da-DK\",\"potentialAction\":[{\"@type\":\"ReadAction\",\"target\":[\"https:\\\/\\\/jordhammock.com\\\/da\\\/forsendelse-returnering-og-privatlivspolitik\\\/\"]}]},{\"@type\":\"BreadcrumbList\",\"@id\":\"https:\\\/\\\/jordhammock.com\\\/da\\\/forsendelse-returnering-og-privatlivspolitik\\\/#breadcrumb\",\"itemListElement\":[{\"@type\":\"ListItem\",\"position\":1,\"name\":\"Home\",\"item\":\"https:\\\/\\\/jordhammock.com\\\/da\\\/\"},{\"@type\":\"ListItem\",\"position\":2,\"name\":\"Forsendelse, returnering og privatlivspolitik\"}]},{\"@type\":\"WebSite\",\"@id\":\"https:\\\/\\\/jordhammock.com\\\/da\\\/#website\",\"url\":\"https:\\\/\\\/jordhammock.com\\\/da\\\/\",\"name\":\"Jord Hammock \u2013 The nordic hammock for tall people\",\"description\":\"Nordic hammock gear\",\"publisher\":{\"@id\":\"https:\\\/\\\/jordhammock.com\\\/da\\\/#organization\"},\"potentialAction\":[{\"@type\":\"SearchAction\",\"target\":{\"@type\":\"EntryPoint\",\"urlTemplate\":\"https:\\\/\\\/jordhammock.com\\\/da\\\/?s={search_term_string}\"},\"query-input\":{\"@type\":\"PropertyValueSpecification\",\"valueRequired\":true,\"valueName\":\"search_term_string\"}}],\"inLanguage\":\"da-DK\"},{\"@type\":\"Organization\",\"@id\":\"https:\\\/\\\/jordhammock.com\\\/da\\\/#organization\",\"name\":\"Jord Hammock\",\"url\":\"https:\\\/\\\/jordhammock.com\\\/da\\\/\",\"logo\":{\"@type\":\"ImageObject\",\"inLanguage\":\"da-DK\",\"@id\":\"https:\\\/\\\/jordhammock.com\\\/da\\\/#\\\/schema\\\/logo\\\/image\\\/\",\"url\":\"https:\\\/\\\/jordhammock.com\\\/wp-content\\\/uploads\\\/2025\\\/04\\\/cropped-jordlogo500.png\",\"contentUrl\":\"https:\\\/\\\/jordhammock.com\\\/wp-content\\\/uploads\\\/2025\\\/04\\\/cropped-jordlogo500.png\",\"width\":500,\"height\":300,\"caption\":\"Jord Hammock\"},\"image\":{\"@id\":\"https:\\\/\\\/jordhammock.com\\\/da\\\/#\\\/schema\\\/logo\\\/image\\\/\"},\"sameAs\":[\"https:\\\/\\\/www.facebook.com\\\/jordhammock\",\"https:\\\/\\\/www.instagram.com\\\/jordhammock\\\/\"]}]}<\/script>\n<!-- \/ Yoast SEO plugin. -->","yoast_head_json":{"title":"Forsendelse, returnering og privatlivspolitik - Jord Hammock \u2013 The nordic hammock for tall people","robots":{"index":"index","follow":"follow","max-snippet":"max-snippet:-1","max-image-preview":"max-image-preview:large","max-video-preview":"max-video-preview:-1"},"canonical":"https:\/\/jordhammock.com\/da\/forsendelse-returnering-og-privatlivspolitik\/","og_locale":"da_DK","og_type":"article","og_title":"Forsendelse, returnering og privatlivspolitik - Jord Hammock \u2013 The nordic hammock for tall people","og_description":"Forsendelse, betaling og privatliv Vi kan godt lide at holde tingene enkle:Vi tror p\u00e5, at man kommer langt med \u00e6rlighed, kommunikation og gensidig respekt - og at livet er for v\u00e6rdifuldt til at v\u00e6re kedeligt. \ud83d\ude42 \u2713 Vi sender til alle EU-lande: \u00d8strig, Belgien, Bulgarien, Kroatien, Cypern, Tjekkiet, Danmark, Estland, Finland, Frankrig, Tyskland, Gr\u00e6kenland, Ungarn, [&hellip;]","og_url":"https:\/\/jordhammock.com\/da\/forsendelse-returnering-og-privatlivspolitik\/","og_site_name":"Jord Hammock \u2013 The nordic hammock for tall people","article_publisher":"https:\/\/www.facebook.com\/jordhammock","article_modified_time":"2025-05-14T17:55:39+00:00","og_image":[{"url":"https:\/\/jordhammock.com\/wp-content\/uploads\/2025\/04\/underquilt-hammock-solned-2025_1440.jpg","type":"","width":"","height":""}],"twitter_card":"summary_large_image","twitter_misc":{"Estimeret l\u00e6setid":"4 minut"},"schema":{"@context":"https:\/\/schema.org","@graph":[{"@type":"WebPage","@id":"https:\/\/jordhammock.com\/da\/forsendelse-returnering-og-privatlivspolitik\/","url":"https:\/\/jordhammock.com\/da\/forsendelse-returnering-og-privatlivspolitik\/","name":"Forsendelse, returnering og privatlivspolitik - Jord Hammock \u2013 The nordic hammock for tall people","isPartOf":{"@id":"https:\/\/jordhammock.com\/da\/#website"},"datePublished":"2025-05-13T12:10:27+00:00","dateModified":"2025-05-14T17:55:39+00:00","breadcrumb":{"@id":"https:\/\/jordhammock.com\/da\/forsendelse-returnering-og-privatlivspolitik\/#breadcrumb"},"inLanguage":"da-DK","potentialAction":[{"@type":"ReadAction","target":["https:\/\/jordhammock.com\/da\/forsendelse-returnering-og-privatlivspolitik\/"]}]},{"@type":"BreadcrumbList","@id":"https:\/\/jordhammock.com\/da\/forsendelse-returnering-og-privatlivspolitik\/#breadcrumb","itemListElement":[{"@type":"ListItem","position":1,"name":"Home","item":"https:\/\/jordhammock.com\/da\/"},{"@type":"ListItem","position":2,"name":"Forsendelse, returnering og privatlivspolitik"}]},{"@type":"WebSite","@id":"https:\/\/jordhammock.com\/da\/#website","url":"https:\/\/jordhammock.com\/da\/","name":"Jord Hammock \u2013 The nordic hammock for tall people","description":"Nordic hammock gear","publisher":{"@id":"https:\/\/jordhammock.com\/da\/#organization"},"potentialAction":[{"@type":"SearchAction","target":{"@type":"EntryPoint","urlTemplate":"https:\/\/jordhammock.com\/da\/?s={search_term_string}"},"query-input":{"@type":"PropertyValueSpecification","valueRequired":true,"valueName":"search_term_string"}}],"inLanguage":"da-DK"},{"@type":"Organization","@id":"https:\/\/jordhammock.com\/da\/#organization","name":"Jord Hammock","url":"https:\/\/jordhammock.com\/da\/","logo":{"@type":"ImageObject","inLanguage":"da-DK","@id":"https:\/\/jordhammock.com\/da\/#\/schema\/logo\/image\/","url":"https:\/\/jordhammock.com\/wp-content\/uploads\/2025\/04\/cropped-jordlogo500.png","contentUrl":"https:\/\/jordhammock.com\/wp-content\/uploads\/2025\/04\/cropped-jordlogo500.png","width":500,"height":300,"caption":"Jord Hammock"},"image":{"@id":"https:\/\/jordhammock.com\/da\/#\/schema\/logo\/image\/"},"sameAs":["https:\/\/www.facebook.com\/jordhammock","https:\/\/www.instagram.com\/jordhammock\/"]}]}},"taxonomy_info":[],"featured_image_src_large":false,"author_info":{"display_name":"leon","author_link":"https:\/\/jordhammock.com\/da\/author\/leon\/"},"comment_info":0,"_links":{"self":[{"href":"https:\/\/jordhammock.com\/da\/wp-json\/wp\/v2\/pages\/1142","targetHints":{"allow":["GET"]}}],"collection":[{"href":"https:\/\/jordhammock.com\/da\/wp-json\/wp\/v2\/pages"}],"about":[{"href":"https:\/\/jordhammock.com\/da\/wp-json\/wp\/v2\/types\/page"}],"author":[{"embeddable":true,"href":"https:\/\/jordhammock.com\/da\/wp-json\/wp\/v2\/users\/1"}],"replies":[{"embeddable":true,"href":"https:\/\/jordhammock.com\/da\/wp-json\/wp\/v2\/comments?post=1142"}],"version-history":[{"count":1,"href":"https:\/\/jordhammock.com\/da\/wp-json\/wp\/v2\/pages\/1142\/revisions"}],"predecessor-version":[{"id":1143,"href":"https:\/\/jordhammock.com\/da\/wp-json\/wp\/v2\/pages\/1142\/revisions\/1143"}],"wp:attachment":[{"href":"https:\/\/jordhammock.com\/da\/wp-json\/wp\/v2\/media?parent=1142"}],"curies":[{"name":"wp","href":"https:\/\/api.w.org\/{rel}","templated":true}]}}