{"id":1108,"date":"2025-03-19T20:38:25","date_gmt":"2025-03-19T20:38:25","guid":{"rendered":"https:\/\/jordhammock.com\/vogn\/"},"modified":"2025-05-14T17:55:27","modified_gmt":"2025-05-14T17:55:27","slug":"vogn","status":"publish","type":"page","link":"https:\/\/jordhammock.com\/da\/vogn\/","title":{"rendered":"Vogn"},"content":{"rendered":"\n<div data-block-name=\"woocommerce\/cart\" class=\"wp-block-woocommerce-cart alignwide is-loading\">\n<div data-block-name=\"woocommerce\/filled-cart-block\" class=\"wp-block-woocommerce-filled-cart-block\">\n<div data-block-name=\"woocommerce\/cart-items-block\" class=\"wp-block-woocommerce-cart-items-block\">\n<div data-block-name=\"woocommerce\/cart-line-items-block\" class=\"wp-block-woocommerce-cart-line-items-block\"><\/div>\n\n\n\n<div data-block-name=\"woocommerce\/cart-cross-sells-block\" class=\"wp-block-woocommerce-cart-cross-sells-block\">\n<h2 class=\"wp-block-heading has-large-font-size\">Du er m\u00e5ske interesseret i&#8230;<\/h2>\n\n\n\n<div data-block-name=\"woocommerce\/cart-cross-sells-products-block\" class=\"wp-block-woocommerce-cart-cross-sells-products-block\"><\/div>\n<\/div>\n<\/div>\n\n\n\n<div data-block-name=\"woocommerce\/cart-totals-block\" class=\"wp-block-woocommerce-cart-totals-block\">\n<div data-block-name=\"woocommerce\/cart-order-summary-block\" class=\"wp-block-woocommerce-cart-order-summary-block\">\n<div data-block-name=\"woocommerce\/cart-order-summary-heading-block\" class=\"wp-block-woocommerce-cart-order-summary-heading-block\"><\/div><div data-block-name=\"woocommerce\/cart-order-summary-coupon-form-block\" class=\"wp-block-woocommerce-cart-order-summary-coupon-form-block\"><\/div><div data-block-name=\"woocommerce\/cart-order-summary-totals-block\" class=\"wp-block-woocommerce-cart-order-summary-totals-block\">\n<div data-block-name=\"woocommerce\/cart-order-summary-subtotal-block\" class=\"wp-block-woocommerce-cart-order-summary-subtotal-block\"><\/div>\n<div data-block-name=\"woocommerce\/cart-order-summary-discount-block\" class=\"wp-block-woocommerce-cart-order-summary-discount-block\"><\/div>\n<div data-block-name=\"woocommerce\/cart-order-summary-fee-block\" class=\"wp-block-woocommerce-cart-order-summary-fee-block\"><\/div>\n<div data-block-name=\"woocommerce\/cart-order-summary-shipping-block\" class=\"wp-block-woocommerce-cart-order-summary-shipping-block\"><\/div>\n<div data-block-name=\"woocommerce\/cart-order-summary-taxes-block\" class=\"wp-block-woocommerce-cart-order-summary-taxes-block\"><\/div><\/div>\n<\/div>\n\n\n\n<div data-block-name=\"woocommerce\/cart-express-payment-block\" class=\"wp-block-woocommerce-cart-express-payment-block\"><\/div>\n\n\n\n<div data-block-name=\"woocommerce\/proceed-to-checkout-block\" class=\"wp-block-woocommerce-proceed-to-checkout-block\"><\/div>\n\n\n\n<div data-block-name=\"woocommerce\/cart-accepted-payment-methods-block\" class=\"wp-block-woocommerce-cart-accepted-payment-methods-block\"><\/div>\n<\/div>\n<\/div>\n\n\n\n<div data-block-name=\"woocommerce\/empty-cart-block\" class=\"wp-block-woocommerce-empty-cart-block\">\n<h2 class=\"wp-block-heading has-text-align-center with-empty-cart-icon wc-block-cart__empty-cart__title\">Din indk\u00f8bskurv er i \u00f8jeblikket tom!<\/h2>\n\n\n\n<hr class=\"wp-block-separator has-alpha-channel-opacity is-style-dots\"\/>\n\n\n\n<h2 class=\"wp-block-heading has-text-align-center\">Nyt i butikken<\/h2>\n\n\n<div data-block-name=\"woocommerce\/product-new\" data-columns=\"4\" data-rows=\"1\" class=\"wc-block-grid wp-block-product-new wp-block-woocommerce-product-new wc-block-product-new has-4-columns\"><ul class=\"wc-block-grid__products\"><li class=\"wc-block-grid__product\"><span class=\"gtm4wp_productdata\" style=\"display:none; visibility:hidden;\" data-gtm4wp_product_data=\"{&quot;internal_id&quot;:1070,&quot;item_id&quot;:1070,&quot;item_name&quot;:&quot;Forl\\u00e6nger til margueritk\\u00e6de \\\/ tree hugger&quot;,&quot;sku&quot;:&quot;DAISYEXT&quot;,&quot;price&quot;:9,&quot;stocklevel&quot;:0,&quot;stockstatus&quot;:&quot;outofstock&quot;,&quot;google_business_vertical&quot;:&quot;retail&quot;,&quot;item_category&quot;:&quot;H\\u00e6ngek\\u00f8je-udstyr&quot;,&quot;id&quot;:1070,&quot;item_brand&quot;:&quot;Jord&quot;,&quot;productlink&quot;:&quot;https:\\\/\\\/jordhammock.com\\\/da\\\/shop\\\/forlaenger-til-margueritkaede-tree-hugger\\\/&quot;,&quot;item_list_name&quot;:&quot;General Product List&quot;,&quot;index&quot;:0,&quot;product_type&quot;:&quot;simple&quot;}\"><\/span>\n\t\t\t\t<a href=\"https:\/\/jordhammock.com\/da\/shop\/forlaenger-til-margueritkaede-tree-hugger\/\" class=\"wc-block-grid__product-link\">\n\t\t\t\t\t\n\t\t\t\t\t<div class=\"wc-block-grid__product-image\"><img loading=\"lazy\" decoding=\"async\" width=\"300\" height=\"300\" src=\"https:\/\/jordhammock.com\/wp-content\/uploads\/2025\/04\/daisychainext_1280-300x300.jpg\" class=\"attachment-woocommerce_thumbnail size-woocommerce_thumbnail\" alt=\"daisychainext 1280\" srcset=\"https:\/\/jordhammock.com\/wp-content\/uploads\/2025\/04\/daisychainext_1280-300x300.jpg 300w, https:\/\/jordhammock.com\/wp-content\/uploads\/2025\/04\/daisychainext_1280-500x500.jpg 500w\" sizes=\"auto, (max-width: 360px) 147px, (max-width: 300px) 100vw, 300px\" \/><\/div>\n\t\t\t\t\t<div class=\"wc-block-grid__product-title\">Forl\u00e6nger til margueritk\u00e6de \/ tree hugger<\/div>\n\t\t\t\t<\/a>\n\t\t\t\t<div class=\"wc-block-grid__product-price price\"><span class=\"woocommerce-Price-amount amount\">9,00&nbsp;<span class=\"woocommerce-Price-currencySymbol\">&euro;<\/span><\/span><\/div>\n\t\t\t\t\n\t\t\t\t<div class=\"wp-block-button wc-block-grid__product-add-to-cart\"><a href=\"https:\/\/jordhammock.com\/da\/shop\/forlaenger-til-margueritkaede-tree-hugger\/\" aria-label=\"L\u00e6s mere om &ldquo;Forl\u00e6nger til margueritk\u00e6de \/ tree hugger&rdquo;\" data-quantity=\"1\" data-product_id=\"1070\" data-product_sku=\"DAISYEXT\" data-price=\"9\" rel=\"nofollow\" class=\"wp-block-button__link  add_to_cart_button\">Notify me<\/a><\/div>\n\t\t\t<\/li><li class=\"wc-block-grid__product\"><span class=\"gtm4wp_productdata\" style=\"display:none; visibility:hidden;\" data-gtm4wp_product_data=\"{&quot;internal_id&quot;:1069,&quot;item_id&quot;:1069,&quot;item_name&quot;:&quot;Jord Asym Tarp&quot;,&quot;sku&quot;:&quot;ASYMTARP&quot;,&quot;price&quot;:79,&quot;stocklevel&quot;:0,&quot;stockstatus&quot;:&quot;outofstock&quot;,&quot;google_business_vertical&quot;:&quot;retail&quot;,&quot;item_category&quot;:&quot;H\\u00e6ngek\\u00f8je-udstyr&quot;,&quot;id&quot;:1069,&quot;item_brand&quot;:&quot;&quot;,&quot;productlink&quot;:&quot;https:\\\/\\\/jordhammock.com\\\/da\\\/shop\\\/jord-asym-tarp\\\/&quot;,&quot;item_list_name&quot;:&quot;General Product List&quot;,&quot;index&quot;:0,&quot;product_type&quot;:&quot;simple&quot;}\"><\/span>\n\t\t\t\t<a href=\"https:\/\/jordhammock.com\/da\/shop\/jord-asym-tarp\/\" class=\"wc-block-grid__product-link\">\n\t\t\t\t\t\n\t\t\t\t\t<div class=\"wc-block-grid__product-image\"><img loading=\"lazy\" decoding=\"async\" width=\"300\" height=\"300\" src=\"https:\/\/jordhammock.com\/wp-content\/uploads\/2025\/04\/asym-tarp-leon_1440-300x300.jpg\" class=\"attachment-woocommerce_thumbnail size-woocommerce_thumbnail\" alt=\"asym tarp leon 1440\" srcset=\"https:\/\/jordhammock.com\/wp-content\/uploads\/2025\/04\/asym-tarp-leon_1440-300x300.jpg 300w, https:\/\/jordhammock.com\/wp-content\/uploads\/2025\/04\/asym-tarp-leon_1440-500x500.jpg 500w\" sizes=\"auto, (max-width: 360px) 147px, (max-width: 300px) 100vw, 300px\" \/><\/div>\n\t\t\t\t\t<div class=\"wc-block-grid__product-title\">Jord Asym Tarp<\/div>\n\t\t\t\t<\/a>\n\t\t\t\t<div class=\"wc-block-grid__product-price price\"><span class=\"woocommerce-Price-amount amount\">79,00&nbsp;<span class=\"woocommerce-Price-currencySymbol\">&euro;<\/span><\/span><\/div>\n\t\t\t\t\n\t\t\t\t<div class=\"wp-block-button wc-block-grid__product-add-to-cart\"><a href=\"https:\/\/jordhammock.com\/da\/shop\/jord-asym-tarp\/\" aria-label=\"L\u00e6s mere om &ldquo;Jord Asym Tarp&rdquo;\" data-quantity=\"1\" data-product_id=\"1069\" data-product_sku=\"ASYMTARP\" data-price=\"79\" rel=\"nofollow\" class=\"wp-block-button__link  add_to_cart_button\">Notify me<\/a><\/div>\n\t\t\t<\/li><li class=\"wc-block-grid__product\"><span class=\"gtm4wp_productdata\" style=\"display:none; visibility:hidden;\" data-gtm4wp_product_data=\"{&quot;internal_id&quot;:1061,&quot;item_id&quot;:1061,&quot;item_name&quot;:&quot;Jord Topquilt&quot;,&quot;sku&quot;:&quot;TOPQUILT&quot;,&quot;price&quot;:349,&quot;stocklevel&quot;:0,&quot;stockstatus&quot;:&quot;instock&quot;,&quot;google_business_vertical&quot;:&quot;retail&quot;,&quot;item_category&quot;:&quot;H\\u00e6ngek\\u00f8je-udstyr&quot;,&quot;id&quot;:1061,&quot;item_brand&quot;:&quot;&quot;,&quot;productlink&quot;:&quot;https:\\\/\\\/jordhammock.com\\\/da\\\/shop\\\/jord-topquilt\\\/&quot;,&quot;item_list_name&quot;:&quot;General Product List&quot;,&quot;index&quot;:0,&quot;product_type&quot;:&quot;simple&quot;}\"><\/span>\n\t\t\t\t<a href=\"https:\/\/jordhammock.com\/da\/shop\/jord-topquilt\/\" class=\"wc-block-grid__product-link\">\n\t\t\t\t\t\n\t\t\t\t\t<div class=\"wc-block-grid__product-image\"><img loading=\"lazy\" decoding=\"async\" width=\"300\" height=\"300\" src=\"https:\/\/jordhammock.com\/wp-content\/uploads\/2025\/04\/topquilt5_1440-300x300.jpg\" class=\"attachment-woocommerce_thumbnail size-woocommerce_thumbnail\" alt=\"topquilt5 1440\" srcset=\"https:\/\/jordhammock.com\/wp-content\/uploads\/2025\/04\/topquilt5_1440-300x300.jpg 300w, https:\/\/jordhammock.com\/wp-content\/uploads\/2025\/04\/topquilt5_1440-500x500.jpg 500w\" sizes=\"auto, (max-width: 360px) 147px, (max-width: 300px) 100vw, 300px\" \/><\/div>\n\t\t\t\t\t<div class=\"wc-block-grid__product-title\">Jord Topquilt<\/div>\n\t\t\t\t<\/a>\n\t\t\t\t<div class=\"wc-block-grid__product-price price\"><span class=\"woocommerce-Price-amount amount\">349,00&nbsp;<span class=\"woocommerce-Price-currencySymbol\">&euro;<\/span><\/span><\/div>\n\t\t\t\t<div class=\"wc-block-grid__product-rating\"><div class=\"star-rating\" role=\"img\" aria-label=\"Vurderet 5.00 ud af 5\"><span style=\"width:100%\">Bed\u00f8mt som <strong class=\"rating\">5.00<\/strong> ud af 5 baseret p\u00e5 <span class=\"rating\">1<\/span> kundebed\u00f8mmelse<\/span><\/div><\/div>\n\t\t\t\t<div class=\"wp-block-button wc-block-grid__product-add-to-cart\"><a href=\"\/da\/wp-json\/wp\/v2\/pages\/1108?add-to-cart=1061\" aria-label=\"L\u00e6g i kurv: &ldquo;Jord Topquilt&rdquo;\" data-quantity=\"1\" data-product_id=\"1061\" data-product_sku=\"TOPQUILT\" data-price=\"349\" rel=\"nofollow\" class=\"wp-block-button__link  add_to_cart_button ajax_add_to_cart\">Tilf\u00f8j til kurv<\/a><\/div>\n\t\t\t<\/li><li class=\"wc-block-grid__product\"><span class=\"gtm4wp_productdata\" style=\"display:none; visibility:hidden;\" data-gtm4wp_product_data=\"{&quot;internal_id&quot;:1060,&quot;item_id&quot;:1060,&quot;item_name&quot;:&quot;Jord Bishop-taske&quot;,&quot;sku&quot;:&quot;BISHOPBAG&quot;,&quot;price&quot;:29,&quot;stocklevel&quot;:0,&quot;stockstatus&quot;:&quot;outofstock&quot;,&quot;google_business_vertical&quot;:&quot;retail&quot;,&quot;item_category&quot;:&quot;H\\u00e6ngek\\u00f8je-udstyr&quot;,&quot;id&quot;:1060,&quot;item_brand&quot;:&quot;&quot;,&quot;productlink&quot;:&quot;https:\\\/\\\/jordhammock.com\\\/da\\\/shop\\\/jord-bishop-taske\\\/&quot;,&quot;item_list_name&quot;:&quot;General Product List&quot;,&quot;index&quot;:0,&quot;product_type&quot;:&quot;simple&quot;}\"><\/span>\n\t\t\t\t<a href=\"https:\/\/jordhammock.com\/da\/shop\/jord-bishop-taske\/\" class=\"wc-block-grid__product-link\">\n\t\t\t\t\t\n\t\t\t\t\t<div class=\"wc-block-grid__product-image\"><img loading=\"lazy\" decoding=\"async\" width=\"300\" height=\"300\" src=\"https:\/\/jordhammock.com\/wp-content\/uploads\/2025\/04\/hammock-1-300x300.jpeg\" class=\"attachment-woocommerce_thumbnail size-woocommerce_thumbnail\" alt=\"hammock 1.jpeg\" srcset=\"https:\/\/jordhammock.com\/wp-content\/uploads\/2025\/04\/hammock-1-300x300.jpeg 300w, https:\/\/jordhammock.com\/wp-content\/uploads\/2025\/04\/hammock-1-500x500.jpeg 500w\" sizes=\"auto, (max-width: 360px) 147px, (max-width: 300px) 100vw, 300px\" \/><\/div>\n\t\t\t\t\t<div class=\"wc-block-grid__product-title\">Jord Bishop-taske<\/div>\n\t\t\t\t<\/a>\n\t\t\t\t<div class=\"wc-block-grid__product-price price\"><span class=\"woocommerce-Price-amount amount\">29,00&nbsp;<span class=\"woocommerce-Price-currencySymbol\">&euro;<\/span><\/span><\/div>\n\t\t\t\t<div class=\"wc-block-grid__product-rating\"><div class=\"star-rating\" role=\"img\" aria-label=\"Vurderet 5.00 ud af 5\"><span style=\"width:100%\">Bed\u00f8mt som <strong class=\"rating\">5.00<\/strong> ud af 5 baseret p\u00e5 <span class=\"rating\">2<\/span> kundebed\u00f8mmelse<\/span><\/div><\/div>\n\t\t\t\t<div class=\"wp-block-button wc-block-grid__product-add-to-cart\"><a href=\"https:\/\/jordhammock.com\/da\/shop\/jord-bishop-taske\/\" aria-label=\"L\u00e6s mere om &ldquo;Jord Bishop-taske&rdquo;\" data-quantity=\"1\" data-product_id=\"1060\" data-product_sku=\"BISHOPBAG\" data-price=\"29\" rel=\"nofollow\" class=\"wp-block-button__link  add_to_cart_button\">Notify me<\/a><\/div>\n\t\t\t<\/li><\/ul><\/div><\/div>\n<\/div>\n","protected":false},"excerpt":{"rendered":"","protected":false},"author":1,"featured_media":0,"parent":0,"menu_order":0,"comment_status":"closed","ping_status":"closed","template":"","meta":{"_kad_blocks_custom_css":"","_kad_blocks_head_custom_js":"","_kad_blocks_body_custom_js":"","_kad_blocks_footer_custom_js":"","footnotes":""},"class_list":["post-1108","page","type-page","status-publish","hentry"],"yoast_head":"<!-- This site is optimized with the Yoast SEO plugin v27.4 - https:\/\/yoast.com\/product\/yoast-seo-wordpress\/ -->\n<title>Vogn - Jord Hammock<\/title>\n<meta name=\"robots\" content=\"index, follow, max-snippet:-1, max-image-preview:large, max-video-preview:-1\" \/>\n<link rel=\"canonical\" href=\"https:\/\/jordhammock.com\/da\/vogn\/\" \/>\n<meta property=\"og:locale\" content=\"da_DK\" \/>\n<meta property=\"og:type\" content=\"article\" \/>\n<meta property=\"og:title\" content=\"Vogn - Jord Hammock\" \/>\n<meta property=\"og:url\" content=\"https:\/\/jordhammock.com\/da\/vogn\/\" \/>\n<meta property=\"og:site_name\" content=\"Jord Hammock\" \/>\n<meta property=\"article:publisher\" content=\"https:\/\/www.facebook.com\/jordhammock\" \/>\n<meta property=\"article:modified_time\" content=\"2025-05-14T17:55:27+00:00\" \/>\n<meta property=\"og:image\" content=\"https:\/\/jordhammock.com\/wp-content\/uploads\/2025\/04\/underquilt-hammock-solned-2025_1440.jpg\" \/>\n<meta name=\"twitter:card\" content=\"summary_large_image\" \/>\n<script type=\"application\/ld+json\" class=\"yoast-schema-graph\">{\"@context\":\"https:\\\/\\\/schema.org\",\"@graph\":[{\"@type\":\"WebPage\",\"@id\":\"https:\\\/\\\/jordhammock.com\\\/da\\\/vogn\\\/\",\"url\":\"https:\\\/\\\/jordhammock.com\\\/da\\\/vogn\\\/\",\"name\":\"Vogn - Jord Hammock\",\"isPartOf\":{\"@id\":\"https:\\\/\\\/jordhammock.com\\\/da\\\/#website\"},\"datePublished\":\"2025-03-19T20:38:25+00:00\",\"dateModified\":\"2025-05-14T17:55:27+00:00\",\"breadcrumb\":{\"@id\":\"https:\\\/\\\/jordhammock.com\\\/da\\\/vogn\\\/#breadcrumb\"},\"inLanguage\":\"da-DK\",\"potentialAction\":[{\"@type\":\"ReadAction\",\"target\":[\"https:\\\/\\\/jordhammock.com\\\/da\\\/vogn\\\/\"]}]},{\"@type\":\"BreadcrumbList\",\"@id\":\"https:\\\/\\\/jordhammock.com\\\/da\\\/vogn\\\/#breadcrumb\",\"itemListElement\":[{\"@type\":\"ListItem\",\"position\":1,\"name\":\"Home\",\"item\":\"https:\\\/\\\/jordhammock.com\\\/da\\\/\"},{\"@type\":\"ListItem\",\"position\":2,\"name\":\"Vogn\"}]},{\"@type\":\"WebSite\",\"@id\":\"https:\\\/\\\/jordhammock.com\\\/da\\\/#website\",\"url\":\"https:\\\/\\\/jordhammock.com\\\/da\\\/\",\"name\":\"Jord Hammock\",\"description\":\"Nordic hammock gear\",\"publisher\":{\"@id\":\"https:\\\/\\\/jordhammock.com\\\/da\\\/#organization\"},\"alternateName\":\"Nordic hammock gear for tall sleepers\",\"potentialAction\":[{\"@type\":\"SearchAction\",\"target\":{\"@type\":\"EntryPoint\",\"urlTemplate\":\"https:\\\/\\\/jordhammock.com\\\/da\\\/?s={search_term_string}\"},\"query-input\":{\"@type\":\"PropertyValueSpecification\",\"valueRequired\":true,\"valueName\":\"search_term_string\"}}],\"inLanguage\":\"da-DK\"},{\"@type\":\"Organization\",\"@id\":\"https:\\\/\\\/jordhammock.com\\\/da\\\/#organization\",\"name\":\"Jord Hammock\",\"url\":\"https:\\\/\\\/jordhammock.com\\\/da\\\/\",\"logo\":{\"@type\":\"ImageObject\",\"inLanguage\":\"da-DK\",\"@id\":\"https:\\\/\\\/jordhammock.com\\\/da\\\/#\\\/schema\\\/logo\\\/image\\\/\",\"url\":\"https:\\\/\\\/jordhammock.com\\\/wp-content\\\/uploads\\\/2025\\\/04\\\/cropped-jordlogo500.png\",\"contentUrl\":\"https:\\\/\\\/jordhammock.com\\\/wp-content\\\/uploads\\\/2025\\\/04\\\/cropped-jordlogo500.png\",\"width\":500,\"height\":300,\"caption\":\"Jord Hammock\"},\"image\":{\"@id\":\"https:\\\/\\\/jordhammock.com\\\/da\\\/#\\\/schema\\\/logo\\\/image\\\/\"},\"sameAs\":[\"https:\\\/\\\/www.facebook.com\\\/jordhammock\",\"https:\\\/\\\/www.instagram.com\\\/jordhammock\\\/\"]}]}<\/script>\n<!-- \/ Yoast SEO plugin. -->","yoast_head_json":{"title":"Vogn - Jord Hammock","robots":{"index":"index","follow":"follow","max-snippet":"max-snippet:-1","max-image-preview":"max-image-preview:large","max-video-preview":"max-video-preview:-1"},"canonical":"https:\/\/jordhammock.com\/da\/vogn\/","og_locale":"da_DK","og_type":"article","og_title":"Vogn - Jord Hammock","og_url":"https:\/\/jordhammock.com\/da\/vogn\/","og_site_name":"Jord Hammock","article_publisher":"https:\/\/www.facebook.com\/jordhammock","article_modified_time":"2025-05-14T17:55:27+00:00","og_image":[{"url":"https:\/\/jordhammock.com\/wp-content\/uploads\/2025\/04\/underquilt-hammock-solned-2025_1440.jpg","type":"","width":"","height":""}],"twitter_card":"summary_large_image","schema":{"@context":"https:\/\/schema.org","@graph":[{"@type":"WebPage","@id":"https:\/\/jordhammock.com\/da\/vogn\/","url":"https:\/\/jordhammock.com\/da\/vogn\/","name":"Vogn - Jord Hammock","isPartOf":{"@id":"https:\/\/jordhammock.com\/da\/#website"},"datePublished":"2025-03-19T20:38:25+00:00","dateModified":"2025-05-14T17:55:27+00:00","breadcrumb":{"@id":"https:\/\/jordhammock.com\/da\/vogn\/#breadcrumb"},"inLanguage":"da-DK","potentialAction":[{"@type":"ReadAction","target":["https:\/\/jordhammock.com\/da\/vogn\/"]}]},{"@type":"BreadcrumbList","@id":"https:\/\/jordhammock.com\/da\/vogn\/#breadcrumb","itemListElement":[{"@type":"ListItem","position":1,"name":"Home","item":"https:\/\/jordhammock.com\/da\/"},{"@type":"ListItem","position":2,"name":"Vogn"}]},{"@type":"WebSite","@id":"https:\/\/jordhammock.com\/da\/#website","url":"https:\/\/jordhammock.com\/da\/","name":"Jord Hammock","description":"Nordic hammock gear","publisher":{"@id":"https:\/\/jordhammock.com\/da\/#organization"},"alternateName":"Nordic hammock gear for tall sleepers","potentialAction":[{"@type":"SearchAction","target":{"@type":"EntryPoint","urlTemplate":"https:\/\/jordhammock.com\/da\/?s={search_term_string}"},"query-input":{"@type":"PropertyValueSpecification","valueRequired":true,"valueName":"search_term_string"}}],"inLanguage":"da-DK"},{"@type":"Organization","@id":"https:\/\/jordhammock.com\/da\/#organization","name":"Jord Hammock","url":"https:\/\/jordhammock.com\/da\/","logo":{"@type":"ImageObject","inLanguage":"da-DK","@id":"https:\/\/jordhammock.com\/da\/#\/schema\/logo\/image\/","url":"https:\/\/jordhammock.com\/wp-content\/uploads\/2025\/04\/cropped-jordlogo500.png","contentUrl":"https:\/\/jordhammock.com\/wp-content\/uploads\/2025\/04\/cropped-jordlogo500.png","width":500,"height":300,"caption":"Jord Hammock"},"image":{"@id":"https:\/\/jordhammock.com\/da\/#\/schema\/logo\/image\/"},"sameAs":["https:\/\/www.facebook.com\/jordhammock","https:\/\/www.instagram.com\/jordhammock\/"]}]}},"taxonomy_info":[],"featured_image_src_large":false,"author_info":{"display_name":"leon","author_link":"https:\/\/jordhammock.com\/da\/author\/leon\/"},"comment_info":0,"_links":{"self":[{"href":"https:\/\/jordhammock.com\/da\/wp-json\/wp\/v2\/pages\/1108","targetHints":{"allow":["GET"]}}],"collection":[{"href":"https:\/\/jordhammock.com\/da\/wp-json\/wp\/v2\/pages"}],"about":[{"href":"https:\/\/jordhammock.com\/da\/wp-json\/wp\/v2\/types\/page"}],"author":[{"embeddable":true,"href":"https:\/\/jordhammock.com\/da\/wp-json\/wp\/v2\/users\/1"}],"replies":[{"embeddable":true,"href":"https:\/\/jordhammock.com\/da\/wp-json\/wp\/v2\/comments?post=1108"}],"version-history":[{"count":1,"href":"https:\/\/jordhammock.com\/da\/wp-json\/wp\/v2\/pages\/1108\/revisions"}],"predecessor-version":[{"id":1110,"href":"https:\/\/jordhammock.com\/da\/wp-json\/wp\/v2\/pages\/1108\/revisions\/1110"}],"wp:attachment":[{"href":"https:\/\/jordhammock.com\/da\/wp-json\/wp\/v2\/media?parent=1108"}],"curies":[{"name":"wp","href":"https:\/\/api.w.org\/{rel}","templated":true}]}}